{"id":1139,"date":"2014-02-05T14:51:06","date_gmt":"2014-02-05T13:51:06","guid":{"rendered":"http:\/\/cecileroumiguiere.com\/wp\/?page_id=1139"},"modified":"2016-11-16T00:04:38","modified_gmt":"2016-11-15T23:04:38","slug":"les-auteurs-des-blue-cerises","status":"publish","type":"page","link":"https:\/\/cecileroumiguiere.com\/wp\/?page_id=1139","title":{"rendered":"Les auteurs <br\/>des <i>blue Cerises<\/i>"},"content":{"rendered":"<h2>Quatre auteurs\u2026<\/h2>\n<h4 style=\"text-align: right;\"><strong>Sigrid Baffert \u00b7 Amos<\/strong><\/h4>\n<p>Romanci\u00e8re, paroli\u00e8re, son premier roman\u00a0<em>En roues libres<\/em>\u00a0est paru aux \u00e9ditions Syros en 1998. Elle a alors compris que l\u2019\u00e9criture \u00e9tait le fil rouge qui reliait ses trois passions, le cin\u00e9ma, le th\u00e9\u00e2tre et la musique.<br \/>\nElle a \u00e9crit un album illustr\u00e9 par\u2026 Jean-Michel Payet,\u00a0<em>Dans la t\u00eate de Monsieur Adam<\/em>, paru fin ao\u00fbt 2010 chez Milan, entre autres !<\/p>\n<h4 style=\"text-align: right;\"><strong>Jean-Michel Payet \u00b7 Satya<\/strong><\/h4>\n<p>Aquarelliste, illustrateur, auteur, son dernier roman,\u00a0<em>Dans la nuit blanche et rouge<\/em>, est sorti en septembre 2012 (\u00e9ditions des Grandes Personne).<\/p>\n<h4 style=\"text-align: right;\"><strong>Maryvonne Rippert \u00b7 Zik<\/strong><\/h4>\n<p>Romanci\u00e8re, \u00e9crivain en jeunesse et en polar, son roman\u00a0<em>M\u00e9tal M\u00e9lodie<\/em>\u00a0conna\u00eet un grand succ\u00e8s sur la blogosph\u00e8re et dans les prix litt\u00e9raires (parution en f\u00e9vrier 2010 aux \u00e9ditions Milan, collection Macadam). Il est en cours de portage au cin\u00e9ma.<\/p>\n<h4 style=\"text-align: right;\"><strong>C\u00e9cile Roumigui\u00e8re \u00b7 Violette<\/strong><\/h4>\n<p><em>Directrice de collection des blue Cerises<\/em><br \/>\n\u00c9crivain, sc\u00e9nariste de spectacles, ses derniers ouvrages publi\u00e9s sont des albums : <em>Le fil de soie<\/em> (\u00e9dition Thierry Magnier)\u00a0illustr\u00e9 par Delphine Jacquot et <em>La Belle et la B\u00eate<\/em> illustr\u00e9 par Aur\u00e9lia Fronty chez Belin (les deux parus \u00e0 l&rsquo;automne 2013).<\/p>\n<h2>\u2026\u00a0pour\u00a0quatre Cerises<\/h2>\n<p>Deux filles, deux gar\u00e7ons. Ils ont seize ans, ils sont en classe de premi\u00e8re, dans des lyc\u00e9es \u00e0 Paris ou en banlieue. Passionn\u00e9s de vieux films, leur spot principal est la Cin\u00e9math\u00e8que, dans le parc de Bercy.<br \/>\nLeur amiti\u00e9 s&rsquo;est scell\u00e9e sur un secret\u00a0: une nuit de l&rsquo;\u00e9t\u00e9 de leurs quatorze ans, une jeune femme fantasque les a entra\u00een\u00e9s plus loin qu&rsquo;ils n&rsquo;auraient voulu, avant de dispara\u00eetre.<br \/>\nCette disparition est au c\u0153ur des nouvelles des\u00a0<em>blue Cerises<\/em>.<\/p>\n<p><img loading=\"lazy\" decoding=\"async\" class=\"aligncenter size-full wp-image-719\" src=\"http:\/\/cecileroumiguiere.com\/wp\/wp-content\/uploads\/2013\/11\/rencontre_cerises4evreux.jpg\" alt=\"rencontre_cerises4evreux\" width=\"639\" height=\"343\" srcset=\"https:\/\/cecileroumiguiere.com\/wp\/wp-content\/uploads\/2013\/11\/rencontre_cerises4evreux.jpg 639w, https:\/\/cecileroumiguiere.com\/wp\/wp-content\/uploads\/2013\/11\/rencontre_cerises4evreux-300x161.jpg 300w\" sizes=\"auto, (max-width: 639px) 100vw, 639px\" \/><\/p>\n<p>&nbsp;<\/p>\n","protected":false},"excerpt":{"rendered":"<p>Quatre auteurs\u2026 Sigrid Baffert \u00b7 Amos Romanci\u00e8re, paroli\u00e8re, son premier roman\u00a0En roues libres\u00a0est paru aux \u00e9ditions Syros en 1998. Elle a alors compris que l\u2019\u00e9criture \u00e9tait le fil rouge qui reliait ses trois passions, le cin\u00e9ma, le th\u00e9\u00e2tre et la musique. Elle a \u00e9crit un album illustr\u00e9 par\u2026 Jean-Michel Payet,\u00a0Dans la t\u00eate de Monsieur Adam, paru fin ao\u00fbt 2010 chez Milan, entre autres ! Jean-Michel Payet \u00b7 Satya Aquarelliste, illustrateur, auteur, son dernier roman,\u00a0Dans la nuit blanche et rouge, est sorti en septembre 2012 (\u00e9ditions des Grandes Personne). Maryvonne Rippert \u00b7 Zik Romanci\u00e8re, \u00e9crivain en jeunesse et en polar, son roman\u00a0M\u00e9tal M\u00e9lodie\u00a0conna\u00eet un grand succ\u00e8s sur la blogosph\u00e8re et dans les prix litt\u00e9raires (parution en f\u00e9vrier 2010 aux \u00e9ditions Milan, collection Macadam). Il est en cours de portage au cin\u00e9ma. C\u00e9cile Roumigui\u00e8re \u00b7 Violette Directrice de collection des blue Cerises \u00c9crivain, sc\u00e9nariste de spectacles, ses derniers ouvrages publi\u00e9s sont des albums : Le fil de soie (\u00e9dition Thierry Magnier)\u00a0illustr\u00e9 par Delphine Jacquot et La Belle et la B\u00eate illustr\u00e9 par Aur\u00e9lia Fronty chez Belin (les deux parus \u00e0 l&rsquo;automne 2013). \u2026\u00a0pour\u00a0quatre Cerises Deux filles, deux gar\u00e7ons. Ils ont seize ans, ils sont en classe de premi\u00e8re, dans des lyc\u00e9es \u00e0 Paris ou en banlieue. Passionn\u00e9s de vieux films, leur spot principal est la Cin\u00e9math\u00e8que, dans le parc de Bercy. Leur amiti\u00e9 s&rsquo;est scell\u00e9e sur un secret\u00a0: une nuit de l&rsquo;\u00e9t\u00e9 de leurs quatorze ans, une jeune femme fantasque les a entra\u00een\u00e9s plus loin qu&rsquo;ils n&rsquo;auraient voulu, avant de dispara\u00eetre. Cette disparition est au c\u0153ur des nouvelles des\u00a0blue Cerises. &nbsp;<\/p>\n","protected":false},"author":1,"featured_media":0,"parent":0,"menu_order":0,"comment_status":"closed","ping_status":"open","template":"","meta":{"footnotes":""},"class_list":["post-1139","page","type-page","status-publish","hentry"],"_links":{"self":[{"href":"https:\/\/cecileroumiguiere.com\/wp\/index.php?rest_route=\/wp\/v2\/pages\/1139","targetHints":{"allow":["GET"]}}],"collection":[{"href":"https:\/\/cecileroumiguiere.com\/wp\/index.php?rest_route=\/wp\/v2\/pages"}],"about":[{"href":"https:\/\/cecileroumiguiere.com\/wp\/index.php?rest_route=\/wp\/v2\/types\/page"}],"author":[{"embeddable":true,"href":"https:\/\/cecileroumiguiere.com\/wp\/index.php?rest_route=\/wp\/v2\/users\/1"}],"replies":[{"embeddable":true,"href":"https:\/\/cecileroumiguiere.com\/wp\/index.php?rest_route=%2Fwp%2Fv2%2Fcomments&post=1139"}],"version-history":[{"count":5,"href":"https:\/\/cecileroumiguiere.com\/wp\/index.php?rest_route=\/wp\/v2\/pages\/1139\/revisions"}],"predecessor-version":[{"id":3311,"href":"https:\/\/cecileroumiguiere.com\/wp\/index.php?rest_route=\/wp\/v2\/pages\/1139\/revisions\/3311"}],"wp:attachment":[{"href":"https:\/\/cecileroumiguiere.com\/wp\/index.php?rest_route=%2Fwp%2Fv2%2Fmedia&parent=1139"}],"curies":[{"name":"wp","href":"https:\/\/api.w.org\/{rel}","templated":true}]}}