{"id":1341,"date":"2014-05-08T23:18:40","date_gmt":"2014-05-08T22:18:40","guid":{"rendered":"http:\/\/cecileroumiguiere.com\/wp\/?page_id=1341"},"modified":"2026-01-22T13:32:13","modified_gmt":"2026-01-22T12:32:13","slug":"prix-nominations","status":"publish","type":"page","link":"https:\/\/cecileroumiguiere.com\/wp\/?page_id=1341","title":{"rendered":"Prix &#038; nominations"},"content":{"rendered":"<p>La route des livres jeunesse est jonch\u00e9e de prix, de coups de c\u0153ur, de focus\u2026<br \/>\nCette page est l\u00e0 pour essayer de les centraliser et surtout pour souligner la richesse de ces \u00e9v\u00e9nements\u00a0et en remercier tous les organisateurs : merci de faire vivre\u00a0nos livres !<\/p>\n<p style=\"text-align: center;\">\n    \n            <div class=\"yoxview\" id=\"yoxview_6a076e7f49d0d\" style=\"overflow: hidden;\">\n            <a href=\"http:\/\/cecileroumiguiere.com\/wp\/wp-content\/uploads\/2014\/05\/valdereuil-incos-06.jpg\" id=\"yoxview_img_6a076e7f49d0d_0\"><img decoding=\"async\" style=\"margin: 0 0 4px 4px !important;border-radius:2px !important;box-shadow:0 1px 4px rgba(0, 0, 0, 0.2) !important;\" src=\"http:\/\/cecileroumiguiere.com\/wp\/wp-content\/uploads\/2014\/05\/valdereuil-incos-06-100x100.jpg\" alt=\"\" title=\"\" \/><\/a><a href=\"http:\/\/cecileroumiguiere.com\/wp\/wp-content\/uploads\/2014\/05\/incos-quimper06.jpg\" id=\"yoxview_img_6a076e7f49d0d_1\"><img decoding=\"async\" style=\"margin: 0 0 4px 4px !important;border-radius:2px !important;box-shadow:0 1px 4px rgba(0, 0, 0, 0.2) !important;\" src=\"http:\/\/cecileroumiguiere.com\/wp\/wp-content\/uploads\/2014\/05\/incos-quimper06-100x100.jpg\" alt=\"\" title=\"\" \/><\/a><a href=\"http:\/\/cecileroumiguiere.com\/wp\/wp-content\/uploads\/2014\/05\/vitrinemarseille-jl-luciani.jpg\" id=\"yoxview_img_6a076e7f49d0d_2\"><img decoding=\"async\" style=\"margin: 0 0 4px 4px !important;border-radius:2px !important;box-shadow:0 1px 4px rgba(0, 0, 0, 0.2) !important;\" src=\"http:\/\/cecileroumiguiere.com\/wp\/wp-content\/uploads\/2014\/05\/vitrinemarseille-jl-luciani-100x100.jpg\" alt=\"\" title=\"\" \/><\/a><a href=\"http:\/\/cecileroumiguiere.com\/wp\/wp-content\/uploads\/2014\/05\/incos-quimper3-06.jpg\" id=\"yoxview_img_6a076e7f49d0d_3\"><img decoding=\"async\" style=\"margin: 0 0 4px 4px !important;border-radius:2px !important;box-shadow:0 1px 4px rgba(0, 0, 0, 0.2) !important;\" src=\"http:\/\/cecileroumiguiere.com\/wp\/wp-content\/uploads\/2014\/05\/incos-quimper3-06-100x100.jpg\" alt=\"\" title=\"\" \/><\/a><a href=\"http:\/\/cecileroumiguiere.com\/wp\/wp-content\/uploads\/2014\/05\/tregorados-pablo.jpg\" id=\"yoxview_img_6a076e7f49d0d_4\"><img decoding=\"async\" style=\"margin: 0 0 4px 4px !important;border-radius:2px !important;box-shadow:0 1px 4px rgba(0, 0, 0, 0.2) !important;\" src=\"http:\/\/cecileroumiguiere.com\/wp\/wp-content\/uploads\/2014\/05\/tregorados-pablo-100x100.jpg\" alt=\"\" title=\"\" \/><\/a><a href=\"http:\/\/cecileroumiguiere.com\/wp\/wp-content\/uploads\/2014\/05\/demainlune-firmi.jpg\" id=\"yoxview_img_6a076e7f49d0d_5\"><img decoding=\"async\" style=\"margin: 0 0 4px 4px !important;border-radius:2px !important;box-shadow:0 1px 4px rgba(0, 0, 0, 0.2) !important;\" src=\"http:\/\/cecileroumiguiere.com\/wp\/wp-content\/uploads\/2014\/05\/demainlune-firmi-100x100.jpg\" alt=\"\" title=\"\" \/><\/a><a href=\"http:\/\/cecileroumiguiere.com\/wp\/wp-content\/uploads\/2014\/05\/cerises-devoreurs.jpg\" id=\"yoxview_img_6a076e7f49d0d_6\"><img decoding=\"async\" style=\"margin: 0 0 4px 4px !important;border-radius:2px !important;box-shadow:0 1px 4px rgba(0, 0, 0, 0.2) !important;\" src=\"http:\/\/cecileroumiguiere.com\/wp\/wp-content\/uploads\/2014\/05\/cerises-devoreurs-100x100.jpg\" alt=\"\" title=\"\" \/><\/a><a href=\"http:\/\/cecileroumiguiere.com\/wp\/wp-content\/uploads\/2014\/05\/straphael-tilleul2.jpg\" id=\"yoxview_img_6a076e7f49d0d_7\"><img decoding=\"async\" style=\"margin: 0 0 4px 4px !important;border-radius:2px !important;box-shadow:0 1px 4px rgba(0, 0, 0, 0.2) !important;\" src=\"http:\/\/cecileroumiguiere.com\/wp\/wp-content\/uploads\/2014\/05\/straphael-tilleul2-100x100.jpg\" alt=\"\" title=\"\" \/><\/a><a href=\"http:\/\/cecileroumiguiere.com\/wp\/wp-content\/uploads\/2014\/05\/straphael-tilleul.jpg\" id=\"yoxview_img_6a076e7f49d0d_8\"><img decoding=\"async\" style=\"margin: 0 0 4px 4px !important;border-radius:2px !important;box-shadow:0 1px 4px rgba(0, 0, 0, 0.2) !important;\" src=\"http:\/\/cecileroumiguiere.com\/wp\/wp-content\/uploads\/2014\/05\/straphael-tilleul-100x100.jpg\" alt=\"\" title=\"\" \/><\/a><a href=\"http:\/\/cecileroumiguiere.com\/wp\/wp-content\/uploads\/2014\/05\/st-raphael.jpg\" id=\"yoxview_img_6a076e7f49d0d_9\"><img decoding=\"async\" style=\"margin: 0 0 4px 4px !important;border-radius:2px !important;box-shadow:0 1px 4px rgba(0, 0, 0, 0.2) !important;\" src=\"http:\/\/cecileroumiguiere.com\/wp\/wp-content\/uploads\/2014\/05\/st-raphael-100x100.jpg\" alt=\"\" title=\"\" \/><\/a><a href=\"http:\/\/cecileroumiguiere.com\/wp\/wp-content\/uploads\/2014\/05\/secretsoir-firmi.jpg\" id=\"yoxview_img_6a076e7f49d0d_10\"><img decoding=\"async\" style=\"margin: 0 0 4px 4px !important;border-radius:2px !important;box-shadow:0 1px 4px rgba(0, 0, 0, 0.2) !important;\" src=\"http:\/\/cecileroumiguiere.com\/wp\/wp-content\/uploads\/2014\/05\/secretsoir-firmi-100x100.jpg\" alt=\"\" title=\"\" \/><\/a><a href=\"http:\/\/cecileroumiguiere.com\/wp\/wp-content\/uploads\/2014\/05\/prixpep42.jpg\" id=\"yoxview_img_6a076e7f49d0d_11\"><img decoding=\"async\" style=\"margin: 0 0 4px 4px !important;border-radius:2px !important;box-shadow:0 1px 4px rgba(0, 0, 0, 0.2) !important;\" src=\"http:\/\/cecileroumiguiere.com\/wp\/wp-content\/uploads\/2014\/05\/prixpep42-100x100.jpg\" alt=\"\" title=\"\" \/><\/a><a href=\"http:\/\/cecileroumiguiere.com\/wp\/wp-content\/uploads\/2014\/05\/pablo-stmalo.jpg\" id=\"yoxview_img_6a076e7f49d0d_12\"><img decoding=\"async\" style=\"margin: 0 0 4px 4px !important;border-radius:2px !important;box-shadow:0 1px 4px rgba(0, 0, 0, 0.2) !important;\" src=\"http:\/\/cecileroumiguiere.com\/wp\/wp-content\/uploads\/2014\/05\/pablo-stmalo-100x100.jpg\" alt=\"\" title=\"\" \/><\/a><a href=\"http:\/\/cecileroumiguiere.com\/wp\/wp-content\/uploads\/2014\/05\/incos-quimper2-06.jpg\" id=\"yoxview_img_6a076e7f49d0d_13\"><img decoding=\"async\" style=\"margin: 0 0 4px 4px !important;border-radius:2px !important;box-shadow:0 1px 4px rgba(0, 0, 0, 0.2) !important;\" src=\"http:\/\/cecileroumiguiere.com\/wp\/wp-content\/uploads\/2014\/05\/incos-quimper2-06-100x100.jpg\" alt=\"\" title=\"\" \/><\/a><a href=\"http:\/\/cecileroumiguiere.com\/wp\/wp-content\/uploads\/2014\/05\/enfsilence-firmi.jpg\" id=\"yoxview_img_6a076e7f49d0d_14\"><img decoding=\"async\" style=\"margin: 0 0 4px 4px !important;border-radius:2px !important;box-shadow:0 1px 4px rgba(0, 0, 0, 0.2) !important;\" src=\"http:\/\/cecileroumiguiere.com\/wp\/wp-content\/uploads\/2014\/05\/enfsilence-firmi-100x100.jpg\" alt=\"\" title=\"\" \/><\/a><a href=\"http:\/\/cecileroumiguiere.com\/wp\/wp-content\/uploads\/2014\/05\/beyrouth.jpg\" id=\"yoxview_img_6a076e7f49d0d_15\"><img decoding=\"async\" style=\"margin: 0 0 4px 4px !important;border-radius:2px !important;box-shadow:0 1px 4px rgba(0, 0, 0, 0.2) !important;\" src=\"http:\/\/cecileroumiguiere.com\/wp\/wp-content\/uploads\/2014\/05\/beyrouth-100x100.jpg\" alt=\"\" title=\"\" \/><\/a><a href=\"http:\/\/cecileroumiguiere.com\/wp\/wp-content\/uploads\/2014\/05\/annecy.jpg\" id=\"yoxview_img_6a076e7f49d0d_16\"><img decoding=\"async\" style=\"margin: 0 0 4px 4px !important;border-radius:2px !important;box-shadow:0 1px 4px rgba(0, 0, 0, 0.2) !important;\" src=\"http:\/\/cecileroumiguiere.com\/wp\/wp-content\/uploads\/2014\/05\/annecy-100x100.jpg\" alt=\"\" title=\"\" \/><\/a><a href=\"http:\/\/cecileroumiguiere.com\/wp\/wp-content\/uploads\/2014\/05\/bala-firmi.jpg\" id=\"yoxview_img_6a076e7f49d0d_17\"><img decoding=\"async\" style=\"margin: 0 0 4px 4px !important;border-radius:2px !important;box-shadow:0 1px 4px rgba(0, 0, 0, 0.2) !important;\" src=\"http:\/\/cecileroumiguiere.com\/wp\/wp-content\/uploads\/2014\/05\/bala-firmi-100x100.jpg\" alt=\"\" title=\"\" \/><\/a><a href=\"http:\/\/cecileroumiguiere.com\/wp\/wp-content\/uploads\/2014\/05\/incos-vote-plomelin06.jpg\" id=\"yoxview_img_6a076e7f49d0d_18\"><img decoding=\"async\" style=\"margin: 0 0 4px 4px !important;border-radius:2px !important;box-shadow:0 1px 4px rgba(0, 0, 0, 0.2) !important;\" src=\"http:\/\/cecileroumiguiere.com\/wp\/wp-content\/uploads\/2014\/05\/incos-vote-plomelin06-100x100.jpg\" alt=\"\" title=\"\" \/><\/a><a href=\"http:\/\/cecileroumiguiere.com\/wp\/wp-content\/uploads\/2014\/05\/vendee-incos-ogre.jpg\" id=\"yoxview_img_6a076e7f49d0d_19\"><img decoding=\"async\" style=\"margin: 0 0 4px 4px !important;border-radius:2px !important;box-shadow:0 1px 4px rgba(0, 0, 0, 0.2) !important;\" src=\"http:\/\/cecileroumiguiere.com\/wp\/wp-content\/uploads\/2014\/05\/vendee-incos-ogre-100x100.jpg\" alt=\"\" title=\"\" \/><\/a>        <\/div>\n    \n\n    <script type=\"text\/javascript\">\n        jQuery(document).ready(function() {\n            jQuery(\"#yoxview_6a076e7f49d0d\").yoxview({\n                playDelay: 3000,\n                autoHideInfo: false\n            });\n        });\n    <\/script>\n\n\n<\/p>\n<p>Dans l&rsquo;ordre d&rsquo;apparition dans ma vie d&rsquo;auteur, ou presque (d\u00e9sol\u00e9e pour ceux que j&rsquo;oublie)\u2026<\/p>\n<ul>\n<li><strong><a href=\"https:\/\/slpj.fr\/pepites\/\">Les P\u00e9pites de Montreuil<\/a><\/strong><br \/>\n<a href=\"https:\/\/cecileroumiguiere.com\/wp\/?p=6791\"><em>Filles de la Wal\u00efl\u00fc<\/em><\/a> s\u00e9lectionn\u00e9 en 2022.<\/li>\n<\/ul>\n<ul class=\"prix\">\n<li>\n<h4>Les <a href=\"http:\/\/www.lesincos.com\">Incorruptibles<\/a><\/h4>\n<p><em><img loading=\"lazy\" decoding=\"async\" class=\"alignleft size-full wp-image-1404\" src=\"http:\/\/cecileroumiguiere.com\/wp\/wp-content\/uploads\/2014\/05\/logo-incos.jpg\" alt=\"Logo des Incos\" width=\"91\" height=\"103\" \/>L&rsquo;\u00e9cole du d\u00e9sert <\/em>(Magnard), s\u00e9lectionn\u00e9 en 2005\/2006, <strong>laur\u00e9at<\/strong> prix adultes \u00b7\u00a0<em>Ogre, cacato\u00e8s et chocolat<\/em>, album illustr\u00e9 par\u00a0Barroux (Belin), s\u00e9lectionn\u00e9 en \u00a02013\/14 \u00b7\u00a0<em>Le fil de soie<\/em>, album avec Delphine Jacquot (Thierry Magnier), s\u00e9lectionn\u00e9 en 2014\/15<\/li>\n<li>\n<h4>Le prix Octogone<\/h4>\n<p><em>\u00c0 l&rsquo;ombre du tilleul<\/em>, illustr\u00e9 par Sacha Poliakova (au Seuil), <strong>laur\u00e9at<\/strong> 2005 de la\u00a0cat\u00e9gorie\u00a0comptine-po\u00e9sie<\/li>\n<li>\n<h4>Les <a href=\"http:\/\/loiseaulire.hautetfort.com\/devoreurs_de_livres\/\">D\u00e9voreurs de livres<\/a><\/h4>\n<p><em><img loading=\"lazy\" decoding=\"async\" class=\"alignleft wp-image-1405\" src=\"http:\/\/cecileroumiguiere.com\/wp\/wp-content\/uploads\/2014\/05\/logo-devoreurs.jpg\" alt=\"Logo des D\u00e9voreurs\" width=\"105\" height=\"83\" \/>Pablo de La Courneuve<\/em> (Seuil), s\u00e9lectionn\u00e9 en 2008\/09 \u00b7\u00a0<em>Demain la Lune<\/em> (Seuil), s\u00e9lectionn\u00e9 en 2009\/10 \u00b7 <em>Les blue Cerises 1<\/em>, \u00e9crit avec Sigrid Baffert, Maryvonne Rippert et Jean-Michel Payet (Milan), s\u00e9lectionn\u00e9 en\u00a02011\/12 \u00b7\u00a0<em>Dans les yeux d&rsquo;Angel <\/em>(Flammarion), s\u00e9lectionn\u00e9 en\u00a02012\/13 \u00b7\u00a0<em>Le fil de Soie<\/em>, avec Delphine Jacquot (Thierry Magnier), s\u00e9lectionn\u00e9\u00a0en 2013\/14<\/li>\n<li>\n<h4><a href=\"http:\/\/www.prix-janusz-korczak-de-litterature-jeunesse.fr\/la-planete-des-grands\/la-planete-des-grands-les-themes\/la-planete-des-grands-les-themes-2015-les-enfants-dans-la-guerre\/\">Prix Janus Korczak<\/a><\/h4>\n<p><em>Pablo de La Courneuve<\/em> (Seuil), <strong>laur\u00e9at<\/strong> ex-\u00e6quo 2010 \u00b7 <em>Dans les yeux d&rsquo;Angel<\/em>, s\u00e9lectionn\u00e9 en\u00a02013\/14 \u00b7\u00a0<em>Le fil de soie,<\/em> s\u00e9lectionn\u00e9 en 2014\/15<\/li>\n<li>\n<h4>Prix Sorci\u00e8res<img loading=\"lazy\" decoding=\"async\" class=\"alignleft wp-image-1406\" src=\"http:\/\/cecileroumiguiere.com\/wp\/wp-content\/uploads\/2014\/05\/logo-sorcieres.jpg\" alt=\"Logo des Sorci\u00e8res\" width=\"62\" height=\"62\" srcset=\"https:\/\/cecileroumiguiere.com\/wp\/wp-content\/uploads\/2014\/05\/logo-sorcieres.jpg 179w, https:\/\/cecileroumiguiere.com\/wp\/wp-content\/uploads\/2014\/05\/logo-sorcieres-150x150.jpg 150w\" sizes=\"auto, (max-width: 62px) 100vw, 62px\" \/><\/h4>\n<\/li>\n<\/ul>\n<p><em>Pablo de La Courneuve<\/em>, s\u00e9lectionn\u00e9 en\u00a02009<\/p>\n<ul class=\"prix\">\n<li>\n<h4><a href=\"https:\/\/www.unicef.fr\/sites\/default\/files\/liste-ouvrages-prix-unicef-litterature-jeunesse-2016.pdf\">Prix UNICEF<\/a><\/h4>\n<p><em>L&rsquo;enfant silence<\/em>\u00a0s\u00e9lectionn\u00e9 en 2016.<br \/>\n<em>Pablo de La Courneuve<\/em>, s\u00e9lectionn\u00e9 en 2017.<\/li>\n<\/ul>\n<ul class=\"prix\">\n<li>\n<h4>Prix <a href=\"http:\/\/tatoulu.org\">Tatoulu<\/a><\/h4>\n<p><em><img loading=\"lazy\" decoding=\"async\" class=\"alignleft wp-image-1407\" src=\"http:\/\/cecileroumiguiere.com\/wp\/wp-content\/uploads\/2014\/05\/logo-tatoulu.jpg\" alt=\"Logo Tatoulu\" width=\"137\" height=\"33\" srcset=\"https:\/\/cecileroumiguiere.com\/wp\/wp-content\/uploads\/2014\/05\/logo-tatoulu.jpg 391w, https:\/\/cecileroumiguiere.com\/wp\/wp-content\/uploads\/2014\/05\/logo-tatoulu-300x72.jpg 300w\" sizes=\"auto, (max-width: 137px) 100vw, 137px\" \/>L&rsquo;enfant silence<\/em>, album avec Benjamin Lacombe (Seuil), s\u00e9lectionn\u00e9 en\u00a02007 \u00b7<em> Pablo de La Courneuve<\/em>, s\u00e9lectionn\u00e9 en\u00a02009 \u00b7\u00a0<em>Le fil de soie<\/em>, s\u00e9lectionn\u00e9 en 2014\/15 \u00b7 <em>Parole de papillon<\/em>\u00a0s\u00e9lectionn\u00e9 en 2016\/2017.<\/li>\n<li>\n<h4>Prix <a href=\"https:\/\/serialblogueuses.wordpress.com\/2017\/04\/24\/lire-a-limoges-prix-izzo-2017\/\">Jean-Claude Izzo<\/a><\/h4>\n<\/li>\n<\/ul>\n<p><em>Les Fragiles<\/em>, <strong>laur\u00e9at<\/strong> 2017.<\/p>\n<ul class=\"prix\">\n<li>\n<h4>Prix litt\u00e9raire des \u00e9coliers (Rillieux-la-Pape)<\/h4>\n<p><em>L&rsquo;\u00e9cole du d\u00e9sert<\/em>, <strong>laur\u00e9at<\/strong> 2006 \u00b7 <em>Le voyage de Po\u00e9ma<\/em>, <strong>laur\u00e9at<\/strong> 2008 \u00b7 <em>Dans les yeux d&rsquo;Angel<\/em>, s\u00e9lectionn\u00e9 en\u00a02014<\/li>\n<li>\n<h4>Prix de la <a href=\"http:\/\/www.lea.fr\">revue l&rsquo;\u00c9cole Aujourd&rsquo;hui<\/a><\/h4>\n<p><em>Le fil de soie<\/em>, s\u00e9lectionn\u00e9 en\u00a02013\/14<\/li>\n<li>\n<h4>Lecturial de l&rsquo;\u00e9cole Curial (Paris)<\/h4>\n<p><em>L&rsquo;\u00e9cole du d\u00e9sert<\/em>, <strong>laur\u00e9at<\/strong>\u00a02006<\/li>\n<li>\n<h4>L&rsquo;Automnale du livre (Sury-le-Comtal)<\/h4>\n<p><em>L&rsquo;\u00e9cole du d\u00e9sert<\/em>, s\u00e9lectionn\u00e9 en\u00a02006<\/li>\n<li>\n<h4>\u00c9chapp\u00e9e livres \u00e0 Annecy<\/h4>\n<p><em>Pablo de La Courneuve<\/em>, s\u00e9lectionn\u00e9 en\u00a02009 \u00b7 <em>Dans les yeux d&rsquo;Angel<\/em>, s\u00e9lectionn\u00e9 en\u00a02013<\/li>\n<li>\n<h4>Prix des jeunes lecteurs de la PEEP<\/h4>\n<p><em>Le journal d&rsquo;une crevette<\/em>, s\u00e9lectionn\u00e9 en\u00a02006<\/li>\n<li>\n<h4>Prix du livre du Touquet<\/h4>\n<p><em>Le journal d&rsquo;une crevette<\/em>, <strong>laur\u00e9at<\/strong> 2006<\/li>\n<li>\n<h4>Prix Lire en pays des Pyr\u00e9n\u00e9es Cathares<\/h4>\n<p><em>Le journal d&rsquo;une crevette<\/em>,\u00a0<strong>laur\u00e9at<\/strong>\u00a02006<\/li>\n<li>\n<h4>Prix Fr\u00e9jus-Saint-Rapha\u00ebl<\/h4>\n<p><em>\u00c0 l&rsquo;ombre du tilleul<\/em>, s\u00e9lectionn\u00e9 en\u00a02006<\/li>\n<li>\n<h4>Prix jeunesse de Saint-Martin-de-Crau<\/h4>\n<p><em>Le journal d&rsquo;une crevette<\/em>,\u00a0<strong>laur\u00e9at<\/strong>\u00a02007<\/li>\n<li>\n<h4>Prix <a href=\"http:\/\/www.foyersruraux5962.fr\">Ruralivres<\/a><\/h4>\n<p><em>Entre deux rives, No\u00ebl 43<\/em>, album avec Natali Fortier (Gautier-Languereau), s\u00e9lectionn\u00e9 en\u00a02006 \u00b7 <em>Dans les yeux d&rsquo;Angel<\/em>, s\u00e9lectionn\u00e9 en\u00a02013<\/li>\n<li>\n<h4>Prix des jeunes critiques du <a href=\"https:\/\/www.facebook.com\/SalondulivrefrancophoneBeyrouth\">salon du livre de Beyrouth<\/a><\/h4>\n<p><em>Le secret du soir<\/em>, illustr\u00e9 par \u00c9ric Gast\u00e9 (Milan), <strong>laur\u00e9at<\/strong> 2012<\/li>\n<li>\n<h4><strong>Prix du roman<\/strong>\u00a0de la Circonscription de\u00a0<strong>Mantes-La-Jolie<\/strong>\u00a01<\/h4>\n<p><em>Pablo de La Courneuve<\/em>, <strong>laur\u00e9at<\/strong> 2010<\/li>\n<li>\n<h4><strong>Prix des coll\u00e9giens<\/strong>\u00a0de Libourne<\/h4>\n<p><em>Pablo de La Courneuve<\/em>,\u00a0<strong>laur\u00e9at<\/strong>\u00a02010<\/li>\n<li>\n<h4><a href=\"http:\/\/www.valdelire.fr\/prix-litteraire-de-beaugency-la-meilleure-intrigue\/\">Prix Beaugency<\/a> de la meilleure intrigue<\/h4>\n<p><em>Dans les yeux d&rsquo;Angel<\/em> (Flammarion), s\u00e9lectionn\u00e9 en\u00a02013<\/li>\n<li>\n<h4>Prix du livre insulaire\u00a0d&rsquo;Ouessant<\/h4>\n<p><em>Le voyage de Po\u00e9ma<\/em> (Magnard), <strong>mention sp\u00e9ciale<\/strong> du jury\u00a02008<\/li>\n<li>\n<h4>Le Prix du Coin\u00a0(Monts du Lyonnais)<\/h4>\n<p><em>Pablo de La Courneuve<\/em>, s\u00e9lectionn\u00e9 en\u00a02009 \u00b7 <em>Rouge Bala<\/em>, album avec Justine Brax (Milan), s\u00e9lectionn\u00e9 en\u00a02010<\/li>\n<li>\n<h4>Prix\u00a0<em>Coup de C\u0153ur Jeunesse<\/em>\u00a0de la Ville de Limoges<\/h4>\n<p><em>Demain la Lune<\/em>, <strong>laur\u00e9at<\/strong> 2011<\/li>\n<li>\n<h4>Prix\u00a0Bouquin-Malin (Pyr\u00e9n\u00e9es Atlantiques)<\/h4>\n<p><em><em>Pablo de La Courneuve<\/em>, <\/em>s\u00e9lectionn\u00e9 en\u00a02009<em> \u00b7 Demain la Lune<\/em>, s\u00e9lectionn\u00e9 en\u00a02010<\/li>\n<li>\n<h4>Prix des \u00e9coliers Opalivre<\/h4>\n<p><em>Pablo de La Courneuve<\/em>, s\u00e9lectionn\u00e9 en\u00a02009<\/li>\n<li>\n<h4>Prix Tr\u00e9gor Ados (Lannion)<\/h4>\n<p><em>Pablo de La Courneuve<\/em>, s\u00e9lectionn\u00e9 en\u00a02009<\/li>\n<li>\n<h4>Graines de lecteurs (Pau)<\/h4>\n<p><em>Pablo de La Courneuve<\/em>, s\u00e9lectionn\u00e9 en\u00a02009<\/li>\n<li>\n<h4>Prix\u00a0Festi-livres nord (Valenciennes)<\/h4>\n<p><em>Pablo de La Courneuve<\/em>, s\u00e9lectionn\u00e9 en\u00a02009<\/li>\n<li>\n<h4>Prix de l&rsquo;Estuaire\u00a0(La Baule)<\/h4>\n<p><em>Pablo de La Courneuve<\/em>, s\u00e9lectionn\u00e9 en\u00a02010<\/li>\n<li>\n<h4>Prix\u00a0PEP 42<\/h4>\n<p><em>Pablo de La Courneuve<\/em>, s\u00e9lectionn\u00e9 en\u00a02010<\/li>\n<li>\n<h4>Prix litt\u00e9raire des Montagnes d\u2019Auvergne<\/h4>\n<p><em>Dans les yeux d&rsquo;Angel<\/em> (Flammarion), <strong>laur\u00e9at<\/strong> 2013<\/li>\n<li>\n<h4>Prix du\u00a0<a style=\"color: #bc360a;\" href=\"http:\/\/www.villedupre.fr\/le_prix_des_cm1.html\">Pr\u00e9-Saint-Gervais<\/a><\/h4>\n<p><em>Dans les yeux d&rsquo;Angel,<\/em> s\u00e9lectionn\u00e9 en 2013<\/li>\n<li>\n<h4>Prix\u00a0Gayant lecture de l&rsquo;association\u00a0<a href=\"http:\/\/brouillonsculture.free.fr\/prixlitteraire.htm\">brouillon de culture<\/a> (Douai)<\/h4>\n<p><em>Le fil de soie<\/em>\u00a0(Thierry Magnier), s\u00e9lectionn\u00e9 en\u00a02014\/15<\/li>\n<\/ul>\n<p>&nbsp;<\/p>\n","protected":false},"excerpt":{"rendered":"<p>La route des livres jeunesse est jonch\u00e9e de prix, de coups de c\u0153ur, de focus\u2026 Cette page est l\u00e0 pour essayer de les centraliser et surtout pour souligner la richesse de ces \u00e9v\u00e9nements\u00a0et en remercier tous les organisateurs : merci de faire vivre\u00a0nos livres ! Dans l&rsquo;ordre d&rsquo;apparition dans ma vie d&rsquo;auteur, ou presque (d\u00e9sol\u00e9e pour ceux que j&rsquo;oublie)\u2026 Les P\u00e9pites de Montreuil Filles de la Wal\u00efl\u00fc s\u00e9lectionn\u00e9 en 2022. Les Incorruptibles L&rsquo;\u00e9cole du d\u00e9sert (Magnard), s\u00e9lectionn\u00e9 en 2005\/2006, laur\u00e9at prix adultes \u00b7\u00a0Ogre, cacato\u00e8s et chocolat, album illustr\u00e9 par\u00a0Barroux (Belin), s\u00e9lectionn\u00e9 en \u00a02013\/14 \u00b7\u00a0Le fil de soie, album avec Delphine Jacquot (Thierry Magnier), s\u00e9lectionn\u00e9 en 2014\/15 Le prix Octogone \u00c0 l&rsquo;ombre du tilleul, illustr\u00e9 par Sacha Poliakova (au Seuil), laur\u00e9at 2005 de la\u00a0cat\u00e9gorie\u00a0comptine-po\u00e9sie Les D\u00e9voreurs de livres Pablo de La Courneuve (Seuil), s\u00e9lectionn\u00e9 en 2008\/09 \u00b7\u00a0Demain la Lune (Seuil), s\u00e9lectionn\u00e9 en 2009\/10 \u00b7 Les blue Cerises 1, \u00e9crit avec Sigrid Baffert, Maryvonne Rippert et Jean-Michel Payet (Milan), s\u00e9lectionn\u00e9 en\u00a02011\/12 \u00b7\u00a0Dans les yeux d&rsquo;Angel (Flammarion), s\u00e9lectionn\u00e9 en\u00a02012\/13 \u00b7\u00a0Le fil de Soie, avec Delphine Jacquot (Thierry Magnier), s\u00e9lectionn\u00e9\u00a0en 2013\/14 Prix Janus Korczak Pablo de La Courneuve (Seuil), laur\u00e9at ex-\u00e6quo 2010 \u00b7 Dans les yeux d&rsquo;Angel, s\u00e9lectionn\u00e9 en\u00a02013\/14 \u00b7\u00a0Le fil de soie, s\u00e9lectionn\u00e9 en 2014\/15 Prix Sorci\u00e8res Pablo de La Courneuve, s\u00e9lectionn\u00e9 en\u00a02009 Prix UNICEF L&rsquo;enfant silence\u00a0s\u00e9lectionn\u00e9 en 2016. Pablo de La Courneuve, s\u00e9lectionn\u00e9 en 2017. Prix Tatoulu L&rsquo;enfant silence, album avec Benjamin Lacombe (Seuil), s\u00e9lectionn\u00e9 en\u00a02007 \u00b7 Pablo de La Courneuve, s\u00e9lectionn\u00e9 en\u00a02009 \u00b7\u00a0Le fil de soie, s\u00e9lectionn\u00e9 en 2014\/15 \u00b7 Parole de papillon\u00a0s\u00e9lectionn\u00e9 en 2016\/2017. Prix Jean-Claude Izzo Les Fragiles, laur\u00e9at 2017. Prix litt\u00e9raire des \u00e9coliers (Rillieux-la-Pape) L&rsquo;\u00e9cole du d\u00e9sert, laur\u00e9at 2006 \u00b7 Le voyage de Po\u00e9ma, laur\u00e9at 2008 \u00b7 Dans les yeux d&rsquo;Angel, s\u00e9lectionn\u00e9 en\u00a02014 Prix de la revue l&rsquo;\u00c9cole Aujourd&rsquo;hui Le fil de soie, s\u00e9lectionn\u00e9 en\u00a02013\/14 Lecturial de l&rsquo;\u00e9cole Curial (Paris) L&rsquo;\u00e9cole du d\u00e9sert, laur\u00e9at\u00a02006 L&rsquo;Automnale du livre (Sury-le-Comtal) L&rsquo;\u00e9cole du d\u00e9sert, s\u00e9lectionn\u00e9 en\u00a02006 \u00c9chapp\u00e9e livres \u00e0 Annecy Pablo de La Courneuve, s\u00e9lectionn\u00e9 en\u00a02009 \u00b7 Dans les yeux d&rsquo;Angel, s\u00e9lectionn\u00e9 en\u00a02013 Prix des jeunes lecteurs de la PEEP Le journal d&rsquo;une crevette, s\u00e9lectionn\u00e9 en\u00a02006 Prix du livre du Touquet Le journal d&rsquo;une crevette, laur\u00e9at 2006 Prix Lire en pays des Pyr\u00e9n\u00e9es Cathares Le journal d&rsquo;une crevette,\u00a0laur\u00e9at\u00a02006 Prix Fr\u00e9jus-Saint-Rapha\u00ebl \u00c0 l&rsquo;ombre du tilleul, s\u00e9lectionn\u00e9 en\u00a02006 Prix jeunesse de Saint-Martin-de-Crau Le journal d&rsquo;une crevette,\u00a0laur\u00e9at\u00a02007 Prix Ruralivres Entre deux rives, No\u00ebl 43, album avec Natali Fortier (Gautier-Languereau), s\u00e9lectionn\u00e9 en\u00a02006 \u00b7 Dans les yeux d&rsquo;Angel, s\u00e9lectionn\u00e9 en\u00a02013 Prix des jeunes critiques du salon du livre de Beyrouth Le secret du soir, illustr\u00e9 par \u00c9ric Gast\u00e9 (Milan), laur\u00e9at 2012 Prix du roman\u00a0de la Circonscription de\u00a0Mantes-La-Jolie\u00a01 Pablo de La Courneuve, laur\u00e9at 2010 Prix des coll\u00e9giens\u00a0de Libourne Pablo de La Courneuve,\u00a0laur\u00e9at\u00a02010 Prix Beaugency de la meilleure intrigue Dans les yeux d&rsquo;Angel (Flammarion), s\u00e9lectionn\u00e9 en\u00a02013 Prix du livre insulaire\u00a0d&rsquo;Ouessant Le voyage de Po\u00e9ma (Magnard), mention sp\u00e9ciale du jury\u00a02008 Le Prix du Coin\u00a0(Monts du Lyonnais) Pablo de La Courneuve, s\u00e9lectionn\u00e9 en\u00a02009 \u00b7 Rouge Bala, album avec Justine Brax (Milan), s\u00e9lectionn\u00e9 en\u00a02010 Prix\u00a0Coup de C\u0153ur Jeunesse\u00a0de la Ville de Limoges Demain la Lune, laur\u00e9at 2011 Prix\u00a0Bouquin-Malin (Pyr\u00e9n\u00e9es Atlantiques) Pablo de La Courneuve, s\u00e9lectionn\u00e9 en\u00a02009 \u00b7 Demain la Lune, s\u00e9lectionn\u00e9 en\u00a02010 Prix des \u00e9coliers Opalivre Pablo de La Courneuve, s\u00e9lectionn\u00e9 en\u00a02009 Prix Tr\u00e9gor Ados (Lannion) Pablo de La Courneuve, s\u00e9lectionn\u00e9 en\u00a02009 Graines de lecteurs (Pau) Pablo de La Courneuve, s\u00e9lectionn\u00e9 en\u00a02009 Prix\u00a0Festi-livres nord (Valenciennes) Pablo de La Courneuve, s\u00e9lectionn\u00e9 en\u00a02009 Prix de l&rsquo;Estuaire\u00a0(La Baule) Pablo de La Courneuve, s\u00e9lectionn\u00e9 en\u00a02010 Prix\u00a0PEP 42 Pablo de La Courneuve, s\u00e9lectionn\u00e9 en\u00a02010 Prix litt\u00e9raire des Montagnes d\u2019Auvergne Dans les yeux d&rsquo;Angel (Flammarion), laur\u00e9at 2013 Prix du\u00a0Pr\u00e9-Saint-Gervais Dans les yeux d&rsquo;Angel, s\u00e9lectionn\u00e9 en 2013 Prix\u00a0Gayant lecture de l&rsquo;association\u00a0brouillon de culture (Douai) Le fil de soie\u00a0(Thierry Magnier), s\u00e9lectionn\u00e9 en\u00a02014\/15 &nbsp;<\/p>\n","protected":false},"author":1,"featured_media":0,"parent":0,"menu_order":0,"comment_status":"closed","ping_status":"open","template":"","meta":{"footnotes":""},"class_list":["post-1341","page","type-page","status-publish","hentry"],"_links":{"self":[{"href":"https:\/\/cecileroumiguiere.com\/wp\/index.php?rest_route=\/wp\/v2\/pages\/1341","targetHints":{"allow":["GET"]}}],"collection":[{"href":"https:\/\/cecileroumiguiere.com\/wp\/index.php?rest_route=\/wp\/v2\/pages"}],"about":[{"href":"https:\/\/cecileroumiguiere.com\/wp\/index.php?rest_route=\/wp\/v2\/types\/page"}],"author":[{"embeddable":true,"href":"https:\/\/cecileroumiguiere.com\/wp\/index.php?rest_route=\/wp\/v2\/users\/1"}],"replies":[{"embeddable":true,"href":"https:\/\/cecileroumiguiere.com\/wp\/index.php?rest_route=%2Fwp%2Fv2%2Fcomments&post=1341"}],"version-history":[{"count":57,"href":"https:\/\/cecileroumiguiere.com\/wp\/index.php?rest_route=\/wp\/v2\/pages\/1341\/revisions"}],"predecessor-version":[{"id":8180,"href":"https:\/\/cecileroumiguiere.com\/wp\/index.php?rest_route=\/wp\/v2\/pages\/1341\/revisions\/8180"}],"wp:attachment":[{"href":"https:\/\/cecileroumiguiere.com\/wp\/index.php?rest_route=%2Fwp%2Fv2%2Fmedia&parent=1341"}],"curies":[{"name":"wp","href":"https:\/\/api.w.org\/{rel}","templated":true}]}}