{"id":145,"date":"2013-11-01T19:18:49","date_gmt":"2013-11-01T18:18:49","guid":{"rendered":"http:\/\/cecileroumiguiere.com\/wp\/?page_id=145"},"modified":"2024-07-24T14:06:37","modified_gmt":"2024-07-24T13:06:37","slug":"ogre-cacatoes-et-chocolat","status":"publish","type":"page","link":"https:\/\/cecileroumiguiere.com\/wp\/?page_id=145","title":{"rendered":"Ogre, cacato\u00e8s et chocolat"},"content":{"rendered":"<h3 style=\"text-align: right;\">Illustrations de\u00a0<a href=\"http:\/\/www.barroux.info\">Barroux<br \/>\n<\/a><a href=\"https:\/\/www.belin-education.com\/ogre-cacatoes-et-chocolat\">Belin<\/a> \u00b7\u00a0septembre 2012<\/h3>\n<blockquote><p>Au c\u0153ur de la for\u00eat, l\u2019ogre s\u2019ennuie. Il a mang\u00e9 de tout. Des oiseaux dans leurs nids, des renards, des\u00a0taupes, des lapins, des escargots, quelques crocos au zoo, et des enfants aussi. Il a tout croqu\u00e9, tout go\u00fbt\u00e9. Il b\u00e2ille. Que faire\u00a0?<br \/>\nQuand il s\u2019ennuie, l\u2019ogre a faim, il faut qu\u2019il mange, c\u2019est plus fort que lui.<br \/>\nManon, elle, est une collectionneuse de mots. D\u00e8s qu\u2019elle est habill\u00e9e, elle s\u2019occupe de ses petits papiers. Elle en choisit un dans le dictionnaire, elle l\u2019apprend, le tourne, le retourne dans sa t\u00eate. Puis elle le recopie sur un bout de papier. Elle \u00e9crit des mots porte-bonheur pour se prot\u00e9ger, et d\u2019autres mots tr\u00e8s longs, des mots pour r\u00eaver. Quand les bouts de papiers sont pli\u00e9s, Manon les range dans son sac.\u00a0Fil,\u00a0r\u00eave,\u00a0mer,\u00a0anis,\u00a0tuba, s\u2019y m\u00e9langent avec\u00a0cacato\u00e8s,\u00a0pal\u00e9tuvier,\u00a0tramontane, et des mots tr\u00e8s compliqu\u00e9s comme\u00a0cristallographie,\u00a0embrouillamini,\u00a0col\u00e9opt\u00e8re\u00a0ou encore\u00a0circonvolution. [\u2026]<\/p><\/blockquote>\n<p>L&rsquo;histoire d&rsquo;une enfant qui n&rsquo;a peur de rien puisqu&rsquo;elle collectionne les mots. Qui pourrait r\u00e9sister \u00e0 de beaux mots, comme \u201cscarab\u00e9e\u201d, \u201ctramontane\u201d ou \u201cindigo\u201d\u00a0? Et aux petits mots malins, \u201canis\u201d et \u201ctuba\u201d\u00a0? Nommer les animaux, les insectes, le vivant comme le min\u00e9ral, le doux et l&rsquo;amer\u2026 se nommer soi, pour \u00eatre au monde.<\/p>\n<p>Un monstre attachant, qui finira sans doute par d\u00e9couvrir le sens de la vie avec le mot \u201cchocolat\u201d\u2026<\/p>\n<p><img loading=\"lazy\" decoding=\"async\" class=\"wp-image-818 aligncenter\" src=\"http:\/\/cecileroumiguiere.com\/wp\/wp-content\/uploads\/2013\/11\/temanger-web.jpg\" alt=\"temanger-web\" width=\"612\" height=\"357\" srcset=\"https:\/\/cecileroumiguiere.com\/wp\/wp-content\/uploads\/2013\/11\/temanger-web.jpg 680w, https:\/\/cecileroumiguiere.com\/wp\/wp-content\/uploads\/2013\/11\/temanger-web-300x175.jpg 300w\" sizes=\"auto, (max-width: 612px) 100vw, 612px\" \/><\/p>\n<p>Avec la palette subtile et les collages d\u00e9licats de Barroux pour un album tout en tendresse.<br \/>\nEt une tr\u00e8s belle aventure \u00e9ditoriale avec Nathalie Maitenaz\u00a0!<em><br \/>\n<\/em><\/p>\n<p><img loading=\"lazy\" decoding=\"async\" class=\"wp-image-4785 alignleft\" src=\"https:\/\/cecileroumiguiere.com\/wp\/wp-content\/uploads\/2018\/02\/telerama-ogre.jpg\" alt=\"\" width=\"269\" height=\"359\" srcset=\"https:\/\/cecileroumiguiere.com\/wp\/wp-content\/uploads\/2018\/02\/telerama-ogre.jpg 363w, https:\/\/cecileroumiguiere.com\/wp\/wp-content\/uploads\/2018\/02\/telerama-ogre-225x300.jpg 225w\" sizes=\"auto, (max-width: 269px) 100vw, 269px\" \/><\/p>\n<p>\u2022 S\u00e9lectionn\u00e9 au prix des Incorruptibles 2013\/2014.<br \/>\n<img loading=\"lazy\" decoding=\"async\" class=\" wp-image-651 alignnone\" src=\"http:\/\/cecileroumiguiere.com\/wp\/wp-content\/uploads\/2013\/11\/inco-logo.jpg\" alt=\"inco-logo\" width=\"163\" height=\"30\" srcset=\"https:\/\/cecileroumiguiere.com\/wp\/wp-content\/uploads\/2013\/11\/inco-logo.jpg 340w, https:\/\/cecileroumiguiere.com\/wp\/wp-content\/uploads\/2013\/11\/inco-logo-300x54.jpg 300w\" sizes=\"auto, (max-width: 163px) 100vw, 163px\" \/><\/p>\n<h1>Adaptation th\u00e9\u00e2trale<\/h1>\n<p><em>Ogre, cacato\u00e8s et chocolat<\/em> a \u00e9t\u00e9 adapt\u00e9 pour la sc\u00e8ne par le metteur en sc\u00e8ne des <a href=\"http:\/\/www.facebook.com\/pages\/Les-Artisans-de-lEph\u00e9m\u00e8re\/110818192361626?sk=info\">Artisans de l&rsquo;\u00e9ph\u00e9m\u00e8re<\/a> et le chor\u00e9graphe de la compagnie Accord des nous.\u00a0L&rsquo;actrice \u00c9milie Figiel joue Manon, le danseur Vivien Visentin devient l&rsquo;ogre.<\/p>\n<p>\u00b7\u00b7\u00b7\u00b7\u00b7\u00b7\u00b7\u00b7\u00b7\u00b7\u00b7\u00b7\u00b7\u00b7\u00b7\u00b7\u00b7\u00b7\u00b7\u00b7\u00b7\u00b7\u00b7\u00b7\u00b7\u00b7\u00b7\u00b7\u00b7\u00b7 &gt; pour en savoir plus, <a href=\"http:\/\/cecileroumiguiere.com\/wp\/?p=794\">cliquez ici<\/a>.<\/p>\n<figure id=\"attachment_446\" aria-describedby=\"caption-attachment-446\" style=\"width: 625px\" class=\"wp-caption alignnone\"><a href=\"http:\/\/cecileroumiguiere.com\/wp\/?p=794\"><img loading=\"lazy\" decoding=\"async\" class=\"wp-image-446 size-full\" src=\"http:\/\/cecileroumiguiere.com\/wp\/wp-content\/uploads\/2013\/11\/ogre_spectacle.jpg\" alt=\"\u201cOgre, cacato\u00e8s et chocolat\u201d, l'\u00e9quipe du spectacle (oct. 2013)\" width=\"625\" height=\"440\" srcset=\"https:\/\/cecileroumiguiere.com\/wp\/wp-content\/uploads\/2013\/11\/ogre_spectacle.jpg 625w, https:\/\/cecileroumiguiere.com\/wp\/wp-content\/uploads\/2013\/11\/ogre_spectacle-300x211.jpg 300w\" sizes=\"auto, (max-width: 625px) 100vw, 625px\" \/><\/a><figcaption id=\"caption-attachment-446\" class=\"wp-caption-text\">\u201cOgre, cacato\u00e8s et chocolat\u201d, l&rsquo;\u00e9quipe du spectacle (oct. 2013)<\/figcaption><\/figure>\n<p style=\"text-align: center;\">\u00a9Illustrations Barroux<\/p>\n","protected":false},"excerpt":{"rendered":"<p>Illustrations de\u00a0Barroux Belin \u00b7\u00a0septembre 2012 Au c\u0153ur de la for\u00eat, l\u2019ogre s\u2019ennuie. Il a mang\u00e9 de tout. Des oiseaux dans leurs nids, des renards, des\u00a0taupes, des lapins, des escargots, quelques crocos au zoo, et des enfants aussi. Il a tout croqu\u00e9, tout go\u00fbt\u00e9. Il b\u00e2ille. Que faire\u00a0? Quand il s\u2019ennuie, l\u2019ogre a faim, il faut qu\u2019il mange, c\u2019est plus fort que lui. Manon, elle, est une collectionneuse de mots. D\u00e8s qu\u2019elle est habill\u00e9e, elle s\u2019occupe de ses petits papiers. Elle en choisit un dans le dictionnaire, elle l\u2019apprend, le tourne, le retourne dans sa t\u00eate. Puis elle le recopie sur un bout de papier. Elle \u00e9crit des mots porte-bonheur pour se prot\u00e9ger, et d\u2019autres mots tr\u00e8s longs, des mots pour r\u00eaver. Quand les bouts de papiers sont pli\u00e9s, Manon les range dans son sac.\u00a0Fil,\u00a0r\u00eave,\u00a0mer,\u00a0anis,\u00a0tuba, s\u2019y m\u00e9langent avec\u00a0cacato\u00e8s,\u00a0pal\u00e9tuvier,\u00a0tramontane, et des mots tr\u00e8s compliqu\u00e9s comme\u00a0cristallographie,\u00a0embrouillamini,\u00a0col\u00e9opt\u00e8re\u00a0ou encore\u00a0circonvolution. [\u2026] L&rsquo;histoire d&rsquo;une enfant qui n&rsquo;a peur de rien puisqu&rsquo;elle collectionne les mots. Qui pourrait r\u00e9sister \u00e0 de beaux mots, comme \u201cscarab\u00e9e\u201d, \u201ctramontane\u201d ou \u201cindigo\u201d\u00a0? Et aux petits mots malins, \u201canis\u201d et \u201ctuba\u201d\u00a0? Nommer les animaux, les insectes, le vivant comme le min\u00e9ral, le doux et l&rsquo;amer\u2026 se nommer soi, pour \u00eatre au monde. Un monstre attachant, qui finira sans doute par d\u00e9couvrir le sens de la vie avec le mot \u201cchocolat\u201d\u2026 Avec la palette subtile et les collages d\u00e9licats de Barroux pour un album tout en tendresse. Et une tr\u00e8s belle aventure \u00e9ditoriale avec Nathalie Maitenaz\u00a0! \u2022 S\u00e9lectionn\u00e9 au prix des Incorruptibles 2013\/2014. Adaptation th\u00e9\u00e2trale Ogre, cacato\u00e8s et chocolat a \u00e9t\u00e9 adapt\u00e9 pour la sc\u00e8ne par le metteur en sc\u00e8ne des Artisans de l&rsquo;\u00e9ph\u00e9m\u00e8re et le chor\u00e9graphe de la compagnie Accord des nous.\u00a0L&rsquo;actrice \u00c9milie Figiel joue Manon, le danseur Vivien Visentin devient l&rsquo;ogre. \u00b7\u00b7\u00b7\u00b7\u00b7\u00b7\u00b7\u00b7\u00b7\u00b7\u00b7\u00b7\u00b7\u00b7\u00b7\u00b7\u00b7\u00b7\u00b7\u00b7\u00b7\u00b7\u00b7\u00b7\u00b7\u00b7\u00b7\u00b7\u00b7\u00b7 &gt; pour en savoir plus, cliquez ici. \u00a9Illustrations Barroux<\/p>\n","protected":false},"author":1,"featured_media":126,"parent":0,"menu_order":0,"comment_status":"closed","ping_status":"open","template":"","meta":{"footnotes":""},"class_list":["post-145","page","type-page","status-publish","has-post-thumbnail","hentry"],"_links":{"self":[{"href":"https:\/\/cecileroumiguiere.com\/wp\/index.php?rest_route=\/wp\/v2\/pages\/145","targetHints":{"allow":["GET"]}}],"collection":[{"href":"https:\/\/cecileroumiguiere.com\/wp\/index.php?rest_route=\/wp\/v2\/pages"}],"about":[{"href":"https:\/\/cecileroumiguiere.com\/wp\/index.php?rest_route=\/wp\/v2\/types\/page"}],"author":[{"embeddable":true,"href":"https:\/\/cecileroumiguiere.com\/wp\/index.php?rest_route=\/wp\/v2\/users\/1"}],"replies":[{"embeddable":true,"href":"https:\/\/cecileroumiguiere.com\/wp\/index.php?rest_route=%2Fwp%2Fv2%2Fcomments&post=145"}],"version-history":[{"count":25,"href":"https:\/\/cecileroumiguiere.com\/wp\/index.php?rest_route=\/wp\/v2\/pages\/145\/revisions"}],"predecessor-version":[{"id":7821,"href":"https:\/\/cecileroumiguiere.com\/wp\/index.php?rest_route=\/wp\/v2\/pages\/145\/revisions\/7821"}],"wp:featuredmedia":[{"embeddable":true,"href":"https:\/\/cecileroumiguiere.com\/wp\/index.php?rest_route=\/wp\/v2\/media\/126"}],"wp:attachment":[{"href":"https:\/\/cecileroumiguiere.com\/wp\/index.php?rest_route=%2Fwp%2Fv2%2Fmedia&parent=145"}],"curies":[{"name":"wp","href":"https:\/\/api.w.org\/{rel}","templated":true}]}}