{"id":15,"date":"2013-10-24T21:34:45","date_gmt":"2013-10-24T20:34:45","guid":{"rendered":"http:\/\/cecileroumiguiere.com\/wp\/?page_id=15"},"modified":"2024-07-24T14:26:24","modified_gmt":"2024-07-24T13:26:24","slug":"demain-la-lune","status":"publish","type":"page","link":"https:\/\/cecileroumiguiere.com\/wp\/?page_id=15","title":{"rendered":"Demain la Lune"},"content":{"rendered":"<h3 style=\"text-align: right;\">Mai 2009 \u00b7 Le Seuil jeunesse<br \/>\nCouverture d&rsquo;<a href=\"https:\/\/fr.wikipedia.org\/wiki\/Olivier_Tallec\" rel=\"self\">Olivier Tallec<\/a><\/h3>\n<p>L\u2018\u00e9t\u00e9 1969 aurait pu \u00eatre un \u00e9t\u00e9 comme les autres, plus de deux longs mois pass\u00e9s \u00e0 traquer la mar\u00e9e chez son grand-p\u00e8re en Bretagne. Mais cet \u00e9t\u00e9 l\u00e0, tout allait changer\u2026<\/p>\n<blockquote><p>Jusque-l\u00e0, Michel pensait que la mer et la terre ne faisaient qu\u2019une seule et m\u00eame chose. Comment imaginer un oc\u00e9an sans rivage\u00a0? Ou le ciel sans les \u00e9toiles, le pain beurr\u00e9 sans la barre de chocolat \u00e0 quatre heures, les dict\u00e9es sans les mauvaises notes\u00a0? Impossible, tout \u00e7a allait ensemble. Sa m\u00e8re et son p\u00e8re aussi. Ensemble. Ensemble, ils faisaient une seule chose, des parents. Et ce soir-l\u00e0, comme \u00e7a, en une phrase, les parents ne signifiaient plus rien. Il y aurait d\u00e9sormais papa d\u2019un c\u00f4t\u00e9, et maman de l\u2019autre.<\/p><\/blockquote>\n<p>Et quand Michel d\u00e9barque dans ce camping du sud de la France, c&rsquo;est une autre catastrophe qui lui tombe dessus\u00a0: une catastrophe au nez pel\u00e9 et aux couettes mal ficel\u00e9es\u2026<\/p>\n<figure id=\"attachment_51\" aria-describedby=\"caption-attachment-51\" style=\"width: 261px\" class=\"wp-caption alignleft\"><img loading=\"lazy\" decoding=\"async\" class=\" wp-image-51 \" src=\"http:\/\/cecileroumiguiere.com\/wp\/wp-content\/uploads\/2013\/10\/bobi-bobi-lune.jpg\" alt=\"\" width=\"261\" height=\"362\" srcset=\"https:\/\/cecileroumiguiere.com\/wp\/wp-content\/uploads\/2013\/10\/bobi-bobi-lune.jpg 435w, https:\/\/cecileroumiguiere.com\/wp\/wp-content\/uploads\/2013\/10\/bobi-bobi-lune-216x300.jpg 216w\" sizes=\"auto, (max-width: 261px) 100vw, 261px\" \/><figcaption id=\"caption-attachment-51\" class=\"wp-caption-text\">Clin d&rsquo;\u0153il de Bobi-Bobi<\/figcaption><\/figure>\n<blockquote><p>Les fus\u00e9es montent dans le ciel et \u00e9clatent. Des gerbes de feu foncent sur eux avant de s\u2019effacer. Bleues, rouges, vertes, jaunes, blanches. Pendant dix minutes, un ballet de lumi\u00e8res dans le ciel, et ses reflets sur la mer. Michel sourit aux anges. Il oublie qu\u2019il a d\u00e9cid\u00e9 d\u2019\u00eatre de mauvaise humeur, c\u2019est bien trop beau. Il sent une pr\u00e9sence derri\u00e8re lui.<br \/>\n\u2014 Toi aussi, tu aimes \u00e7a, hein\u00a0? La fille au nez pel\u00e9 lui souffle son haleine sucr\u00e9e dans le cou.<br \/>\n\u2014 Quand ils vont d\u00e9coller, \u00e7a va \u00eatre pareil, et encore plus beau m\u00eame\u00a0! Tu veux un chouchou\u00a0?<br \/>\nMichel se retourne.\u00a0La t\u00eate en l\u2019air, les yeux fig\u00e9s sur les explosions dans le ciel, la fille plonge sa main dans le cornet de cacahu\u00e8tes sucr\u00e9es.<br \/>\n\u2014 Qui va d\u00e9coller\u00a0?<br \/>\nSon chouchou au bout des doigts, la fille le regarde comme s\u2019il \u00e9tait un Marsupilami \u00e0 pois rouges.<br \/>\n\u2014 On est le 14\u00a0juillet 1969, dans deux jours, il va y avoir le d\u00e9collage du si\u00e8cle, le d\u00e9collage le plus important du monde, de l\u2019humanit\u00e9 enti\u00e8re m\u00eame, et toi, tu me demandes qui va \u201cd\u00e9c\u2019ller\u201d en su\u00e7ant ta glace de martien\u00a0? Non mais je r\u00eave\u00a0! Tu tombes vraiment de la Lune, toi\u2026<\/p><\/blockquote>\n<p style=\"text-align: right;\"><em>Demain la Lune<\/em>, chapitres 1 et 4<\/p>\n<h1>D\u00e9couvrez <a href=\"http:\/\/www.deezer.com\/plugins\/player?autoplay=false&amp;playlist=true&amp;width=700&amp;height=240&amp;cover=true&amp;type=playlist&amp;id=36832922&amp;title=&amp;app_id=undefined&amp;popup=true&amp;current_song_index=0&amp;current_song_time=0&amp;autoplay=false&amp;playing=false\">la playlist de\u00a0<em>Demain la Lune<\/em><\/a><\/h1>\n<p style=\"text-align: left;\"><iframe loading=\"lazy\" src=\"http:\/\/www.deezer.com\/plugins\/player?autoplay=false&amp;playlist=true&amp;width=270&amp;height=600&amp;cover=true&amp;type=playlist&amp;id=36832922&amp;title=&amp;format=vertical&amp;app_id=undefined\" width=\"270\" height=\"600\" frameborder=\"0\" scrolling=\"no\"><\/iframe><\/p>\n<p>NB : cette\u00a0playlist\u00a0n\u2019est pas compl\u00e8te et <em>Sur ton visage, une larme<\/em> est chant\u00e9e par Christian Delagrange alors que ce devrait \u00eatre Lucky Blondo\u2026<\/p>\n<h1>Prix<\/h1>\n<p>Nomination aux\u00a0<em>Prix des D\u00e9voreurs<\/em>\u00a0<em>de livres<\/em>\u00a0(Eure),\u00a0prix\u00a0<em>Bouquin-Malin<\/em>\u00a02010 (Oloron Sainte-Marie)\u2026<br \/>\n\u2022 Laur\u00e9at du prix <em>Coup de C\u0153ur Jeunesse<\/em> de la Ville de Limoges.<\/p>\n<h1>Chroniques\u2026<\/h1>\n<h2>Radio<\/h2>\n<p>France-Info, Emmanuel Davidenkoff,\u00a0<i>Les enfants des livres<\/i>, 14 juin 2009<\/p>\n<audio class=\"wp-audio-shortcode\" id=\"audio-15-1\" preload=\"none\" style=\"width: 100%;\" controls=\"controls\"><source type=\"audio\/mpeg\" src=\"http:\/\/cecileroumiguiere.com\/wp\/wp-content\/uploads\/2013\/10\/Demain-la-Lune-France-Info-12-06-09.mp3?_=1\" \/><a href=\"http:\/\/cecileroumiguiere.com\/wp\/wp-content\/uploads\/2013\/10\/Demain-la-Lune-France-Info-12-06-09.mp3\">http:\/\/cecileroumiguiere.com\/wp\/wp-content\/uploads\/2013\/10\/Demain-la-Lune-France-Info-12-06-09.mp3<\/a><\/audio>\n<p>Opalivres, sur Transat FM<br \/>\nLes mots les livres, sur IdFM<\/p>\n<h2>Presse et blogs<\/h2>\n<p><img loading=\"lazy\" decoding=\"async\" class=\"wp-image-3301 alignleft\" src=\"http:\/\/cecileroumiguiere.com\/wp\/wp-content\/uploads\/2016\/11\/migros-09.jpg\" alt=\"migros-09\" width=\"199\" height=\"278\" srcset=\"https:\/\/cecileroumiguiere.com\/wp\/wp-content\/uploads\/2016\/11\/migros-09.jpg 567w, https:\/\/cecileroumiguiere.com\/wp\/wp-content\/uploads\/2016\/11\/migros-09-215x300.jpg 215w\" sizes=\"auto, (max-width: 199px) 100vw, 199px\" \/><\/p>\n<p>Migros (Suisse)<br \/>\n\u2026 et La D\u00e9p\u00eache du Midi, Dlire, Citrouille, Le monde des ados\u2026<br \/>\nLily et ses livres \u00b7\u00a0<a title=\"De papier (de soie), d'encre (de Chine), et de couleurs (si nuanc\u00e9es)\u2026\" href=\"http:\/\/www.papier-de-soie.com\/Il-y-a-la-lecture-passionnante-de.html?var_recherche=demain%20la%20Lune\" target=\"_blank\" rel=\"noopener\">De papier (de soie)\u2026<\/a>\u00a0\u00b7\u00a0<a title=\"Chez Clarabel\" href=\"http:\/\/blogclarabel.canalblog.com\/archives\/2009\/05\/26\/13852480.html\" target=\"_blank\" rel=\"noopener\">Chez Clarabel<\/a>\u00a0\u00b7\u00a0Les p&rsquo;tits lus, Graines de M\u00f4mes \u00b7\u00a0<a title=\"Des enfants, des livres\" href=\"http:\/\/livresjeunesse.canalblog.com\/archives\/2009\/06\/25\/14190686.html\" target=\"_blank\" rel=\"noopener\">Des enfants des livres<\/a>\u00a0\u00b7\u00a0Les Histoires sans fin\u00a0\u00b7\u00a0La soupe de l&rsquo;espace\u00a0\u00b7\u00a0Parutions.com\u00a0\u00b7\u00a0Bric \u00e0 lire \u00b7\u00a0<a title=\"Lecture et Cie\" href=\"http:\/\/leslecturesdemarie.free.fr\/Selectiondelectures\/lecturesdelete2009.html\" target=\"_blank\" rel=\"noopener\">Lecture et Cie<\/a>\u00a0\u00b7\u00a0Libbylit n\u00ba89\u2026<\/p>\n","protected":false},"excerpt":{"rendered":"<p>Mai 2009 \u00b7 Le Seuil jeunesse Couverture d&rsquo;Olivier Tallec L\u2018\u00e9t\u00e9 1969 aurait pu \u00eatre un \u00e9t\u00e9 comme les autres, plus de deux longs mois pass\u00e9s \u00e0 traquer la mar\u00e9e chez son grand-p\u00e8re en Bretagne. Mais cet \u00e9t\u00e9 l\u00e0, tout allait changer\u2026 Jusque-l\u00e0, Michel pensait que la mer et la terre ne faisaient qu\u2019une seule et m\u00eame chose. Comment imaginer un oc\u00e9an sans rivage\u00a0? Ou le ciel sans les \u00e9toiles, le pain beurr\u00e9 sans la barre de chocolat \u00e0 quatre heures, les dict\u00e9es sans les mauvaises notes\u00a0? Impossible, tout \u00e7a allait ensemble. Sa m\u00e8re et son p\u00e8re aussi. Ensemble. Ensemble, ils faisaient une seule chose, des parents. Et ce soir-l\u00e0, comme \u00e7a, en une phrase, les parents ne signifiaient plus rien. Il y aurait d\u00e9sormais papa d\u2019un c\u00f4t\u00e9, et maman de l\u2019autre. Et quand Michel d\u00e9barque dans ce camping du sud de la France, c&rsquo;est une autre catastrophe qui lui tombe dessus\u00a0: une catastrophe au nez pel\u00e9 et aux couettes mal ficel\u00e9es\u2026 Les fus\u00e9es montent dans le ciel et \u00e9clatent. Des gerbes de feu foncent sur eux avant de s\u2019effacer. Bleues, rouges, vertes, jaunes, blanches. Pendant dix minutes, un ballet de lumi\u00e8res dans le ciel, et ses reflets sur la mer. Michel sourit aux anges. Il oublie qu\u2019il a d\u00e9cid\u00e9 d\u2019\u00eatre de mauvaise humeur, c\u2019est bien trop beau. Il sent une pr\u00e9sence derri\u00e8re lui. \u2014 Toi aussi, tu aimes \u00e7a, hein\u00a0? La fille au nez pel\u00e9 lui souffle son haleine sucr\u00e9e dans le cou. \u2014 Quand ils vont d\u00e9coller, \u00e7a va \u00eatre pareil, et encore plus beau m\u00eame\u00a0! Tu veux un chouchou\u00a0? Michel se retourne.\u00a0La t\u00eate en l\u2019air, les yeux fig\u00e9s sur les explosions dans le ciel, la fille plonge sa main dans le cornet de cacahu\u00e8tes sucr\u00e9es. \u2014 Qui va d\u00e9coller\u00a0? Son chouchou au bout des doigts, la fille le regarde comme s\u2019il \u00e9tait un Marsupilami \u00e0 pois rouges. \u2014 On est le 14\u00a0juillet 1969, dans deux jours, il va y avoir le d\u00e9collage du si\u00e8cle, le d\u00e9collage le plus important du monde, de l\u2019humanit\u00e9 enti\u00e8re m\u00eame, et toi, tu me demandes qui va \u201cd\u00e9c\u2019ller\u201d en su\u00e7ant ta glace de martien\u00a0? Non mais je r\u00eave\u00a0! Tu tombes vraiment de la Lune, toi\u2026 Demain la Lune, chapitres 1 et 4 D\u00e9couvrez la playlist de\u00a0Demain la Lune NB : cette\u00a0playlist\u00a0n\u2019est pas compl\u00e8te et Sur ton visage, une larme est chant\u00e9e par Christian Delagrange alors que ce devrait \u00eatre Lucky Blondo\u2026 Prix Nomination aux\u00a0Prix des D\u00e9voreurs\u00a0de livres\u00a0(Eure),\u00a0prix\u00a0Bouquin-Malin\u00a02010 (Oloron Sainte-Marie)\u2026 \u2022 Laur\u00e9at du prix Coup de C\u0153ur Jeunesse de la Ville de Limoges. Chroniques\u2026 Radio France-Info, Emmanuel Davidenkoff,\u00a0Les enfants des livres, 14 juin 2009 Opalivres, sur Transat FM Les mots les livres, sur IdFM Presse et blogs Migros (Suisse) \u2026 et La D\u00e9p\u00eache du Midi, Dlire, Citrouille, Le monde des ados\u2026 Lily et ses livres \u00b7\u00a0De papier (de soie)\u2026\u00a0\u00b7\u00a0Chez Clarabel\u00a0\u00b7\u00a0Les p&rsquo;tits lus, Graines de M\u00f4mes \u00b7\u00a0Des enfants des livres\u00a0\u00b7\u00a0Les Histoires sans fin\u00a0\u00b7\u00a0La soupe de l&rsquo;espace\u00a0\u00b7\u00a0Parutions.com\u00a0\u00b7\u00a0Bric \u00e0 lire \u00b7\u00a0Lecture et Cie\u00a0\u00b7\u00a0Libbylit n\u00ba89\u2026<\/p>\n","protected":false},"author":1,"featured_media":16,"parent":236,"menu_order":0,"comment_status":"closed","ping_status":"open","template":"","meta":{"footnotes":""},"class_list":["post-15","page","type-page","status-publish","has-post-thumbnail","hentry"],"_links":{"self":[{"href":"https:\/\/cecileroumiguiere.com\/wp\/index.php?rest_route=\/wp\/v2\/pages\/15","targetHints":{"allow":["GET"]}}],"collection":[{"href":"https:\/\/cecileroumiguiere.com\/wp\/index.php?rest_route=\/wp\/v2\/pages"}],"about":[{"href":"https:\/\/cecileroumiguiere.com\/wp\/index.php?rest_route=\/wp\/v2\/types\/page"}],"author":[{"embeddable":true,"href":"https:\/\/cecileroumiguiere.com\/wp\/index.php?rest_route=\/wp\/v2\/users\/1"}],"replies":[{"embeddable":true,"href":"https:\/\/cecileroumiguiere.com\/wp\/index.php?rest_route=%2Fwp%2Fv2%2Fcomments&post=15"}],"version-history":[{"count":39,"href":"https:\/\/cecileroumiguiere.com\/wp\/index.php?rest_route=\/wp\/v2\/pages\/15\/revisions"}],"predecessor-version":[{"id":7840,"href":"https:\/\/cecileroumiguiere.com\/wp\/index.php?rest_route=\/wp\/v2\/pages\/15\/revisions\/7840"}],"up":[{"embeddable":true,"href":"https:\/\/cecileroumiguiere.com\/wp\/index.php?rest_route=\/wp\/v2\/pages\/236"}],"wp:featuredmedia":[{"embeddable":true,"href":"https:\/\/cecileroumiguiere.com\/wp\/index.php?rest_route=\/wp\/v2\/media\/16"}],"wp:attachment":[{"href":"https:\/\/cecileroumiguiere.com\/wp\/index.php?rest_route=%2Fwp%2Fv2%2Fmedia&parent=15"}],"curies":[{"name":"wp","href":"https:\/\/api.w.org\/{rel}","templated":true}]}}