{"id":155,"date":"2013-11-01T21:03:11","date_gmt":"2013-11-01T20:03:11","guid":{"rendered":"http:\/\/cecileroumiguiere.com\/wp\/?page_id=155"},"modified":"2024-07-24T14:21:42","modified_gmt":"2024-07-24T13:21:42","slug":"une-princesse-au-palais","status":"publish","type":"page","link":"https:\/\/cecileroumiguiere.com\/wp\/?page_id=155","title":{"rendered":"Une princesse au Palais"},"content":{"rendered":"<h3 style=\"text-align: right;\">Un album avec\u00a0<a href=\"http:\/\/minisites-charte.fr\/sites\/carole-chaix\/\">Carole Chaix<\/a><br \/>\n<a href=\"https:\/\/www.editions-thierry-magnier.com\/\">Thierry Magnier <\/a>\u00b7 nov. 2013<\/h3>\n<blockquote>\n<p style=\"text-align: left;\">Elle.\u00a0Elle est l\u00e0 tous les mercredis, ou presque. Elle passe la journ\u00e9e \u00e0 attendre sa grand-m\u00e8re. Elle se sent bien, elle pr\u00e9f\u00e8re rester ici qu\u2019\u00eatre seule \u00e0 la maison.<br \/>\nElle s\u2019installe \u00e0 une table, toujours la m\u00eame, pas loin de la dame antilope. Et elle attend.<br \/>\nCe matin, son ventre est dur, nou\u00e9. Elle regarde la pendule suspendue \u00e0 la main de l\u2019ange, et au-dedans d\u2019elle, elle attend.<em><br \/>\n<\/em><\/p>\n<\/blockquote>\n<h1>Une histoire, une aventure\u2026<\/h1>\n<p>Certains livres sont des aventures.\u00a0<em>Une princesse au Palais<\/em>\u00a0est de ceux-l\u00e0. Un salon, celui de Cormontreuil, pr\u00e8s de Reims, fin mars 2009. Une rencontre\u00a0: Carole Chaix. Elle a grandi l\u00e0, elle marche comme on navigue dans les rues de Reims, et un soir, elle nous emm\u00e8ne au Caf\u00e9 du Palais. Un endroit chic, une verri\u00e8re art d\u00e9co, des fauteuils en moleskine, des tableaux aux murs, d\u00e9cal\u00e9s. Le portrait d&rsquo;une tr\u00e8s s\u00e9rieuse dame qui arbore dignement des gants en caoutchouc, un gar\u00e7on et son \u00e9puisette, \u00e9vad\u00e9s d&rsquo;un chromo de plage normande, un ange suspendu au plafond\u2026<\/p>\n<p><img loading=\"lazy\" decoding=\"async\" class=\"size-full wp-image-830 aligncenter\" src=\"http:\/\/cecileroumiguiere.com\/wp\/wp-content\/uploads\/2013\/11\/pp_palais.jpg\" alt=\"pp_palais\" width=\"850\" height=\"583\" srcset=\"https:\/\/cecileroumiguiere.com\/wp\/wp-content\/uploads\/2013\/11\/pp_palais.jpg 850w, https:\/\/cecileroumiguiere.com\/wp\/wp-content\/uploads\/2013\/11\/pp_palais-300x205.jpg 300w\" sizes=\"auto, (max-width: 850px) 100vw, 850px\" \/><\/p>\n<p>En sortant, quelques mots confi\u00e9s : \u00ab\u00a0Tu vois, quand j&rsquo;\u00e9tais petite, je passais le jeudi l\u00e0, \u00e0 attendre ma grand-m\u00e8re, elle faisait le m\u00e9nage en haut chez les patrons.\u00a0\u00bb Difficile de dormir apr\u00e8s \u00e7a, les neurones en \u00e9bullition\u00a0: bien s\u00fbr, \u00e9crire cette histoire, mais ce n&rsquo;est pas \u201cmon\u201d histoire, c&rsquo;est celle de Carole\u2026 Et le matin, au petit d\u00e9jeuner, l&rsquo;\u00e9vidence, le sourire de Carole : \u00ab Tu me l&rsquo;\u00e9cris\u00a0?\u00a0\u00bb<br \/>\nD\u00e9marr\u00e9e \u00e0 la vitesse grand V, l&rsquo;histoire a ensuite connu un long temps de gestation. Un rendez-vous pour parler, cr\u00e9er l&rsquo;histoire ensemble. La remise d&rsquo;un texte, un mois apr\u00e8s. Mais\u00a0<em>Cin\u00e9ma Paradiso<\/em>, sur un texte de Franck Pr\u00e9vot, \u00e9tait en route, et Carole porte longuement ses projets, puis les d\u00e9cline en expo, rencontres\u2026<br \/>\nJ&rsquo;ai attendu, r\u00eav\u00e9 l&rsquo;album bien avant que Carole ne me montre ses premiers dessins (les carnets de Carole sont des coffres \u00e0 tr\u00e9sors\u00a0!). Puis on est retourn\u00e9 ensemble au Caf\u00e9 du Palais, on a rencontr\u00e9 le patron, \u00e9mu de parler avec Carole de sa grand-m\u00e8re et de ses souvenirs d&rsquo;enfance. On a pris des photos, accumul\u00e9 des regards, des sensations. Texte retravaill\u00e9. Esquisses multipli\u00e9es. Les petits carnets laissent la place \u00e0 un carnet immense (mais comment Carole fait-elle pour transporter tous ces carnets, toujours sur elle\u00a0?)\u2026<br \/>\nEn son palais, d\u00e9j\u00e0, la princesse grandissait.<\/p>\n<p><img loading=\"lazy\" decoding=\"async\" class=\" wp-image-829 alignleft\" src=\"http:\/\/cecileroumiguiere.com\/wp\/wp-content\/uploads\/2013\/11\/pp_elle-endormie-web.jpg\" alt=\"pp_elle-endormie-web\" width=\"306\" height=\"293\" srcset=\"https:\/\/cecileroumiguiere.com\/wp\/wp-content\/uploads\/2013\/11\/pp_elle-endormie-web.jpg 510w, https:\/\/cecileroumiguiere.com\/wp\/wp-content\/uploads\/2013\/11\/pp_elle-endormie-web-300x287.jpg 300w\" sizes=\"auto, (max-width: 306px) 100vw, 306px\" \/>\u00a0Restait \u00e0 trouver un \u00e9diteur pour cet album\u00a0<em>a<\/em><em>lien<\/em>. On savait, on voulait. Ce qui ne signifie pas qu&rsquo;on obtient. Sauf que l\u00e0, oui. Et avec m\u00e6stria : le projet est port\u00e9 par Thierry Magnier, Ang\u00e8le Cambournac et leur \u00e9quipe avec fougue, professionnalisme et passion. Un graphiste pour magnifier le tout : C\u00e9lestin.<\/p>\n<p>Enfin, le 3 ao\u00fbt, en vacances loin de tout, je guette le facteur sur un chemin de pierres, entre les pins. Il arrive \u00e0 mobylette, comme dans un clich\u00e9 des ann\u00e9es 70, et me tend une lettre g\u00e9ante : \u00ab\u00a0J&rsquo;\u00e9tais s\u00fbr que vous l&rsquo;attendiez\u2026\u00a0\u00bb Quand j&rsquo;ouvre le pli, elle est l\u00e0, exactement comme je l&rsquo;avais r\u00eav\u00e9e :\u00a0<em>La princesse au Palais<\/em>, son format hors norme, son papier qu&rsquo;on a envie de caresser, son blanc mat\u2026 et l&rsquo;exacte sensation de ce qu&rsquo;on voulait donner, Carole et moi, sur ce moment \u00e0 part, ce temps suspendu, cette journ\u00e9e si banale et pourtant unique o\u00f9 une enfant grandit.<br \/>\nLe 22 ao\u00fbt,\u00a0<em>Une princesse au Palais<\/em>\u00a0sera dans toutes les bonnes librairies.<br \/>\n\u00c0 vous maintenant, lecteurs, de participer \u00e0 l&rsquo;aventure\u2026<\/p>\n<p style=\"text-align: right;\"><em>C\u00e9cile Roumigui\u00e8re, 6 ao\u00fbt 2012<\/em><\/p>\n<h1>Autour du livre<\/h1>\n<figure id=\"attachment_1426\" aria-describedby=\"caption-attachment-1426\" style=\"width: 216px\" class=\"wp-caption alignright\"><a href=\"http:\/\/cecileroumiguiere.com\/wp\/?page_id=181\"><img loading=\"lazy\" decoding=\"async\" class=\"wp-image-1426\" src=\"https:\/\/cecileroumiguiere.com\/wp\/wp-content\/uploads\/2013\/11\/expo-reims-peek.jpg\" alt=\"Expo Au c\u0153ur du Palais, Peek\" width=\"216\" height=\"324\" srcset=\"https:\/\/cecileroumiguiere.com\/wp\/wp-content\/uploads\/2013\/11\/expo-reims-peek.jpg 533w, https:\/\/cecileroumiguiere.com\/wp\/wp-content\/uploads\/2013\/11\/expo-reims-peek-199x300.jpg 199w\" sizes=\"auto, (max-width: 216px) 100vw, 216px\" \/><\/a><figcaption id=\"caption-attachment-1426\" class=\"wp-caption-text\">Peek veille\u2026<\/figcaption><\/figure>\n<p>La r\u00e9alisation de cet album nous a donn\u00e9 envie de parler de cr\u00e9ation en duo. Nous proposons donc, Carole et moi, des \u201crencontres lectures dessin\u00e9es\u201d li\u00e9es \u00e0 des modules d&rsquo;expositions, de la simple pr\u00e9sentation de carnets et esquisses \u00e0 <a title=\"Autour de la Princesse\u2026\" href=\"http:\/\/cecileroumiguiere.com\/wp\/?page_id=181\">une grande exposition<\/a> avec originaux et volumes mis en son et en espace.\u00a0<em style=\"color: #000000; font-family: Georgia, 'Times New Roman', Times, serif; font-size: 13px; line-height: 23px; background-color: #ffffff;\"><br \/>\n<\/em><\/p>\n<p>Nous proposons aussi des <a href=\"https:\/\/plateaulecture.com\/?p=75\">lectures dessin\u00e9es<\/a>.<\/p>\n<p>Tous les renseignements <a title=\"Autour de la Princesse\u2026\" href=\"http:\/\/cecileroumiguiere.com\/wp\/?page_id=181\">en cliquant ici<\/a>.<\/p>\n<p><img loading=\"lazy\" decoding=\"async\" class=\"size-full wp-image-828 alignnone\" src=\"http:\/\/cecileroumiguiere.com\/wp\/wp-content\/uploads\/2013\/11\/pp_bando.jpg\" alt=\"pp_bando\" width=\"1051\" height=\"436\" srcset=\"https:\/\/cecileroumiguiere.com\/wp\/wp-content\/uploads\/2013\/11\/pp_bando.jpg 1051w, https:\/\/cecileroumiguiere.com\/wp\/wp-content\/uploads\/2013\/11\/pp_bando-300x124.jpg 300w, https:\/\/cecileroumiguiere.com\/wp\/wp-content\/uploads\/2013\/11\/pp_bando-1024x424.jpg 1024w\" sizes=\"auto, (max-width: 1051px) 100vw, 1051px\" \/><\/p>\n<h3>Presse et blogs<\/h3>\n<p>\u2022\u00a0S\u00e9lection de\u00a0<a href=\"http:\/\/www.telerama.fr\/livre\/ils-nous-ont-emportes-86093.php\" rel=\"self\">la rentr\u00e9e litt\u00e9raire de T\u00e9l\u00e9rama<\/a>\u00a0et\u00a0<a href=\"http:\/\/www.telerama.fr\/livres\/une-princesse-au-palais,86924.php\" rel=\"self\">article de Marine Landrot.<\/a><br \/>\n\u2022 Sur Radio Aligre, dans l&rsquo;\u00e9mission de V\u00e9ronique Soul\u00e9,\u00a0<a href=\"http:\/\/aligrefm.org\/programmes\/les-emissions\/ecoute-il-y-a-un-elephant-dans-le\/emission-du-14-novembre-2012.html\" rel=\"self\">\u00c9coute, il y a un \u00e9l\u00e9phant dans le jardin<\/a><br \/>\n\u2022\u00a0Le Bibliobus\u00a0de Lily \u00b7\u00a020 Minutes\u00a0\u00b7\u00a0L&rsquo;Union presse\u00a0\u00b7\u00a0L&rsquo;Union presse, au sujet de Carole Chaix \u00b7\u00a0<a href=\"http:\/\/lesilesindigo.hautetfort.com\/archive\/2012\/09\/02\/aujourd-hui-dans-mes-poches.html\" rel=\"self\">Les \u00eeles Indigo<\/a>\u00a0\u00b7\u00a0<a href=\"http:\/\/blogclarabel.canalblog.com\/archives\/2012\/09\/04\/25033001.html\" rel=\"self\">Clarabel<\/a>\u00a0\u00b7\u00a0<a href=\"http:\/\/librairiesandales.hautetfort.com\/archive\/2012\/09\/03\/une-princesse-au-palais.html\" rel=\"self\">Les sandales d&rsquo;Emp\u00e9docle<\/a>\u00a0\u00b7\u00a0<a href=\"http:\/\/tourner1page.fr\/?p=8696\" rel=\"self\">Gawou la libraire<\/a>\u00a0\u00b7\u00a0Mille et une pages\u00a0\u00b7\u00a0<a href=\"http:\/\/www.papier-de-soie.com\/Une-Princesse-au-Palais.html\" rel=\"self\">De papier de soie<\/a>\u00a0\u00b7\u00a0Les buveurs d&rsquo;encre\u00a0\u00b7\u00a0<a href=\"http:\/\/www.facebook.com\/photo.php?fbid=345508388866926&amp;set=vxywtia.1346338696.1346338697.310718969012535&amp;type=1&amp;theater&amp;notif_t=photo_tag\" rel=\"self\">La librairie Jonas<\/a>\u00a0\u00b7\u00a0Le labo de Beno\u00eet\u00a0Broyart \u00b7\u00a0Le\u00a0blog de Fleurus presse\u00a0\u00b7\u00a0Enfantipages\u00a0\u00b7\u00a0Citrouille\u00a0de novembre 2012 \u00b7\u00a0S\u00e9lection\u00a0Opalivres\u00a0\u00b7\u00a0Les Grignoteurs\u00a0de livres \u00b7\u00a0Les ambiances litt\u00e9raires de Ga\u00eblle, neuf ans \u00b7\u00a0Deuzenn&rsquo;s garden<br \/>\n\u2026 retrouvez tous les articles sur\u00a0<a href=\"http:\/\/www.facebook.com\/uneprincesseaupalais?ref=hl\" rel=\"self\">la page facebook<\/a>\u00a0de \u201cUne princesse au palais\u201d.<\/p>\n<p>\u2022 Dans la <a href=\"https:\/\/www.fnac.com\/Kids-12-livres-pour-tester-le-pouvoir-de-la-lecture\/cp38730\/w-4\">s\u00e9lection Fnac des douze livres pour tester le pouvoir de la lecture<\/a>\u2026<\/p>\n<p style=\"text-align: center;\"><em style=\"color: #000000; font-family: Georgia, 'Times New Roman', Times, serif; font-size: 13px; line-height: 23px; background-color: #ffffff;\">\u00a0\u00a9Illustrations Carole Chaix<\/em><\/p>\n","protected":false},"excerpt":{"rendered":"<p>Un album avec\u00a0Carole Chaix Thierry Magnier \u00b7 nov. 2013 Elle.\u00a0Elle est l\u00e0 tous les mercredis, ou presque. Elle passe la journ\u00e9e \u00e0 attendre sa grand-m\u00e8re. Elle se sent bien, elle pr\u00e9f\u00e8re rester ici qu\u2019\u00eatre seule \u00e0 la maison. Elle s\u2019installe \u00e0 une table, toujours la m\u00eame, pas loin de la dame antilope. Et elle attend. Ce matin, son ventre est dur, nou\u00e9. Elle regarde la pendule suspendue \u00e0 la main de l\u2019ange, et au-dedans d\u2019elle, elle attend. Une histoire, une aventure\u2026 Certains livres sont des aventures.\u00a0Une princesse au Palais\u00a0est de ceux-l\u00e0. Un salon, celui de Cormontreuil, pr\u00e8s de Reims, fin mars 2009. Une rencontre\u00a0: Carole Chaix. Elle a grandi l\u00e0, elle marche comme on navigue dans les rues de Reims, et un soir, elle nous emm\u00e8ne au Caf\u00e9 du Palais. Un endroit chic, une verri\u00e8re art d\u00e9co, des fauteuils en moleskine, des tableaux aux murs, d\u00e9cal\u00e9s. Le portrait d&rsquo;une tr\u00e8s s\u00e9rieuse dame qui arbore dignement des gants en caoutchouc, un gar\u00e7on et son \u00e9puisette, \u00e9vad\u00e9s d&rsquo;un chromo de plage normande, un ange suspendu au plafond\u2026 En sortant, quelques mots confi\u00e9s : \u00ab\u00a0Tu vois, quand j&rsquo;\u00e9tais petite, je passais le jeudi l\u00e0, \u00e0 attendre ma grand-m\u00e8re, elle faisait le m\u00e9nage en haut chez les patrons.\u00a0\u00bb Difficile de dormir apr\u00e8s \u00e7a, les neurones en \u00e9bullition\u00a0: bien s\u00fbr, \u00e9crire cette histoire, mais ce n&rsquo;est pas \u201cmon\u201d histoire, c&rsquo;est celle de Carole\u2026 Et le matin, au petit d\u00e9jeuner, l&rsquo;\u00e9vidence, le sourire de Carole : \u00ab Tu me l&rsquo;\u00e9cris\u00a0?\u00a0\u00bb D\u00e9marr\u00e9e \u00e0 la vitesse grand V, l&rsquo;histoire a ensuite connu un long temps de gestation. Un rendez-vous pour parler, cr\u00e9er l&rsquo;histoire ensemble. La remise d&rsquo;un texte, un mois apr\u00e8s. Mais\u00a0Cin\u00e9ma Paradiso, sur un texte de Franck Pr\u00e9vot, \u00e9tait en route, et Carole porte longuement ses projets, puis les d\u00e9cline en expo, rencontres\u2026 J&rsquo;ai attendu, r\u00eav\u00e9 l&rsquo;album bien avant que Carole ne me montre ses premiers dessins (les carnets de Carole sont des coffres \u00e0 tr\u00e9sors\u00a0!). Puis on est retourn\u00e9 ensemble au Caf\u00e9 du Palais, on a rencontr\u00e9 le patron, \u00e9mu de parler avec Carole de sa grand-m\u00e8re et de ses souvenirs d&rsquo;enfance. On a pris des photos, accumul\u00e9 des regards, des sensations. Texte retravaill\u00e9. Esquisses multipli\u00e9es. Les petits carnets laissent la place \u00e0 un carnet immense (mais comment Carole fait-elle pour transporter tous ces carnets, toujours sur elle\u00a0?)\u2026 En son palais, d\u00e9j\u00e0, la princesse grandissait. \u00a0Restait \u00e0 trouver un \u00e9diteur pour cet album\u00a0alien. On savait, on voulait. Ce qui ne signifie pas qu&rsquo;on obtient. Sauf que l\u00e0, oui. Et avec m\u00e6stria : le projet est port\u00e9 par Thierry Magnier, Ang\u00e8le Cambournac et leur \u00e9quipe avec fougue, professionnalisme et passion. Un graphiste pour magnifier le tout : C\u00e9lestin. Enfin, le 3 ao\u00fbt, en vacances loin de tout, je guette le facteur sur un chemin de pierres, entre les pins. Il arrive \u00e0 mobylette, comme dans un clich\u00e9 des ann\u00e9es 70, et me tend une lettre g\u00e9ante : \u00ab\u00a0J&rsquo;\u00e9tais s\u00fbr que vous l&rsquo;attendiez\u2026\u00a0\u00bb Quand j&rsquo;ouvre le pli, elle est l\u00e0, exactement comme je l&rsquo;avais r\u00eav\u00e9e :\u00a0La princesse au Palais, son format hors norme, son papier qu&rsquo;on a envie de caresser, son blanc mat\u2026 et l&rsquo;exacte sensation de ce qu&rsquo;on voulait donner, Carole et moi, sur ce moment \u00e0 part, ce temps suspendu, cette journ\u00e9e si banale et pourtant unique o\u00f9 une enfant grandit. Le 22 ao\u00fbt,\u00a0Une princesse au Palais\u00a0sera dans toutes les bonnes librairies. \u00c0 vous maintenant, lecteurs, de participer \u00e0 l&rsquo;aventure\u2026 C\u00e9cile Roumigui\u00e8re, 6 ao\u00fbt 2012 Autour du livre La r\u00e9alisation de cet album nous a donn\u00e9 envie de parler de cr\u00e9ation en duo. Nous proposons donc, Carole et moi, des \u201crencontres lectures dessin\u00e9es\u201d li\u00e9es \u00e0 des modules d&rsquo;expositions, de la simple pr\u00e9sentation de carnets et esquisses \u00e0 une grande exposition avec originaux et volumes mis en son et en espace.\u00a0 Nous proposons aussi des lectures dessin\u00e9es. Tous les renseignements en cliquant ici. Presse et blogs \u2022\u00a0S\u00e9lection de\u00a0la rentr\u00e9e litt\u00e9raire de T\u00e9l\u00e9rama\u00a0et\u00a0article de Marine Landrot. \u2022 Sur Radio Aligre, dans l&rsquo;\u00e9mission de V\u00e9ronique Soul\u00e9,\u00a0\u00c9coute, il y a un \u00e9l\u00e9phant dans le jardin \u2022\u00a0Le Bibliobus\u00a0de Lily \u00b7\u00a020 Minutes\u00a0\u00b7\u00a0L&rsquo;Union presse\u00a0\u00b7\u00a0L&rsquo;Union presse, au sujet de Carole Chaix \u00b7\u00a0Les \u00eeles Indigo\u00a0\u00b7\u00a0Clarabel\u00a0\u00b7\u00a0Les sandales d&rsquo;Emp\u00e9docle\u00a0\u00b7\u00a0Gawou la libraire\u00a0\u00b7\u00a0Mille et une pages\u00a0\u00b7\u00a0De papier de soie\u00a0\u00b7\u00a0Les buveurs d&rsquo;encre\u00a0\u00b7\u00a0La librairie Jonas\u00a0\u00b7\u00a0Le labo de Beno\u00eet\u00a0Broyart \u00b7\u00a0Le\u00a0blog de Fleurus presse\u00a0\u00b7\u00a0Enfantipages\u00a0\u00b7\u00a0Citrouille\u00a0de novembre 2012 \u00b7\u00a0S\u00e9lection\u00a0Opalivres\u00a0\u00b7\u00a0Les Grignoteurs\u00a0de livres \u00b7\u00a0Les ambiances litt\u00e9raires de Ga\u00eblle, neuf ans \u00b7\u00a0Deuzenn&rsquo;s garden \u2026 retrouvez tous les articles sur\u00a0la page facebook\u00a0de \u201cUne princesse au palais\u201d. \u2022 Dans la s\u00e9lection Fnac des douze livres pour tester le pouvoir de la lecture\u2026 \u00a0\u00a9Illustrations Carole Chaix<\/p>\n","protected":false},"author":1,"featured_media":130,"parent":0,"menu_order":0,"comment_status":"closed","ping_status":"open","template":"","meta":{"footnotes":""},"class_list":["post-155","page","type-page","status-publish","has-post-thumbnail","hentry"],"_links":{"self":[{"href":"https:\/\/cecileroumiguiere.com\/wp\/index.php?rest_route=\/wp\/v2\/pages\/155","targetHints":{"allow":["GET"]}}],"collection":[{"href":"https:\/\/cecileroumiguiere.com\/wp\/index.php?rest_route=\/wp\/v2\/pages"}],"about":[{"href":"https:\/\/cecileroumiguiere.com\/wp\/index.php?rest_route=\/wp\/v2\/types\/page"}],"author":[{"embeddable":true,"href":"https:\/\/cecileroumiguiere.com\/wp\/index.php?rest_route=\/wp\/v2\/users\/1"}],"replies":[{"embeddable":true,"href":"https:\/\/cecileroumiguiere.com\/wp\/index.php?rest_route=%2Fwp%2Fv2%2Fcomments&post=155"}],"version-history":[{"count":31,"href":"https:\/\/cecileroumiguiere.com\/wp\/index.php?rest_route=\/wp\/v2\/pages\/155\/revisions"}],"predecessor-version":[{"id":7835,"href":"https:\/\/cecileroumiguiere.com\/wp\/index.php?rest_route=\/wp\/v2\/pages\/155\/revisions\/7835"}],"wp:featuredmedia":[{"embeddable":true,"href":"https:\/\/cecileroumiguiere.com\/wp\/index.php?rest_route=\/wp\/v2\/media\/130"}],"wp:attachment":[{"href":"https:\/\/cecileroumiguiere.com\/wp\/index.php?rest_route=%2Fwp%2Fv2%2Fmedia&parent=155"}],"curies":[{"name":"wp","href":"https:\/\/api.w.org\/{rel}","templated":true}]}}