{"id":1788,"date":"2014-09-29T09:36:58","date_gmt":"2014-09-29T08:36:58","guid":{"rendered":"http:\/\/cecileroumiguiere.com\/wp\/?page_id=1788"},"modified":"2024-07-24T14:10:16","modified_gmt":"2024-07-24T13:10:16","slug":"sur-un-toit-un-chat","status":"publish","type":"page","link":"https:\/\/cecileroumiguiere.com\/wp\/?page_id=1788","title":{"rendered":"Sur un toit, un chat"},"content":{"rendered":"<h3 style=\"text-align: right;\">Illustrations de <a href=\"http:\/\/carolechaix.com\">Carole Chaix<\/a><br \/>\n<a href=\"https:\/\/apasdeloups.com\/\">\u00c0 pas de loups<\/a>\u00a0\u00b7 octobre 2014<\/h3>\n<p>Une nouvelle aventure en duo avec <a href=\"http:\/\/carolechaix.com\">Carole Chaix<\/a>\u00a0!\u00a0Et pour une toute nouvelle maison d&rsquo;\u00e9dition, \u00c0 pas de loups. C&rsquo;est l&rsquo;\u00e9ditrice, Laurence Nob\u00e9court, qui est \u00e0 l&rsquo;origine de ce livre. Elle a pr\u00e9sent\u00e9 son projet \u00e0 Carole : cr\u00e9er\u00a0une maison d&rsquo;\u00e9dition de beaux livres, des albums in\u00e9dits comme des r\u00e9\u00e9ditions de livres rares. Elle a demand\u00e9 \u00e0 Carole si elle avait quelque chose \u00e0 lui proposer, Carole a demand\u00e9 \u00e0 C\u00e9cile\u2026 et voil\u00e0 ce chat, sur son toit.<\/p>\n<p>On a d\u00e9j\u00e0 \u00e9voqu\u00e9 la gen\u00e8se\u00a0de cet album dans un\u00a0article : <a href=\"http:\/\/cecileroumiguiere.com\/wp\/?p=1021\">S\u00e9ance de travail \u00e0 deux<\/a>.<\/p>\n<p><img loading=\"lazy\" decoding=\"async\" class=\"alignleft wp-image-1808 \" src=\"http:\/\/cecileroumiguiere.com\/wp\/wp-content\/uploads\/2014\/09\/chat-fin-web.jpg\" alt=\"Sur un toit, un chat, page int\u00e9rieure.\" width=\"366\" height=\"260\" srcset=\"https:\/\/cecileroumiguiere.com\/wp\/wp-content\/uploads\/2014\/09\/chat-fin-web.jpg 937w, https:\/\/cecileroumiguiere.com\/wp\/wp-content\/uploads\/2014\/09\/chat-fin-web-300x212.jpg 300w\" sizes=\"auto, (max-width: 366px) 100vw, 366px\" \/>Au d\u00e9part, le livre devait \u00eatre un pop-up, puis sa forme a \u00e9volu\u00e9 vers un album \u00ab\u00a0\u00e0 plat\u00a0\u00bb, au format d&rsquo;une tablette num\u00e9rique et\u00a0avec de la photo.<br \/>\nAvec Aimery Chemin, son photographe, Carole a travaill\u00e9 sur les diff\u00e9rences de plans, les ombres, les perspectives, pour que le lecteur entre dans ce livre au rythme du\u00a0chat qui tombe\u00a0dans les \u00e9crans.<br \/>\nParce qu&rsquo;on avait envie de parler des \u00e9crans, des m\u00e9dias, de la place qu&rsquo;ils tiennent dans nos vies et dans celle des enfants, de leurs c\u00f4t\u00e9s positifs comme du pi\u00e8ge qu&rsquo;ils peuvent devenir. Sans donner de le\u00e7on, loin des\u00a0r\u00e9ponses toute faites, on\u00a0voulait creuser\u00a0le champ des questions, ouvrir la discussion.<\/p>\n<p>Les m\u00e9dias sont l\u00e0, sous nos toits, et sur ce toit, il y a un chat. Un chat curieux qui marche et suit un fil\u2026 un fil d&rsquo;antenne. Que va-t-il lui arriver ?<\/p>\n<figure id=\"attachment_3965\" aria-describedby=\"caption-attachment-3965\" style=\"width: 800px\" class=\"wp-caption alignnone\"><img loading=\"lazy\" decoding=\"async\" class=\"wp-image-3965 size-full\" src=\"https:\/\/cecileroumiguiere.com\/wp\/wp-content\/uploads\/2014\/09\/chat-gresill-web.jpg\" alt=\"\" width=\"800\" height=\"291\" srcset=\"https:\/\/cecileroumiguiere.com\/wp\/wp-content\/uploads\/2014\/09\/chat-gresill-web.jpg 800w, https:\/\/cecileroumiguiere.com\/wp\/wp-content\/uploads\/2014\/09\/chat-gresill-web-300x109.jpg 300w, https:\/\/cecileroumiguiere.com\/wp\/wp-content\/uploads\/2014\/09\/chat-gresill-web-768x279.jpg 768w, https:\/\/cecileroumiguiere.com\/wp\/wp-content\/uploads\/2014\/09\/chat-gresill-web-700x255.jpg 700w\" sizes=\"auto, (max-width: 800px) 100vw, 800px\" \/><figcaption id=\"caption-attachment-3965\" class=\"wp-caption-text\">Sur un toit, un chat, page int\u00e9rieure \u201cGr\u00e9sillements\u2026\u201d.<\/figcaption><\/figure>\n<blockquote><p>C\u2019est l\u2019histoire d\u2019un chat, un chat sur un toit. Ce chat suit un fil et s\u2019y prend les pattes, et la truffe, et le museau\u2026 jusqu\u2019\u00e0 en \u00eatre prisonnier.<br \/>\nUn animal sauvage sur les toits de la ville, au-dessus des fen\u00eatres ou l\u2019on voit vivre les humains. Et de page en page, ce fil d\u2019antenne en all\u00e9gorie de la t\u00e9l\u00e9vision, d&rsquo;internet\u00a0et des \u00e9crans qui envahissent notre quotidien.<br \/>\nUne r\u00e9flexion sous forme de r\u00eaverie po\u00e9tique sur ces m\u00e9dias\u00a0qui ouvrent le monde, \u00e0 condition d&rsquo;en avoir les clefs.<br \/>\nLe chat saura-t-il se lib\u00e9rer et retrouver son c\u00f4t\u00e9 sauvage ? Sans doute, jusqu\u2019\u00e0 ce qu\u2019un autre chat, \u00e0 son tour, se prenne au jeu\u2026<br \/>\nUne histoire graphique. En \u00e9chos aux mots, illustrations et photographies entra\u00eenent plusieurs niveaux de lecture.<br \/>\nComme le chat, l\u2019enfant est happ\u00e9 par les m\u00e9dias. Cette histoire sans r\u00e9ponse l\u2019am\u00e8ne \u00e0 s\u2019interroger sur sa place face aux \u00e9crans.<\/p><\/blockquote>\n<pre style=\"text-align: center;\">Un album de\u00a0C\u00e9cile Roumigui\u00e8re (aux mots)\r\net de Carole Chaix (aux images),\r\navec des photographies d'Aimery Chemin,\r\nphotographe Marco Lavandhomme,\r\ngraphisme\u00a0Annaig Schmiedeberg,\r\n\u00e9ditrice Laurence Nob\u00e9court\r\npour \u201c\u00c0 pas de loups\u201d, Bruxelles, octobre 2014.<\/pre>\n","protected":false},"excerpt":{"rendered":"<p>Illustrations de Carole Chaix \u00c0 pas de loups\u00a0\u00b7 octobre 2014 Une nouvelle aventure en duo avec Carole Chaix\u00a0!\u00a0Et pour une toute nouvelle maison d&rsquo;\u00e9dition, \u00c0 pas de loups. C&rsquo;est l&rsquo;\u00e9ditrice, Laurence Nob\u00e9court, qui est \u00e0 l&rsquo;origine de ce livre. Elle a pr\u00e9sent\u00e9 son projet \u00e0 Carole : cr\u00e9er\u00a0une maison d&rsquo;\u00e9dition de beaux livres, des albums in\u00e9dits comme des r\u00e9\u00e9ditions de livres rares. Elle a demand\u00e9 \u00e0 Carole si elle avait quelque chose \u00e0 lui proposer, Carole a demand\u00e9 \u00e0 C\u00e9cile\u2026 et voil\u00e0 ce chat, sur son toit. On a d\u00e9j\u00e0 \u00e9voqu\u00e9 la gen\u00e8se\u00a0de cet album dans un\u00a0article : S\u00e9ance de travail \u00e0 deux. Au d\u00e9part, le livre devait \u00eatre un pop-up, puis sa forme a \u00e9volu\u00e9 vers un album \u00ab\u00a0\u00e0 plat\u00a0\u00bb, au format d&rsquo;une tablette num\u00e9rique et\u00a0avec de la photo. Avec Aimery Chemin, son photographe, Carole a travaill\u00e9 sur les diff\u00e9rences de plans, les ombres, les perspectives, pour que le lecteur entre dans ce livre au rythme du\u00a0chat qui tombe\u00a0dans les \u00e9crans. Parce qu&rsquo;on avait envie de parler des \u00e9crans, des m\u00e9dias, de la place qu&rsquo;ils tiennent dans nos vies et dans celle des enfants, de leurs c\u00f4t\u00e9s positifs comme du pi\u00e8ge qu&rsquo;ils peuvent devenir. Sans donner de le\u00e7on, loin des\u00a0r\u00e9ponses toute faites, on\u00a0voulait creuser\u00a0le champ des questions, ouvrir la discussion. Les m\u00e9dias sont l\u00e0, sous nos toits, et sur ce toit, il y a un chat. Un chat curieux qui marche et suit un fil\u2026 un fil d&rsquo;antenne. Que va-t-il lui arriver ? C\u2019est l\u2019histoire d\u2019un chat, un chat sur un toit. Ce chat suit un fil et s\u2019y prend les pattes, et la truffe, et le museau\u2026 jusqu\u2019\u00e0 en \u00eatre prisonnier. Un animal sauvage sur les toits de la ville, au-dessus des fen\u00eatres ou l\u2019on voit vivre les humains. Et de page en page, ce fil d\u2019antenne en all\u00e9gorie de la t\u00e9l\u00e9vision, d&rsquo;internet\u00a0et des \u00e9crans qui envahissent notre quotidien. Une r\u00e9flexion sous forme de r\u00eaverie po\u00e9tique sur ces m\u00e9dias\u00a0qui ouvrent le monde, \u00e0 condition d&rsquo;en avoir les clefs. Le chat saura-t-il se lib\u00e9rer et retrouver son c\u00f4t\u00e9 sauvage ? Sans doute, jusqu\u2019\u00e0 ce qu\u2019un autre chat, \u00e0 son tour, se prenne au jeu\u2026 Une histoire graphique. En \u00e9chos aux mots, illustrations et photographies entra\u00eenent plusieurs niveaux de lecture. Comme le chat, l\u2019enfant est happ\u00e9 par les m\u00e9dias. Cette histoire sans r\u00e9ponse l\u2019am\u00e8ne \u00e0 s\u2019interroger sur sa place face aux \u00e9crans. Un album de\u00a0C\u00e9cile Roumigui\u00e8re (aux mots) et de Carole Chaix (aux images), avec des photographies d&rsquo;Aimery Chemin, photographe Marco Lavandhomme, graphisme\u00a0Annaig Schmiedeberg, \u00e9ditrice Laurence Nob\u00e9court pour \u201c\u00c0 pas de loups\u201d, Bruxelles, octobre 2014.<\/p>\n","protected":false},"author":1,"featured_media":1785,"parent":0,"menu_order":0,"comment_status":"closed","ping_status":"open","template":"","meta":{"footnotes":""},"class_list":["post-1788","page","type-page","status-publish","has-post-thumbnail","hentry"],"_links":{"self":[{"href":"https:\/\/cecileroumiguiere.com\/wp\/index.php?rest_route=\/wp\/v2\/pages\/1788","targetHints":{"allow":["GET"]}}],"collection":[{"href":"https:\/\/cecileroumiguiere.com\/wp\/index.php?rest_route=\/wp\/v2\/pages"}],"about":[{"href":"https:\/\/cecileroumiguiere.com\/wp\/index.php?rest_route=\/wp\/v2\/types\/page"}],"author":[{"embeddable":true,"href":"https:\/\/cecileroumiguiere.com\/wp\/index.php?rest_route=\/wp\/v2\/users\/1"}],"replies":[{"embeddable":true,"href":"https:\/\/cecileroumiguiere.com\/wp\/index.php?rest_route=%2Fwp%2Fv2%2Fcomments&post=1788"}],"version-history":[{"count":29,"href":"https:\/\/cecileroumiguiere.com\/wp\/index.php?rest_route=\/wp\/v2\/pages\/1788\/revisions"}],"predecessor-version":[{"id":7823,"href":"https:\/\/cecileroumiguiere.com\/wp\/index.php?rest_route=\/wp\/v2\/pages\/1788\/revisions\/7823"}],"wp:featuredmedia":[{"embeddable":true,"href":"https:\/\/cecileroumiguiere.com\/wp\/index.php?rest_route=\/wp\/v2\/media\/1785"}],"wp:attachment":[{"href":"https:\/\/cecileroumiguiere.com\/wp\/index.php?rest_route=%2Fwp%2Fv2%2Fmedia&parent=1788"}],"curies":[{"name":"wp","href":"https:\/\/api.w.org\/{rel}","templated":true}]}}