{"id":181,"date":"2013-11-01T21:39:10","date_gmt":"2013-11-01T20:39:10","guid":{"rendered":"http:\/\/cecileroumiguiere.com\/wp\/?page_id=181"},"modified":"2024-07-25T14:40:10","modified_gmt":"2024-07-25T13:40:10","slug":"autour-de-la-princesse-au-palais","status":"publish","type":"page","link":"https:\/\/cecileroumiguiere.com\/wp\/?page_id=181","title":{"rendered":"Autour de la Princesse\u2026"},"content":{"rendered":"<h1>Lectures dessin\u00e9es,\u00a0expositions, rencontres<\/h1>\n<h2>Au c\u0153ur du Palais, l&rsquo;exposition : mars 2014<\/h2>\n<p>Inauguration d&rsquo;une exposition-installation-\u00e9v\u00e9nement autour d\u2019<em>Une princesse au Palais<\/em>\u00a0le 19 mars 2014 \u00e0 Reims.<\/p>\n<p>&gt;&gt;&gt; Plus de renseignements en cliquant ici :\u00a0<a href=\"http:\/\/cecileroumiguiere.com\/wp\/wp-content\/uploads\/2014\/03\/aucoeurdupalais.pdf\">Au c\u0153ur du Palais, pr\u00e9sentation<\/a>\u00a0(pdf).<br \/>\n\u2022 Si vous \u00eates int\u00e9ress\u00e9s, <a title=\"Contact\" href=\"http:\/\/cecileroumiguiere.com\/wp\/?page_id=185\">contactez-nous<\/a>\u00a0!<\/p>\n<h3>Mars 2014 \u00e0 Reims, inauguration\u00a0de l&rsquo;expo, lecture dessin\u00e9e, ateliers et d\u00e9dicaces : les photos\u2026<\/h3>\n<p>Les photos du diaporama sont de Th\u00e9o Faucher.<br \/>\n<span style=\"color: #808080;\"><em>Cliquez dessus\u00a0pour les voir en plus grand.<\/em><\/span><\/p>\n<p style=\"text-align: center;\">\n    \n            <div class=\"yoxview\" id=\"yoxview_69e2173f4dc43\" style=\"overflow: hidden;\">\n            <a href=\"http:\/\/cecileroumiguiere.com\/wp\/wp-content\/uploads\/2013\/11\/expo-reims-intro.jpg\" id=\"yoxview_img_69e2173f4dc43_0\"><img decoding=\"async\" style=\"margin: 0 0 1px 1px !important;box-shadow:0 1px 4px rgba(0, 0, 0, 0.2) !important;\" src=\"http:\/\/cecileroumiguiere.com\/wp\/wp-content\/uploads\/2013\/11\/expo-reims-intro-120x120.jpg\" alt=\"elle &amp; elle\" title=\"elle &amp; elle\" \/><\/a><a href=\"http:\/\/cecileroumiguiere.com\/wp\/wp-content\/uploads\/2013\/11\/expo-reims-bottes.jpg\" id=\"yoxview_img_69e2173f4dc43_1\"><img decoding=\"async\" style=\"margin: 0 0 1px 1px !important;box-shadow:0 1px 4px rgba(0, 0, 0, 0.2) !important;\" src=\"http:\/\/cecileroumiguiere.com\/wp\/wp-content\/uploads\/2013\/11\/expo-reims-bottes-120x120.jpg\" alt=\"Les bottes jaunes\" title=\"Les bottes jaunes\" \/><\/a><a href=\"http:\/\/cecileroumiguiere.com\/wp\/wp-content\/uploads\/2013\/11\/expo-reims-entree.jpg\" id=\"yoxview_img_69e2173f4dc43_2\"><img decoding=\"async\" style=\"margin: 0 0 1px 1px !important;box-shadow:0 1px 4px rgba(0, 0, 0, 0.2) !important;\" src=\"http:\/\/cecileroumiguiere.com\/wp\/wp-content\/uploads\/2013\/11\/expo-reims-entree-120x120.jpg\" alt=\"Au c\u0153ur du Palais, vue g\u00e9n\u00e9rale\" title=\"Au c\u0153ur du Palais, vue g\u00e9n\u00e9rale\" \/><\/a><a href=\"http:\/\/cecileroumiguiere.com\/wp\/wp-content\/uploads\/2013\/11\/expo-reims-cadreslapins.jpg\" id=\"yoxview_img_69e2173f4dc43_3\"><img decoding=\"async\" style=\"margin: 0 0 1px 1px !important;box-shadow:0 1px 4px rgba(0, 0, 0, 0.2) !important;\" src=\"http:\/\/cecileroumiguiere.com\/wp\/wp-content\/uploads\/2013\/11\/expo-reims-cadreslapins-120x120.jpg\" alt=\"Lapins et cadres\" title=\"Lapins et cadres\" \/><\/a><a href=\"http:\/\/cecileroumiguiere.com\/wp\/wp-content\/uploads\/2013\/11\/expo-reims-GPlapins.jpg\" id=\"yoxview_img_69e2173f4dc43_4\"><img decoding=\"async\" style=\"margin: 0 0 1px 1px !important;box-shadow:0 1px 4px rgba(0, 0, 0, 0.2) !important;\" src=\"http:\/\/cecileroumiguiere.com\/wp\/wp-content\/uploads\/2013\/11\/expo-reims-GPlapins-120x120.jpg\" alt=\"Peek et Poke, gardiens de l&#039;expo\" title=\"Peek et Poke, gardiens de l&#039;expo\" \/><\/a><a href=\"http:\/\/cecileroumiguiere.com\/wp\/wp-content\/uploads\/2013\/11\/expo-reims-peek.jpg\" id=\"yoxview_img_69e2173f4dc43_5\"><img decoding=\"async\" style=\"margin: 0 0 1px 1px !important;box-shadow:0 1px 4px rgba(0, 0, 0, 0.2) !important;\" src=\"http:\/\/cecileroumiguiere.com\/wp\/wp-content\/uploads\/2013\/11\/expo-reims-peek-120x120.jpg\" alt=\"Peek\" title=\"Peek\" \/><\/a><a href=\"http:\/\/cecileroumiguiere.com\/wp\/wp-content\/uploads\/2013\/11\/expo-reims-cadres.jpg\" id=\"yoxview_img_69e2173f4dc43_6\"><img decoding=\"async\" style=\"margin: 0 0 1px 1px !important;box-shadow:0 1px 4px rgba(0, 0, 0, 0.2) !important;\" src=\"http:\/\/cecileroumiguiere.com\/wp\/wp-content\/uploads\/2013\/11\/expo-reims-cadres-120x120.jpg\" alt=\"Des cadres\" title=\"Des cadres\" \/><\/a><a href=\"http:\/\/cecileroumiguiere.com\/wp\/wp-content\/uploads\/2013\/11\/expo-reims-inauguration.jpg\" id=\"yoxview_img_69e2173f4dc43_7\"><img decoding=\"async\" style=\"margin: 0 0 1px 1px !important;box-shadow:0 1px 4px rgba(0, 0, 0, 0.2) !important;\" src=\"http:\/\/cecileroumiguiere.com\/wp\/wp-content\/uploads\/2013\/11\/expo-reims-inauguration-120x120.jpg\" alt=\"Inauguration (m\u00e9diath\u00e8que Croix-Rouge, Reims mars 2014)\" title=\"Inauguration (m\u00e9diath\u00e8que Croix-Rouge, Reims mars 2014)\" \/><\/a><a href=\"http:\/\/cecileroumiguiere.com\/wp\/wp-content\/uploads\/2013\/11\/expo-reims-cascade.jpg\" id=\"yoxview_img_69e2173f4dc43_8\"><img decoding=\"async\" style=\"margin: 0 0 1px 1px !important;box-shadow:0 1px 4px rgba(0, 0, 0, 0.2) !important;\" src=\"http:\/\/cecileroumiguiere.com\/wp\/wp-content\/uploads\/2013\/11\/expo-reims-cascade-120x120.jpg\" alt=\"Esquisses en cascades\" title=\"Esquisses en cascades\" \/><\/a><a href=\"http:\/\/cecileroumiguiere.com\/wp\/wp-content\/uploads\/2013\/11\/expo-reims-detail.jpg\" id=\"yoxview_img_69e2173f4dc43_9\"><img decoding=\"async\" style=\"margin: 0 0 1px 1px !important;box-shadow:0 1px 4px rgba(0, 0, 0, 0.2) !important;\" src=\"http:\/\/cecileroumiguiere.com\/wp\/wp-content\/uploads\/2013\/11\/expo-reims-detail-120x120.jpg\" alt=\"D\u00e9tail\" title=\"D\u00e9tail\" \/><\/a><a href=\"http:\/\/cecileroumiguiere.com\/wp\/wp-content\/uploads\/2013\/11\/expo-reims-intvitrine.jpg\" id=\"yoxview_img_69e2173f4dc43_10\"><img decoding=\"async\" style=\"margin: 0 0 1px 1px !important;box-shadow:0 1px 4px rgba(0, 0, 0, 0.2) !important;\" src=\"http:\/\/cecileroumiguiere.com\/wp\/wp-content\/uploads\/2013\/11\/expo-reims-intvitrine-120x120.jpg\" alt=\"Cadres en vitrines\" title=\"Cadres en vitrines\" \/><\/a><a href=\"http:\/\/cecileroumiguiere.com\/wp\/wp-content\/uploads\/2013\/11\/expo-reims-rires.jpg\" id=\"yoxview_img_69e2173f4dc43_11\"><img decoding=\"async\" style=\"margin: 0 0 1px 1px !important;box-shadow:0 1px 4px rgba(0, 0, 0, 0.2) !important;\" src=\"http:\/\/cecileroumiguiere.com\/wp\/wp-content\/uploads\/2013\/11\/expo-reims-rires-120x120.jpg\" alt=\"Complicit\u00e9\" title=\"Complicit\u00e9\" \/><\/a><a href=\"http:\/\/cecileroumiguiere.com\/wp\/wp-content\/uploads\/2013\/11\/expo-reims-uterus.jpg\" id=\"yoxview_img_69e2173f4dc43_12\"><img decoding=\"async\" style=\"margin: 0 0 1px 1px !important;box-shadow:0 1px 4px rgba(0, 0, 0, 0.2) !important;\" src=\"http:\/\/cecileroumiguiere.com\/wp\/wp-content\/uploads\/2013\/11\/expo-reims-uterus-120x120.jpg\" alt=\"Au c\u0153ur de la femme\" title=\"Au c\u0153ur de la femme\" \/><\/a><a href=\"http:\/\/cecileroumiguiere.com\/wp\/wp-content\/uploads\/2013\/11\/expo-reims-vitrine.jpg\" id=\"yoxview_img_69e2173f4dc43_13\"><img decoding=\"async\" style=\"margin: 0 0 1px 1px !important;box-shadow:0 1px 4px rgba(0, 0, 0, 0.2) !important;\" src=\"http:\/\/cecileroumiguiere.com\/wp\/wp-content\/uploads\/2013\/11\/expo-reims-vitrine-120x120.jpg\" alt=\"Vitrine du temps\" title=\"Vitrine du temps\" \/><\/a><a href=\"http:\/\/cecileroumiguiere.com\/wp\/wp-content\/uploads\/2013\/11\/expo-reims-vitrinetemps.jpg\" id=\"yoxview_img_69e2173f4dc43_14\"><img decoding=\"async\" style=\"margin: 0 0 1px 1px !important;box-shadow:0 1px 4px rgba(0, 0, 0, 0.2) !important;\" src=\"http:\/\/cecileroumiguiere.com\/wp\/wp-content\/uploads\/2013\/11\/expo-reims-vitrinetemps-120x120.jpg\" alt=\"Vitrine du temps, d\u00e9tails\" title=\"Vitrine du temps, d\u00e9tails\" \/><\/a><a href=\"http:\/\/cecileroumiguiere.com\/wp\/wp-content\/uploads\/2013\/11\/expo-reims-rencontrescolaires.jpg\" id=\"yoxview_img_69e2173f4dc43_15\"><img decoding=\"async\" style=\"margin: 0 0 1px 1px !important;box-shadow:0 1px 4px rgba(0, 0, 0, 0.2) !important;\" src=\"http:\/\/cecileroumiguiere.com\/wp\/wp-content\/uploads\/2013\/11\/expo-reims-rencontrescolaires-120x120.jpg\" alt=\"Rencontre avec des enfants\" title=\"Rencontre avec des enfants\" \/><\/a><a href=\"http:\/\/cecileroumiguiere.com\/wp\/wp-content\/uploads\/2013\/11\/expo-reims-der.jpg\" id=\"yoxview_img_69e2173f4dc43_16\"><img decoding=\"async\" style=\"margin: 0 0 1px 1px !important;box-shadow:0 1px 4px rgba(0, 0, 0, 0.2) !important;\" src=\"http:\/\/cecileroumiguiere.com\/wp\/wp-content\/uploads\/2013\/11\/expo-reims-der-120x120.jpg\" alt=\"Vers ailleurs\" title=\"Vers ailleurs\" \/><\/a><a href=\"http:\/\/cecileroumiguiere.com\/wp\/wp-content\/uploads\/2013\/11\/expo-reims-performance.jpg\" id=\"yoxview_img_69e2173f4dc43_17\"><img decoding=\"async\" style=\"margin: 0 0 1px 1px !important;box-shadow:0 1px 4px rgba(0, 0, 0, 0.2) !important;\" src=\"http:\/\/cecileroumiguiere.com\/wp\/wp-content\/uploads\/2013\/11\/expo-reims-performance-120x120.jpg\" alt=\"Lecture dessin\u00e9e\" title=\"Lecture dessin\u00e9e\" \/><\/a><a href=\"http:\/\/cecileroumiguiere.com\/wp\/wp-content\/uploads\/2013\/11\/expo-reims-performancedetail.jpg\" id=\"yoxview_img_69e2173f4dc43_18\"><img decoding=\"async\" style=\"margin: 0 0 1px 1px !important;box-shadow:0 1px 4px rgba(0, 0, 0, 0.2) !important;\" src=\"http:\/\/cecileroumiguiere.com\/wp\/wp-content\/uploads\/2013\/11\/expo-reims-performancedetail-120x120.jpg\" alt=\"Performance dessin\u00e9e, d\u00e9tail\" title=\"Performance dessin\u00e9e, d\u00e9tail\" \/><\/a><a href=\"http:\/\/cecileroumiguiere.com\/wp\/wp-content\/uploads\/2013\/11\/expo-reims-performancegeneral.jpg\" id=\"yoxview_img_69e2173f4dc43_19\"><img decoding=\"async\" style=\"margin: 0 0 1px 1px !important;box-shadow:0 1px 4px rgba(0, 0, 0, 0.2) !important;\" src=\"http:\/\/cecileroumiguiere.com\/wp\/wp-content\/uploads\/2013\/11\/expo-reims-performancegeneral-120x120.jpg\" alt=\"Performance dessin\u00e9e, vue g\u00e9n\u00e9rale\" title=\"Performance dessin\u00e9e, vue g\u00e9n\u00e9rale\" \/><\/a><a href=\"http:\/\/cecileroumiguiere.com\/wp\/wp-content\/uploads\/2013\/11\/expo-reims-carolebandeau.jpg\" id=\"yoxview_img_69e2173f4dc43_20\"><img decoding=\"async\" style=\"margin: 0 0 1px 1px !important;box-shadow:0 1px 4px rgba(0, 0, 0, 0.2) !important;\" src=\"http:\/\/cecileroumiguiere.com\/wp\/wp-content\/uploads\/2013\/11\/expo-reims-carolebandeau-120x120.jpg\" alt=\"L&#039;artiste au bandeau rouge\" title=\"L&#039;artiste au bandeau rouge\" \/><\/a><a href=\"http:\/\/cecileroumiguiere.com\/wp\/wp-content\/uploads\/2013\/11\/expo-reims-atelier2.jpg\" id=\"yoxview_img_69e2173f4dc43_21\"><img decoding=\"async\" style=\"margin: 0 0 1px 1px !important;box-shadow:0 1px 4px rgba(0, 0, 0, 0.2) !important;\" src=\"http:\/\/cecileroumiguiere.com\/wp\/wp-content\/uploads\/2013\/11\/expo-reims-atelier2-120x120.jpg\" alt=\"Atelier en duo, \u00e9criture et dessin\" title=\"Atelier en duo, \u00e9criture et dessin\" \/><\/a><a href=\"http:\/\/cecileroumiguiere.com\/wp\/wp-content\/uploads\/2013\/11\/expo-reims-atelier1.jpg\" id=\"yoxview_img_69e2173f4dc43_22\"><img decoding=\"async\" style=\"margin: 0 0 1px 1px !important;box-shadow:0 1px 4px rgba(0, 0, 0, 0.2) !important;\" src=\"http:\/\/cecileroumiguiere.com\/wp\/wp-content\/uploads\/2013\/11\/expo-reims-atelier1-120x120.jpg\" alt=\"Atelier en duo, \u00e9criture et dessin\" title=\"Atelier en duo, \u00e9criture et dessin\" \/><\/a><a href=\"http:\/\/cecileroumiguiere.com\/wp\/wp-content\/uploads\/2013\/11\/expo-reims-signature.jpg\" id=\"yoxview_img_69e2173f4dc43_23\"><img decoding=\"async\" style=\"margin: 0 0 1px 1px !important;box-shadow:0 1px 4px rgba(0, 0, 0, 0.2) !important;\" src=\"http:\/\/cecileroumiguiere.com\/wp\/wp-content\/uploads\/2013\/11\/expo-reims-signature-120x120.jpg\" alt=\"D\u00e9dicaces\" title=\"D\u00e9dicaces\" \/><\/a>        <\/div>\n    \n\n    <script type=\"text\/javascript\">\n        jQuery(document).ready(function() {\n            jQuery(\"#yoxview_69e2173f4dc43\").yoxview({\n                playDelay: 3000,\n                autoHideInfo: false\n            });\n        });\n    <\/script>\n\n\n<\/p>\n<p style=\"text-align: left;\">&lt; \u00b7\u00b7\u00b7\u00b7\u00b7\u00b7\u00b7\u00b7\u00b7\u00b7\u00b7\u00b7\u00b7\u00b7\u00b7\u00b7\u00b7\u00b7\u00b7\u00b7\u00b7\u00b7\u00b7\u00b7\u00a0\u00a0L&rsquo;atelier en duo vu par les coll\u00e9giens de Georges Braque.<img loading=\"lazy\" decoding=\"async\" class=\"alignleft wp-image-1450\" src=\"http:\/\/cecileroumiguiere.com\/wp\/wp-content\/uploads\/2013\/11\/atelier-braque.jpg\" alt=\"Atelier en duo\" width=\"79\" height=\"67\" \/><\/p>\n<h3><\/h3>\n<h2>Salon du livre de Paris<\/h2>\n<figure id=\"attachment_733\" aria-describedby=\"caption-attachment-733\" style=\"width: 165px\" class=\"wp-caption alignleft\"><img loading=\"lazy\" decoding=\"async\" class=\"wp-image-733\" src=\"http:\/\/cecileroumiguiere.com\/wp\/wp-content\/uploads\/2013\/11\/rencontre_salondeparis.jpg\" alt=\"rencontre_salondeparis\" width=\"165\" height=\"124\" srcset=\"https:\/\/cecileroumiguiere.com\/wp\/wp-content\/uploads\/2013\/11\/rencontre_salondeparis.jpg 800w, https:\/\/cecileroumiguiere.com\/wp\/wp-content\/uploads\/2013\/11\/rencontre_salondeparis-300x225.jpg 300w\" sizes=\"auto, (max-width: 165px) 100vw, 165px\" \/><figcaption id=\"caption-attachment-733\" class=\"wp-caption-text\">Salon du livre de Paris<\/figcaption><\/figure>\n<p>\u2022\u00a0Lundi 25 mars 2013, une lecture dessin\u00e9e au salon du livre de Paris, \u00e0 l&rsquo;invitation de La Charte des auteurs et des illustrateurs jeunesse, avec Carole Chaix aux pinceaux.<\/p>\n<h2>Tourn\u00e9e \u201cNomades\u201d<\/h2>\n<p>Mai\u00a02013\u00a0: en tourn\u00e9e Nomade avec Carole Chaix et\u00a0les Grains de Lire, d&rsquo;ateliers en rencontres et en lectures performances sur tout le Vaucluse. Une exp\u00e9rience rare !<\/p>\n<p><img loading=\"lazy\" decoding=\"async\" class=\"wp-image-902 alignright\" src=\"http:\/\/cecileroumiguiere.com\/wp\/wp-content\/uploads\/2013\/11\/nomade-atelier.jpg\" alt=\"nomade-atelier\" width=\"209\" height=\"314\" srcset=\"https:\/\/cecileroumiguiere.com\/wp\/wp-content\/uploads\/2013\/11\/nomade-atelier.jpg 339w, https:\/\/cecileroumiguiere.com\/wp\/wp-content\/uploads\/2013\/11\/nomade-atelier-199x300.jpg 199w\" sizes=\"auto, (max-width: 209px) 100vw, 209px\" \/><\/p>\n<p><img loading=\"lazy\" decoding=\"async\" class=\"wp-image-900 alignright\" src=\"http:\/\/cecileroumiguiere.com\/wp\/wp-content\/uploads\/2013\/11\/carole-cecile-nomades.jpg\" alt=\"carole-cecile-nomades\" width=\"473\" height=\"314\" srcset=\"https:\/\/cecileroumiguiere.com\/wp\/wp-content\/uploads\/2013\/11\/carole-cecile-nomades.jpg 510w, https:\/\/cecileroumiguiere.com\/wp\/wp-content\/uploads\/2013\/11\/carole-cecile-nomades-300x199.jpg 300w\" sizes=\"auto, (max-width: 473px) 100vw, 473px\" \/><br \/>\n<em>(\u00a9photos\u00a0: Jacques Prat-Delavi\u00e8re et \u00c9liane pour les Nomades)<\/em><\/p>\n<p>&nbsp;<\/p>\n<h2><\/h2>\n<h2><\/h2>\n<h2>La princesse \u00e0 Vannes<\/h2>\n<p>Expo et lecture.<\/p>\n<p><img loading=\"lazy\" decoding=\"async\" class=\"alignleft wp-image-3390\" src=\"https:\/\/cecileroumiguiere.com\/wp\/wp-content\/uploads\/2016\/12\/vannes-lecture-2.jpg\" alt=\"\" width=\"247\" height=\"150\" srcset=\"https:\/\/cecileroumiguiere.com\/wp\/wp-content\/uploads\/2016\/12\/vannes-lecture-2.jpg 933w, https:\/\/cecileroumiguiere.com\/wp\/wp-content\/uploads\/2016\/12\/vannes-lecture-2-300x182.jpg 300w, https:\/\/cecileroumiguiere.com\/wp\/wp-content\/uploads\/2016\/12\/vannes-lecture-2-768x467.jpg 768w\" sizes=\"auto, (max-width: 247px) 100vw, 247px\" \/> <img loading=\"lazy\" decoding=\"async\" class=\"alignleft wp-image-3388\" src=\"https:\/\/cecileroumiguiere.com\/wp\/wp-content\/uploads\/2016\/12\/vannes-lecture-1.jpg\" alt=\"\" width=\"98\" height=\"150\" srcset=\"https:\/\/cecileroumiguiere.com\/wp\/wp-content\/uploads\/2016\/12\/vannes-lecture-1.jpg 372w, https:\/\/cecileroumiguiere.com\/wp\/wp-content\/uploads\/2016\/12\/vannes-lecture-1-197x300.jpg 197w\" sizes=\"auto, (max-width: 98px) 100vw, 98px\" \/><img loading=\"lazy\" decoding=\"async\" class=\"wp-image-3389 alignleft\" src=\"https:\/\/cecileroumiguiere.com\/wp\/wp-content\/uploads\/2016\/12\/vannes-lecture-3.jpg\" alt=\"\" width=\"267\" height=\"150\" srcset=\"https:\/\/cecileroumiguiere.com\/wp\/wp-content\/uploads\/2016\/12\/vannes-lecture-3.jpg 1008w, https:\/\/cecileroumiguiere.com\/wp\/wp-content\/uploads\/2016\/12\/vannes-lecture-3-300x169.jpg 300w, https:\/\/cecileroumiguiere.com\/wp\/wp-content\/uploads\/2016\/12\/vannes-lecture-3-768x432.jpg 768w\" sizes=\"auto, (max-width: 267px) 100vw, 267px\" \/><\/p>\n","protected":false},"excerpt":{"rendered":"<p>Lectures dessin\u00e9es,\u00a0expositions, rencontres Au c\u0153ur du Palais, l&rsquo;exposition : mars 2014 Inauguration d&rsquo;une exposition-installation-\u00e9v\u00e9nement autour d\u2019Une princesse au Palais\u00a0le 19 mars 2014 \u00e0 Reims. &gt;&gt;&gt; Plus de renseignements en cliquant ici :\u00a0Au c\u0153ur du Palais, pr\u00e9sentation\u00a0(pdf). \u2022 Si vous \u00eates int\u00e9ress\u00e9s, contactez-nous\u00a0! Mars 2014 \u00e0 Reims, inauguration\u00a0de l&rsquo;expo, lecture dessin\u00e9e, ateliers et d\u00e9dicaces : les photos\u2026 Les photos du diaporama sont de Th\u00e9o Faucher. Cliquez dessus\u00a0pour les voir en plus grand. &lt; \u00b7\u00b7\u00b7\u00b7\u00b7\u00b7\u00b7\u00b7\u00b7\u00b7\u00b7\u00b7\u00b7\u00b7\u00b7\u00b7\u00b7\u00b7\u00b7\u00b7\u00b7\u00b7\u00b7\u00b7\u00a0\u00a0L&rsquo;atelier en duo vu par les coll\u00e9giens de Georges Braque. Salon du livre de Paris \u2022\u00a0Lundi 25 mars 2013, une lecture dessin\u00e9e au salon du livre de Paris, \u00e0 l&rsquo;invitation de La Charte des auteurs et des illustrateurs jeunesse, avec Carole Chaix aux pinceaux. Tourn\u00e9e \u201cNomades\u201d Mai\u00a02013\u00a0: en tourn\u00e9e Nomade avec Carole Chaix et\u00a0les Grains de Lire, d&rsquo;ateliers en rencontres et en lectures performances sur tout le Vaucluse. Une exp\u00e9rience rare ! (\u00a9photos\u00a0: Jacques Prat-Delavi\u00e8re et \u00c9liane pour les Nomades) &nbsp; La princesse \u00e0 Vannes Expo et lecture.<\/p>\n","protected":false},"author":1,"featured_media":0,"parent":163,"menu_order":0,"comment_status":"closed","ping_status":"open","template":"","meta":{"footnotes":""},"class_list":["post-181","page","type-page","status-publish","hentry"],"_links":{"self":[{"href":"https:\/\/cecileroumiguiere.com\/wp\/index.php?rest_route=\/wp\/v2\/pages\/181","targetHints":{"allow":["GET"]}}],"collection":[{"href":"https:\/\/cecileroumiguiere.com\/wp\/index.php?rest_route=\/wp\/v2\/pages"}],"about":[{"href":"https:\/\/cecileroumiguiere.com\/wp\/index.php?rest_route=\/wp\/v2\/types\/page"}],"author":[{"embeddable":true,"href":"https:\/\/cecileroumiguiere.com\/wp\/index.php?rest_route=\/wp\/v2\/users\/1"}],"replies":[{"embeddable":true,"href":"https:\/\/cecileroumiguiere.com\/wp\/index.php?rest_route=%2Fwp%2Fv2%2Fcomments&post=181"}],"version-history":[{"count":52,"href":"https:\/\/cecileroumiguiere.com\/wp\/index.php?rest_route=\/wp\/v2\/pages\/181\/revisions"}],"predecessor-version":[{"id":7913,"href":"https:\/\/cecileroumiguiere.com\/wp\/index.php?rest_route=\/wp\/v2\/pages\/181\/revisions\/7913"}],"up":[{"embeddable":true,"href":"https:\/\/cecileroumiguiere.com\/wp\/index.php?rest_route=\/wp\/v2\/pages\/163"}],"wp:attachment":[{"href":"https:\/\/cecileroumiguiere.com\/wp\/index.php?rest_route=%2Fwp%2Fv2%2Fmedia&parent=181"}],"curies":[{"name":"wp","href":"https:\/\/api.w.org\/{rel}","templated":true}]}}