{"id":22,"date":"2013-10-24T21:47:55","date_gmt":"2013-10-24T20:47:55","guid":{"rendered":"http:\/\/cecileroumiguiere.com\/wp\/?page_id=22"},"modified":"2024-07-24T13:38:51","modified_gmt":"2024-07-24T12:38:51","slug":"le-fil-de-soie","status":"publish","type":"page","link":"https:\/\/cecileroumiguiere.com\/wp\/?page_id=22","title":{"rendered":"Le fil de soie"},"content":{"rendered":"<h3 style=\"text-align: right;\">Un album avec <a title=\"Delphine Jacquot sur Ricochet\" href=\"https:\/\/fr.wikipedia.org\/wiki\/Delphine_Jacquot\" target=\"_blank\" rel=\"noopener\"><strong>Delphine Jacquot<\/strong><\/a><br \/>\n<a href=\"http:\/\/www.editions-thierry-magnier.com\/9782364742956-l-cecile-roumiguiere-delphine-jacquot-le-fil-de-soie.htm\" rel=\"self\">Thierry Magnier <\/a>\u00b7\u00a0ao\u00fbt 2013<\/h3>\n<blockquote><p>Et pique et coud, et pique et coud.<br \/>\nMarie-Lou suit des yeux les doigts de Mamilona. Ils courent vite, sans h\u00e9siter, sur le tissu argent\u00e9.<br \/>\nSa me amala oro khelena\u2026<br \/>\nSa grand-m\u00e8re marmonne un chant dans une langue inconnue.<br \/>\nMarie-Lou aime bien ce moment apr\u00e8s l\u2019\u00e9cole quand elle regarde Mamilona travailler. Les \u00e9toffes envahissent la table de la cuisine, comme un bouquet de couleurs \u00e9clat\u00e9es. Berc\u00e9e par la p\u00e9dale de la machine \u00e0 coudre et par la chanson de sa grand-m\u00e8re, Marie-Lou se repose. Et claquent les ciseaux. Elle vide sa t\u00eate des devoirs, des le\u00e7ons. Et pique l\u2019aiguille. Et oublie les moqueries sur ses dict\u00e9es rat\u00e9es.<br \/>\nLa vieille femme approche le tissu de sa bouche, et clac, entre ses dents, le fil est coup\u00e9.<\/p><\/blockquote>\n<pre>\u2022 Pour suivre le fil du\u2026 Fil de soie, <a href=\"http:\/\/cecileroumiguiere.com\/wp\/?tag=le-fil-de-soie\">cliquer ici<\/a>.<\/pre>\n<figure id=\"attachment_69\" aria-describedby=\"caption-attachment-69\" style=\"width: 595px\" class=\"wp-caption aligncenter\"><a href=\"http:\/\/cecileroumiguiere.com\/wp\/wp-content\/uploads\/2013\/10\/soie-chantdouble-web1.jpg\"><img loading=\"lazy\" decoding=\"async\" class=\"size-full wp-image-69 \" src=\"http:\/\/cecileroumiguiere.com\/wp\/wp-content\/uploads\/2013\/10\/soie-chantdouble-web1.jpg\" alt=\"Portrait de Mamilona\" width=\"595\" height=\"510\" srcset=\"https:\/\/cecileroumiguiere.com\/wp\/wp-content\/uploads\/2013\/10\/soie-chantdouble-web1.jpg 595w, https:\/\/cecileroumiguiere.com\/wp\/wp-content\/uploads\/2013\/10\/soie-chantdouble-web1-300x257.jpg 300w\" sizes=\"auto, (max-width: 595px) 100vw, 595px\" \/><\/a><figcaption id=\"caption-attachment-69\" class=\"wp-caption-text\">Portrait de Mamilona<\/figcaption><\/figure>\n<p>Quand Marie-Lou rentre de l\u2019\u00e9cole, elle aime regarder sa grand-m\u00e8re coudre les si belles \u00e9toffes dont elle confectionne des robes de r\u00eave. Marie-Lou l\u2019\u00e9coute chanter dans cette langue qu\u2019elle ne conna\u00eet pas. Elle lui demande qui lui a donn\u00e9 ce large bracelet de cuir que la vieille femme ne quitte jamais. Mamilona ne r\u00e9pond pas, elle chante, encore, ce chant venu de sa lointaine enfance\u2026 Un jour, un jour, elle se le promet, Marie-Lou saura quel est le lourd secret que cache Mamilona.<br \/>\nCe\u00a0<em>fil de soie<\/em>\u00a0est un lien tiss\u00e9 au plus serr\u00e9 entre une enfant et sa grand-m\u00e8re sur la trame de la \u201cgrande\u201d histoire.\u00a0<em><br \/>\n<\/em><\/p>\n<h1>De fils en mots<\/h1>\n<h2>Une ferme dans l&rsquo;Aveyron, \u00e9t\u00e9s de mon enfance<\/h2>\n<figure id=\"attachment_68\" aria-describedby=\"caption-attachment-68\" style=\"width: 321px\" class=\"wp-caption alignleft\"><a href=\"http:\/\/cecileroumiguiere.com\/wp\/wp-content\/uploads\/2013\/10\/mamilona-marie-lou-web.jpg\"><img loading=\"lazy\" decoding=\"async\" class=\" wp-image-68 \" src=\"http:\/\/cecileroumiguiere.com\/wp\/wp-content\/uploads\/2013\/10\/mamilona-marie-lou-web.jpg\" alt=\"La machine \u00e0 coudre\" width=\"321\" height=\"410\" srcset=\"https:\/\/cecileroumiguiere.com\/wp\/wp-content\/uploads\/2013\/10\/mamilona-marie-lou-web.jpg 510w, https:\/\/cecileroumiguiere.com\/wp\/wp-content\/uploads\/2013\/10\/mamilona-marie-lou-web-235x300.jpg 235w\" sizes=\"auto, (max-width: 321px) 100vw, 321px\" \/><\/a><figcaption id=\"caption-attachment-68\" class=\"wp-caption-text\">La machine \u00e0 coudre<\/figcaption><\/figure>\n<p>Avec sa table de bois fonc\u00e9, sa roue qu\u2019il fallait lancer d&rsquo;un coup de main vigoureux et son p\u00e9dalier qui rythmait le silence, cette machine \u00e0 coudre me fascinait. D\u2019abord sans doute parce qu\u2019elle ne fonctionnait pas souvent, il n\u2019y avait pas de grandes couturi\u00e8res dans la famille. Je n\u2019y trouvais devant ma grand-tante, le dos courb\u00e9 et les \u00e9pingles fixant son sourire, que rarement, quand il y avait des torchons \u00e0 faire dans les draps us\u00e9s, ou un v\u00eatement \u00e0 ajuster. Elle travaillait dans la p\u00e9nombre de cette grande pi\u00e8ce aux volets \u00e0 moiti\u00e9 clos, la d\u00e9coupe d\u2019un c\u0153ur, d\u2019un pique et d&rsquo;un carreau projet\u00e9e au sol par les rayons de soleil du plein \u00e9t\u00e9. Dans le silence aussi, augment\u00e9 de ce lancement de roue, de ce pique-et-coud qui m\u2019hypnotisait.<br \/>\nJ\u2019ai cousu aussi, sans machine, des heures durant, devant les films que j\u2019avais le droit de regarder \u00e0 la t\u00e9l\u00e9vision les veilles de jours sans \u00e9cole. Robes de mari\u00e9e, robes de soir\u00e9e, sur une Barbie qu\u2019on ne pouvait d\u00e9shabiller de mes \u0153uvres qu\u2019en la d\u00e9capitant, les syst\u00e8mes de boutons, pressions ou autres fa\u00e7ons d\u2019ouvrir un v\u00eatement m\u2019\u00e9tant totalement \u00e9trangers.<\/p>\n<h2>Un salon, des auteurs, des confidences<\/h2>\n<p>Alors quand Isabelle m\u2019a parl\u00e9 de cette grand-m\u00e8re qui ramenait du travail de couture le soir chez elle, quand elle m\u2019a cont\u00e9 ces coutumes de secrets pass\u00e9s de femmes \u00e0 femmes au fil de l&rsquo;aiguille, l\u2019histoire de Marie-Lou et de Mamilona est n\u00e9e. Bien loin de l\u2019histoire de nos a\u00efeules \u00e0 l\u2019une et \u00e0 l\u2019autre, proche, je l\u2019esp\u00e8re, de l\u2019histoire des secrets qui sautent \u00e0 cloche-pied d\u2019une g\u00e9n\u00e9ration \u00e0 une autre, est n\u00e9e l\u2019histoire de ce fil, ce lien secret tiss\u00e9 dans le silence et les regards \u00e9chang\u00e9s.<br \/>\nMerci \u00e0 toi,\u00a0<a href=\"http:\/\/minisites-charte.fr\/sites\/isabelle-lafonta\/\" rel=\"self\">Isabelle<\/a>, pour ces mots partag\u00e9s.<\/p>\n<h1>De mots en images<\/h1>\n<figure id=\"attachment_70\" aria-describedby=\"caption-attachment-70\" style=\"width: 295px\" class=\"wp-caption alignleft\"><a href=\"http:\/\/cecileroumiguiere.com\/wp\/wp-content\/uploads\/2013\/10\/soie-lapin-web.jpg\"><img loading=\"lazy\" decoding=\"async\" class=\" wp-image-70 \" src=\"http:\/\/cecileroumiguiere.com\/wp\/wp-content\/uploads\/2013\/10\/soie-lapin-web.jpg\" alt=\"Le monde de Delphine Jacquot\" width=\"295\" height=\"378\" srcset=\"https:\/\/cecileroumiguiere.com\/wp\/wp-content\/uploads\/2013\/10\/soie-lapin-web.jpg 369w, https:\/\/cecileroumiguiere.com\/wp\/wp-content\/uploads\/2013\/10\/soie-lapin-web-234x300.jpg 234w\" sizes=\"auto, (max-width: 295px) 100vw, 295px\" \/><\/a><figcaption id=\"caption-attachment-70\" class=\"wp-caption-text\">Le monde de Delphine Jacquot<\/figcaption><\/figure>\n<p>Depuis\u00a0<a href=\"http:\/\/www.editions-thierry-magnier.com\/9782844205865-l-philippe-lechermeier-delphine-jacquot-delphine-jacquot-le-cavalier-bleu.htm\" rel=\"self\">Le cavalier bleu<\/a>\u00a0et son fantastique\u00a0<a href=\"http:\/\/www.lamaisonestencarton.com\/?ig=330&amp;id=75\" rel=\"self\">Cabinet des curiosit\u00e9s<\/a>, entre autres merveilles, l\u2019univers de Delphine Jacquot m\u2019interpelle. J\u2019aime m\u2019y plonger, m\u2019y perdre. Cet univers s\u2019est impos\u00e9 d\u00e8s les premi\u00e8res lignes du\u00a0<em>Fil de soie<\/em>. Comme les hasards, et certaines marraines, font bien les choses, j\u2019ai rencontr\u00e9 Delphine au salon d\u2019\u00c9vreux sur le stand de\u00a0<a href=\"http:\/\/www.loiseaulire.fr\/\" rel=\"self\">L\u2019oiseau Lire<\/a>. Je lui ai parl\u00e9 du\u00a0<em>Fil de soie<\/em>\u00a0pendant qu\u2019elle d\u00e9dica\u00e7ait ses livres de minutieux et pr\u00e9cieux papiers d\u00e9coup\u00e9s. L\u2019id\u00e9e lui a plu. Chez Thierry Magnier, \u00e0 la lecture du texte, Ang\u00e8le Cambournac a eu la m\u00eame id\u00e9e. Elle a port\u00e9 le projet, l\u2019a initi\u00e9. Puis Camille Deltomble en a suivi la r\u00e9alisation. Avec Florie et toute l&rsquo;\u00e9quipe, elles ont brod\u00e9 point \u00e0 point ce\u00a0<em>Fil de Soie<\/em>.<br \/>\nAinsi est n\u00e9 ce livre que Delphine a voulu petit, comme un objet pr\u00e9cieux, secret, un livre qu&rsquo;on cache et qu&rsquo;on garde, longtemps. Comme un bijou, comme un secret\u2026<\/p>\n<h1>Pr\u00e9sentation de l&rsquo;\u00e9diteur<\/h1>\n<div>\n<p style=\"text-align: center;\"><iframe loading=\"lazy\" src=\"https:\/\/player.vimeo.com\/video\/68123555\" width=\"640\" height=\"512\" frameborder=\"0\" allowfullscreen=\"allowfullscreen\"><\/iframe><\/p>\n<p><a href=\"https:\/\/vimeo.com\/68123555\"><em>Le fil de soie<\/em>, de C\u00e9cile Roumigui\u00e8re, illustr\u00e9 par Delphine Jacquot<\/a> from <a href=\"https:\/\/vimeo.com\/editionsthierrymagnier\">\u00c9ditions Thierry Magnier<\/a> sur <a href=\"https:\/\/vimeo.com\">Vimeo<\/a>.<\/p>\n<\/div>\n<h2>Le lancement\u00a0\u00e0 la librairie \u201cL&rsquo;oiseau Lire\u201d<\/h2>\n<div>Avec Delphine, Carole, Annie, Ang\u00e8le, Am\u00e9lie, Gwen, Charlotte et les autres\u2026<\/div>\n<div>\u00b7\u00b7\u00b7\u00b7\u00b7\u00b7\u00b7\u00b7\u00b7\u00b7\u00b7\u00b7\u00b7\u00b7\u00b7\u00b7\u00b7\u00b7\u00b7\u00b7\u00b7\u00b7\u00b7\u00b7\u00b7\u00b7\u00b7\u00b7\u00b7\u00b7\u00b7\u00b7\u00b7\u00b7 &gt; <a href=\"http:\/\/cecileroumiguiere.com\/wp\/?p=756\">cliquez ici.<\/a><\/div>\n<h1>Les prix<\/h1>\n<p>Beaucoup de nominations, de classes rencontr\u00e9es\u2026 Pour suivre<a href=\"https:\/\/cecileroumiguiere.com\/wp\/?page_id=1542\"> la route des prix, c&rsquo;est par ici.<\/a><\/p>\n<h1>\u2026 Ederlezi<\/h1>\n<div><iframe loading=\"lazy\" src=\"https:\/\/www.youtube.com\/embed\/r2snXlHJIe4?rel=0\" width=\"640\" height=\"360\" frameborder=\"0\" allowfullscreen=\"allowfullscreen\"><\/iframe><\/div>\n<div><iframe loading=\"lazy\" src=\"https:\/\/www.youtube.com\/embed\/bX63KddDz9s\" width=\"640\" height=\"360\" frameborder=\"0\" allowfullscreen=\"allowfullscreen\"><\/iframe><\/div>\n<h2>Une cr\u00e9ation sonore autour de la musique des Rroms<\/h2>\n<p><span style=\"text-decoration: underline;\"><a href=\"http:\/\/www.franceculture.fr\/emission-l-atelier-de-la-creation-fils-du-vent-13-sur-les-rives-de-la-mer-noire-2013-10-16\"><img loading=\"lazy\" decoding=\"async\" class=\" wp-image-835 alignleft\" src=\"http:\/\/cecileroumiguiere.com\/wp\/wp-content\/uploads\/2013\/11\/logo_franceculture.jpg\" alt=\"logo_franceculture\" width=\"76\" height=\"81\" \/><\/a><br \/>\n<\/span><br \/>\nL&rsquo;ATELIER DE LA CR\u00c9ATION\u00a0par\u00a0Ir\u00e8ne Om\u00e9lianenko\u00a0le mercredi et le jeudi de 23h \u00e0 minuit<br \/>\nFils du Vent (1\/3) &#8211; Sur les rives de la mer Noire<br \/>\nDe son delta dans la mer Noire jusqu\u2019\u00e0 sa source en Allemagne, Virginie Luc et Stephan Crasneanscki ont suivi les &#8230;\u00a0<a href=\"http:\/\/www.franceculture.fr\/emission-l-atelier-de-la-creation-fils-du-vent-13-sur-les-rives-de-la-mer-noire-2013-10-16\">d\u00e9tail\u00a0\u203a<\/a><a href=\"http:\/\/www.franceculture.fr\/\"><br \/>\n<\/a><\/p>\n<ul>\n<li><a href=\"http:\/\/www.franceculture.fr\/emission-l-atelier-de-la-creation-fils-du-vent-13-sur-les-rives-de-la-mer-noire-2013-10-16\">(r\u00e9)\u00e9couter<\/a><\/li>\n<\/ul>\n<p style=\"text-align: center;\"><em>\u00a0\u00a9Illustrations Delphine Jacquot<\/em><\/p>\n","protected":false},"excerpt":{"rendered":"<p>Un album avec Delphine Jacquot Thierry Magnier \u00b7\u00a0ao\u00fbt 2013 Et pique et coud, et pique et coud. Marie-Lou suit des yeux les doigts de Mamilona. Ils courent vite, sans h\u00e9siter, sur le tissu argent\u00e9. Sa me amala oro khelena\u2026 Sa grand-m\u00e8re marmonne un chant dans une langue inconnue. Marie-Lou aime bien ce moment apr\u00e8s l\u2019\u00e9cole quand elle regarde Mamilona travailler. Les \u00e9toffes envahissent la table de la cuisine, comme un bouquet de couleurs \u00e9clat\u00e9es. Berc\u00e9e par la p\u00e9dale de la machine \u00e0 coudre et par la chanson de sa grand-m\u00e8re, Marie-Lou se repose. Et claquent les ciseaux. Elle vide sa t\u00eate des devoirs, des le\u00e7ons. Et pique l\u2019aiguille. Et oublie les moqueries sur ses dict\u00e9es rat\u00e9es. La vieille femme approche le tissu de sa bouche, et clac, entre ses dents, le fil est coup\u00e9. \u2022 Pour suivre le fil du\u2026 Fil de soie, cliquer ici. Quand Marie-Lou rentre de l\u2019\u00e9cole, elle aime regarder sa grand-m\u00e8re coudre les si belles \u00e9toffes dont elle confectionne des robes de r\u00eave. Marie-Lou l\u2019\u00e9coute chanter dans cette langue qu\u2019elle ne conna\u00eet pas. Elle lui demande qui lui a donn\u00e9 ce large bracelet de cuir que la vieille femme ne quitte jamais. Mamilona ne r\u00e9pond pas, elle chante, encore, ce chant venu de sa lointaine enfance\u2026 Un jour, un jour, elle se le promet, Marie-Lou saura quel est le lourd secret que cache Mamilona. Ce\u00a0fil de soie\u00a0est un lien tiss\u00e9 au plus serr\u00e9 entre une enfant et sa grand-m\u00e8re sur la trame de la \u201cgrande\u201d histoire.\u00a0 De fils en mots Une ferme dans l&rsquo;Aveyron, \u00e9t\u00e9s de mon enfance Avec sa table de bois fonc\u00e9, sa roue qu\u2019il fallait lancer d&rsquo;un coup de main vigoureux et son p\u00e9dalier qui rythmait le silence, cette machine \u00e0 coudre me fascinait. D\u2019abord sans doute parce qu\u2019elle ne fonctionnait pas souvent, il n\u2019y avait pas de grandes couturi\u00e8res dans la famille. Je n\u2019y trouvais devant ma grand-tante, le dos courb\u00e9 et les \u00e9pingles fixant son sourire, que rarement, quand il y avait des torchons \u00e0 faire dans les draps us\u00e9s, ou un v\u00eatement \u00e0 ajuster. Elle travaillait dans la p\u00e9nombre de cette grande pi\u00e8ce aux volets \u00e0 moiti\u00e9 clos, la d\u00e9coupe d\u2019un c\u0153ur, d\u2019un pique et d&rsquo;un carreau projet\u00e9e au sol par les rayons de soleil du plein \u00e9t\u00e9. Dans le silence aussi, augment\u00e9 de ce lancement de roue, de ce pique-et-coud qui m\u2019hypnotisait. J\u2019ai cousu aussi, sans machine, des heures durant, devant les films que j\u2019avais le droit de regarder \u00e0 la t\u00e9l\u00e9vision les veilles de jours sans \u00e9cole. Robes de mari\u00e9e, robes de soir\u00e9e, sur une Barbie qu\u2019on ne pouvait d\u00e9shabiller de mes \u0153uvres qu\u2019en la d\u00e9capitant, les syst\u00e8mes de boutons, pressions ou autres fa\u00e7ons d\u2019ouvrir un v\u00eatement m\u2019\u00e9tant totalement \u00e9trangers. Un salon, des auteurs, des confidences Alors quand Isabelle m\u2019a parl\u00e9 de cette grand-m\u00e8re qui ramenait du travail de couture le soir chez elle, quand elle m\u2019a cont\u00e9 ces coutumes de secrets pass\u00e9s de femmes \u00e0 femmes au fil de l&rsquo;aiguille, l\u2019histoire de Marie-Lou et de Mamilona est n\u00e9e. Bien loin de l\u2019histoire de nos a\u00efeules \u00e0 l\u2019une et \u00e0 l\u2019autre, proche, je l\u2019esp\u00e8re, de l\u2019histoire des secrets qui sautent \u00e0 cloche-pied d\u2019une g\u00e9n\u00e9ration \u00e0 une autre, est n\u00e9e l\u2019histoire de ce fil, ce lien secret tiss\u00e9 dans le silence et les regards \u00e9chang\u00e9s. Merci \u00e0 toi,\u00a0Isabelle, pour ces mots partag\u00e9s. De mots en images Depuis\u00a0Le cavalier bleu\u00a0et son fantastique\u00a0Cabinet des curiosit\u00e9s, entre autres merveilles, l\u2019univers de Delphine Jacquot m\u2019interpelle. J\u2019aime m\u2019y plonger, m\u2019y perdre. Cet univers s\u2019est impos\u00e9 d\u00e8s les premi\u00e8res lignes du\u00a0Fil de soie. Comme les hasards, et certaines marraines, font bien les choses, j\u2019ai rencontr\u00e9 Delphine au salon d\u2019\u00c9vreux sur le stand de\u00a0L\u2019oiseau Lire. Je lui ai parl\u00e9 du\u00a0Fil de soie\u00a0pendant qu\u2019elle d\u00e9dica\u00e7ait ses livres de minutieux et pr\u00e9cieux papiers d\u00e9coup\u00e9s. L\u2019id\u00e9e lui a plu. Chez Thierry Magnier, \u00e0 la lecture du texte, Ang\u00e8le Cambournac a eu la m\u00eame id\u00e9e. Elle a port\u00e9 le projet, l\u2019a initi\u00e9. Puis Camille Deltomble en a suivi la r\u00e9alisation. Avec Florie et toute l&rsquo;\u00e9quipe, elles ont brod\u00e9 point \u00e0 point ce\u00a0Fil de Soie. Ainsi est n\u00e9 ce livre que Delphine a voulu petit, comme un objet pr\u00e9cieux, secret, un livre qu&rsquo;on cache et qu&rsquo;on garde, longtemps. Comme un bijou, comme un secret\u2026 Pr\u00e9sentation de l&rsquo;\u00e9diteur Le fil de soie, de C\u00e9cile Roumigui\u00e8re, illustr\u00e9 par Delphine Jacquot from \u00c9ditions Thierry Magnier sur Vimeo. Le lancement\u00a0\u00e0 la librairie \u201cL&rsquo;oiseau Lire\u201d Avec Delphine, Carole, Annie, Ang\u00e8le, Am\u00e9lie, Gwen, Charlotte et les autres\u2026 \u00b7\u00b7\u00b7\u00b7\u00b7\u00b7\u00b7\u00b7\u00b7\u00b7\u00b7\u00b7\u00b7\u00b7\u00b7\u00b7\u00b7\u00b7\u00b7\u00b7\u00b7\u00b7\u00b7\u00b7\u00b7\u00b7\u00b7\u00b7\u00b7\u00b7\u00b7\u00b7\u00b7\u00b7 &gt; cliquez ici. Les prix Beaucoup de nominations, de classes rencontr\u00e9es\u2026 Pour suivre la route des prix, c&rsquo;est par ici. \u2026 Ederlezi Une cr\u00e9ation sonore autour de la musique des Rroms L&rsquo;ATELIER DE LA CR\u00c9ATION\u00a0par\u00a0Ir\u00e8ne Om\u00e9lianenko\u00a0le mercredi et le jeudi de 23h \u00e0 minuit Fils du Vent (1\/3) &#8211; Sur les rives de la mer Noire De son delta dans la mer Noire jusqu\u2019\u00e0 sa source en Allemagne, Virginie Luc et Stephan Crasneanscki ont suivi les &#8230;\u00a0d\u00e9tail\u00a0\u203a (r\u00e9)\u00e9couter \u00a0\u00a9Illustrations Delphine Jacquot<\/p>\n","protected":false},"author":1,"featured_media":679,"parent":234,"menu_order":0,"comment_status":"closed","ping_status":"open","template":"","meta":{"footnotes":""},"class_list":["post-22","page","type-page","status-publish","has-post-thumbnail","hentry"],"_links":{"self":[{"href":"https:\/\/cecileroumiguiere.com\/wp\/index.php?rest_route=\/wp\/v2\/pages\/22","targetHints":{"allow":["GET"]}}],"collection":[{"href":"https:\/\/cecileroumiguiere.com\/wp\/index.php?rest_route=\/wp\/v2\/pages"}],"about":[{"href":"https:\/\/cecileroumiguiere.com\/wp\/index.php?rest_route=\/wp\/v2\/types\/page"}],"author":[{"embeddable":true,"href":"https:\/\/cecileroumiguiere.com\/wp\/index.php?rest_route=\/wp\/v2\/users\/1"}],"replies":[{"embeddable":true,"href":"https:\/\/cecileroumiguiere.com\/wp\/index.php?rest_route=%2Fwp%2Fv2%2Fcomments&post=22"}],"version-history":[{"count":45,"href":"https:\/\/cecileroumiguiere.com\/wp\/index.php?rest_route=\/wp\/v2\/pages\/22\/revisions"}],"predecessor-version":[{"id":7806,"href":"https:\/\/cecileroumiguiere.com\/wp\/index.php?rest_route=\/wp\/v2\/pages\/22\/revisions\/7806"}],"up":[{"embeddable":true,"href":"https:\/\/cecileroumiguiere.com\/wp\/index.php?rest_route=\/wp\/v2\/pages\/234"}],"wp:featuredmedia":[{"embeddable":true,"href":"https:\/\/cecileroumiguiere.com\/wp\/index.php?rest_route=\/wp\/v2\/media\/679"}],"wp:attachment":[{"href":"https:\/\/cecileroumiguiere.com\/wp\/index.php?rest_route=%2Fwp%2Fv2%2Fmedia&parent=22"}],"curies":[{"name":"wp","href":"https:\/\/api.w.org\/{rel}","templated":true}]}}