{"id":2383,"date":"2015-08-26T15:14:13","date_gmt":"2015-08-26T14:14:13","guid":{"rendered":"http:\/\/cecileroumiguiere.com\/wp\/?page_id=2383"},"modified":"2020-06-05T09:41:38","modified_gmt":"2020-06-05T08:41:38","slug":"mon-chagrin-elephant","status":"publish","type":"page","link":"https:\/\/cecileroumiguiere.com\/wp\/?page_id=2383","title":{"rendered":"Mon chagrin \u00e9l\u00e9phant"},"content":{"rendered":"<h3 style=\"text-align: right;\">Un album illustr\u00e9 par <a href=\"http:\/\/fishinkblog.com\/2011\/03\/09\/madalena-matoso-childrens-illustrator-from-portugal\/\">Madalena Matoso<\/a>,<br \/>\n<a href=\"http:\/\/www.editions-thierry-magnier.com\/9782364742956-l-cecile-roumiguiere-delphine-jacquot-le-fil-de-soie.htm\" rel=\"self\">Thierry Magnier<\/a>, ao\u00fbt 2015<\/h3>\n<div class=\"page\">\n<div class=\"layoutArea\">\n<blockquote><p>Depuis la mort de Mamiette, mon chagrin est grand, un v\u00e9ritable \u00e9l\u00e9phant. Il me suit partout, tout le temps.<br \/>\nJe me souviens tr\u00e8s bien de la premi\u00e8re fois o\u00f9 je l\u2019ai vu, assis, l\u00e0, \u00e0 c\u00f4t\u00e9 de moi. C\u2019est dans la voiture, en revenant du cimeti\u00e8re. \u00c0 l\u2019avant, papa et maman parlaient sans faire de bruit. Ils chuchotaient des noms de gens, ils murmuraient des noms de fleurs. Jusque-l\u00e0, pas d\u2019\u00e9l\u00e9phant, tout allait bien.<br \/>\nC\u2019est quand maman m\u2019a regard\u00e9 dans le r\u00e9troviseur sans l\u00e2cher le volant et qu\u2019elle m\u2019a annonc\u00e9 :<br \/>\n\u2014 Mercredi, la voisine t\u2019accompagnera au centre a\u00e9r\u00e9, c\u2019est arrang\u00e9.<br \/>\nOui, c\u2019est quand maman a prononc\u00e9 ces mots\u00a0\u00ab c\u2019est arrang\u00e9 \u00bb, que mon chagrin \u00e9l\u00e9phant a fait son apparition.<br \/>\nLe mercredi, c\u2019\u00e9tait le jour o\u00f9 j\u2019allais chez Mamiette, avant.<\/p><\/blockquote>\n<h1><span style=\"font-size: inherit;\">Une lecture pendant le printemps 2020<\/span><\/h1>\n<p><iframe loading=\"lazy\" src=\"https:\/\/www.youtube.com\/embed\/FyyEB0AXAAU\" width=\"560\" height=\"315\" frameborder=\"0\" allowfullscreen=\"allowfullscreen\"><\/iframe><\/p>\n<h2>Pourquoi le chagrin ?<\/h2>\n<p>Sans doute parce que le chagrin tombe sur l&rsquo;enfance, sur toutes les enfances, un jour ou l&rsquo;autre. Que ce soit un matin de grand soleil ou un midi d&rsquo;hiver, une mauvaise nouvelle arrive, une amiti\u00e9 est bless\u00e9e, un objet aim\u00e9 est perdu\u2026 et il est l\u00e0, le chagrin.<br \/>\nDifficile de dire l&rsquo;enfance sans parler du chagrin, de ces chagrins qui mangent tout l&rsquo;espace et tout l&rsquo;air autour de nous, des chagrins qui nous rongent, des chagrins si grands qu&rsquo;on\u00a0les nie pour les emp\u00eacher \u2014 en vain \u2014 d&rsquo;exister, des chagrins qu&rsquo;il faut bien finir par apprivoiser.<\/p>\n<h2>Pourquoi un \u00e9l\u00e9phant ?<\/h2>\n<p>Comment dire ces chagrins-l\u00e0 quand ils menacent de\u00a0d\u00e9vaster\u00a0l&rsquo;enfance sans tomber dans une histoire trop sombre ? Comment dire le deuil et l&rsquo;absence ? Au moment o\u00f9 je me posais ces questions, je suivais\u00a0des \u00e9changes, des challenges de dessins entre Gilles Bachelet et Benjamin Chaud : <em>Mon chat le plus b\u00eate du monde<\/em> d\u00e9fiait <em>Pomelo<\/em>, et on riait beaucoup. Ces combats de haut vol m&rsquo;ont donn\u00e9 la clef : un chagrin, c&rsquo;est toujours grand, lourd, encombrant comme\u2026 un \u00e9l\u00e9phant.<\/p>\n<p>Merci \u00e0 vous, Gilles, Benjamin (et Ramona !), <em>Mon chat le plus b\u00eate du monde<\/em> et <em>Pomelo<\/em> sont\u00a0un peu les parrains de ce <em>Chagrin \u00e9l\u00e9phant<\/em>\u2026<\/p>\n<h2>Les images de\u00a0Madalena<\/h2>\n<p><em>Mon Chagrin \u00e9l\u00e9phant<\/em> a grandi chez Thierry Magnier, bien au chaud entre les mains d&rsquo;Ang\u00e8le Cambournac. Cette\u00a0fois, j&rsquo;avais envie qu&rsquo;Ang\u00e8le\u00a0cr\u00e9e le duo auteur\/illustrateur, qu&rsquo;elle me surprenne. Et je n&rsquo;ai pas \u00e9t\u00e9 d\u00e9\u00e7ue\u2026 Avec le trait, les couleurs, la force\u00a0de Madalena Matoso, ce <em>Chagrin \u00e9l\u00e9phant<\/em> prend tout son poids !<\/p>\n<p><img loading=\"lazy\" decoding=\"async\" class=\"aligncenter wp-image-2385 size-full\" src=\"https:\/\/cecileroumiguiere.com\/wp\/wp-content\/uploads\/2015\/08\/ele-clindoeil-web.jpg\" alt=\"Mon chagrin \u00e9l\u00e9phant, dans la voiture\" width=\"1567\" height=\"872\" srcset=\"https:\/\/cecileroumiguiere.com\/wp\/wp-content\/uploads\/2015\/08\/ele-clindoeil-web.jpg 1567w, https:\/\/cecileroumiguiere.com\/wp\/wp-content\/uploads\/2015\/08\/ele-clindoeil-web-300x167.jpg 300w, https:\/\/cecileroumiguiere.com\/wp\/wp-content\/uploads\/2015\/08\/ele-clindoeil-web-1024x570.jpg 1024w\" sizes=\"auto, (max-width: 1567px) 100vw, 1567px\" \/><\/p>\n<h1>En Chine<\/h1>\n<p><img loading=\"lazy\" decoding=\"async\" class=\"wp-image-3314 alignleft\" src=\"https:\/\/cecileroumiguiere.com\/wp\/wp-content\/uploads\/2013\/11\/chagrinele-chine-couv.jpg\" alt=\"\" width=\"340\" height=\"362\" srcset=\"https:\/\/cecileroumiguiere.com\/wp\/wp-content\/uploads\/2013\/11\/chagrinele-chine-couv.jpg 532w, https:\/\/cecileroumiguiere.com\/wp\/wp-content\/uploads\/2013\/11\/chagrinele-chine-couv-281x300.jpg 281w\" sizes=\"auto, (max-width: 340px) 100vw, 340px\" \/>\u00a0<img loading=\"lazy\" decoding=\"async\" class=\"alignnone wp-image-3315\" src=\"https:\/\/cecileroumiguiere.com\/wp\/wp-content\/uploads\/2013\/11\/chagrinele-chinois-interieur.jpg\" alt=\"\" width=\"456\" height=\"278\" srcset=\"https:\/\/cecileroumiguiere.com\/wp\/wp-content\/uploads\/2013\/11\/chagrinele-chinois-interieur.jpg 709w, https:\/\/cecileroumiguiere.com\/wp\/wp-content\/uploads\/2013\/11\/chagrinele-chinois-interieur-300x183.jpg 300w\" sizes=\"auto, (max-width: 456px) 100vw, 456px\" \/><\/p>\n<h1>Un article, comme \u00e7a\u2026<\/h1>\n<blockquote class=\"wp-embedded-content\" data-secret=\"u21xN1nscm\"><p><a href=\"http:\/\/www.livresencuir.com\/mon-chagrin-elephant-de-cecile-roumiguiere-et-madalena-matoso\/\">Mon chagrin \u00e9l\u00e9phant de C\u00e9cile Roumigui\u00e8re et Madalena Matoso<\/a><\/p><\/blockquote>\n<p><iframe loading=\"lazy\" class=\"wp-embedded-content\" sandbox=\"allow-scripts\" security=\"restricted\" style=\"position: absolute; clip: rect(1px, 1px, 1px, 1px);\" src=\"http:\/\/www.livresencuir.com\/mon-chagrin-elephant-de-cecile-roumiguiere-et-madalena-matoso\/embed\/#?secret=u21xN1nscm\" data-secret=\"u21xN1nscm\" width=\"600\" height=\"338\" title=\"\u00ab\u00a0Mon chagrin \u00e9l\u00e9phant de C\u00e9cile Roumigui\u00e8re et Madalena Matoso\u00a0\u00bb &#8212; Chapeau melon et livres en cuir\" frameborder=\"0\" marginwidth=\"0\" marginheight=\"0\" scrolling=\"no\"><\/iframe><\/p>\n<\/div>\n<\/div>\n","protected":false},"excerpt":{"rendered":"<p>Un album illustr\u00e9 par Madalena Matoso, Thierry Magnier, ao\u00fbt 2015 Depuis la mort de Mamiette, mon chagrin est grand, un v\u00e9ritable \u00e9l\u00e9phant. Il me suit partout, tout le temps. Je me souviens tr\u00e8s bien de la premi\u00e8re fois o\u00f9 je l\u2019ai vu, assis, l\u00e0, \u00e0 c\u00f4t\u00e9 de moi. C\u2019est dans la voiture, en revenant du cimeti\u00e8re. \u00c0 l\u2019avant, papa et maman parlaient sans faire de bruit. Ils chuchotaient des noms de gens, ils murmuraient des noms de fleurs. Jusque-l\u00e0, pas d\u2019\u00e9l\u00e9phant, tout allait bien. C\u2019est quand maman m\u2019a regard\u00e9 dans le r\u00e9troviseur sans l\u00e2cher le volant et qu\u2019elle m\u2019a annonc\u00e9 : \u2014 Mercredi, la voisine t\u2019accompagnera au centre a\u00e9r\u00e9, c\u2019est arrang\u00e9. Oui, c\u2019est quand maman a prononc\u00e9 ces mots\u00a0\u00ab c\u2019est arrang\u00e9 \u00bb, que mon chagrin \u00e9l\u00e9phant a fait son apparition. Le mercredi, c\u2019\u00e9tait le jour o\u00f9 j\u2019allais chez Mamiette, avant. Une lecture pendant le printemps 2020 Pourquoi le chagrin ? Sans doute parce que le chagrin tombe sur l&rsquo;enfance, sur toutes les enfances, un jour ou l&rsquo;autre. Que ce soit un matin de grand soleil ou un midi d&rsquo;hiver, une mauvaise nouvelle arrive, une amiti\u00e9 est bless\u00e9e, un objet aim\u00e9 est perdu\u2026 et il est l\u00e0, le chagrin. Difficile de dire l&rsquo;enfance sans parler du chagrin, de ces chagrins qui mangent tout l&rsquo;espace et tout l&rsquo;air autour de nous, des chagrins qui nous rongent, des chagrins si grands qu&rsquo;on\u00a0les nie pour les emp\u00eacher \u2014 en vain \u2014 d&rsquo;exister, des chagrins qu&rsquo;il faut bien finir par apprivoiser. Pourquoi un \u00e9l\u00e9phant ? Comment dire ces chagrins-l\u00e0 quand ils menacent de\u00a0d\u00e9vaster\u00a0l&rsquo;enfance sans tomber dans une histoire trop sombre ? Comment dire le deuil et l&rsquo;absence ? Au moment o\u00f9 je me posais ces questions, je suivais\u00a0des \u00e9changes, des challenges de dessins entre Gilles Bachelet et Benjamin Chaud : Mon chat le plus b\u00eate du monde d\u00e9fiait Pomelo, et on riait beaucoup. Ces combats de haut vol m&rsquo;ont donn\u00e9 la clef : un chagrin, c&rsquo;est toujours grand, lourd, encombrant comme\u2026 un \u00e9l\u00e9phant. Merci \u00e0 vous, Gilles, Benjamin (et Ramona !), Mon chat le plus b\u00eate du monde et Pomelo sont\u00a0un peu les parrains de ce Chagrin \u00e9l\u00e9phant\u2026 Les images de\u00a0Madalena Mon Chagrin \u00e9l\u00e9phant a grandi chez Thierry Magnier, bien au chaud entre les mains d&rsquo;Ang\u00e8le Cambournac. Cette\u00a0fois, j&rsquo;avais envie qu&rsquo;Ang\u00e8le\u00a0cr\u00e9e le duo auteur\/illustrateur, qu&rsquo;elle me surprenne. Et je n&rsquo;ai pas \u00e9t\u00e9 d\u00e9\u00e7ue\u2026 Avec le trait, les couleurs, la force\u00a0de Madalena Matoso, ce Chagrin \u00e9l\u00e9phant prend tout son poids ! En Chine \u00a0 Un article, comme \u00e7a\u2026 Mon chagrin \u00e9l\u00e9phant de C\u00e9cile Roumigui\u00e8re et Madalena Matoso<\/p>\n","protected":false},"author":1,"featured_media":2386,"parent":0,"menu_order":0,"comment_status":"closed","ping_status":"open","template":"","meta":{"footnotes":""},"class_list":["post-2383","page","type-page","status-publish","has-post-thumbnail","hentry"],"_links":{"self":[{"href":"https:\/\/cecileroumiguiere.com\/wp\/index.php?rest_route=\/wp\/v2\/pages\/2383","targetHints":{"allow":["GET"]}}],"collection":[{"href":"https:\/\/cecileroumiguiere.com\/wp\/index.php?rest_route=\/wp\/v2\/pages"}],"about":[{"href":"https:\/\/cecileroumiguiere.com\/wp\/index.php?rest_route=\/wp\/v2\/types\/page"}],"author":[{"embeddable":true,"href":"https:\/\/cecileroumiguiere.com\/wp\/index.php?rest_route=\/wp\/v2\/users\/1"}],"replies":[{"embeddable":true,"href":"https:\/\/cecileroumiguiere.com\/wp\/index.php?rest_route=%2Fwp%2Fv2%2Fcomments&post=2383"}],"version-history":[{"count":25,"href":"https:\/\/cecileroumiguiere.com\/wp\/index.php?rest_route=\/wp\/v2\/pages\/2383\/revisions"}],"predecessor-version":[{"id":6423,"href":"https:\/\/cecileroumiguiere.com\/wp\/index.php?rest_route=\/wp\/v2\/pages\/2383\/revisions\/6423"}],"wp:featuredmedia":[{"embeddable":true,"href":"https:\/\/cecileroumiguiere.com\/wp\/index.php?rest_route=\/wp\/v2\/media\/2386"}],"wp:attachment":[{"href":"https:\/\/cecileroumiguiere.com\/wp\/index.php?rest_route=%2Fwp%2Fv2%2Fmedia&parent=2383"}],"curies":[{"name":"wp","href":"https:\/\/api.w.org\/{rel}","templated":true}]}}