{"id":2754,"date":"2015-12-12T23:57:16","date_gmt":"2015-12-12T22:57:16","guid":{"rendered":"http:\/\/cecileroumiguiere.com\/wp\/?page_id=2754"},"modified":"2024-07-24T15:08:47","modified_gmt":"2024-07-24T14:08:47","slug":"les-blogs","status":"publish","type":"page","link":"https:\/\/cecileroumiguiere.com\/wp\/?page_id=2754","title":{"rendered":"Les blogs"},"content":{"rendered":"<h3>Blogs, blogueuses, blogueurs\u2026<\/h3>\n<blockquote><p>Noms communs spontan\u00e9ment apparus sur la grande toile.<br \/>\n<em>1 \u00b7<\/em> Humains et espaces qui font vibrer les r\u00e9seaux \u00e0 coups de chroniques sensibles sur les livres.<br \/>\n<em>2 \u00b7<\/em>\u00a0Chemins de l&rsquo;info et\u00a0du monde d&rsquo;aujourd&rsquo;hui o\u00f9 le livre &#8211; notamment jeunesse &#8211; trouve sa place quand les medias traditionnels le laissent quelque peu sur le bas-c\u00f4t\u00e9.<\/p><\/blockquote>\n<p>Aujourd&rsquo;hui, les blogs ont souvent migr\u00e9 sur Insta, TikTok et autres r\u00e9seaux\u2026 Je garde cette liste comme une trace de ces moments de partage de lecture, certains liens sont certainement en berne, d&rsquo;autres \u2014 beaucoup ! \u2014 manquent, mais voil\u00e0, sans ordre et en toute amiti\u00e9, quelques blogs\u2026<\/p>\n<p><a href=\"https:\/\/lecanaperougeblog.wordpress.com\/category\/albums-et-litterature-jeunesse\/\">Le canap\u00e9 rouge<\/a> \u00b7\u00a0<a href=\"http:\/\/blogclarabel.canalblog.com\">Clarabel<\/a> \u00b7 <a href=\"http:\/\/oceanicus-in-folio.fr\/lire\/index.php\">Oceanicus in folio<\/a>\u00a0\u00b7 <a href=\"http:\/\/www.milleetunefrasques.fr\">Mille et une frasques<\/a> \u00b7 <a href=\"http:\/\/aliasnoukette.fr\/peche-exquis-les-nuits-tentatrices-1-emma-foster\/\">Dans la biblioth\u00e8que de Noukette<\/a> \u00b7 <a href=\"http:\/\/lamareauxmots.com\/blog\/\">La mare aux mots<\/a> \u00b7 <a href=\"https:\/\/aumilieudeslivres.wordpress.com\">Au milieu des livres<\/a> \u00b7 <a href=\"http:\/\/bobetjeanmichel.com\">Bob et Jean-Michel<\/a> \u00b7 <a href=\"http:\/\/tourner1page.fr\">Chez Ga\u00eblle la libraire<\/a>\u00a0\u00b7 Les \u00eeles indigo \u00b7 <a href=\"http:\/\/blog.3-etoiles.fr\">Blog trois \u00e9toiles<\/a> \u00b7\u00a0<a href=\"http:\/\/blogonoisettes.canalblog.com\">Blog-o-noisettes<\/a> \u00b7 <a href=\"http:\/\/lebateaulivre.over-blog.fr\">Le bateau livre<\/a> \u00b7\u00a0<a href=\"http:\/\/litterature.jeunesse.over-blog.com\">Litt\u00e9rature jeunesse<\/a> \u00b7 <a href=\"http:\/\/www.petitesmadeleines.fr\">Petites madeleines<\/a> \u00b7 <a href=\"http:\/\/www.bricabook.fr\">Bricabook<\/a> \u00b7 <a href=\"http:\/\/litterature-a-blog.blogspot.fr\">D&rsquo;une berge \u00e0 l&rsquo;autre<\/a> \u00b7 Les histoires sans fin \u00b7\u00a0<a href=\"http:\/\/delivrer-des-livres.fr\">D\u00e9livrer des livres<\/a> \u00b7 \u00c9chapp\u00e9es \u00b7 <a href=\"https:\/\/lorouge.wordpress.com\">L&rsquo;or rouge<\/a> \u00b7 <a href=\"http:\/\/bybauchette.blogspot.fr\">By Bauchette<\/a> \u00b7 <a href=\"https:\/\/sylectures.wordpress.com\">Th\u00e9, lectures et macarons<\/a> \u00b7<a href=\"http:\/\/le-cabas-de-za.over-blog.com\"> Le cabas de Za<\/a> \u00b7 <a href=\"http:\/\/la-ronde-des-post-it.vefblog.net\">La ronde des Post-it<\/a> \u00b7 <a href=\"http:\/\/lemondedemirontaine.hautetfort.com\">Le monde de Mirontaine<\/a> \u00b7 <a href=\"https:\/\/leslivresdegeorgesandetmoi.wordpress.com\">Les livres de Georges<\/a> \u00b7 <a href=\"http:\/\/parfumsdelivres.blogspot.fr\">Parfums de livres<\/a> \u00b7 <a href=\"http:\/\/souslefeuillage.blogspot.fr\">Sous le feuillage<\/a> \u00b7 <a href=\"http:\/\/alombredugrandarbre.com\">\u00c0 l&rsquo;ombre du grand arbre<\/a> \u00b7 <a href=\"http:\/\/alireauxpaysdesmerveilles.blogspot.fr\">\u00c0 lire au pays des merveilles<\/a> \u00b7 <a href=\"http:\/\/bouquinsenfolie.blogspot.fr\/\">Le cahier de lecture de Nathan<\/a> \u00b7 <a href=\"http:\/\/tiroirahistoires.canalblog.com\">Le tiroir \u00e0 histoires<\/a> \u00b7 <a href=\"http:\/\/leslecturesdekik.blogspot.com.es\">Les lectures de Kik<\/a> \u00b7 <a href=\"http:\/\/melimelodelivres.blogspot.fr\">M\u00e9li-m\u00e9lo de livres<\/a> \u00b7 <a href=\"http:\/\/lacoupeetleslevres.blogspot.fr\">Qu&rsquo;importe le flacon<\/a>\u2026 \u00b7 <a href=\"http:\/\/boumabib.fr\">Un petit bout de bib(lioth\u00e8que)<\/a>\u00a0\u00b7 <a href=\"http:\/\/www.litteraturejeunesse.fr\">La litt\u00e9rature jeunesse de Judith et Sophie<\/a> \u00b7 Lectures lutines \u00b7 La biblioth\u00e8que de Chlop \u00b7 Le blog de la collectionneuse de papillons\u00a0\u00b7\u00a0<a href=\"http:\/\/www.ricochet-jeunes.org\">Ricochet<\/a> \u00b7 La soupe de l&rsquo;espace \u00b7 <a href=\"http:\/\/loiseaulire.hautetfort.com\">L&rsquo;oiseau lire<\/a> \u00b7 L&rsquo;eau Vive \u00e0 Avignon \u00b7\u00a0<a href=\"https:\/\/lecturejeunesse83.wordpress.com\">Lecture jeunesse 83<\/a> \u00b7 <a href=\"http:\/\/www.lavoixdulivre.fr\">La voix du livre<\/a>\u00a0\u00b7 <a href=\"http:\/\/librairiesandales.hautetfort.com\">Les sandales d&rsquo;Emp\u00e9docle<\/a> \u00b7 <a href=\"http:\/\/maman-baobab.blogspot.fr\">Maman Baobab<\/a> \u00b7 R\u00e9cr\u00e9alivres \u00b7 <a href=\"http:\/\/www.plumesdebrigands.fr\">Plume de brigands<\/a> \u00b7 <a href=\"http:\/\/www.baladenpage.com\">Balad&rsquo;en page<\/a> \u00b7 <a href=\"http:\/\/www.bodoi.info\/category\/critiques\/jeunesse\/\">Bodo\u00ef<\/a> \u00b7 \u00a0<a href=\"http:\/\/laurielit.canalblog.com\">Laurie lit<\/a> \u00b7\u00a0<a href=\"http:\/\/hleroy.canalblog.com\">Blogamoi<\/a> \u00b7 Trollire \u00b7 <a href=\"http:\/\/quellehistoirepourmonenfant.over-blog.com\">Quelle histoire pour mon enfant ?<\/a> \u00b7 Lire sous le tilleul \u00b7 <a href=\"http:\/\/www.leslecturesdemartine.com\">Les lectures de Martine<\/a> \u00b7 <a href=\"http:\/\/loulitla.com\">Lou lit l\u00e0<\/a> \u00b7 <a href=\"http:\/\/librairiemlire.hautetfort.com\">Onlikoinou<\/a> \u00b7 <a href=\"http:\/\/unsimpletabou.blogspot.fr\">Un simple tabou<\/a> \u00b7 <a href=\"http:\/\/pagesdencre80.blogspot.fr\">Pages d&rsquo;encre<\/a> \u00b7 <a href=\"http:\/\/librairies-sorcieres.blogspot.fr\">Librairies Sorci\u00e8res<\/a> \u00b7\u00a0<a href=\"http:\/\/lu-cieandco.blogspot.fr\">Lu Cie &amp; Co \u00b7\u00a0<\/a><a href=\"http:\/\/etageredubas.com\">L&rsquo;\u00e9tag\u00e8re du bas<\/a> \u00b7 <a href=\"http:\/\/www.svdl.fr\/svdl\/index.php?\">Le blog de Sophie Van der Linden<\/a> \u00b7 Des livres et de l&rsquo;art \u00b7 <a href=\"http:\/\/lecarrejaune.canalblog.com\">Le carr\u00e9 jaune<\/a>\u00a0\u00b7 <a href=\"https:\/\/belykhalilcriticizes.wordpress.com\/2016\/02\/06\/lily\/\">Entre les mains de Belykhalil<\/a>\u00a0\u00b7 <a href=\"https:\/\/allezvousfairelire.com\">Allez vous faire lire<\/a> \u00b7\u00a0<a href=\"https:\/\/lantreducolibri.wordpress.com\">L&rsquo;antre du colibri<\/a> \u00b7 <a href=\"https:\/\/serialblogueuses.wordpress.com\">serialblogueuses<\/a> \u00b7 <a href=\"http:\/\/bulledop-bouquine.blogspot.fr\">Bulle Dop bouquine<\/a>\u00a0\u00b7<\/p>\n<p>Merci \u00e0 vous toutes, tous !<\/p>\n","protected":false},"excerpt":{"rendered":"<p>Blogs, blogueuses, blogueurs\u2026 Noms communs spontan\u00e9ment apparus sur la grande toile. 1 \u00b7 Humains et espaces qui font vibrer les r\u00e9seaux \u00e0 coups de chroniques sensibles sur les livres. 2 \u00b7\u00a0Chemins de l&rsquo;info et\u00a0du monde d&rsquo;aujourd&rsquo;hui o\u00f9 le livre &#8211; notamment jeunesse &#8211; trouve sa place quand les medias traditionnels le laissent quelque peu sur le bas-c\u00f4t\u00e9. Aujourd&rsquo;hui, les blogs ont souvent migr\u00e9 sur Insta, TikTok et autres r\u00e9seaux\u2026 Je garde cette liste comme une trace de ces moments de partage de lecture, certains liens sont certainement en berne, d&rsquo;autres \u2014 beaucoup ! \u2014 manquent, mais voil\u00e0, sans ordre et en toute amiti\u00e9, quelques blogs\u2026 Le canap\u00e9 rouge \u00b7\u00a0Clarabel \u00b7 Oceanicus in folio\u00a0\u00b7 Mille et une frasques \u00b7 Dans la biblioth\u00e8que de Noukette \u00b7 La mare aux mots \u00b7 Au milieu des livres \u00b7 Bob et Jean-Michel \u00b7 Chez Ga\u00eblle la libraire\u00a0\u00b7 Les \u00eeles indigo \u00b7 Blog trois \u00e9toiles \u00b7\u00a0Blog-o-noisettes \u00b7 Le bateau livre \u00b7\u00a0Litt\u00e9rature jeunesse \u00b7 Petites madeleines \u00b7 Bricabook \u00b7 D&rsquo;une berge \u00e0 l&rsquo;autre \u00b7 Les histoires sans fin \u00b7\u00a0D\u00e9livrer des livres \u00b7 \u00c9chapp\u00e9es \u00b7 L&rsquo;or rouge \u00b7 By Bauchette \u00b7 Th\u00e9, lectures et macarons \u00b7 Le cabas de Za \u00b7 La ronde des Post-it \u00b7 Le monde de Mirontaine \u00b7 Les livres de Georges \u00b7 Parfums de livres \u00b7 Sous le feuillage \u00b7 \u00c0 l&rsquo;ombre du grand arbre \u00b7 \u00c0 lire au pays des merveilles \u00b7 Le cahier de lecture de Nathan \u00b7 Le tiroir \u00e0 histoires \u00b7 Les lectures de Kik \u00b7 M\u00e9li-m\u00e9lo de livres \u00b7 Qu&rsquo;importe le flacon\u2026 \u00b7 Un petit bout de bib(lioth\u00e8que)\u00a0\u00b7 La litt\u00e9rature jeunesse de Judith et Sophie \u00b7 Lectures lutines \u00b7 La biblioth\u00e8que de Chlop \u00b7 Le blog de la collectionneuse de papillons\u00a0\u00b7\u00a0Ricochet \u00b7 La soupe de l&rsquo;espace \u00b7 L&rsquo;oiseau lire \u00b7 L&rsquo;eau Vive \u00e0 Avignon \u00b7\u00a0Lecture jeunesse 83 \u00b7 La voix du livre\u00a0\u00b7 Les sandales d&rsquo;Emp\u00e9docle \u00b7 Maman Baobab \u00b7 R\u00e9cr\u00e9alivres \u00b7 Plume de brigands \u00b7 Balad&rsquo;en page \u00b7 Bodo\u00ef \u00b7 \u00a0Laurie lit \u00b7\u00a0Blogamoi \u00b7 Trollire \u00b7 Quelle histoire pour mon enfant ? \u00b7 Lire sous le tilleul \u00b7 Les lectures de Martine \u00b7 Lou lit l\u00e0 \u00b7 Onlikoinou \u00b7 Un simple tabou \u00b7 Pages d&rsquo;encre \u00b7 Librairies Sorci\u00e8res \u00b7\u00a0Lu Cie &amp; Co \u00b7\u00a0L&rsquo;\u00e9tag\u00e8re du bas \u00b7 Le blog de Sophie Van der Linden \u00b7 Des livres et de l&rsquo;art \u00b7 Le carr\u00e9 jaune\u00a0\u00b7 Entre les mains de Belykhalil\u00a0\u00b7 Allez vous faire lire \u00b7\u00a0L&rsquo;antre du colibri \u00b7 serialblogueuses \u00b7 Bulle Dop bouquine\u00a0\u00b7 Merci \u00e0 vous toutes, tous !<\/p>\n","protected":false},"author":1,"featured_media":0,"parent":0,"menu_order":0,"comment_status":"closed","ping_status":"closed","template":"","meta":{"footnotes":""},"class_list":["post-2754","page","type-page","status-publish","hentry"],"_links":{"self":[{"href":"https:\/\/cecileroumiguiere.com\/wp\/index.php?rest_route=\/wp\/v2\/pages\/2754","targetHints":{"allow":["GET"]}}],"collection":[{"href":"https:\/\/cecileroumiguiere.com\/wp\/index.php?rest_route=\/wp\/v2\/pages"}],"about":[{"href":"https:\/\/cecileroumiguiere.com\/wp\/index.php?rest_route=\/wp\/v2\/types\/page"}],"author":[{"embeddable":true,"href":"https:\/\/cecileroumiguiere.com\/wp\/index.php?rest_route=\/wp\/v2\/users\/1"}],"replies":[{"embeddable":true,"href":"https:\/\/cecileroumiguiere.com\/wp\/index.php?rest_route=%2Fwp%2Fv2%2Fcomments&post=2754"}],"version-history":[{"count":46,"href":"https:\/\/cecileroumiguiere.com\/wp\/index.php?rest_route=\/wp\/v2\/pages\/2754\/revisions"}],"predecessor-version":[{"id":7885,"href":"https:\/\/cecileroumiguiere.com\/wp\/index.php?rest_route=\/wp\/v2\/pages\/2754\/revisions\/7885"}],"wp:attachment":[{"href":"https:\/\/cecileroumiguiere.com\/wp\/index.php?rest_route=%2Fwp%2Fv2%2Fmedia&parent=2754"}],"curies":[{"name":"wp","href":"https:\/\/api.w.org\/{rel}","templated":true}]}}