{"id":276,"date":"2013-11-03T22:56:32","date_gmt":"2013-11-03T21:56:32","guid":{"rendered":"http:\/\/cecileroumiguiere.com\/wp\/?page_id=276"},"modified":"2024-07-24T14:30:02","modified_gmt":"2024-07-24T13:30:02","slug":"en-6e-le-journal-dune-crevette","status":"publish","type":"page","link":"https:\/\/cecileroumiguiere.com\/wp\/?page_id=276","title":{"rendered":"En 6\u1d49, le journal d&rsquo;une crevette"},"content":{"rendered":"<h4 style=\"text-align: right;\"><\/h4>\n<p style=\"text-align: right;\"><img loading=\"lazy\" decoding=\"async\" class=\"alignleft\" src=\"http:\/\/cecileroumiguiere.com\/wp\/wp-content\/uploads\/2013\/10\/couv-crevette-numerique.jpeg\" alt=\"couv-crevette-numerique\" width=\"205\" height=\"307\" \/>En vente sur <a href=\"https:\/\/itunes.apple.com\/fr\/book\/en-6e-le-journal-dune-crevette\/id619993362?mt=11\">iTunes<\/a> et sur <a href=\"http:\/\/www.amazon.fr\/En-6e-journal-dune-crevette-ebook\/dp\/B00BTK5J8S\/ref=sr_1_1?s=digital-text&amp;ie=UTF8&amp;qid=1384076576&amp;sr=1-1&amp;keywords=roumigui\u00e8re\">Amazon depuis 2013<\/a><\/p>\n<p style=\"text-align: right;\">Initialement paru chez Magnard, en 2005.<\/p>\n<p>Bonne nouvelle\u00a0: indisponible depuis trop longtemps,\u00a0<em>Le journal d&rsquo;une crevette<\/em>\u00a0revient en version num\u00e9rique.<br \/>\nMerci \u00e0 Benoit pour la mise en epub, \u00e0 Marie-Pierre et \u00c9l\u00e9onore pour la couverture aussi tonique que Julie\u2026<br \/>\nEt vive la crevette\u00a0!<\/p>\n<p>Septembre, la rentr\u00e9e des classes, et une grande nouveaut\u00e9, le coll\u00e8ge\u00a0! Mais Julie d\u00e9chante vite\u00a0: de cours en cours, de prof en prof, les jours se succ\u00e8dent, gris\u00e2tres. Julie n&rsquo;est pas dans la m\u00eame classe que ses copines et&#8230; elle est toujours si petite que tout le monde l\u2019appelle \u201cla crevette\u201d.<br \/>\nUne initiation \u00e0 l\u2019italien est mise en place dans le coll\u00e8ge et le professeur ressemble \u00e0 une star de la t\u00e9l\u00e9,\u00a0<em>trop beau<\/em>&#8230; \u201cJulie\u00a0la\u00a0crevette\u201d en perd ses mots et ne sait plus que faire. Heureusement, il y a Marcus et ses musiques bizarres&#8230;<\/p>\n<p><img loading=\"lazy\" decoding=\"async\" class=\"wp-image-302 alignright\" src=\"http:\/\/cecileroumiguiere.com\/wp\/wp-content\/uploads\/2013\/11\/Crevettecouv.jpg\" alt=\"Crevettecouv\" width=\"128\" height=\"189\" \/>Laur\u00e9at du\u00a0Prix jeunesse de Saint-Martin-de-Crau,\u00a0avril 2007 \u00b7\u00a0Laur\u00e9at du prix\u00a0Lire en pays des Pyr\u00e9n\u00e9es Cathares\u00a02006 \u00b7\u00a0Laur\u00e9at du\u00a0Prix jeunesse du Touquet\u00a02006 \u00b7\u00a0S\u00e9lectionn\u00e9 pour\u00a0le\u00a0Prix des jeunes lecteurs de la PEEP\u00a02006 \u00b7\u00a0Coup de c\u0153ur\u00a0Fnac Suisse\u2026<\/p>\n<p>&nbsp;<\/p>\n<p>&nbsp;<\/p>\n<p>\u2022 Sur Europe 1 avec les \u00e9l\u00e8ves de Jeanne-d\u2019Arc de Sceaux \u00e0 Montreuil 2007.<\/p>\n<audio class=\"wp-audio-shortcode\" id=\"audio-276-1\" preload=\"none\" style=\"width: 100%;\" controls=\"controls\"><source type=\"audio\/mpeg\" src=\"http:\/\/cecileroumiguiere.com\/wp\/wp-content\/uploads\/2013\/11\/europeun_montreuil.mp3?_=1\" \/><a href=\"http:\/\/cecileroumiguiere.com\/wp\/wp-content\/uploads\/2013\/11\/europeun_montreuil.mp3\">http:\/\/cecileroumiguiere.com\/wp\/wp-content\/uploads\/2013\/11\/europeun_montreuil.mp3<\/a><\/audio>\n","protected":false},"excerpt":{"rendered":"<p>En vente sur iTunes et sur Amazon depuis 2013 Initialement paru chez Magnard, en 2005. Bonne nouvelle\u00a0: indisponible depuis trop longtemps,\u00a0Le journal d&rsquo;une crevette\u00a0revient en version num\u00e9rique. Merci \u00e0 Benoit pour la mise en epub, \u00e0 Marie-Pierre et \u00c9l\u00e9onore pour la couverture aussi tonique que Julie\u2026 Et vive la crevette\u00a0! Septembre, la rentr\u00e9e des classes, et une grande nouveaut\u00e9, le coll\u00e8ge\u00a0! Mais Julie d\u00e9chante vite\u00a0: de cours en cours, de prof en prof, les jours se succ\u00e8dent, gris\u00e2tres. Julie n&rsquo;est pas dans la m\u00eame classe que ses copines et&#8230; elle est toujours si petite que tout le monde l\u2019appelle \u201cla crevette\u201d. Une initiation \u00e0 l\u2019italien est mise en place dans le coll\u00e8ge et le professeur ressemble \u00e0 une star de la t\u00e9l\u00e9,\u00a0trop beau&#8230; \u201cJulie\u00a0la\u00a0crevette\u201d en perd ses mots et ne sait plus que faire. Heureusement, il y a Marcus et ses musiques bizarres&#8230; Laur\u00e9at du\u00a0Prix jeunesse de Saint-Martin-de-Crau,\u00a0avril 2007 \u00b7\u00a0Laur\u00e9at du prix\u00a0Lire en pays des Pyr\u00e9n\u00e9es Cathares\u00a02006 \u00b7\u00a0Laur\u00e9at du\u00a0Prix jeunesse du Touquet\u00a02006 \u00b7\u00a0S\u00e9lectionn\u00e9 pour\u00a0le\u00a0Prix des jeunes lecteurs de la PEEP\u00a02006 \u00b7\u00a0Coup de c\u0153ur\u00a0Fnac Suisse\u2026 &nbsp; &nbsp; \u2022 Sur Europe 1 avec les \u00e9l\u00e8ves de Jeanne-d\u2019Arc de Sceaux \u00e0 Montreuil 2007.<\/p>\n","protected":false},"author":1,"featured_media":0,"parent":264,"menu_order":1,"comment_status":"closed","ping_status":"open","template":"","meta":{"footnotes":""},"class_list":["post-276","page","type-page","status-publish","hentry"],"_links":{"self":[{"href":"https:\/\/cecileroumiguiere.com\/wp\/index.php?rest_route=\/wp\/v2\/pages\/276","targetHints":{"allow":["GET"]}}],"collection":[{"href":"https:\/\/cecileroumiguiere.com\/wp\/index.php?rest_route=\/wp\/v2\/pages"}],"about":[{"href":"https:\/\/cecileroumiguiere.com\/wp\/index.php?rest_route=\/wp\/v2\/types\/page"}],"author":[{"embeddable":true,"href":"https:\/\/cecileroumiguiere.com\/wp\/index.php?rest_route=\/wp\/v2\/users\/1"}],"replies":[{"embeddable":true,"href":"https:\/\/cecileroumiguiere.com\/wp\/index.php?rest_route=%2Fwp%2Fv2%2Fcomments&post=276"}],"version-history":[{"count":17,"href":"https:\/\/cecileroumiguiere.com\/wp\/index.php?rest_route=\/wp\/v2\/pages\/276\/revisions"}],"predecessor-version":[{"id":7844,"href":"https:\/\/cecileroumiguiere.com\/wp\/index.php?rest_route=\/wp\/v2\/pages\/276\/revisions\/7844"}],"up":[{"embeddable":true,"href":"https:\/\/cecileroumiguiere.com\/wp\/index.php?rest_route=\/wp\/v2\/pages\/264"}],"wp:attachment":[{"href":"https:\/\/cecileroumiguiere.com\/wp\/index.php?rest_route=%2Fwp%2Fv2%2Fmedia&parent=276"}],"curies":[{"name":"wp","href":"https:\/\/api.w.org\/{rel}","templated":true}]}}