{"id":280,"date":"2013-11-03T22:58:23","date_gmt":"2013-11-03T21:58:23","guid":{"rendered":"http:\/\/cecileroumiguiere.com\/wp\/?page_id=280"},"modified":"2024-07-24T14:39:35","modified_gmt":"2024-07-24T13:39:35","slug":"ma-soeur-et-moi","status":"publish","type":"page","link":"https:\/\/cecileroumiguiere.com\/wp\/?page_id=280","title":{"rendered":"Ma s\u0153ur et moi"},"content":{"rendered":"<h4 style=\"text-align: right;\">Un album avec\u00a0<a href=\"https:\/\/bobibobi-dessin.blogspot.com\" rel=\"self\">Bobi-Bobi<br \/>\n<\/a><a href=\"https:\/\/www.lajoiedelire.ch\/\">La Joie de Lire <\/a>\u00b7 mai 2012<\/h4>\n<p style=\"text-align: left;\">Liette va entrer au CP. Elle veut qu&rsquo;on l&rsquo;appelle Juliette maintenant, et plus Liette, encore moins Miette. Sa grande s\u0153ur, Lorna, s&rsquo;en fiche. Elle, le CP, elle conna\u00eet, elle y a d\u00e9j\u00e0 \u00e9t\u00e9. Les jours passent, les deux s\u0153urs grandissent, pendant que se construit, jour apr\u00e8s jour, ce lien entre elles. Un lien rugueux et doux \u00e0 la fois. Un lien indissoluble, essentiel.<br \/>\nEntre amour et haine, de complicit\u00e9 en rivalit\u00e9, \u201cMa s\u0153ur et moi\u201d est\u00a0un double monologue o\u00f9 l\u2019on ne sait plus qui, de l\u2019une ou de l\u2019autre s\u0153ur, prend la parole et m\u00e8ne le jeu.<\/p>\n<p><a href=\"http:\/\/cecileroumiguiere.com\/wp\/wp-content\/uploads\/2013\/11\/soeurs_filalinge.jpg\"><img loading=\"lazy\" decoding=\"async\" class=\" wp-image-840 aligncenter\" src=\"http:\/\/cecileroumiguiere.com\/wp\/wp-content\/uploads\/2013\/11\/soeurs_filalinge.jpg\" alt=\"soeurs_filalinge\" width=\"530\" height=\"370\" srcset=\"https:\/\/cecileroumiguiere.com\/wp\/wp-content\/uploads\/2013\/11\/soeurs_filalinge.jpg 709w, https:\/\/cecileroumiguiere.com\/wp\/wp-content\/uploads\/2013\/11\/soeurs_filalinge-300x209.jpg 300w\" sizes=\"auto, (max-width: 530px) 100vw, 530px\" \/><\/a><\/p>\n<blockquote><p>L\u00e0-bas, loin, tr\u00e8s loin, au fond du jardin, le fil \u00e0 linge souligne l\u2019horizon. Le soleil br\u00fble l\u2019air, Liette tire la langue. Elle porte un drap blanc trop grand pour elle\u00a0; elle pense \u00e0 cette poup\u00e9e aux yeux si bleus qu\u2019elle demandera pour No\u00ebl, si elle a \u00e9t\u00e9 assez sage. Mais le drap tra\u00eene sur le chemin de graviers, et des traces brunes et grises tachent le tissu propre.<br \/>\n\u00c0 moiti\u00e9 couch\u00e9e dans sa chaise longue, Lorna jubile, elle la laisse faire. Ce soir, sa petite s\u0153ur sera punie.<\/p><\/blockquote>\n<div><em><img loading=\"lazy\" decoding=\"async\" class=\" wp-image-838 alignleft\" src=\"http:\/\/cecileroumiguiere.com\/wp\/wp-content\/uploads\/2013\/11\/soeur_sapin.jpg\" alt=\"soeur_sapin\" width=\"358\" height=\"251\" srcset=\"https:\/\/cecileroumiguiere.com\/wp\/wp-content\/uploads\/2013\/11\/soeur_sapin.jpg 510w, https:\/\/cecileroumiguiere.com\/wp\/wp-content\/uploads\/2013\/11\/soeur_sapin-300x210.jpg 300w\" sizes=\"auto, (max-width: 358px) 100vw, 358px\" \/><\/em><\/div>\n<div><\/div>\n<blockquote><p>Des papiers, des couleurs,<br \/>\ndes rubans, des senteurs.<br \/>\n\u00c7a crisse et \u00e7a plisse.<br \/>\nLiette et Lorna empaquettent les cadeaux de No\u00ebl.<\/p><\/blockquote>\n<h1>Pour faire un livre, prenez une rencontre,\u00a0une complicit\u00e9, une envie de cr\u00e9er\u2026<\/h1>\n<p>J&rsquo;ai rencontr\u00e9 Bobi-Bobi\u2026 sur facebook.<br \/>\nRencontre visuelle, d&rsquo;abord, choc devant une image, puis d\u2019autres. Un regard fich\u00e9 d\u2019un poisson nonchalant, l&rsquo;ouverture du\u00a0blog que tient alors Bobi+Bobi.<br \/>\nPuis des phrases \u00e9chang\u00e9es, ac\u00e9r\u00e9es, et une imm\u00e9diate complicit\u00e9. Une conversation virtuelle sur l\u2019odeur de la confiture de groseilles quand les fruits \u00e9clatent sous les doigts. Des d\u00e9tails accumul\u00e9s, des souvenirs communs \u00e0 des ann\u00e9es et des kilom\u00e8tres de distance. Comme une enfance partag\u00e9e. Une enfance m\u00eame, une enfance autre.<br \/>\nEt cette envie, imm\u00e9diate, d\u2019inventer une histoire ensemble.<br \/>\nL\u2019univers de Bobi+Bobi est unique. Ses peintures, ses dessins, disent ce que mes mots peinent \u00e0 exprimer, ils parlent fort, murmurent, se font silence aussi. C&rsquo;est beau, et c&rsquo;est puissant.<br \/>\nBobi+Bobi \u00e9crit aussi, des petites phrases, souvent brod\u00e9es dans l&rsquo;image au stylo bille, au crayon, \u00e0 l&rsquo;encre. Surprenante \u00e9vidence. Elle est artiste, elle est po\u00e9sie.<br \/>\nVous l&rsquo;aurez compris\u00a0: je suis tr\u00e8s fi\u00e8re d&rsquo;avoir pu \u00e9crire une histoire avec elle.<\/p>\n<p style=\"text-align: right;\"><em>C\u00e9cile Roumigui\u00e8re, 30 avril 2012<br \/>\n<\/em><\/p>\n<div><\/div>\n<p>\u2022 O\u00f9 l\u2019on parle de \u201cMa s\u0153ur et moi\u201d\u00a0:<br \/>\n<a href=\"http:\/\/www.lalibre.be\/culture\/livres\/article\/739052\/famille-je-vous-hais.html\" rel=\"self\">La Libre Belgique<\/a>\u00a0\u00b7\u00a0<a href=\"http:\/\/www.francetv.fr\/culturebox\/ma-soeur-et-moi-les-affres-de-lamour-fraternel-99613\" rel=\"self\">France t\u00e9l\u00e9visions\/culturebox<\/a>\u00a0\u00b7\u00a0<a href=\"http:\/\/oceanicus-in-folio.fr\/lire\/index.php?post%2F2012%2F05%2F08%2FLa-vague-des-albums-9\" rel=\"self\">Oceanicus in folio<\/a>\u00a0\u00b7\u00a0<a href=\"http:\/\/tourner1page.fr\/?p=7820\" rel=\"self\">Ga\u00eblle la Libraire<\/a>\u00a0\u00b7\u00a0La Soupe de l&rsquo;Espace\u00a0\u00b7\u00a0Librairie Babayaga\u00a0\u00b7\u00a0<a href=\"http:\/\/www.papier-de-soie.com\/Ma-soeur-et-moi.html\" rel=\"self\">Papier de Soie<\/a>\u00a0\u00b7\u00a0<a href=\"http:\/\/oeildailleurs.blogspot.fr\/2012\/07\/une-fratrie-la-fois-cruelle-et-tendre.html\" rel=\"self\">\u0152il d&rsquo;ailleurs<\/a>\u00a0\u00b7\u00a0S\u00e9lection Ricochet\u00a0\u00b7\u00a0BSC News<\/p>\n<p style=\"text-align: center;\"><em>\u00a9 Illustrations : Bobi-Bobi<\/em><\/p>\n","protected":false},"excerpt":{"rendered":"<p>Un album avec\u00a0Bobi-Bobi La Joie de Lire \u00b7 mai 2012 Liette va entrer au CP. Elle veut qu&rsquo;on l&rsquo;appelle Juliette maintenant, et plus Liette, encore moins Miette. Sa grande s\u0153ur, Lorna, s&rsquo;en fiche. Elle, le CP, elle conna\u00eet, elle y a d\u00e9j\u00e0 \u00e9t\u00e9. Les jours passent, les deux s\u0153urs grandissent, pendant que se construit, jour apr\u00e8s jour, ce lien entre elles. Un lien rugueux et doux \u00e0 la fois. Un lien indissoluble, essentiel. Entre amour et haine, de complicit\u00e9 en rivalit\u00e9, \u201cMa s\u0153ur et moi\u201d est\u00a0un double monologue o\u00f9 l\u2019on ne sait plus qui, de l\u2019une ou de l\u2019autre s\u0153ur, prend la parole et m\u00e8ne le jeu. L\u00e0-bas, loin, tr\u00e8s loin, au fond du jardin, le fil \u00e0 linge souligne l\u2019horizon. Le soleil br\u00fble l\u2019air, Liette tire la langue. Elle porte un drap blanc trop grand pour elle\u00a0; elle pense \u00e0 cette poup\u00e9e aux yeux si bleus qu\u2019elle demandera pour No\u00ebl, si elle a \u00e9t\u00e9 assez sage. Mais le drap tra\u00eene sur le chemin de graviers, et des traces brunes et grises tachent le tissu propre. \u00c0 moiti\u00e9 couch\u00e9e dans sa chaise longue, Lorna jubile, elle la laisse faire. Ce soir, sa petite s\u0153ur sera punie. Des papiers, des couleurs, des rubans, des senteurs. \u00c7a crisse et \u00e7a plisse. Liette et Lorna empaquettent les cadeaux de No\u00ebl. Pour faire un livre, prenez une rencontre,\u00a0une complicit\u00e9, une envie de cr\u00e9er\u2026 J&rsquo;ai rencontr\u00e9 Bobi-Bobi\u2026 sur facebook. Rencontre visuelle, d&rsquo;abord, choc devant une image, puis d\u2019autres. Un regard fich\u00e9 d\u2019un poisson nonchalant, l&rsquo;ouverture du\u00a0blog que tient alors Bobi+Bobi. Puis des phrases \u00e9chang\u00e9es, ac\u00e9r\u00e9es, et une imm\u00e9diate complicit\u00e9. Une conversation virtuelle sur l\u2019odeur de la confiture de groseilles quand les fruits \u00e9clatent sous les doigts. Des d\u00e9tails accumul\u00e9s, des souvenirs communs \u00e0 des ann\u00e9es et des kilom\u00e8tres de distance. Comme une enfance partag\u00e9e. Une enfance m\u00eame, une enfance autre. Et cette envie, imm\u00e9diate, d\u2019inventer une histoire ensemble. L\u2019univers de Bobi+Bobi est unique. Ses peintures, ses dessins, disent ce que mes mots peinent \u00e0 exprimer, ils parlent fort, murmurent, se font silence aussi. C&rsquo;est beau, et c&rsquo;est puissant. Bobi+Bobi \u00e9crit aussi, des petites phrases, souvent brod\u00e9es dans l&rsquo;image au stylo bille, au crayon, \u00e0 l&rsquo;encre. Surprenante \u00e9vidence. Elle est artiste, elle est po\u00e9sie. Vous l&rsquo;aurez compris\u00a0: je suis tr\u00e8s fi\u00e8re d&rsquo;avoir pu \u00e9crire une histoire avec elle. C\u00e9cile Roumigui\u00e8re, 30 avril 2012 \u2022 O\u00f9 l\u2019on parle de \u201cMa s\u0153ur et moi\u201d\u00a0: La Libre Belgique\u00a0\u00b7\u00a0France t\u00e9l\u00e9visions\/culturebox\u00a0\u00b7\u00a0Oceanicus in folio\u00a0\u00b7\u00a0Ga\u00eblle la Libraire\u00a0\u00b7\u00a0La Soupe de l&rsquo;Espace\u00a0\u00b7\u00a0Librairie Babayaga\u00a0\u00b7\u00a0Papier de Soie\u00a0\u00b7\u00a0\u0152il d&rsquo;ailleurs\u00a0\u00b7\u00a0S\u00e9lection Ricochet\u00a0\u00b7\u00a0BSC News \u00a9 Illustrations : Bobi-Bobi<\/p>\n","protected":false},"author":1,"featured_media":129,"parent":234,"menu_order":0,"comment_status":"closed","ping_status":"open","template":"","meta":{"footnotes":""},"class_list":["post-280","page","type-page","status-publish","has-post-thumbnail","hentry"],"_links":{"self":[{"href":"https:\/\/cecileroumiguiere.com\/wp\/index.php?rest_route=\/wp\/v2\/pages\/280","targetHints":{"allow":["GET"]}}],"collection":[{"href":"https:\/\/cecileroumiguiere.com\/wp\/index.php?rest_route=\/wp\/v2\/pages"}],"about":[{"href":"https:\/\/cecileroumiguiere.com\/wp\/index.php?rest_route=\/wp\/v2\/types\/page"}],"author":[{"embeddable":true,"href":"https:\/\/cecileroumiguiere.com\/wp\/index.php?rest_route=\/wp\/v2\/users\/1"}],"replies":[{"embeddable":true,"href":"https:\/\/cecileroumiguiere.com\/wp\/index.php?rest_route=%2Fwp%2Fv2%2Fcomments&post=280"}],"version-history":[{"count":19,"href":"https:\/\/cecileroumiguiere.com\/wp\/index.php?rest_route=\/wp\/v2\/pages\/280\/revisions"}],"predecessor-version":[{"id":7852,"href":"https:\/\/cecileroumiguiere.com\/wp\/index.php?rest_route=\/wp\/v2\/pages\/280\/revisions\/7852"}],"up":[{"embeddable":true,"href":"https:\/\/cecileroumiguiere.com\/wp\/index.php?rest_route=\/wp\/v2\/pages\/234"}],"wp:featuredmedia":[{"embeddable":true,"href":"https:\/\/cecileroumiguiere.com\/wp\/index.php?rest_route=\/wp\/v2\/media\/129"}],"wp:attachment":[{"href":"https:\/\/cecileroumiguiere.com\/wp\/index.php?rest_route=%2Fwp%2Fv2%2Fmedia&parent=280"}],"curies":[{"name":"wp","href":"https:\/\/api.w.org\/{rel}","templated":true}]}}