{"id":285,"date":"2013-11-03T23:01:08","date_gmt":"2013-11-03T22:01:08","guid":{"rendered":"http:\/\/cecileroumiguiere.com\/wp\/?page_id=285"},"modified":"2020-06-05T09:17:00","modified_gmt":"2020-06-05T08:17:00","slug":"le-secret-du-soir","status":"publish","type":"page","link":"https:\/\/cecileroumiguiere.com\/wp\/?page_id=285","title":{"rendered":"Le secret du soir"},"content":{"rendered":"<h4 style=\"text-align: right;\">Illustr\u00e9 par\u00a0<a href=\"http:\/\/ericgaste.blogspot.com\/\" rel=\"self\">\u00c9ric Gast\u00e9<br \/>\n<\/a><strong>Milan, f\u00e9vrier 2010 \u00b7 R\u00e9\u00e9dit\u00e9 en version souple en 2017<\/strong><\/h4>\n<blockquote><p>\u00ab\u00a0Maman, laisse-moi maintenant\u2026 Il faut que je fasse mon secret du soir.\u00a0\u00bb<\/p><\/blockquote>\n<p>C\u2019est par ces mots que mon fils m\u2019a salu\u00e9e, tous les soirs, au coucher, de l\u2019\u00e2ge de ses premiers mots \u00e0 ses ann\u00e9es de primaire. Quel \u00e9tait ce secret du soir ? Je ne lui ai jamais demand\u00e9. C\u2019\u00e9tait et \u00e7a reste son secret, son univers \u00e0 lui. Mais un auteur ne se refait pas\u2026 Ce secret, je l\u2019ai invent\u00e9.<br \/>\nMerci \u00e0 Oscar, mon fils, \u00e0 qui je dois cet album et son titre.<\/p>\n<blockquote><p>Le prince Igor vit dans un ch\u00e2teau de mille pi\u00e8ces, une demeure aux mille portes, aux mille couloirs. Il a mille fen\u00eatres pour regarder le ciel, mille soleils \u00e0 contempler dans le cristal des lustres, mille et mille planches de parquet \u00e0 suivre du pied entre les mille tapis brod\u00e9s.<br \/>\nDans sa chambre, bien loin de la salle de bal et des salles \u00e0 manger, le prince Igor joue.<br \/>\nIl fait rouler mille trains qui se croisent sur mille rails, entre mille et mille sapins miniatures. Igor ne s\u2019ennuie jamais\u00a0: il a mille livres \u00e0 feuilleter, mille crayons pour colorier, et mille baisers de ses nounous, le soir, au coucher.<br \/>\nMais le prince Igor est seul\u2026<\/p>\n<p style=\"text-align: center;\"><a href=\"http:\/\/cecileroumiguiere.com\/wp\/wp-content\/uploads\/2013\/11\/secret-dragonluneweb.jpg\"><img loading=\"lazy\" decoding=\"async\" class=\"aligncenter size-full wp-image-861\" src=\"http:\/\/cecileroumiguiere.com\/wp\/wp-content\/uploads\/2013\/11\/secret-dragonluneweb.jpg\" alt=\"secret-dragonluneweb\" width=\"340\" height=\"201\" srcset=\"https:\/\/cecileroumiguiere.com\/wp\/wp-content\/uploads\/2013\/11\/secret-dragonluneweb.jpg 340w, https:\/\/cecileroumiguiere.com\/wp\/wp-content\/uploads\/2013\/11\/secret-dragonluneweb-300x177.jpg 300w\" sizes=\"auto, (max-width: 340px) 100vw, 340px\" \/><\/a><em>\u00a9 illustrations \u00c9ric Gast\u00e9<\/em><\/p>\n<\/blockquote>\n<h2>Un secret pas si secret\u2026<\/h2>\n<p style=\"text-align: left;\"><a href=\"http:\/\/cecileroumiguiere.com\/wp\/?p=635\">Une interview vid\u00e9o <\/a>sur \u201cLes histoires sans fin\u201d.<\/p>\n<p><iframe loading=\"lazy\" title=\"C\u00e9cile Roumigui\u00e8re - Le secret du soir - Interview\" frameborder=\"0\" width=\"960\" height=\"552\" src=\"https:\/\/www.dailymotion.com\/embed\/video\/xcflos\" allowfullscreen allow=\"autoplay\"><\/iframe><\/p>\n<p style=\"text-align: center;\"><b><a href=\"http:\/\/www.dailymotion.com\/video\/xcflos_cecile-roumiguiere-le-secret-du-soi_creation\">C\u00e9cile Roumigui\u00e8re &#8211; Le secret du soir &#8211; Interview<\/a><\/b><br \/>\n<i>envoy\u00e9 par\u00a0<a href=\"http:\/\/www.dailymotion.com\/LesHistoiresSansFin\">Les Histoires Sans Fin<\/a><\/i><\/p>\n","protected":false},"excerpt":{"rendered":"<p>Illustr\u00e9 par\u00a0\u00c9ric Gast\u00e9 Milan, f\u00e9vrier 2010 \u00b7 R\u00e9\u00e9dit\u00e9 en version souple en 2017 \u00ab\u00a0Maman, laisse-moi maintenant\u2026 Il faut que je fasse mon secret du soir.\u00a0\u00bb C\u2019est par ces mots que mon fils m\u2019a salu\u00e9e, tous les soirs, au coucher, de l\u2019\u00e2ge de ses premiers mots \u00e0 ses ann\u00e9es de primaire. Quel \u00e9tait ce secret du soir ? Je ne lui ai jamais demand\u00e9. C\u2019\u00e9tait et \u00e7a reste son secret, son univers \u00e0 lui. Mais un auteur ne se refait pas\u2026 Ce secret, je l\u2019ai invent\u00e9. Merci \u00e0 Oscar, mon fils, \u00e0 qui je dois cet album et son titre. Le prince Igor vit dans un ch\u00e2teau de mille pi\u00e8ces, une demeure aux mille portes, aux mille couloirs. Il a mille fen\u00eatres pour regarder le ciel, mille soleils \u00e0 contempler dans le cristal des lustres, mille et mille planches de parquet \u00e0 suivre du pied entre les mille tapis brod\u00e9s. Dans sa chambre, bien loin de la salle de bal et des salles \u00e0 manger, le prince Igor joue. Il fait rouler mille trains qui se croisent sur mille rails, entre mille et mille sapins miniatures. Igor ne s\u2019ennuie jamais\u00a0: il a mille livres \u00e0 feuilleter, mille crayons pour colorier, et mille baisers de ses nounous, le soir, au coucher. Mais le prince Igor est seul\u2026 \u00a9 illustrations \u00c9ric Gast\u00e9 Un secret pas si secret\u2026 Une interview vid\u00e9o sur \u201cLes histoires sans fin\u201d. C\u00e9cile Roumigui\u00e8re &#8211; Le secret du soir &#8211; Interview envoy\u00e9 par\u00a0Les Histoires Sans Fin<\/p>\n","protected":false},"author":1,"featured_media":131,"parent":234,"menu_order":0,"comment_status":"closed","ping_status":"open","template":"","meta":{"footnotes":""},"class_list":["post-285","page","type-page","status-publish","has-post-thumbnail","hentry"],"_links":{"self":[{"href":"https:\/\/cecileroumiguiere.com\/wp\/index.php?rest_route=\/wp\/v2\/pages\/285","targetHints":{"allow":["GET"]}}],"collection":[{"href":"https:\/\/cecileroumiguiere.com\/wp\/index.php?rest_route=\/wp\/v2\/pages"}],"about":[{"href":"https:\/\/cecileroumiguiere.com\/wp\/index.php?rest_route=\/wp\/v2\/types\/page"}],"author":[{"embeddable":true,"href":"https:\/\/cecileroumiguiere.com\/wp\/index.php?rest_route=\/wp\/v2\/users\/1"}],"replies":[{"embeddable":true,"href":"https:\/\/cecileroumiguiere.com\/wp\/index.php?rest_route=%2Fwp%2Fv2%2Fcomments&post=285"}],"version-history":[{"count":23,"href":"https:\/\/cecileroumiguiere.com\/wp\/index.php?rest_route=\/wp\/v2\/pages\/285\/revisions"}],"predecessor-version":[{"id":6419,"href":"https:\/\/cecileroumiguiere.com\/wp\/index.php?rest_route=\/wp\/v2\/pages\/285\/revisions\/6419"}],"up":[{"embeddable":true,"href":"https:\/\/cecileroumiguiere.com\/wp\/index.php?rest_route=\/wp\/v2\/pages\/234"}],"wp:featuredmedia":[{"embeddable":true,"href":"https:\/\/cecileroumiguiere.com\/wp\/index.php?rest_route=\/wp\/v2\/media\/131"}],"wp:attachment":[{"href":"https:\/\/cecileroumiguiere.com\/wp\/index.php?rest_route=%2Fwp%2Fv2%2Fmedia&parent=285"}],"curies":[{"name":"wp","href":"https:\/\/api.w.org\/{rel}","templated":true}]}}