{"id":287,"date":"2013-11-03T23:02:07","date_gmt":"2013-11-03T22:02:07","guid":{"rendered":"http:\/\/cecileroumiguiere.com\/wp\/?page_id=287"},"modified":"2024-07-24T14:38:28","modified_gmt":"2024-07-24T13:38:28","slug":"lenfant-silence","status":"publish","type":"page","link":"https:\/\/cecileroumiguiere.com\/wp\/?page_id=287","title":{"rendered":"L&rsquo;enfant silence"},"content":{"rendered":"<h4 style=\"text-align: right;\">Illustrations de\u00a0<a href=\"http:\/\/www.benjaminlacombe.com\/\" rel=\"self\">Benjamin Lacombe<br \/>\n<\/a><strong>Le Seuil jeunesse\u00a0\u00b7 mars 2008<\/strong><\/h4>\n<audio class=\"wp-audio-shortcode\" id=\"audio-287-1\" preload=\"none\" style=\"width: 100%;\" controls=\"controls\"><source type=\"audio\/mpeg\" src=\"http:\/\/cecileroumiguiere.com\/wp\/wp-content\/uploads\/2013\/11\/lenfantsilence.mp3?_=1\" \/><a href=\"http:\/\/cecileroumiguiere.com\/wp\/wp-content\/uploads\/2013\/11\/lenfantsilence.mp3\">http:\/\/cecileroumiguiere.com\/wp\/wp-content\/uploads\/2013\/11\/lenfantsilence.mp3<\/a><\/audio>\n<p>Hiver 2005, une expo de peinture.<br \/>\nUne toile, g\u00e9ante, poignante :\u00a0<em>L\u2019enfant silence<\/em>\u00a0d\u2019Odile Alliet.<\/p>\n<p>Une \u00e9motion tr\u00e8s forte, un texte \u00e9crit dans l\u2019urgence. Puis les mois pass\u00e9s \u00e0 chercher une possible \u00e9dition.<br \/>\nLa rencontre avec Nicole Maymat, rencontre entre elle et mon texte avant qu\u2019on ne se rencontre pour de bon. L\u2019attente, encore. Des soubresauts.<br \/>\nBenjamin Lacombe entre dans le projet et le fait sien. Enfin, Fran\u00e7oise Mateu et le Seuil s\u2019emparent de\u00a0<em>L\u2019enfant silence<\/em>. Une collaboration d&rsquo;une richesse rare commence alors avec Benjamin. Son talent fou, son \u00e9nergie, sa sensibilit\u00e9, ont fait \u00e9clore\u00a0<em>L\u2019enfant silence<\/em>.<br \/>\nCe livre \u00e0 venir est le fruit de rencontres, de silences, et de passions. Ce livre est n\u00e9 de tant d&rsquo;\u00e9motions crois\u00e9es\u2026 Merci \u00e0 vous tous qui l\u2019avez port\u00e9.<\/p>\n<p><a href=\"http:\/\/cecileroumiguiere.com\/wp\/wp-content\/uploads\/2013\/11\/enfsilence_loups.jpg\"><img loading=\"lazy\" decoding=\"async\" class=\"size-full wp-image-863 aligncenter\" src=\"http:\/\/cecileroumiguiere.com\/wp\/wp-content\/uploads\/2013\/11\/enfsilence_loups.jpg\" alt=\"enfsilence_loups\" width=\"510\" height=\"307\" srcset=\"https:\/\/cecileroumiguiere.com\/wp\/wp-content\/uploads\/2013\/11\/enfsilence_loups.jpg 510w, https:\/\/cecileroumiguiere.com\/wp\/wp-content\/uploads\/2013\/11\/enfsilence_loups-300x180.jpg 300w\" sizes=\"auto, (max-width: 510px) 100vw, 510px\" \/><\/a><\/p>\n<div style=\"text-align: center;\"><img loading=\"lazy\" decoding=\"async\" class=\"wp-image-864 alignleft\" src=\"http:\/\/cecileroumiguiere.com\/wp\/wp-content\/uploads\/2013\/11\/enfsilence_recherche.jpg\" alt=\"enfsilence_recherche\" width=\"204\" height=\"276\" srcset=\"https:\/\/cecileroumiguiere.com\/wp\/wp-content\/uploads\/2013\/11\/enfsilence_recherche.jpg 340w, https:\/\/cecileroumiguiere.com\/wp\/wp-content\/uploads\/2013\/11\/enfsilence_recherche-221x300.jpg 221w\" sizes=\"auto, (max-width: 204px) 100vw, 204px\" \/>\u00a0 \u00a0\u00a0<img loading=\"lazy\" decoding=\"async\" class=\"wp-image-865 alignleft\" src=\"http:\/\/cecileroumiguiere.com\/wp\/wp-content\/uploads\/2013\/11\/enfsilence_cage.jpg\" alt=\"enfsilence_cage\" width=\"275\" height=\"295\" srcset=\"https:\/\/cecileroumiguiere.com\/wp\/wp-content\/uploads\/2013\/11\/enfsilence_cage.jpg 340w, https:\/\/cecileroumiguiere.com\/wp\/wp-content\/uploads\/2013\/11\/enfsilence_cage-280x300.jpg 280w\" sizes=\"auto, (max-width: 275px) 100vw, 275px\" \/><\/div>\n<h1><\/h1>\n<h1><\/h1>\n<h1><\/h1>\n<h1><\/h1>\n<h1 style=\"text-align: left;\"><span style=\"font-family: Bitter, Georgia, serif; font-size: 30px; line-height: 1.3;\">On en parle\u2026<\/span><\/h1>\n<p style=\"text-align: left;\"><img loading=\"lazy\" decoding=\"async\" class=\" wp-image-866 alignleft\" src=\"http:\/\/cecileroumiguiere.com\/wp\/wp-content\/uploads\/2013\/11\/enfant-silence-odile.jpg\" alt=\"enfant-silence-odile\" width=\"174\" height=\"258\" srcset=\"https:\/\/cecileroumiguiere.com\/wp\/wp-content\/uploads\/2013\/11\/enfant-silence-odile.jpg 249w, https:\/\/cecileroumiguiere.com\/wp\/wp-content\/uploads\/2013\/11\/enfant-silence-odile-202x300.jpg 202w\" sizes=\"auto, (max-width: 174px) 100vw, 174px\" \/>Nomination au prix\u00a0<em>Tatoulu<\/em>\u00a02009 \u00b7 au prix de l&rsquo;album de la Circonscription de Mantes-La-Jolie 1 (grande section\/CP) \u00b7\u00a0Coup de c\u0153ur 2008\u00a0:\u00a0Salon du livre presse jeunesse\u00a0d&rsquo;ao\u00fbt, CNL de mars, librairie Pages d&rsquo;encre pour\u00a0Citrouille,\u00a0Ricochet, le\u00a0Choix des Libraires\u00a0et le choix des biblioth\u00e9caires de mars, Radio Triage et L\u2019Actu du livre d\u2019\u00c9rik Poulet-Reney,\u00a0librairie Le pr\u00e9au\u00a0\u00e0 Metz (en avril), librairie Provence \u00e0 Aix,\u00a0Contalyre, les\u00a0<a href=\"http:\/\/www.leshistoiressansfin.com\/\" rel=\"self\">Histoires sans fin<\/a>\u00a0\u00b7 Lily et ses livres \u00b7 Zeobookshop (revue de recherche clinique du rapport \u00e0 l&rsquo;autre) \u00b7 La D\u00e9p\u00eache du Midi \u00b7 <a href=\"http:\/\/lirepouryannick.canalblog.com\/archives\/2009\/03\/12\/12936895.html\">Le plaisir de lire<\/a> \u00b7 Le Midi Libre \u00b7 <a href=\"http:\/\/lirepouryannick.canalblog.com\/archives\/2009\/03\/12\/12936895.html\">De papier de soie, d&rsquo;encre de Chine et de couleurs si nuanc\u00e9es<\/a> \u00b7 SNUIPP (dossier maltraitante) \u00b7 Ga\u00eblle la Libraire \u00b7 <a href=\"http:\/\/deslivresetlecole.blogspot.fr\/2008\/02\/un-merveilleux-album-pour-parler-de.html\">Des livres et l&rsquo;\u00e9cole<\/a>\u2026<\/p>\n<h1>Les enfants de Valence<\/h1>\n<div style=\"text-align: left;\"><a title=\"Des enfants et des larmes\" href=\"http:\/\/cecileroumiguiere.com\/wp\/?p=2129\"> \u201cL&rsquo;enfant silence\u201d avec les voix et les couleurs des enfants du CP\/CE1 de l&rsquo;\u00e9cole Freinet<\/a>, \u00e0 Valence (janvier 2015). Une lecture forte en \u00e9motion\u2026<\/div>\n<div style=\"text-align: left;\"><\/div>\n<div style=\"text-align: left;\">\n<div style=\"width: 720px;\" class=\"wp-video\"><video class=\"wp-video-shortcode\" id=\"video-287-1\" width=\"720\" height=\"540\" poster=\"http:\/\/cecileroumiguiere.com\/wp\/wp-content\/uploads\/2015\/01\/enf_sil_freinet_bleu.jpg\" preload=\"metadata\" controls=\"controls\"><source type=\"video\/mp4\" src=\"http:\/\/cecileroumiguiere.com\/wp\/wp-content\/uploads\/2015\/01\/enf-sil-frey.mp4?_=1\" \/><a href=\"http:\/\/cecileroumiguiere.com\/wp\/wp-content\/uploads\/2015\/01\/enf-sil-frey.mp4\">http:\/\/cecileroumiguiere.com\/wp\/wp-content\/uploads\/2015\/01\/enf-sil-frey.mp4<\/a><\/video><\/div>\n<\/div>\n<h1 style=\"text-align: left;\"><img loading=\"lazy\" decoding=\"async\" class=\" wp-image-303 alignleft\" src=\"https:\/\/cecileroumiguiere.com\/wp\/wp-content\/uploads\/2013\/11\/nina-silencio.jpg\" alt=\"ni\u00f1a-silencio\" width=\"162\" height=\"222\" \/>Ailleurs<\/h1>\n<div style=\"text-align: left;\">Septembre 2011, parution de \u201cLa ni\u00f1a silencio\u201d en Espagne et en Am\u00e9rique du Sud (\u00e9dition Edelvives).<\/div>\n<div style=\"text-align: left;\"><\/div>\n<div style=\"text-align: left;\">\n<p>&nbsp;<\/p>\n<p>&nbsp;<\/p>\n<p style=\"text-align: center;\"><em>\u00a9Les illustrations appartiennent \u00e0 Benjamin Lacombe,<br \/>\nle tableau \u201cL&rsquo;enfant silence\u201d \u00e0 Odile Alliet.<br \/>\n\u00a9Mise en musique de l\u2019extrait sonore\u00a0:<\/em>\u00a0<em><a href=\"https:\/\/widemann.net\/fr\/\" rel=\"self\">Benoit Widemann<\/a><\/em><\/p>\n<p>&nbsp;<\/p>\n<\/div>\n","protected":false},"excerpt":{"rendered":"<p>Illustrations de\u00a0Benjamin Lacombe Le Seuil jeunesse\u00a0\u00b7 mars 2008 Hiver 2005, une expo de peinture. Une toile, g\u00e9ante, poignante :\u00a0L\u2019enfant silence\u00a0d\u2019Odile Alliet. Une \u00e9motion tr\u00e8s forte, un texte \u00e9crit dans l\u2019urgence. Puis les mois pass\u00e9s \u00e0 chercher une possible \u00e9dition. La rencontre avec Nicole Maymat, rencontre entre elle et mon texte avant qu\u2019on ne se rencontre pour de bon. L\u2019attente, encore. Des soubresauts. Benjamin Lacombe entre dans le projet et le fait sien. Enfin, Fran\u00e7oise Mateu et le Seuil s\u2019emparent de\u00a0L\u2019enfant silence. Une collaboration d&rsquo;une richesse rare commence alors avec Benjamin. Son talent fou, son \u00e9nergie, sa sensibilit\u00e9, ont fait \u00e9clore\u00a0L\u2019enfant silence. Ce livre \u00e0 venir est le fruit de rencontres, de silences, et de passions. Ce livre est n\u00e9 de tant d&rsquo;\u00e9motions crois\u00e9es\u2026 Merci \u00e0 vous tous qui l\u2019avez port\u00e9. \u00a0 \u00a0\u00a0 On en parle\u2026 Nomination au prix\u00a0Tatoulu\u00a02009 \u00b7 au prix de l&rsquo;album de la Circonscription de Mantes-La-Jolie 1 (grande section\/CP) \u00b7\u00a0Coup de c\u0153ur 2008\u00a0:\u00a0Salon du livre presse jeunesse\u00a0d&rsquo;ao\u00fbt, CNL de mars, librairie Pages d&rsquo;encre pour\u00a0Citrouille,\u00a0Ricochet, le\u00a0Choix des Libraires\u00a0et le choix des biblioth\u00e9caires de mars, Radio Triage et L\u2019Actu du livre d\u2019\u00c9rik Poulet-Reney,\u00a0librairie Le pr\u00e9au\u00a0\u00e0 Metz (en avril), librairie Provence \u00e0 Aix,\u00a0Contalyre, les\u00a0Histoires sans fin\u00a0\u00b7 Lily et ses livres \u00b7 Zeobookshop (revue de recherche clinique du rapport \u00e0 l&rsquo;autre) \u00b7 La D\u00e9p\u00eache du Midi \u00b7 Le plaisir de lire \u00b7 Le Midi Libre \u00b7 De papier de soie, d&rsquo;encre de Chine et de couleurs si nuanc\u00e9es \u00b7 SNUIPP (dossier maltraitante) \u00b7 Ga\u00eblle la Libraire \u00b7 Des livres et l&rsquo;\u00e9cole\u2026 Les enfants de Valence \u201cL&rsquo;enfant silence\u201d avec les voix et les couleurs des enfants du CP\/CE1 de l&rsquo;\u00e9cole Freinet, \u00e0 Valence (janvier 2015). Une lecture forte en \u00e9motion\u2026 Ailleurs Septembre 2011, parution de \u201cLa ni\u00f1a silencio\u201d en Espagne et en Am\u00e9rique du Sud (\u00e9dition Edelvives). &nbsp; &nbsp; \u00a9Les illustrations appartiennent \u00e0 Benjamin Lacombe, le tableau \u201cL&rsquo;enfant silence\u201d \u00e0 Odile Alliet. \u00a9Mise en musique de l\u2019extrait sonore\u00a0:\u00a0Benoit Widemann &nbsp;<\/p>\n","protected":false},"author":1,"featured_media":678,"parent":234,"menu_order":0,"comment_status":"closed","ping_status":"open","template":"","meta":{"footnotes":""},"class_list":["post-287","page","type-page","status-publish","has-post-thumbnail","hentry"],"_links":{"self":[{"href":"https:\/\/cecileroumiguiere.com\/wp\/index.php?rest_route=\/wp\/v2\/pages\/287","targetHints":{"allow":["GET"]}}],"collection":[{"href":"https:\/\/cecileroumiguiere.com\/wp\/index.php?rest_route=\/wp\/v2\/pages"}],"about":[{"href":"https:\/\/cecileroumiguiere.com\/wp\/index.php?rest_route=\/wp\/v2\/types\/page"}],"author":[{"embeddable":true,"href":"https:\/\/cecileroumiguiere.com\/wp\/index.php?rest_route=\/wp\/v2\/users\/1"}],"replies":[{"embeddable":true,"href":"https:\/\/cecileroumiguiere.com\/wp\/index.php?rest_route=%2Fwp%2Fv2%2Fcomments&post=287"}],"version-history":[{"count":30,"href":"https:\/\/cecileroumiguiere.com\/wp\/index.php?rest_route=\/wp\/v2\/pages\/287\/revisions"}],"predecessor-version":[{"id":7850,"href":"https:\/\/cecileroumiguiere.com\/wp\/index.php?rest_route=\/wp\/v2\/pages\/287\/revisions\/7850"}],"up":[{"embeddable":true,"href":"https:\/\/cecileroumiguiere.com\/wp\/index.php?rest_route=\/wp\/v2\/pages\/234"}],"wp:featuredmedia":[{"embeddable":true,"href":"https:\/\/cecileroumiguiere.com\/wp\/index.php?rest_route=\/wp\/v2\/media\/678"}],"wp:attachment":[{"href":"https:\/\/cecileroumiguiere.com\/wp\/index.php?rest_route=%2Fwp%2Fv2%2Fmedia&parent=287"}],"curies":[{"name":"wp","href":"https:\/\/api.w.org\/{rel}","templated":true}]}}