{"id":2911,"date":"2016-03-12T15:36:43","date_gmt":"2016-03-12T14:36:43","guid":{"rendered":"http:\/\/cecileroumiguiere.com\/wp\/?page_id=2911"},"modified":"2024-07-24T14:28:06","modified_gmt":"2024-07-24T13:28:06","slug":"les-fragiles","status":"publish","type":"page","link":"https:\/\/cecileroumiguiere.com\/wp\/?page_id=2911","title":{"rendered":"Les Fragiles"},"content":{"rendered":"<h4 style=\"text-align: right;\">Roman<a href=\"http:\/\/bourrieres.canalblog.com\/\" rel=\"self\"><br \/>\n<\/a><strong><a href=\"https:\/\/editions-sarbacane.com\/\">Exprim \u00b7 Sarbacane<\/a>\u00a0\u00b7 avril 2016<\/strong><\/h4>\n<div title=\"Page 4\">\n<blockquote><p>Je m&rsquo;appelle Drew.<br \/>\nDrew Castan, dix-sept ans, toutes mes dents. Drew, Drew Castan&#8230; Arr\u00eate, Drew ! La temp\u00eate, les images. Faut les bloquer. Des bulles acides. Les crever. Je voudrais vomir.<br \/>\nJ\u2019ai envie de vomir depuis l\u2019\u00e2ge de neuf ans, depuis ce jour o\u00f9 mon p\u00e8re a lanc\u00e9 ce \u00ab sale n\u00e8gre \u00bb par la vitre de la camionnette. Pas son premier \u00ab sale n\u00e8gre \u00bb, mais ce jour-l\u00e0, le n\u00e8gre, c\u2019\u00e9tait Ernest, le gardien du stade. Ernest qui m\u2019encourageait tous les mercredis depuis deux ans chaque fois que je flanchais. Ce mercredi-l\u00e0, il a travers\u00e9 en dehors des clous, il aurait pas d\u00fb.<\/p><\/blockquote>\n<\/div>\n<audio class=\"wp-audio-shortcode\" id=\"audio-2911-1\" preload=\"none\" style=\"width: 100%;\" controls=\"controls\"><source type=\"audio\/mpeg\" src=\"https:\/\/cecileroumiguiere.com\/wp\/wp-content\/uploads\/2017\/05\/fragiles-intro-europe1-small.mp3?_=1\" \/><a href=\"https:\/\/cecileroumiguiere.com\/wp\/wp-content\/uploads\/2017\/05\/fragiles-intro-europe1-small.mp3\">https:\/\/cecileroumiguiere.com\/wp\/wp-content\/uploads\/2017\/05\/fragiles-intro-europe1-small.mp3<\/a><\/audio>\n<p style=\"text-align: center;\"><em>(Enregistrement Europe 1, dirig\u00e9 par Esther Leneman, mai 2017)<\/em><\/p>\n<h1>Une rencontre, un\u00a0enfant<\/h1>\n<p>Toute une aventure autour de de ce roman\u2026 d&rsquo;abord, la rencontre d&rsquo;un enfant de neuf ans, dans une classe,\u00a0un jour d&rsquo;automne 2013. La classe \u00e9tait attentive, les enfants avaient tous lu <a href=\"http:\/\/cecileroumiguiere.com\/wp\/?page_id=311\"><em>Pablo de La Courneuve<\/em><\/a>, on parlait du racisme, je disais \u00e0 quel point je trouvais \u00e7a b\u00eate, le racisme. Et un enfant m&rsquo;a interrompue. Le visage cramoisi par l&rsquo;\u00e9motion, par la conscience de la transgression, il a lev\u00e9 le doigt et a parl\u00e9 en m\u00eame temps :<\/p>\n<blockquote><p>\u00ab Mais moi, Madame, mon p\u00e8re il est raciste. \u00bb<\/p><\/blockquote>\n<p>Je me suis rarement trouv\u00e9e aussi d\u00e9munie devant un enfant. J&rsquo;ai pataug\u00e9 : c&rsquo;est le racisme que je trouvais b\u00eate, pas son p\u00e8re et\u2026 un jour, s\u00fbrement, ils pourraient en parler, tous les deux, mais l\u00e0\u2026<br \/>\nOui, d\u00e9sarm\u00e9e, d\u00e9stabilis\u00e9e, toutes\u00a0mes\u00a0certitudes pulv\u00e9ris\u00e9es. Et le roman, d\u00e9j\u00e0, surgissait : que pouvait devenir un enfant dont les valeurs sont \u00e0 ce point \u00e9cartel\u00e9es entre l&rsquo;apprentissage du \u201cvivre ensemble\u201d \u00e0 l&rsquo;\u00e9cole la\u00efque et un p\u00e8re qui ass\u00e8ne le contraire tous les jours \u00e0 la maison ? Un personnage naissait, un adolescent, un funambule pos\u00e9 sur une ligne de vie incertaine\u2026<\/p>\n<p>Bien s\u00fbr, je n&rsquo;ai pas voulu raconter la vie\u00a0de cet enfant-l\u00e0, celui qui ce jour-l\u00e0 m&rsquo;a boulevers\u00e9e, son histoire lui appartient. Mais \u00e0 partir de ses mots, de son cri, j&rsquo;ai voulu inventer un personnage qui grandirait dans ce trouble,\u00a0cette confusion des valeurs. Et Drew est n\u00e9. Son p\u00e8re avec lui, sa m\u00e8re, et tr\u00e8s vite, cette fille, une autre funambule de la vie, Sky.<\/p>\n<h1>Une rencontre, un \u00e9diteur<\/h1>\n<p>Aventure aussi du c\u00f4t\u00e9 de l&rsquo;\u00e9ditorial\u2026 Il y a longtemps que je regardais du c\u00f4t\u00e9 des\u00a0romans <em>Exprim<\/em>, que j&rsquo;en lisais. Mais pour des tas de raisons, je n&rsquo;avais jamais propos\u00e9 de\u00a0manuscrit \u00e0 Tibo B\u00e9rard, \u201cMonsieur <em>Exprim<\/em>\u201d. Jusqu&rsquo;\u00e0 ce salon d&rsquo;Aubagne, ce m\u00eame hiver 2013, o\u00f9 j&rsquo;ai assist\u00e9 \u00e0 une conf\u00e9rence de Tibo avec Axl Cendres. Ils parlaient de leur fa\u00e7on de travailler ensemble, une complicit\u00e9 \u00e9ditoriale qui m&rsquo;a bluff\u00e9e, que je voulais exp\u00e9rimenter. Restait \u00e0 \u00e9crire l&rsquo;histoire de Drew, et \u00e0 ce qu&rsquo;elle plaise \u00e0 Tibo.<\/p>\n<p>La rencontre a eu lieu entre Tibo et Drew. Alors on a avanc\u00e9, ensemble, vers l&rsquo;aboutissement de ce\u00a0roman. Du travail, des interrogations, des remises en question, pour un roman dont je suis fi\u00e8re. Une histoire au sujet complexe, lourd, mais qui est surtout\u00a0une histoire d&rsquo;amour et d&rsquo;amiti\u00e9 entre deux adolescents, des \u00eatres vuln\u00e9rables, des\u2026 fragiles.<\/p>\n<p style=\"text-align: center;\"><iframe loading=\"lazy\" src=\"https:\/\/www.youtube.com\/embed\/k-ZFuZ_rQZM\" width=\"560\" height=\"315\" frameborder=\"0\" allowfullscreen=\"allowfullscreen\"><\/iframe><\/p>\n<h1>En Colombie et en Am\u00e9rique du Sud<\/h1>\n<p style=\"text-align: left;\"><a href=\"http:\/\/cecileroumiguiere.com\/wp\/?p=3634\"><img loading=\"lazy\" decoding=\"async\" class=\"wp-image-3635 alignleft\" src=\"https:\/\/cecileroumiguiere.com\/wp\/wp-content\/uploads\/2017\/04\/les-fragiles-couv.jpg\" alt=\"\" width=\"170\" height=\"259\" srcset=\"https:\/\/cecileroumiguiere.com\/wp\/wp-content\/uploads\/2017\/04\/les-fragiles-couv.jpg 371w, https:\/\/cecileroumiguiere.com\/wp\/wp-content\/uploads\/2017\/04\/les-fragiles-couv-196x300.jpg 196w\" sizes=\"auto, (max-width: 170px) 100vw, 170px\" \/><\/a><a href=\"http:\/\/cecileroumiguiere.com\/wp\/?p=3634\"><em>Los Fr\u00e1giles<\/em><\/a>, maintenant en Colombie et en Am\u00e9rique du Sud avec <a href=\"http:\/\/www.edicionesnorma.com\/colombia\/\">les \u00e9ditions Norma<\/a>.<\/p>\n<p>Une traduction qui m&rsquo;a emmen\u00e9e jusqu&rsquo;\u00e0 Bog\u00f3ta et sa fantastique <em>Feria del libro<\/em> en mai 2017.<\/p>\n<p><img loading=\"lazy\" decoding=\"async\" class=\"alignnone wp-image-5108\" src=\"https:\/\/cecileroumiguiere.com\/wp\/wp-content\/uploads\/2018\/02\/fragiles-bogota.jpg\" alt=\"\" width=\"372\" height=\"275\" srcset=\"https:\/\/cecileroumiguiere.com\/wp\/wp-content\/uploads\/2018\/02\/fragiles-bogota.jpg 766w, https:\/\/cecileroumiguiere.com\/wp\/wp-content\/uploads\/2018\/02\/fragiles-bogota-300x222.jpg 300w, https:\/\/cecileroumiguiere.com\/wp\/wp-content\/uploads\/2018\/02\/fragiles-bogota-700x518.jpg 700w\" sizes=\"auto, (max-width: 372px) 100vw, 372px\" \/><\/p>\n","protected":false},"excerpt":{"rendered":"<p>Roman Exprim \u00b7 Sarbacane\u00a0\u00b7 avril 2016 Je m&rsquo;appelle Drew. Drew Castan, dix-sept ans, toutes mes dents. Drew, Drew Castan&#8230; Arr\u00eate, Drew ! La temp\u00eate, les images. Faut les bloquer. Des bulles acides. Les crever. Je voudrais vomir. J\u2019ai envie de vomir depuis l\u2019\u00e2ge de neuf ans, depuis ce jour o\u00f9 mon p\u00e8re a lanc\u00e9 ce \u00ab sale n\u00e8gre \u00bb par la vitre de la camionnette. Pas son premier \u00ab sale n\u00e8gre \u00bb, mais ce jour-l\u00e0, le n\u00e8gre, c\u2019\u00e9tait Ernest, le gardien du stade. Ernest qui m\u2019encourageait tous les mercredis depuis deux ans chaque fois que je flanchais. Ce mercredi-l\u00e0, il a travers\u00e9 en dehors des clous, il aurait pas d\u00fb. (Enregistrement Europe 1, dirig\u00e9 par Esther Leneman, mai 2017) Une rencontre, un\u00a0enfant Toute une aventure autour de de ce roman\u2026 d&rsquo;abord, la rencontre d&rsquo;un enfant de neuf ans, dans une classe,\u00a0un jour d&rsquo;automne 2013. La classe \u00e9tait attentive, les enfants avaient tous lu Pablo de La Courneuve, on parlait du racisme, je disais \u00e0 quel point je trouvais \u00e7a b\u00eate, le racisme. Et un enfant m&rsquo;a interrompue. Le visage cramoisi par l&rsquo;\u00e9motion, par la conscience de la transgression, il a lev\u00e9 le doigt et a parl\u00e9 en m\u00eame temps : \u00ab Mais moi, Madame, mon p\u00e8re il est raciste. \u00bb Je me suis rarement trouv\u00e9e aussi d\u00e9munie devant un enfant. J&rsquo;ai pataug\u00e9 : c&rsquo;est le racisme que je trouvais b\u00eate, pas son p\u00e8re et\u2026 un jour, s\u00fbrement, ils pourraient en parler, tous les deux, mais l\u00e0\u2026 Oui, d\u00e9sarm\u00e9e, d\u00e9stabilis\u00e9e, toutes\u00a0mes\u00a0certitudes pulv\u00e9ris\u00e9es. Et le roman, d\u00e9j\u00e0, surgissait : que pouvait devenir un enfant dont les valeurs sont \u00e0 ce point \u00e9cartel\u00e9es entre l&rsquo;apprentissage du \u201cvivre ensemble\u201d \u00e0 l&rsquo;\u00e9cole la\u00efque et un p\u00e8re qui ass\u00e8ne le contraire tous les jours \u00e0 la maison ? Un personnage naissait, un adolescent, un funambule pos\u00e9 sur une ligne de vie incertaine\u2026 Bien s\u00fbr, je n&rsquo;ai pas voulu raconter la vie\u00a0de cet enfant-l\u00e0, celui qui ce jour-l\u00e0 m&rsquo;a boulevers\u00e9e, son histoire lui appartient. Mais \u00e0 partir de ses mots, de son cri, j&rsquo;ai voulu inventer un personnage qui grandirait dans ce trouble,\u00a0cette confusion des valeurs. Et Drew est n\u00e9. Son p\u00e8re avec lui, sa m\u00e8re, et tr\u00e8s vite, cette fille, une autre funambule de la vie, Sky. Une rencontre, un \u00e9diteur Aventure aussi du c\u00f4t\u00e9 de l&rsquo;\u00e9ditorial\u2026 Il y a longtemps que je regardais du c\u00f4t\u00e9 des\u00a0romans Exprim, que j&rsquo;en lisais. Mais pour des tas de raisons, je n&rsquo;avais jamais propos\u00e9 de\u00a0manuscrit \u00e0 Tibo B\u00e9rard, \u201cMonsieur Exprim\u201d. Jusqu&rsquo;\u00e0 ce salon d&rsquo;Aubagne, ce m\u00eame hiver 2013, o\u00f9 j&rsquo;ai assist\u00e9 \u00e0 une conf\u00e9rence de Tibo avec Axl Cendres. Ils parlaient de leur fa\u00e7on de travailler ensemble, une complicit\u00e9 \u00e9ditoriale qui m&rsquo;a bluff\u00e9e, que je voulais exp\u00e9rimenter. Restait \u00e0 \u00e9crire l&rsquo;histoire de Drew, et \u00e0 ce qu&rsquo;elle plaise \u00e0 Tibo. La rencontre a eu lieu entre Tibo et Drew. Alors on a avanc\u00e9, ensemble, vers l&rsquo;aboutissement de ce\u00a0roman. Du travail, des interrogations, des remises en question, pour un roman dont je suis fi\u00e8re. Une histoire au sujet complexe, lourd, mais qui est surtout\u00a0une histoire d&rsquo;amour et d&rsquo;amiti\u00e9 entre deux adolescents, des \u00eatres vuln\u00e9rables, des\u2026 fragiles. En Colombie et en Am\u00e9rique du Sud Los Fr\u00e1giles, maintenant en Colombie et en Am\u00e9rique du Sud avec les \u00e9ditions Norma. Une traduction qui m&rsquo;a emmen\u00e9e jusqu&rsquo;\u00e0 Bog\u00f3ta et sa fantastique Feria del libro en mai 2017.<\/p>\n","protected":false},"author":1,"featured_media":2912,"parent":236,"menu_order":0,"comment_status":"closed","ping_status":"closed","template":"","meta":{"footnotes":""},"class_list":["post-2911","page","type-page","status-publish","has-post-thumbnail","hentry"],"_links":{"self":[{"href":"https:\/\/cecileroumiguiere.com\/wp\/index.php?rest_route=\/wp\/v2\/pages\/2911","targetHints":{"allow":["GET"]}}],"collection":[{"href":"https:\/\/cecileroumiguiere.com\/wp\/index.php?rest_route=\/wp\/v2\/pages"}],"about":[{"href":"https:\/\/cecileroumiguiere.com\/wp\/index.php?rest_route=\/wp\/v2\/types\/page"}],"author":[{"embeddable":true,"href":"https:\/\/cecileroumiguiere.com\/wp\/index.php?rest_route=\/wp\/v2\/users\/1"}],"replies":[{"embeddable":true,"href":"https:\/\/cecileroumiguiere.com\/wp\/index.php?rest_route=%2Fwp%2Fv2%2Fcomments&post=2911"}],"version-history":[{"count":31,"href":"https:\/\/cecileroumiguiere.com\/wp\/index.php?rest_route=\/wp\/v2\/pages\/2911\/revisions"}],"predecessor-version":[{"id":7842,"href":"https:\/\/cecileroumiguiere.com\/wp\/index.php?rest_route=\/wp\/v2\/pages\/2911\/revisions\/7842"}],"up":[{"embeddable":true,"href":"https:\/\/cecileroumiguiere.com\/wp\/index.php?rest_route=\/wp\/v2\/pages\/236"}],"wp:featuredmedia":[{"embeddable":true,"href":"https:\/\/cecileroumiguiere.com\/wp\/index.php?rest_route=\/wp\/v2\/media\/2912"}],"wp:attachment":[{"href":"https:\/\/cecileroumiguiere.com\/wp\/index.php?rest_route=%2Fwp%2Fv2%2Fmedia&parent=2911"}],"curies":[{"name":"wp","href":"https:\/\/api.w.org\/{rel}","templated":true}]}}