{"id":295,"date":"2013-11-03T23:08:25","date_gmt":"2013-11-03T22:08:25","guid":{"rendered":"http:\/\/cecileroumiguiere.com\/wp\/?page_id=295"},"modified":"2024-07-25T14:27:00","modified_gmt":"2024-07-25T13:27:00","slug":"epuises","status":"publish","type":"page","link":"https:\/\/cecileroumiguiere.com\/wp\/?page_id=295","title":{"rendered":"\u00c0 l&rsquo;ombre du tilleul"},"content":{"rendered":"<h4 style=\"text-align: right;\">Illustrations de Sacha Poliakova<br \/>\nParution septembre 2005 \u00b7\u00a0<strong>Gautier-Languereau (\u00e9puis\u00e9)<\/strong><\/h4>\n<p>Samuel r\u00eave sous le tilleul, les vacances sont finies. Demain, il rentre chez lui. Il doit laisser\u00a0sa grand-m\u00e8re Magda et retourner \u00e0 l\u2019\u00e9cole. Le tilleul perdra ses feuilles, les bourgeons pousseront, puis les feuilles sortiront et enfin il retrouvera l&rsquo;\u00e9t\u00e9 et grand-m\u00e8re Magda. Dans cette boucle du temps, la tendresse et la po\u00e9sie affleurent. Les magnifiques illustrations de Sacha\u00a0Poliakova, toutes en finesse et en humour, donnent une multiplicit\u00e9 de lectures \u00e0\u00a0cette histoire.<\/p>\n<div>\u2022 Traduction en cor\u00e9en\u00a0chez\u00a0Korea Hemingway.<\/div>\n<div>\n<p>Prix Octogones 2005, cat\u00e9gorie\u00a0<em>comptine-po\u00e9sie \u00b7\u00a0<\/em>Coup de c\u0153ur\u00a0Ricochet\u00a0\u00b7\u00a0Chronique\u00a0Sitartmag\u00a0\u00b7\u00a0S\u00e9lection\u00a0Choisir un livre\u00a0oct. 2005 \u00b7\u00a0Nomm\u00e9 \u201cPrix litt\u00e9raire des enfants de l&rsquo;Est\u00e9rel\u201d 2006\u2026<img loading=\"lazy\" decoding=\"async\" class=\"wp-image-896 alignright\" src=\"http:\/\/cecileroumiguiere.com\/wp\/wp-content\/uploads\/2013\/11\/maternelles.jpg\" alt=\"maternelles\" width=\"85\" height=\"76\" \/><\/p>\n<p style=\"text-align: right;\">\u2022 Chronique\u00a0<a href=\"http:\/\/les-maternelles.france5.fr\/\" rel=\"self\">\u201cLes Maternelles\u201d<\/a>\u00a0France 5, janvier 2006<\/p>\n<\/div>\n<p>&nbsp;<\/p>\n","protected":false},"excerpt":{"rendered":"<p>Illustrations de Sacha Poliakova Parution septembre 2005 \u00b7\u00a0Gautier-Languereau (\u00e9puis\u00e9) Samuel r\u00eave sous le tilleul, les vacances sont finies. Demain, il rentre chez lui. Il doit laisser\u00a0sa grand-m\u00e8re Magda et retourner \u00e0 l\u2019\u00e9cole. Le tilleul perdra ses feuilles, les bourgeons pousseront, puis les feuilles sortiront et enfin il retrouvera l&rsquo;\u00e9t\u00e9 et grand-m\u00e8re Magda. Dans cette boucle du temps, la tendresse et la po\u00e9sie affleurent. Les magnifiques illustrations de Sacha\u00a0Poliakova, toutes en finesse et en humour, donnent une multiplicit\u00e9 de lectures \u00e0\u00a0cette histoire. \u2022 Traduction en cor\u00e9en\u00a0chez\u00a0Korea Hemingway. Prix Octogones 2005, cat\u00e9gorie\u00a0comptine-po\u00e9sie \u00b7\u00a0Coup de c\u0153ur\u00a0Ricochet\u00a0\u00b7\u00a0Chronique\u00a0Sitartmag\u00a0\u00b7\u00a0S\u00e9lection\u00a0Choisir un livre\u00a0oct. 2005 \u00b7\u00a0Nomm\u00e9 \u201cPrix litt\u00e9raire des enfants de l&rsquo;Est\u00e9rel\u201d 2006\u2026 \u2022 Chronique\u00a0\u201cLes Maternelles\u201d\u00a0France 5, janvier 2006 &nbsp;<\/p>\n","protected":false},"author":1,"featured_media":617,"parent":292,"menu_order":3,"comment_status":"closed","ping_status":"open","template":"","meta":{"footnotes":""},"class_list":["post-295","page","type-page","status-publish","has-post-thumbnail","hentry"],"_links":{"self":[{"href":"https:\/\/cecileroumiguiere.com\/wp\/index.php?rest_route=\/wp\/v2\/pages\/295","targetHints":{"allow":["GET"]}}],"collection":[{"href":"https:\/\/cecileroumiguiere.com\/wp\/index.php?rest_route=\/wp\/v2\/pages"}],"about":[{"href":"https:\/\/cecileroumiguiere.com\/wp\/index.php?rest_route=\/wp\/v2\/types\/page"}],"author":[{"embeddable":true,"href":"https:\/\/cecileroumiguiere.com\/wp\/index.php?rest_route=\/wp\/v2\/users\/1"}],"replies":[{"embeddable":true,"href":"https:\/\/cecileroumiguiere.com\/wp\/index.php?rest_route=%2Fwp%2Fv2%2Fcomments&post=295"}],"version-history":[{"count":17,"href":"https:\/\/cecileroumiguiere.com\/wp\/index.php?rest_route=\/wp\/v2\/pages\/295\/revisions"}],"predecessor-version":[{"id":7898,"href":"https:\/\/cecileroumiguiere.com\/wp\/index.php?rest_route=\/wp\/v2\/pages\/295\/revisions\/7898"}],"up":[{"embeddable":true,"href":"https:\/\/cecileroumiguiere.com\/wp\/index.php?rest_route=\/wp\/v2\/pages\/292"}],"wp:featuredmedia":[{"embeddable":true,"href":"https:\/\/cecileroumiguiere.com\/wp\/index.php?rest_route=\/wp\/v2\/media\/617"}],"wp:attachment":[{"href":"https:\/\/cecileroumiguiere.com\/wp\/index.php?rest_route=%2Fwp%2Fv2%2Fmedia&parent=295"}],"curies":[{"name":"wp","href":"https:\/\/api.w.org\/{rel}","templated":true}]}}