{"id":299,"date":"2013-11-03T23:14:50","date_gmt":"2013-11-03T22:14:50","guid":{"rendered":"http:\/\/cecileroumiguiere.com\/wp\/?page_id=299"},"modified":"2020-06-05T09:07:01","modified_gmt":"2020-06-05T08:07:01","slug":"presse","status":"publish","type":"page","link":"https:\/\/cecileroumiguiere.com\/wp\/?page_id=299","title":{"rendered":"Publications presse"},"content":{"rendered":"<h4 style=\"text-align: right;\">Illustrations\u00a0de Olivier Desvaux<br \/>\nParu dans le\u00a0<a href=\"https:\/\/www.groupebayard.com\/fr\/explorer-nos-activites\/presse\/#presse-jeunesse\"><em><strong>DLire<\/strong><\/em><\/a>\u00a0d\u2019avril 2008 \u00b7\u00a0<strong><a href=\"http:\/\/www.bayard-jeunesse.com\">Bayard presse<\/a><br \/>\n<\/strong>R\u00e9\u00e9dition dans le\u00a0<em><strong>J&rsquo;aime lire plus<\/strong><\/em>\u00a0(sept. 2011) \u00b7\u00a0<a href=\"http:\/\/www.bayard-jeunesse.com\"><strong>Bayard presse<\/strong><\/a><\/h4>\n<blockquote><p><a href=\"http:\/\/cecileroumiguiere.com\/wp\/wp-content\/uploads\/2013\/11\/prisonniers-futur.jpg\"><img loading=\"lazy\" decoding=\"async\" class=\"wp-image-304 alignleft\" src=\"http:\/\/cecileroumiguiere.com\/wp\/wp-content\/uploads\/2013\/11\/prisonniers-futur.jpg\" alt=\"prisonniers-futur\" width=\"277\" height=\"372\" srcset=\"https:\/\/cecileroumiguiere.com\/wp\/wp-content\/uploads\/2013\/11\/prisonniers-futur.jpg 395w, https:\/\/cecileroumiguiere.com\/wp\/wp-content\/uploads\/2013\/11\/prisonniers-futur-223x300.jpg 223w\" sizes=\"auto, (max-width: 277px) 100vw, 277px\" \/><\/a>\u00c0 \u00eatre trop curieux, on risque gros\u2026<br \/>\n\u2014 Vincent, ta curiosit\u00e9 te perdra\u00a0\u00bb, c\u2019est ce que sort toujours son p\u00e8re.<br \/>\n\u2014 Mon ch\u00e9ri, la curiosit\u00e9 est essentielle \u00e0 la vie\u00a0\u00bb, c\u2019est ce que r\u00e9pond sa m\u00e8re. Il faut dire qu\u2019elle est chercheuse en physique fondamentale, alors, la curiosit\u00e9, c\u2019est son m\u00e9tier\u2026 Depuis des semaines, le menu est le m\u00eame\u00a0: nouilles et pizzas surgel\u00e9es en t\u00eate \u00e0 t\u00eate avec son p\u00e8re. Sa m\u00e8re rentre tard, bien apr\u00e8s le d\u00eener, et elle reste muette sur ses exp\u00e9riences, m\u00eame quand Vincent lui demande sur quoi elle travaille.<br \/>\nElle, si bavarde d\u2019habitude\u2026 \u00c7a cache quelque chose.<\/p><\/blockquote>\n<p>Un voyage dans le futur, \u00e0 la recherche de la libert\u00e9\u2026<\/p>\n","protected":false},"excerpt":{"rendered":"<p>Illustrations\u00a0de Olivier Desvaux Paru dans le\u00a0DLire\u00a0d\u2019avril 2008 \u00b7\u00a0Bayard presse R\u00e9\u00e9dition dans le\u00a0J&rsquo;aime lire plus\u00a0(sept. 2011) \u00b7\u00a0Bayard presse \u00c0 \u00eatre trop curieux, on risque gros\u2026 \u2014 Vincent, ta curiosit\u00e9 te perdra\u00a0\u00bb, c\u2019est ce que sort toujours son p\u00e8re. \u2014 Mon ch\u00e9ri, la curiosit\u00e9 est essentielle \u00e0 la vie\u00a0\u00bb, c\u2019est ce que r\u00e9pond sa m\u00e8re. Il faut dire qu\u2019elle est chercheuse en physique fondamentale, alors, la curiosit\u00e9, c\u2019est son m\u00e9tier\u2026 Depuis des semaines, le menu est le m\u00eame\u00a0: nouilles et pizzas surgel\u00e9es en t\u00eate \u00e0 t\u00eate avec son p\u00e8re. Sa m\u00e8re rentre tard, bien apr\u00e8s le d\u00eener, et elle reste muette sur ses exp\u00e9riences, m\u00eame quand Vincent lui demande sur quoi elle travaille. Elle, si bavarde d\u2019habitude\u2026 \u00c7a cache quelque chose. Un voyage dans le futur, \u00e0 la recherche de la libert\u00e9\u2026<\/p>\n","protected":false},"author":1,"featured_media":300,"parent":292,"menu_order":0,"comment_status":"closed","ping_status":"open","template":"","meta":{"footnotes":""},"class_list":["post-299","page","type-page","status-publish","has-post-thumbnail","hentry"],"_links":{"self":[{"href":"https:\/\/cecileroumiguiere.com\/wp\/index.php?rest_route=\/wp\/v2\/pages\/299","targetHints":{"allow":["GET"]}}],"collection":[{"href":"https:\/\/cecileroumiguiere.com\/wp\/index.php?rest_route=\/wp\/v2\/pages"}],"about":[{"href":"https:\/\/cecileroumiguiere.com\/wp\/index.php?rest_route=\/wp\/v2\/types\/page"}],"author":[{"embeddable":true,"href":"https:\/\/cecileroumiguiere.com\/wp\/index.php?rest_route=\/wp\/v2\/users\/1"}],"replies":[{"embeddable":true,"href":"https:\/\/cecileroumiguiere.com\/wp\/index.php?rest_route=%2Fwp%2Fv2%2Fcomments&post=299"}],"version-history":[{"count":8,"href":"https:\/\/cecileroumiguiere.com\/wp\/index.php?rest_route=\/wp\/v2\/pages\/299\/revisions"}],"predecessor-version":[{"id":6414,"href":"https:\/\/cecileroumiguiere.com\/wp\/index.php?rest_route=\/wp\/v2\/pages\/299\/revisions\/6414"}],"up":[{"embeddable":true,"href":"https:\/\/cecileroumiguiere.com\/wp\/index.php?rest_route=\/wp\/v2\/pages\/292"}],"wp:featuredmedia":[{"embeddable":true,"href":"https:\/\/cecileroumiguiere.com\/wp\/index.php?rest_route=\/wp\/v2\/media\/300"}],"wp:attachment":[{"href":"https:\/\/cecileroumiguiere.com\/wp\/index.php?rest_route=%2Fwp%2Fv2%2Fmedia&parent=299"}],"curies":[{"name":"wp","href":"https:\/\/api.w.org\/{rel}","templated":true}]}}