{"id":3129,"date":"2016-08-28T15:13:36","date_gmt":"2016-08-28T14:13:36","guid":{"rendered":"http:\/\/cecileroumiguiere.com\/wp\/?page_id=3129"},"modified":"2024-07-24T13:35:31","modified_gmt":"2024-07-24T12:35:31","slug":"lecole-du-desert-reedition-2016","status":"publish","type":"page","link":"https:\/\/cecileroumiguiere.com\/wp\/?page_id=3129","title":{"rendered":"L\u2019\u00e9cole du d\u00e9sert, r\u00e9\u00e9dition 2016"},"content":{"rendered":"<h4 style=\"text-align: right;\">Illustrations de\u00a0<a href=\"https:\/\/www.instagram.com\/mariecaudry\/\">Marie Caudry<\/a><a href=\"http:\/\/c.delvaux.free.fr\/\" rel=\"self\"><br \/>\n<\/a><a href=\"http:\/\/www.jeunesse.magnard.fr\/livre\/9782210962224-lecole-du-desert\">Magnard jeunesse<\/a>\u00a0\u00b7 ao\u00fbt 2016<\/h4>\n<p>Douze\u00a0ans apr\u00e8s sa publication, <a href=\"http:\/\/cecileroumiguiere.com\/wp\/?page_id=369\"><em>L\u2019\u00e9cole du d\u00e9sert<\/em><\/a>, mon premier livre, change de visage.\u00a0Magnard, son\u00a0\u00e9diteur,\u00a0fait peau neuve et\u00a0a d\u00e9cid\u00e9 de le\u00a0r\u00e9\u00e9diter\u00a0avec de nouvelles illustrations. Noura prend donc un autre\u00a0visage avec\u00a0le superbe univers\u00a0de\u00a0<a href=\"https:\/\/www.instagram.com\/mariecaudry\/\">Marie Caudry<\/a>. Elle reste cette enfant bien d\u00e9cid\u00e9e \u00e0 suivre son propre chemin et \u00e0 aller \u00e0 l\u2019\u00e9cole, pour apprendre \u00e0 apprendre et choisir elle-m\u00eame son avenir.<br \/>\nEt cette nouvelle publication\u00a0pourrait bien donner naissance \u00e0 une suite, qui sait ? <em>Et si Noura\u2026<\/em> Affaire \u00e0 suivre.<\/p>\n<h1>L&rsquo;histoire de Noura<\/h1>\n<p style=\"text-align: left;\">Pour en savoir plus sur l&rsquo;histoire de Noura, <a href=\"http:\/\/cecileroumiguiere.com\/wp\/?page_id=369\">aller sur la page de <em>L\u2019\u00e9cole du d\u00e9sert<\/em> 2004.<\/a><a href=\"http:\/\/cecileroumiguiere.com\/wp\/?page_id=369\"><img loading=\"lazy\" decoding=\"async\" class=\"alignleft wp-image-128 size-full\" src=\"https:\/\/cecileroumiguiere.com\/wp\/wp-content\/uploads\/2013\/10\/ecoledesertune.jpg\" alt=\"\" width=\"142\" height=\"208\" \/><\/a><\/p>\n<h1>Noura sur l&rsquo;\u00eele d&rsquo;Aix<\/h1>\n<p>Juin 2017, sur la route\u2026 sur une \u00eele, l&rsquo;\u00eele d&rsquo;Aix, rencontre avec des enfants qui ont \u00e9crit la suite de L&rsquo;\u00e9cole du d\u00e9sert. Merci \u00e0 eux !<\/p>\n<p><a href=\"https:\/\/cecileroumiguiere.com\/wp\/wp-content\/uploads\/2016\/08\/L\u00e9cole-du-d\u00e9sert-Chap.-8-et-\u00e9pilogue-\u00e9crit-avec-les-CM2B-de-Puilboreau.pdf\">L&rsquo;\u00e9cole du d\u00e9sert &#8211; Chap. 8 et \u00e9pilogue \u00e9crit avec les CM2B de Puilboreau<\/a><\/p>\n<h1>Pourquoi des enfants ne vont pas \u00e0 l&rsquo;\u00e9cole ?<\/h1>\n<p><a href=\"\/wp\/?page_id=375\">L&rsquo;\u00e9cole, un droit ! Cliquez sur l&rsquo;image\u2026<\/a><a href=\"\/wp\/?page_id=375\"><img loading=\"lazy\" decoding=\"async\" class=\"aligncenter wp-image-4894\" src=\"https:\/\/cecileroumiguiere.com\/wp\/wp-content\/uploads\/2018\/02\/ecole-maroc.jpg\" alt=\"\" width=\"229\" height=\"155\" srcset=\"https:\/\/cecileroumiguiere.com\/wp\/wp-content\/uploads\/2018\/02\/ecole-maroc.jpg 835w, https:\/\/cecileroumiguiere.com\/wp\/wp-content\/uploads\/2018\/02\/ecole-maroc-300x204.jpg 300w, https:\/\/cecileroumiguiere.com\/wp\/wp-content\/uploads\/2018\/02\/ecole-maroc-768x522.jpg 768w, https:\/\/cecileroumiguiere.com\/wp\/wp-content\/uploads\/2018\/02\/ecole-maroc-700x475.jpg 700w\" sizes=\"auto, (max-width: 229px) 100vw, 229px\" \/><\/a><\/p>\n","protected":false},"excerpt":{"rendered":"<p>Illustrations de\u00a0Marie Caudry Magnard jeunesse\u00a0\u00b7 ao\u00fbt 2016 Douze\u00a0ans apr\u00e8s sa publication, L\u2019\u00e9cole du d\u00e9sert, mon premier livre, change de visage.\u00a0Magnard, son\u00a0\u00e9diteur,\u00a0fait peau neuve et\u00a0a d\u00e9cid\u00e9 de le\u00a0r\u00e9\u00e9diter\u00a0avec de nouvelles illustrations. Noura prend donc un autre\u00a0visage avec\u00a0le superbe univers\u00a0de\u00a0Marie Caudry. Elle reste cette enfant bien d\u00e9cid\u00e9e \u00e0 suivre son propre chemin et \u00e0 aller \u00e0 l\u2019\u00e9cole, pour apprendre \u00e0 apprendre et choisir elle-m\u00eame son avenir. Et cette nouvelle publication\u00a0pourrait bien donner naissance \u00e0 une suite, qui sait ? Et si Noura\u2026 Affaire \u00e0 suivre. L&rsquo;histoire de Noura Pour en savoir plus sur l&rsquo;histoire de Noura, aller sur la page de L\u2019\u00e9cole du d\u00e9sert 2004. Noura sur l&rsquo;\u00eele d&rsquo;Aix Juin 2017, sur la route\u2026 sur une \u00eele, l&rsquo;\u00eele d&rsquo;Aix, rencontre avec des enfants qui ont \u00e9crit la suite de L&rsquo;\u00e9cole du d\u00e9sert. Merci \u00e0 eux ! L&rsquo;\u00e9cole du d\u00e9sert &#8211; Chap. 8 et \u00e9pilogue \u00e9crit avec les CM2B de Puilboreau Pourquoi des enfants ne vont pas \u00e0 l&rsquo;\u00e9cole ? L&rsquo;\u00e9cole, un droit ! Cliquez sur l&rsquo;image\u2026<\/p>\n","protected":false},"author":1,"featured_media":3131,"parent":0,"menu_order":0,"comment_status":"closed","ping_status":"closed","template":"","meta":{"footnotes":""},"class_list":["post-3129","page","type-page","status-publish","has-post-thumbnail","hentry"],"_links":{"self":[{"href":"https:\/\/cecileroumiguiere.com\/wp\/index.php?rest_route=\/wp\/v2\/pages\/3129","targetHints":{"allow":["GET"]}}],"collection":[{"href":"https:\/\/cecileroumiguiere.com\/wp\/index.php?rest_route=\/wp\/v2\/pages"}],"about":[{"href":"https:\/\/cecileroumiguiere.com\/wp\/index.php?rest_route=\/wp\/v2\/types\/page"}],"author":[{"embeddable":true,"href":"https:\/\/cecileroumiguiere.com\/wp\/index.php?rest_route=\/wp\/v2\/users\/1"}],"replies":[{"embeddable":true,"href":"https:\/\/cecileroumiguiere.com\/wp\/index.php?rest_route=%2Fwp%2Fv2%2Fcomments&post=3129"}],"version-history":[{"count":14,"href":"https:\/\/cecileroumiguiere.com\/wp\/index.php?rest_route=\/wp\/v2\/pages\/3129\/revisions"}],"predecessor-version":[{"id":7805,"href":"https:\/\/cecileroumiguiere.com\/wp\/index.php?rest_route=\/wp\/v2\/pages\/3129\/revisions\/7805"}],"wp:featuredmedia":[{"embeddable":true,"href":"https:\/\/cecileroumiguiere.com\/wp\/index.php?rest_route=\/wp\/v2\/media\/3131"}],"wp:attachment":[{"href":"https:\/\/cecileroumiguiere.com\/wp\/index.php?rest_route=%2Fwp%2Fv2%2Fmedia&parent=3129"}],"curies":[{"name":"wp","href":"https:\/\/api.w.org\/{rel}","templated":true}]}}