{"id":3192,"date":"2016-10-09T17:57:33","date_gmt":"2016-10-09T16:57:33","guid":{"rendered":"http:\/\/cecileroumiguiere.com\/wp\/?page_id=3192"},"modified":"2018-02-11T16:31:54","modified_gmt":"2018-02-11T15:31:54","slug":"dans-le-ventre-de-la-terre","status":"publish","type":"page","link":"https:\/\/cecileroumiguiere.com\/wp\/?page_id=3192","title":{"rendered":"Dans le ventre de la Terre"},"content":{"rendered":"<h3 style=\"text-align: right;\">Un album illustr\u00e9 par\u00a0<a href=\"http:\/\/fannyducasse.blogspot.fr\">Fanny Ducass\u00e9<\/a>,<br \/>\n<a href=\"http:\/\/www.seuil.com\/thematique\/jeunesse-349\">Le Seuil<\/a>, octobre\u00a02016<\/h3>\n<blockquote><p>Dans le ventre de la Terre, il y a un enfant. Minuscule. Oubli\u00e9\u00a0?<br \/>\nIl dort beaucoup. Ses cheveux lui font un oreiller, ses pieds caressent la mousse du rocher.<br \/>\nD\u2019abord point en suspension, il se meut, se tourne, valse sur lui-m\u00eame entre les parois sombres. Et devient multiplication. Il devient tissage, un fil apr\u00e8s l\u2019autre, il s\u2019\u00e9tend, il cro\u00eet.<br \/>\nBient\u00f4t, des bouts de lui effleurent la paroi.<br \/>\nDans le ventre de la Terre, l\u2019enfant grandit. Ni jour ni nuit \u00e0 compter, seulement les tours de cette grotte, cette caverne, o\u00f9 il flotte, seul, et se met \u00e0 r\u00eaver.<\/p><\/blockquote>\n<p><img loading=\"lazy\" decoding=\"async\" class=\"wp-image-3197 alignright\" src=\"http:\/\/cecileroumiguiere.com\/wp\/wp-content\/uploads\/2016\/10\/ventre-bulbes.jpg\" alt=\"ventre-bulbes\" width=\"303\" height=\"306\" srcset=\"https:\/\/cecileroumiguiere.com\/wp\/wp-content\/uploads\/2016\/10\/ventre-bulbes.jpg 561w, https:\/\/cecileroumiguiere.com\/wp\/wp-content\/uploads\/2016\/10\/ventre-bulbes-150x150.jpg 150w, https:\/\/cecileroumiguiere.com\/wp\/wp-content\/uploads\/2016\/10\/ventre-bulbes-297x300.jpg 297w\" sizes=\"auto, (max-width: 303px) 100vw, 303px\" \/>Quelques mots. Des phrases l\u00e2ch\u00e9es sur un bout de papier, moment d&rsquo;inadvertance, quand les mots surgissent\u00a0d&rsquo;eux-m\u00eames ? Dire l&rsquo;int\u00e9rieur. Int\u00e9rieur de soi, de l&rsquo;autre, celui qu&rsquo;on porte en soi. Passer de ce regard int\u00e9rieur, intime, \u00e0 celui, ext\u00e9rieur, du devenir. Parler de la grotte, de ce ventre de la Terre comme lieu de protection ultime. Lieu d&rsquo;enfermement aussi. O\u00f9 se dessine\u00a0le fondamental\u00a0besoin\u00a0de libert\u00e9.<\/p>\n<p>Au d\u00e9part, je ne pensais pas que ces quelques lignes puissent\u00a0devenir un album. Elles auraient pu rester dans mes carnets, avec tant d&rsquo;autres. C&rsquo;est toute la magie &#8211; et le professionnalisme ! &#8211; de mon \u00e9ditrice, Ang\u00e8le Cambournac, et du Seuil d&rsquo;y avoir cru, d&rsquo;avoir port\u00e9 ce texte, d&rsquo;en avoir fait un album. D&rsquo;en avoir suivi la fabrication avec une attention sans faille.<\/p>\n<p><img loading=\"lazy\" decoding=\"async\" class=\"wp-image-3196 alignleft\" src=\"http:\/\/cecileroumiguiere.com\/wp\/wp-content\/uploads\/2016\/10\/ventre-branchages.jpg\" alt=\"ventre-branchages\" width=\"289\" height=\"292\" srcset=\"https:\/\/cecileroumiguiere.com\/wp\/wp-content\/uploads\/2016\/10\/ventre-branchages.jpg 567w, https:\/\/cecileroumiguiere.com\/wp\/wp-content\/uploads\/2016\/10\/ventre-branchages-297x300.jpg 297w\" sizes=\"auto, (max-width: 289px) 100vw, 289px\" \/>Et bien s\u00fbr d&rsquo;avoir pens\u00e9 \u00e0 l&rsquo;univers de Fanny Ducass\u00e9 pour l&rsquo;illustrer, le transcender. Magie l\u00e0 encore\u00a0et puissance des images de Fanny\u00a0qui m&rsquo;ont fait red\u00e9couvrir mes mots. Des images qui me donnent un\u00a0immense plaisir, \u00e0 chaque fois que j&rsquo;ouvre l&rsquo;album, \u00e0 relire une\u00a0histoire qui d\u00e9sormais nous appartient \u00e0 toutes les deux. Une histoire qui vous appartient \u00e0 vous, lecteurs de ce <em>Ventre de la Terre.<\/em><\/p>\n<p><em><img loading=\"lazy\" decoding=\"async\" class=\"wp-image-3202 aligncenter\" src=\"http:\/\/cecileroumiguiere.com\/wp\/wp-content\/uploads\/2016\/10\/reception-images-fin.jpg\" alt=\"reception-images-fin\" width=\"509\" height=\"382\" srcset=\"https:\/\/cecileroumiguiere.com\/wp\/wp-content\/uploads\/2016\/10\/reception-images-fin.jpg 682w, https:\/\/cecileroumiguiere.com\/wp\/wp-content\/uploads\/2016\/10\/reception-images-fin-300x225.jpg 300w\" sizes=\"auto, (max-width: 509px) 100vw, 509px\" \/><\/em><\/p>\n<p style=\"text-align: center;\"><em>\u00a9 images\u00a0Fanny Ducass\u00e9<br \/>\n\u00a9 photo Le Seuil<br \/>\n<\/em><\/p>\n","protected":false},"excerpt":{"rendered":"<p>Un album illustr\u00e9 par\u00a0Fanny Ducass\u00e9, Le Seuil, octobre\u00a02016 Dans le ventre de la Terre, il y a un enfant. Minuscule. Oubli\u00e9\u00a0? Il dort beaucoup. Ses cheveux lui font un oreiller, ses pieds caressent la mousse du rocher. D\u2019abord point en suspension, il se meut, se tourne, valse sur lui-m\u00eame entre les parois sombres. Et devient multiplication. Il devient tissage, un fil apr\u00e8s l\u2019autre, il s\u2019\u00e9tend, il cro\u00eet. Bient\u00f4t, des bouts de lui effleurent la paroi. Dans le ventre de la Terre, l\u2019enfant grandit. Ni jour ni nuit \u00e0 compter, seulement les tours de cette grotte, cette caverne, o\u00f9 il flotte, seul, et se met \u00e0 r\u00eaver. Quelques mots. Des phrases l\u00e2ch\u00e9es sur un bout de papier, moment d&rsquo;inadvertance, quand les mots surgissent\u00a0d&rsquo;eux-m\u00eames ? Dire l&rsquo;int\u00e9rieur. Int\u00e9rieur de soi, de l&rsquo;autre, celui qu&rsquo;on porte en soi. Passer de ce regard int\u00e9rieur, intime, \u00e0 celui, ext\u00e9rieur, du devenir. Parler de la grotte, de ce ventre de la Terre comme lieu de protection ultime. Lieu d&rsquo;enfermement aussi. O\u00f9 se dessine\u00a0le fondamental\u00a0besoin\u00a0de libert\u00e9. Au d\u00e9part, je ne pensais pas que ces quelques lignes puissent\u00a0devenir un album. Elles auraient pu rester dans mes carnets, avec tant d&rsquo;autres. C&rsquo;est toute la magie &#8211; et le professionnalisme ! &#8211; de mon \u00e9ditrice, Ang\u00e8le Cambournac, et du Seuil d&rsquo;y avoir cru, d&rsquo;avoir port\u00e9 ce texte, d&rsquo;en avoir fait un album. D&rsquo;en avoir suivi la fabrication avec une attention sans faille. Et bien s\u00fbr d&rsquo;avoir pens\u00e9 \u00e0 l&rsquo;univers de Fanny Ducass\u00e9 pour l&rsquo;illustrer, le transcender. Magie l\u00e0 encore\u00a0et puissance des images de Fanny\u00a0qui m&rsquo;ont fait red\u00e9couvrir mes mots. Des images qui me donnent un\u00a0immense plaisir, \u00e0 chaque fois que j&rsquo;ouvre l&rsquo;album, \u00e0 relire une\u00a0histoire qui d\u00e9sormais nous appartient \u00e0 toutes les deux. Une histoire qui vous appartient \u00e0 vous, lecteurs de ce Ventre de la Terre. \u00a9 images\u00a0Fanny Ducass\u00e9 \u00a9 photo Le Seuil<\/p>\n","protected":false},"author":1,"featured_media":3194,"parent":0,"menu_order":0,"comment_status":"closed","ping_status":"closed","template":"","meta":{"footnotes":""},"class_list":["post-3192","page","type-page","status-publish","has-post-thumbnail","hentry"],"_links":{"self":[{"href":"https:\/\/cecileroumiguiere.com\/wp\/index.php?rest_route=\/wp\/v2\/pages\/3192","targetHints":{"allow":["GET"]}}],"collection":[{"href":"https:\/\/cecileroumiguiere.com\/wp\/index.php?rest_route=\/wp\/v2\/pages"}],"about":[{"href":"https:\/\/cecileroumiguiere.com\/wp\/index.php?rest_route=\/wp\/v2\/types\/page"}],"author":[{"embeddable":true,"href":"https:\/\/cecileroumiguiere.com\/wp\/index.php?rest_route=\/wp\/v2\/users\/1"}],"replies":[{"embeddable":true,"href":"https:\/\/cecileroumiguiere.com\/wp\/index.php?rest_route=%2Fwp%2Fv2%2Fcomments&post=3192"}],"version-history":[{"count":19,"href":"https:\/\/cecileroumiguiere.com\/wp\/index.php?rest_route=\/wp\/v2\/pages\/3192\/revisions"}],"predecessor-version":[{"id":4767,"href":"https:\/\/cecileroumiguiere.com\/wp\/index.php?rest_route=\/wp\/v2\/pages\/3192\/revisions\/4767"}],"wp:featuredmedia":[{"embeddable":true,"href":"https:\/\/cecileroumiguiere.com\/wp\/index.php?rest_route=\/wp\/v2\/media\/3194"}],"wp:attachment":[{"href":"https:\/\/cecileroumiguiere.com\/wp\/index.php?rest_route=%2Fwp%2Fv2%2Fmedia&parent=3192"}],"curies":[{"name":"wp","href":"https:\/\/api.w.org\/{rel}","templated":true}]}}