{"id":333,"date":"2013-11-05T00:30:52","date_gmt":"2013-11-04T23:30:52","guid":{"rendered":"http:\/\/cecileroumiguiere.com\/wp\/?page_id=333"},"modified":"2018-02-17T01:21:15","modified_gmt":"2018-02-17T00:21:15","slug":"credits","status":"publish","type":"page","link":"https:\/\/cecileroumiguiere.com\/wp\/?page_id=333","title":{"rendered":"Cr\u00e9dits"},"content":{"rendered":"<p>Ce site a \u00e9t\u00e9 cr\u00e9\u00e9 en novembre 2013 sur WordPress, <em>relook\u00e9<\/em> en novembre 2015 \u00e0 partir du th\u00e8me <em>Hemingway<\/em> d&rsquo;<a href=\"http:\/\/www.andersnoren.se\">Anders Noren<\/a> puis sur le th\u00e8me <em>Twenty Sixteen<\/em> de WP. En f\u00e9vrier 2018, passage sur le th\u00e8me Ashe Pro de <a href=\"http:\/\/wp-royal.com\/?ref=ashe-documentation-copyright-bottom-link\">Royal-Flush<\/a>.<\/p>\n<p><img loading=\"lazy\" decoding=\"async\" class=\" wp-image-702 alignright\" src=\"http:\/\/cecileroumiguiere.com\/wp\/wp-content\/uploads\/2013\/11\/lapin_carole_antoine.jpg\" alt=\"lapin_carole_antoine\" width=\"182\" height=\"228\" srcset=\"https:\/\/cecileroumiguiere.com\/wp\/wp-content\/uploads\/2013\/11\/lapin_carole_antoine.jpg 404w, https:\/\/cecileroumiguiere.com\/wp\/wp-content\/uploads\/2013\/11\/lapin_carole_antoine-240x300.jpg 240w\" sizes=\"auto, (max-width: 182px) 100vw, 182px\" \/><\/p>\n<p>Les photos appartiennent \u00e0 leurs auteurs (merci de ne pas les reproduire sans leur accord) : Muriel Enrico, Anne Lecl\u00e8re, Am\u00e9lie Annoni, Jacques Prat-Delavi\u00e8re (le bandeau de lecture sous les lampions, le portrait dans les feuillages dessin\u00e9s par Carole Chaix, entre autres\u2026)<em>,<\/em>\u00a0Annie Falzini, Danielle Bruel, H\u00e9l\u00e8ne Delbart, Sylvain Stricanne, Laurence Nob\u00e9court et tous ceux dont j&rsquo;ai oubli\u00e9 de noter le nom\u2026 Il y a aussi des photos personnelles et des photos libres de droits.<\/p>\n<p>Sauf accord d&rsquo;adultes r\u00e9f\u00e9rents, les enfants sont le plus souvent\u00a0flous ou peu reconnaissables pour respecter leur droit \u00e0 l&rsquo;image. Si une photo vous g\u00eane, merci de le signaler, elle sera aussit\u00f4t enlev\u00e9e.<\/p>\n<p style=\"text-align: left;\">\u27a5 Le lapin dessin\u00e9 par Carole Chaix\u00a0<span style=\"line-height: 1.5;\">est photographi\u00e9 par Jacques Prat-Delavi\u00e8re.<\/span><\/p>\n<hr \/>\n<p style=\"text-align: center;\"><em>Remerciements :<\/em><br \/>\n<em> Benoit Widemann, toujours.<\/em><br \/>\n<em> Tous ceux qui m&rsquo;ont confi\u00e9 des illustrations, images et photos.<\/em><br \/>\n<em>Les libraires, biblioth\u00e9caires, enseignants, organisateurs de salons et d&rsquo;\u00e9v\u00e9nements,<br \/>\nles lecteurs\u2026<br \/>\nWordPress et mon Mac.<\/em><br \/>\n<em><span style=\"line-height: 1.5;\">Sans oublier les centaines de tasses de caf\u00e9s serr\u00e9s.<\/span><\/em><\/p>\n<hr \/>\n<p style=\"text-align: center;\">\u00a9 c\u00e9cile roumigui\u00e8re 2013\/2015\/2018<\/p>\n<p>&nbsp;<\/p>\n","protected":false},"excerpt":{"rendered":"<p>Ce site a \u00e9t\u00e9 cr\u00e9\u00e9 en novembre 2013 sur WordPress, relook\u00e9 en novembre 2015 \u00e0 partir du th\u00e8me Hemingway d&rsquo;Anders Noren puis sur le th\u00e8me Twenty Sixteen de WP. En f\u00e9vrier 2018, passage sur le th\u00e8me Ashe Pro de Royal-Flush. Les photos appartiennent \u00e0 leurs auteurs (merci de ne pas les reproduire sans leur accord) : Muriel Enrico, Anne Lecl\u00e8re, Am\u00e9lie Annoni, Jacques Prat-Delavi\u00e8re (le bandeau de lecture sous les lampions, le portrait dans les feuillages dessin\u00e9s par Carole Chaix, entre autres\u2026),\u00a0Annie Falzini, Danielle Bruel, H\u00e9l\u00e8ne Delbart, Sylvain Stricanne, Laurence Nob\u00e9court et tous ceux dont j&rsquo;ai oubli\u00e9 de noter le nom\u2026 Il y a aussi des photos personnelles et des photos libres de droits. Sauf accord d&rsquo;adultes r\u00e9f\u00e9rents, les enfants sont le plus souvent\u00a0flous ou peu reconnaissables pour respecter leur droit \u00e0 l&rsquo;image. Si une photo vous g\u00eane, merci de le signaler, elle sera aussit\u00f4t enlev\u00e9e. \u27a5 Le lapin dessin\u00e9 par Carole Chaix\u00a0est photographi\u00e9 par Jacques Prat-Delavi\u00e8re. Remerciements : Benoit Widemann, toujours. Tous ceux qui m&rsquo;ont confi\u00e9 des illustrations, images et photos. Les libraires, biblioth\u00e9caires, enseignants, organisateurs de salons et d&rsquo;\u00e9v\u00e9nements, les lecteurs\u2026 WordPress et mon Mac. Sans oublier les centaines de tasses de caf\u00e9s serr\u00e9s. \u00a9 c\u00e9cile roumigui\u00e8re 2013\/2015\/2018 &nbsp;<\/p>\n","protected":false},"author":1,"featured_media":0,"parent":185,"menu_order":0,"comment_status":"closed","ping_status":"open","template":"","meta":{"footnotes":""},"class_list":["post-333","page","type-page","status-publish","hentry"],"_links":{"self":[{"href":"https:\/\/cecileroumiguiere.com\/wp\/index.php?rest_route=\/wp\/v2\/pages\/333","targetHints":{"allow":["GET"]}}],"collection":[{"href":"https:\/\/cecileroumiguiere.com\/wp\/index.php?rest_route=\/wp\/v2\/pages"}],"about":[{"href":"https:\/\/cecileroumiguiere.com\/wp\/index.php?rest_route=\/wp\/v2\/types\/page"}],"author":[{"embeddable":true,"href":"https:\/\/cecileroumiguiere.com\/wp\/index.php?rest_route=\/wp\/v2\/users\/1"}],"replies":[{"embeddable":true,"href":"https:\/\/cecileroumiguiere.com\/wp\/index.php?rest_route=%2Fwp%2Fv2%2Fcomments&post=333"}],"version-history":[{"count":48,"href":"https:\/\/cecileroumiguiere.com\/wp\/index.php?rest_route=\/wp\/v2\/pages\/333\/revisions"}],"predecessor-version":[{"id":5111,"href":"https:\/\/cecileroumiguiere.com\/wp\/index.php?rest_route=\/wp\/v2\/pages\/333\/revisions\/5111"}],"up":[{"embeddable":true,"href":"https:\/\/cecileroumiguiere.com\/wp\/index.php?rest_route=\/wp\/v2\/pages\/185"}],"wp:attachment":[{"href":"https:\/\/cecileroumiguiere.com\/wp\/index.php?rest_route=%2Fwp%2Fv2%2Fmedia&parent=333"}],"curies":[{"name":"wp","href":"https:\/\/api.w.org\/{rel}","templated":true}]}}