{"id":3426,"date":"2017-03-19T23:43:26","date_gmt":"2017-03-19T22:43:26","guid":{"rendered":"http:\/\/cecileroumiguiere.com\/wp\/?page_id=3426"},"modified":"2020-06-05T09:04:59","modified_gmt":"2020-06-05T08:04:59","slug":"mon-pere-est-un-prince","status":"publish","type":"page","link":"https:\/\/cecileroumiguiere.com\/wp\/?page_id=3426","title":{"rendered":"Mon p\u00e8re est un prince"},"content":{"rendered":"<h4 style=\"text-align: right;\">Illustrations de\u00a0<a href=\"http:\/\/carolechaix.com\">Carole Chaix<\/a><a href=\"http:\/\/c.delvaux.free.fr\/\" rel=\"self\"><br \/>\n<\/a><a href=\"https:\/\/apasdeloups.com\/\">\u00c0 pas de loups<\/a>\u00a0\u00b7 mars\u00a02017<\/h4>\n<p>Pas facile, \u00e0 dix ans, de d\u00e9m\u00e9nager \u00e0 l&rsquo;autre bout du pays\u2026\u00a0Se retrouver dans un nouveau\u00a0CM2\u00a0face \u00e0 des filles plut\u00f4t pimb\u00eaches\u2026 Non, pas facile de se faire de nouveaux amis. Mais quand Colombine, la populaire de la classe, lui demande ce que fait son p\u00e8re, Violette ne se d\u00e9monte pas, elle s&rsquo;invente une vie et\u2026 les ennuis qui vont avec.<\/p>\n<p>Heureusement, chez elle, il y a\u00a0Bernard, le chaton au pelage si doux, et au fond, tout au fond de la classe, un peu r\u00eaveur, un peu comme elle, il y a un <em>paKoml\u00e9z\u00f4tres<\/em>\u2026 au fond de la classe, il y a Marco.<\/p>\n<blockquote><p>\u2014 Mon p\u00e8re est un prince.<br \/>\nC\u2019est ce que j\u2019ai r\u00e9pondu \u00e0 cette imb\u00e9cile de Colombine quand elle m\u2019a demand\u00e9\u00a0:<br \/>\n\u2014 Il fait quo\u00e2\u00e2\u00e2, ton p\u00e8re, comme m\u00e9tier\u00a0?<br \/>\nNon mais qu\u2019est-ce que \u00e7a peut bien lui faire, \u00e0 cette nouille, que mon p\u00e8re soit assureur, plombier ou grand sorcier\u00a0? Et ma m\u00e8re, pourquoi elle ne m\u2019a pas demand\u00e9 ce qu\u2019elle faisait\u00a0? J\u2019aurais pu lui r\u00e9pondre des m\u00e9tiers qu\u2019elle n\u2019imagine m\u00eame pas, comme marieuse de gnous ou r\u00e9pareuse de fus\u00e9es intersid\u00e9rales. Bizarrement, il n\u2019y a que le m\u00e9tier de mon p\u00e8re qui l\u2019int\u00e9resse.\u00a0\u2026<\/p><\/blockquote>\n<pre><span style=\"color: #99cc00;\">Info pour initi\u00e9s\u2026<\/span>\n\nLa d\u00e9dicace aux <em>blue Cerises<\/em> mettra peut-\u00eatre la puce \u00e0 l'oreille de certains lecteurs. Violette\u2026 Violette, mais bien s\u00fbr, Violette ! La blue Cerise de seize ans en a dix, sa grand-m\u00e8re Yaya Conception vient de mourir, sa famille d\u00e9m\u00e9nage\u2026 bient\u00f4t, elle rencontrera Zik, Amos et bien plus tard, Satya.\u00a0L'aventure avant l'aventure d'une fille paKoml\u00e9z\u00f4tres\u2026<\/pre>\n","protected":false},"excerpt":{"rendered":"<p>Illustrations de\u00a0Carole Chaix \u00c0 pas de loups\u00a0\u00b7 mars\u00a02017 Pas facile, \u00e0 dix ans, de d\u00e9m\u00e9nager \u00e0 l&rsquo;autre bout du pays\u2026\u00a0Se retrouver dans un nouveau\u00a0CM2\u00a0face \u00e0 des filles plut\u00f4t pimb\u00eaches\u2026 Non, pas facile de se faire de nouveaux amis. Mais quand Colombine, la populaire de la classe, lui demande ce que fait son p\u00e8re, Violette ne se d\u00e9monte pas, elle s&rsquo;invente une vie et\u2026 les ennuis qui vont avec. Heureusement, chez elle, il y a\u00a0Bernard, le chaton au pelage si doux, et au fond, tout au fond de la classe, un peu r\u00eaveur, un peu comme elle, il y a un paKoml\u00e9z\u00f4tres\u2026 au fond de la classe, il y a Marco. \u2014 Mon p\u00e8re est un prince. C\u2019est ce que j\u2019ai r\u00e9pondu \u00e0 cette imb\u00e9cile de Colombine quand elle m\u2019a demand\u00e9\u00a0: \u2014 Il fait quo\u00e2\u00e2\u00e2, ton p\u00e8re, comme m\u00e9tier\u00a0? Non mais qu\u2019est-ce que \u00e7a peut bien lui faire, \u00e0 cette nouille, que mon p\u00e8re soit assureur, plombier ou grand sorcier\u00a0? Et ma m\u00e8re, pourquoi elle ne m\u2019a pas demand\u00e9 ce qu\u2019elle faisait\u00a0? J\u2019aurais pu lui r\u00e9pondre des m\u00e9tiers qu\u2019elle n\u2019imagine m\u00eame pas, comme marieuse de gnous ou r\u00e9pareuse de fus\u00e9es intersid\u00e9rales. Bizarrement, il n\u2019y a que le m\u00e9tier de mon p\u00e8re qui l\u2019int\u00e9resse.\u00a0\u2026 Info pour initi\u00e9s\u2026 La d\u00e9dicace aux blue Cerises mettra peut-\u00eatre la puce \u00e0 l&rsquo;oreille de certains lecteurs. Violette\u2026 Violette, mais bien s\u00fbr, Violette ! La blue Cerise de seize ans en a dix, sa grand-m\u00e8re Yaya Conception vient de mourir, sa famille d\u00e9m\u00e9nage\u2026 bient\u00f4t, elle rencontrera Zik, Amos et bien plus tard, Satya.\u00a0L&rsquo;aventure avant l&rsquo;aventure d&rsquo;une fille paKoml\u00e9z\u00f4tres\u2026<\/p>\n","protected":false},"author":1,"featured_media":3427,"parent":0,"menu_order":0,"comment_status":"closed","ping_status":"open","template":"","meta":{"footnotes":""},"class_list":["post-3426","page","type-page","status-publish","has-post-thumbnail","hentry"],"_links":{"self":[{"href":"https:\/\/cecileroumiguiere.com\/wp\/index.php?rest_route=\/wp\/v2\/pages\/3426","targetHints":{"allow":["GET"]}}],"collection":[{"href":"https:\/\/cecileroumiguiere.com\/wp\/index.php?rest_route=\/wp\/v2\/pages"}],"about":[{"href":"https:\/\/cecileroumiguiere.com\/wp\/index.php?rest_route=\/wp\/v2\/types\/page"}],"author":[{"embeddable":true,"href":"https:\/\/cecileroumiguiere.com\/wp\/index.php?rest_route=\/wp\/v2\/users\/1"}],"replies":[{"embeddable":true,"href":"https:\/\/cecileroumiguiere.com\/wp\/index.php?rest_route=%2Fwp%2Fv2%2Fcomments&post=3426"}],"version-history":[{"count":8,"href":"https:\/\/cecileroumiguiere.com\/wp\/index.php?rest_route=\/wp\/v2\/pages\/3426\/revisions"}],"predecessor-version":[{"id":6413,"href":"https:\/\/cecileroumiguiere.com\/wp\/index.php?rest_route=\/wp\/v2\/pages\/3426\/revisions\/6413"}],"wp:featuredmedia":[{"embeddable":true,"href":"https:\/\/cecileroumiguiere.com\/wp\/index.php?rest_route=\/wp\/v2\/media\/3427"}],"wp:attachment":[{"href":"https:\/\/cecileroumiguiere.com\/wp\/index.php?rest_route=%2Fwp%2Fv2%2Fmedia&parent=3426"}],"curies":[{"name":"wp","href":"https:\/\/api.w.org\/{rel}","templated":true}]}}