{"id":369,"date":"2013-11-05T23:03:24","date_gmt":"2013-11-05T22:03:24","guid":{"rendered":"http:\/\/cecileroumiguiere.com\/wp\/?page_id=369"},"modified":"2018-02-12T00:40:24","modified_gmt":"2018-02-11T23:40:24","slug":"lecole-du-desert","status":"publish","type":"page","link":"https:\/\/cecileroumiguiere.com\/wp\/?page_id=369","title":{"rendered":"L&rsquo;\u00e9cole du d\u00e9sert"},"content":{"rendered":"<h4 style=\"text-align: right;\">Illustrations de\u00a0<a href=\"http:\/\/c.delvaux.free.fr\/\" rel=\"self\">Claire Delvaux<br \/>\n<\/a><strong><a href=\"http:\/\/www.magnard.fr\/collection11009.html\">Magnard Jeunesse<\/a>\u00a0\u00b7 mai 2004<\/strong><\/h4>\n<p><em>L\u2019\u00e9cole du d\u00e9sert<\/em>\u00a0raconte l\u2019histoire de Noura qui veut aller \u00e0 l\u2019\u00e9cole pour devenir m\u00e9decin. Noura est une fille\u00a0? L\u2019\u00e9cole est loin et les cahiers trop chers pour ses parents trop pauvres\u00a0? Et alors\u00a0? Noura prend son destin en main\u00a0: elle va se battre pour aller \u00e0 l\u2019\u00e9cole. Noura traverse le d\u00e9sert pour obtenir un droit qui appartient \u00e0 tous les enfants du monde, et pourtant&#8230;<\/p>\n<blockquote><p>Du bout du doigt, Noura creuse le sable, elle dessine une maison aux fen\u00eatres ouvertes. L\u00e0, il y a la classe de Sami, et l\u00e0 il y aura la sienne, \u00e0 la rentr\u00e9e. Elle soupire en regardant la route vers Oum Jrane, la ville voisine, il faut marcher jusque l\u00e0-bas pour aller \u00e0 l\u2019\u00e9cole. Noura aime bien suivre son fr\u00e8re des yeux jusqu\u2019\u00e0 ce qu\u2019il disparaisse sur la route de sable, son cartable sur le dos. Mais maintenant, Sami est en vacances, il ne va pas \u00e0 l\u2019\u00e9cole. En septembre, ils partiront ensemble, tous les matins. Elle portera le tablier bleu des \u00e9coli\u00e8res et elle aura son cartable \u00e0 elle.<\/p><\/blockquote>\n<h1><img loading=\"lazy\" decoding=\"async\" class=\" wp-image-881 alignright\" src=\"http:\/\/cecileroumiguiere.com\/wp\/wp-content\/uploads\/2013\/11\/rim.jpg\" alt=\"rim\" width=\"135\" height=\"286\" srcset=\"https:\/\/cecileroumiguiere.com\/wp\/wp-content\/uploads\/2013\/11\/rim.jpg 150w, https:\/\/cecileroumiguiere.com\/wp\/wp-content\/uploads\/2013\/11\/rim-141x300.jpg 141w\" sizes=\"auto, (max-width: 135px) 100vw, 135px\" \/>L\u2019histoire<\/h1>\n<p>L\u2019histoire de Noura est n\u00e9e d&rsquo;une rencontre. Pendant la kermesse d\u2019une \u00e9cole primaire, Bahia, une m\u00e8re d\u2019\u00e9l\u00e8ves, distribuait des prospectus de<a href=\"http:\/\/www.asso-rim.org\/\" rel=\"self\">\u00a0l\u2019association RIM<\/a>\u00a0qui travaille pour la scolarisation des filles au Maroc. L\u2019enfant sur la photo ne s\u2019appelle certainement pas Noura, mais l\u2019histoire de\u00a0L\u2019\u00e9cole du d\u00e9sert\u00a0est n\u00e9e de son regard. Et des souvenirs d\u2019enfance de l\u2019auteur aussi\u00a0: vers neuf-dix ans, apr\u00e8s les cours, il lui arrivait de \u201cfaire l\u2019\u00e9cole\u201d \u00e0 ses copines dans le hall de l\u2019immeuble. Noura aurait pu s\u2019appeler Zineb&#8230;<\/p>\n<h2><a title=\"L\u2019\u00e9cole, un droit\" href=\"http:\/\/cecileroumiguiere.com\/wp\/?page_id=375\">L&rsquo;\u00e9cole, un droit<\/a><\/h2>\n<p><a title=\"L\u2019\u00e9cole, un droit\" href=\"http:\/\/cecileroumiguiere.com\/wp\/?page_id=375\">Une page pour aller plus loin<\/a> apr\u00e8s la lecture de <em>L&rsquo;\u00e9cole du d\u00e9sert<\/em>.<\/p>\n<p><a href=\"http:\/\/cecileroumiguiere.com\/wp\/?page_id=375\"><img loading=\"lazy\" decoding=\"async\" class=\"alignnone wp-image-4894 size-full\" src=\"https:\/\/cecileroumiguiere.com\/wp\/wp-content\/uploads\/2018\/02\/ecole-maroc.jpg\" alt=\"\" width=\"835\" height=\"567\" srcset=\"https:\/\/cecileroumiguiere.com\/wp\/wp-content\/uploads\/2018\/02\/ecole-maroc.jpg 835w, https:\/\/cecileroumiguiere.com\/wp\/wp-content\/uploads\/2018\/02\/ecole-maroc-300x204.jpg 300w, https:\/\/cecileroumiguiere.com\/wp\/wp-content\/uploads\/2018\/02\/ecole-maroc-768x522.jpg 768w, https:\/\/cecileroumiguiere.com\/wp\/wp-content\/uploads\/2018\/02\/ecole-maroc-700x475.jpg 700w\" sizes=\"auto, (max-width: 835px) 100vw, 835px\" \/><\/a><\/p>\n<h2>Ici et l\u00e0\u2026<\/h2>\n<p>\u2022 Nomm\u00e9 au\u00a0XVII<sup>e<\/sup>\u00a0<strong><a href=\"http:\/\/www.lesincos.com\/\" target=\"_blank\" rel=\"external noopener\">Prix des Incorruptibles<\/a><\/strong>\u00a0(2005\/2006) pour les classes de CE1,\u00a0laur\u00e9at du \u201cvote adultes\u201d.<br \/>\n\u2022 Laur\u00e9at 2006 du\u00a0<strong>Lecturial<\/strong>\u00a0de l&rsquo;\u00e9cole Curial, \u00e0 Paris.<br \/>\n\u2022 2<sup>e<\/sup>\u00a0au prix de l\u2019<strong>Automnale du Livre<\/strong>\u00a02006 de Sury-le-Comtal.<br \/>\n\u2022 Laur\u00e9at du <strong>prix litt\u00e9raire des \u00e9coliers de Rillieux-la-Pape<\/strong>\u00a02005.<\/p>\n<p>&nbsp;<\/p>\n<p><span style=\"color: #000000; font-family: Georgia, 'Times New Roman', Times, serif; font-size: 13px; line-height: 23px; background-color: #ffffff;\">\u00a0<\/span><\/p>\n","protected":false},"excerpt":{"rendered":"<p>Illustrations de\u00a0Claire Delvaux Magnard Jeunesse\u00a0\u00b7 mai 2004 L\u2019\u00e9cole du d\u00e9sert\u00a0raconte l\u2019histoire de Noura qui veut aller \u00e0 l\u2019\u00e9cole pour devenir m\u00e9decin. Noura est une fille\u00a0? L\u2019\u00e9cole est loin et les cahiers trop chers pour ses parents trop pauvres\u00a0? Et alors\u00a0? Noura prend son destin en main\u00a0: elle va se battre pour aller \u00e0 l\u2019\u00e9cole. Noura traverse le d\u00e9sert pour obtenir un droit qui appartient \u00e0 tous les enfants du monde, et pourtant&#8230; Du bout du doigt, Noura creuse le sable, elle dessine une maison aux fen\u00eatres ouvertes. L\u00e0, il y a la classe de Sami, et l\u00e0 il y aura la sienne, \u00e0 la rentr\u00e9e. Elle soupire en regardant la route vers Oum Jrane, la ville voisine, il faut marcher jusque l\u00e0-bas pour aller \u00e0 l\u2019\u00e9cole. Noura aime bien suivre son fr\u00e8re des yeux jusqu\u2019\u00e0 ce qu\u2019il disparaisse sur la route de sable, son cartable sur le dos. Mais maintenant, Sami est en vacances, il ne va pas \u00e0 l\u2019\u00e9cole. En septembre, ils partiront ensemble, tous les matins. Elle portera le tablier bleu des \u00e9coli\u00e8res et elle aura son cartable \u00e0 elle. L\u2019histoire L\u2019histoire de Noura est n\u00e9e d&rsquo;une rencontre. Pendant la kermesse d\u2019une \u00e9cole primaire, Bahia, une m\u00e8re d\u2019\u00e9l\u00e8ves, distribuait des prospectus de\u00a0l\u2019association RIM\u00a0qui travaille pour la scolarisation des filles au Maroc. L\u2019enfant sur la photo ne s\u2019appelle certainement pas Noura, mais l\u2019histoire de\u00a0L\u2019\u00e9cole du d\u00e9sert\u00a0est n\u00e9e de son regard. Et des souvenirs d\u2019enfance de l\u2019auteur aussi\u00a0: vers neuf-dix ans, apr\u00e8s les cours, il lui arrivait de \u201cfaire l\u2019\u00e9cole\u201d \u00e0 ses copines dans le hall de l\u2019immeuble. Noura aurait pu s\u2019appeler Zineb&#8230; L&rsquo;\u00e9cole, un droit Une page pour aller plus loin apr\u00e8s la lecture de L&rsquo;\u00e9cole du d\u00e9sert. Ici et l\u00e0\u2026 \u2022 Nomm\u00e9 au\u00a0XVIIe\u00a0Prix des Incorruptibles\u00a0(2005\/2006) pour les classes de CE1,\u00a0laur\u00e9at du \u201cvote adultes\u201d. \u2022 Laur\u00e9at 2006 du\u00a0Lecturial\u00a0de l&rsquo;\u00e9cole Curial, \u00e0 Paris. \u2022 2e\u00a0au prix de l\u2019Automnale du Livre\u00a02006 de Sury-le-Comtal. \u2022 Laur\u00e9at du prix litt\u00e9raire des \u00e9coliers de Rillieux-la-Pape\u00a02005. &nbsp; \u00a0<\/p>\n","protected":false},"author":1,"featured_media":687,"parent":236,"menu_order":0,"comment_status":"closed","ping_status":"closed","template":"","meta":{"footnotes":""},"class_list":["post-369","page","type-page","status-publish","has-post-thumbnail","hentry"],"_links":{"self":[{"href":"https:\/\/cecileroumiguiere.com\/wp\/index.php?rest_route=\/wp\/v2\/pages\/369","targetHints":{"allow":["GET"]}}],"collection":[{"href":"https:\/\/cecileroumiguiere.com\/wp\/index.php?rest_route=\/wp\/v2\/pages"}],"about":[{"href":"https:\/\/cecileroumiguiere.com\/wp\/index.php?rest_route=\/wp\/v2\/types\/page"}],"author":[{"embeddable":true,"href":"https:\/\/cecileroumiguiere.com\/wp\/index.php?rest_route=\/wp\/v2\/users\/1"}],"replies":[{"embeddable":true,"href":"https:\/\/cecileroumiguiere.com\/wp\/index.php?rest_route=%2Fwp%2Fv2%2Fcomments&post=369"}],"version-history":[{"count":9,"href":"https:\/\/cecileroumiguiere.com\/wp\/index.php?rest_route=\/wp\/v2\/pages\/369\/revisions"}],"predecessor-version":[{"id":4913,"href":"https:\/\/cecileroumiguiere.com\/wp\/index.php?rest_route=\/wp\/v2\/pages\/369\/revisions\/4913"}],"up":[{"embeddable":true,"href":"https:\/\/cecileroumiguiere.com\/wp\/index.php?rest_route=\/wp\/v2\/pages\/236"}],"wp:featuredmedia":[{"embeddable":true,"href":"https:\/\/cecileroumiguiere.com\/wp\/index.php?rest_route=\/wp\/v2\/media\/687"}],"wp:attachment":[{"href":"https:\/\/cecileroumiguiere.com\/wp\/index.php?rest_route=%2Fwp%2Fv2%2Fmedia&parent=369"}],"curies":[{"name":"wp","href":"https:\/\/api.w.org\/{rel}","templated":true}]}}