{"id":420,"date":"2013-11-06T21:54:21","date_gmt":"2013-11-06T20:54:21","guid":{"rendered":"http:\/\/cecileroumiguiere.com\/wp\/?page_id=420"},"modified":"2024-07-24T14:35:41","modified_gmt":"2024-07-24T13:35:41","slug":"rouge-bala-2","status":"publish","type":"page","link":"https:\/\/cecileroumiguiere.com\/wp\/?page_id=420","title":{"rendered":"Rouge Bala"},"content":{"rendered":"<h4 style=\"text-align: right;\">Illustrations de\u00a0<a href=\"http:\/\/justinebrax.ultra-book.com\/\" rel=\"self\">Justine Brax<br \/>\n<\/a><strong><a href=\"https:\/\/fr.wikipedia.org\/wiki\/Milan_(maison_d%27%C3%A9dition)\">Milan<\/a> \u00b7 octobre 2010, r\u00e9\u00e9dit\u00e9 dans un format plus petit en 2014<br \/>\nIndisponible depuis 2017\u00a0<\/strong><\/h4>\n<blockquote><p>La mousson est pass\u00e9e. Arrach\u00e9es par la pluie et le vent, des feuilles flottent sur la rivi\u00e8re. Bala les regarde suivre le cours de l\u2019eau, elles voguent comme volent les papillons. La mousson s\u2019en va. Bient\u00f4t, ce sera l\u2019hiver.<\/p>\n<p>Bala vient souvent jouer au bord de la rivi\u00e8re. Sa famille vit un peu plus loin, en bordure du village. Avant, elle courait jusqu\u2019ici avec sa grande s\u0153ur Lali, et Tarun, son petit fr\u00e8re ch\u00e9ri. Ils faisaient la course, Bala gagnait souvent.<br \/>\nPuis Tarun construisait des palais de terre pendant que ses s\u0153urs scrutaient la rivi\u00e8re. Elles se racontaient les histoires de ce prince qui viendrait les chercher, un jour, sur son bateau de turquoise et d\u2019or, il les emm\u00e8nerait. Ensemble, ils vivraient des aventures fabuleuses tout autour du monde. C\u2019\u00e9tait avant. Avant que Lali ne quitte la maison, au d\u00e9but de la mousson.<em><br \/>\n<\/em><br \/>\nCet album est d\u00e9di\u00e9 \u00e0 toutes les filles trop t\u00f4t arrach\u00e9es \u00e0 l\u2019enfance.<\/p><\/blockquote>\n<p><img loading=\"lazy\" decoding=\"async\" class=\" wp-image-856 alignright\" src=\"http:\/\/cecileroumiguiere.com\/wp\/wp-content\/uploads\/2013\/11\/bala-reverie.jpg\" alt=\"bala-reverie\" width=\"198\" height=\"268\" srcset=\"https:\/\/cecileroumiguiere.com\/wp\/wp-content\/uploads\/2013\/11\/bala-reverie.jpg 283w, https:\/\/cecileroumiguiere.com\/wp\/wp-content\/uploads\/2013\/11\/bala-reverie-221x300.jpg 221w\" sizes=\"auto, (max-width: 198px) 100vw, 198px\" \/>Bala a douze ans, l\u2019\u00e2ge de jouer, l\u2019\u00e2ge de r\u00eaver. Sa grande s\u0153ur lui manque, et son chemisier trop serr\u00e9 sur sa poitrine l\u2019\u00e9touffe. Bient\u00f4t, elle aussi sera mari\u00e9e, c\u2019est comme \u00e7a que l\u2019on fait dans son pays, comme dans tant d\u2019autres pays\u2026<\/p>\n<blockquote><p>C\u2019\u00e9tait un mercredi, un jour faste et propice. Le soleil s\u2019\u00e9tait lev\u00e9 sur Lali enfant. Le soir, la racine des cheveux de Lali \u00e9tait teinte de vermillon, et sur son front brillait un point rouge. Un signe de protection, de d\u00e9votion, un signe de soumission.<br \/>\nBala n\u2019\u00e9tait pas certaine d\u2019aimer les mercredis.<em><br \/>\n<\/em><\/p><\/blockquote>\n<p>Bala va rencontrer une femme, entendre son histoire. Et elle va d\u00e9cider : elle choisira elle-m\u00eame son mari, et pour \u00e7a, elle prendra le temps d\u2019aller d\u2019abord \u00e0 l\u2019\u00e9cole.<br \/>\nBala sera-t-elle entendue par son p\u00e8re, par sa famille, par le village\u00a0? L\u2019enfant pourra-t-elle choisir son propre destin de femme\u00a0?<em><br \/>\n<\/em><\/p>\n<p style=\"text-align: center;\"><a href=\"http:\/\/cecileroumiguiere.com\/wp\/wp-content\/uploads\/2013\/11\/bala-agave.jpg\"><img loading=\"lazy\" decoding=\"async\" class=\"aligncenter size-full wp-image-857\" src=\"http:\/\/cecileroumiguiere.com\/wp\/wp-content\/uploads\/2013\/11\/bala-agave.jpg\" alt=\"bala-agave\" width=\"340\" height=\"364\" srcset=\"https:\/\/cecileroumiguiere.com\/wp\/wp-content\/uploads\/2013\/11\/bala-agave.jpg 340w, https:\/\/cecileroumiguiere.com\/wp\/wp-content\/uploads\/2013\/11\/bala-agave-280x300.jpg 280w\" sizes=\"auto, (max-width: 340px) 100vw, 340px\" \/><\/a><\/p>\n<p>Un album tr\u00e8s grand format dans lequel les magnifiques illustrations de Justine Brax prennent toute leur ampleur.<\/p>\n<h4>Pour en savoir plus sur <a title=\"Rouge Bala, la gen\u00e8se\" href=\"http:\/\/cecileroumiguiere.com\/wp\/?page_id=283\">la naissance de l&rsquo;album<\/a>\u2026<\/h4>\n<h1>Au fil des blogs\u2026<\/h1>\n<p>Le Bibliobus de Lily\u00a0\u00b7\u00a0Julie D\u00e9cal\u00e9e et BSC News\u00a0\u00b7\u00a0<a href=\"http:\/\/blogclarabel.canalblog.com\/archives\/2010\/10\/27\/19442592.html\">Chez Clarabel<\/a>\u00a0\u00b7 Chez Ga\u00eblle la libraire \u00b7 \u00a0Le ChatPitre \u00b7 La D\u00e9p\u00eache du Midi\u2026<\/p>\n<p style=\"text-align: center;\"><i>\u00a9 Les illustrations sont de Justine Brax.<\/i><\/p>\n<p><span style=\"color: #000000; font-family: Georgia, 'Times New Roman', Times, serif; font-size: 13px; line-height: 23px; background-color: #ffffff;\">\u00a0<\/span><\/p>\n","protected":false},"excerpt":{"rendered":"<p>Illustrations de\u00a0Justine Brax Milan \u00b7 octobre 2010, r\u00e9\u00e9dit\u00e9 dans un format plus petit en 2014 Indisponible depuis 2017\u00a0 La mousson est pass\u00e9e. Arrach\u00e9es par la pluie et le vent, des feuilles flottent sur la rivi\u00e8re. Bala les regarde suivre le cours de l\u2019eau, elles voguent comme volent les papillons. La mousson s\u2019en va. Bient\u00f4t, ce sera l\u2019hiver. Bala vient souvent jouer au bord de la rivi\u00e8re. Sa famille vit un peu plus loin, en bordure du village. Avant, elle courait jusqu\u2019ici avec sa grande s\u0153ur Lali, et Tarun, son petit fr\u00e8re ch\u00e9ri. Ils faisaient la course, Bala gagnait souvent. Puis Tarun construisait des palais de terre pendant que ses s\u0153urs scrutaient la rivi\u00e8re. Elles se racontaient les histoires de ce prince qui viendrait les chercher, un jour, sur son bateau de turquoise et d\u2019or, il les emm\u00e8nerait. Ensemble, ils vivraient des aventures fabuleuses tout autour du monde. C\u2019\u00e9tait avant. Avant que Lali ne quitte la maison, au d\u00e9but de la mousson. Cet album est d\u00e9di\u00e9 \u00e0 toutes les filles trop t\u00f4t arrach\u00e9es \u00e0 l\u2019enfance. Bala a douze ans, l\u2019\u00e2ge de jouer, l\u2019\u00e2ge de r\u00eaver. Sa grande s\u0153ur lui manque, et son chemisier trop serr\u00e9 sur sa poitrine l\u2019\u00e9touffe. Bient\u00f4t, elle aussi sera mari\u00e9e, c\u2019est comme \u00e7a que l\u2019on fait dans son pays, comme dans tant d\u2019autres pays\u2026 C\u2019\u00e9tait un mercredi, un jour faste et propice. Le soleil s\u2019\u00e9tait lev\u00e9 sur Lali enfant. Le soir, la racine des cheveux de Lali \u00e9tait teinte de vermillon, et sur son front brillait un point rouge. Un signe de protection, de d\u00e9votion, un signe de soumission. Bala n\u2019\u00e9tait pas certaine d\u2019aimer les mercredis. Bala va rencontrer une femme, entendre son histoire. Et elle va d\u00e9cider : elle choisira elle-m\u00eame son mari, et pour \u00e7a, elle prendra le temps d\u2019aller d\u2019abord \u00e0 l\u2019\u00e9cole. Bala sera-t-elle entendue par son p\u00e8re, par sa famille, par le village\u00a0? L\u2019enfant pourra-t-elle choisir son propre destin de femme\u00a0? Un album tr\u00e8s grand format dans lequel les magnifiques illustrations de Justine Brax prennent toute leur ampleur. Pour en savoir plus sur la naissance de l&rsquo;album\u2026 Au fil des blogs\u2026 Le Bibliobus de Lily\u00a0\u00b7\u00a0Julie D\u00e9cal\u00e9e et BSC News\u00a0\u00b7\u00a0Chez Clarabel\u00a0\u00b7 Chez Ga\u00eblle la libraire \u00b7 \u00a0Le ChatPitre \u00b7 La D\u00e9p\u00eache du Midi\u2026 \u00a9 Les illustrations sont de Justine Brax. \u00a0<\/p>\n","protected":false},"author":1,"featured_media":439,"parent":234,"menu_order":0,"comment_status":"closed","ping_status":"open","template":"","meta":{"footnotes":""},"class_list":["post-420","page","type-page","status-publish","has-post-thumbnail","hentry"],"_links":{"self":[{"href":"https:\/\/cecileroumiguiere.com\/wp\/index.php?rest_route=\/wp\/v2\/pages\/420","targetHints":{"allow":["GET"]}}],"collection":[{"href":"https:\/\/cecileroumiguiere.com\/wp\/index.php?rest_route=\/wp\/v2\/pages"}],"about":[{"href":"https:\/\/cecileroumiguiere.com\/wp\/index.php?rest_route=\/wp\/v2\/types\/page"}],"author":[{"embeddable":true,"href":"https:\/\/cecileroumiguiere.com\/wp\/index.php?rest_route=\/wp\/v2\/users\/1"}],"replies":[{"embeddable":true,"href":"https:\/\/cecileroumiguiere.com\/wp\/index.php?rest_route=%2Fwp%2Fv2%2Fcomments&post=420"}],"version-history":[{"count":15,"href":"https:\/\/cecileroumiguiere.com\/wp\/index.php?rest_route=\/wp\/v2\/pages\/420\/revisions"}],"predecessor-version":[{"id":7848,"href":"https:\/\/cecileroumiguiere.com\/wp\/index.php?rest_route=\/wp\/v2\/pages\/420\/revisions\/7848"}],"up":[{"embeddable":true,"href":"https:\/\/cecileroumiguiere.com\/wp\/index.php?rest_route=\/wp\/v2\/pages\/234"}],"wp:featuredmedia":[{"embeddable":true,"href":"https:\/\/cecileroumiguiere.com\/wp\/index.php?rest_route=\/wp\/v2\/media\/439"}],"wp:attachment":[{"href":"https:\/\/cecileroumiguiere.com\/wp\/index.php?rest_route=%2Fwp%2Fv2%2Fmedia&parent=420"}],"curies":[{"name":"wp","href":"https:\/\/api.w.org\/{rel}","templated":true}]}}