{"id":4400,"date":"2018-02-05T16:52:08","date_gmt":"2018-02-05T15:52:08","guid":{"rendered":"https:\/\/cecileroumiguiere.com\/wp\/?page_id=4400"},"modified":"2024-07-24T13:56:07","modified_gmt":"2024-07-24T12:56:07","slug":"des-fleurs-sur-les-murs","status":"publish","type":"page","link":"https:\/\/cecileroumiguiere.com\/wp\/?page_id=4400","title":{"rendered":"Des fleurs sur les murs"},"content":{"rendered":"<h4 style=\"text-align: right;\">Illustrations d\u2019Aur\u00e9lie Grand<a href=\"http:\/\/c.delvaux.free.fr\/\" rel=\"self\"><br \/>\n<\/a><a href=\"http:\/\/editions.nathan.fr\">Nathan<\/a>, 5 avril 2018<\/h4>\n<p>Qu&rsquo;est-ce qu&rsquo;on peut bien faire quand on a 9 ans et qu&rsquo;en espionnant les adultes on apprend que la seule usine du village, celle o\u00f9 sont fabriqu\u00e9s de si beaux v\u00e9los, va fermer ? C&rsquo;est la question que se pose L\u00e9na\u2026 On est en mai 1968, \u00e0 la radio, on entend les \u00e9tudiants qui manifestent. Et si L\u00e9na, elle aussi, trouvait le moyen de faire changer les choses ?<\/p>\n<blockquote><p><img loading=\"lazy\" decoding=\"async\" class=\"wp-image-4474 alignright\" src=\"https:\/\/cecileroumiguiere.com\/wp\/wp-content\/uploads\/2018\/02\/lena-cahier.jpg\" alt=\"\" width=\"238\" height=\"160\" srcset=\"https:\/\/cecileroumiguiere.com\/wp\/wp-content\/uploads\/2018\/02\/lena-cahier.jpg 546w, https:\/\/cecileroumiguiere.com\/wp\/wp-content\/uploads\/2018\/02\/lena-cahier-300x202.jpg 300w\" sizes=\"auto, (max-width: 238px) 100vw, 238px\" \/><span style=\"color: #ff0000;\">Vendredi 3 mai 1968, il est 17 heures sur Europe n\u00b0\u00a01. \u00c0 Paris, incidents au Quartier latin : des \u00e9tudiants r\u00e9unis \u00e0 la Sorbonne ont \u00e9t\u00e9 \u00e9vacu\u00e9s sans m\u00e9nagement par la police, on craint que la soir\u00e9e ne soit agit\u00e9e. En attendant, \u00e9coutons Claude Fran\u00e7ois avec le tube du moment\u2026\u00a0<\/span><em style=\"color: #ff0000;\">Comme d\u2019habitude<\/em><span style=\"color: #ff0000;\">.<\/span><\/p>\n<p>\u00c0 la radio, Claude Fran\u00e7ois chante, je ne comprends pas toutes les paroles, mais j\u2019aime bien chanter avec lui\u2026 J\u2019ai neuf ans, je m\u2019appelle H\u00e9l\u00e8ne, mais tout le monde m\u2019appelle L\u00e9na. J\u2019habite un village o\u00f9 rien ne bouge\u00a0: depuis tout le temps, ou au moins depuis que je suis n\u00e9e, il y a l\u2019\u00e9cole des filles et celle des gar\u00e7ons, la mairie, l\u2019\u00e9glise et l\u2019usine de bicyclettes. Je les ai toujours vues l\u00e0. Il y a aussi une boulangerie et l\u2019\u00e9picerie de mes parents. L\u2019\u00e9picerie, par exemple, elle existait bien avant ma naissance, et m\u00eame avant la naissance de mes parents\u2026<br \/>\n<img loading=\"lazy\" decoding=\"async\" class=\"wp-image-4404 alignleft\" src=\"https:\/\/cecileroumiguiere.com\/wp\/wp-content\/uploads\/2018\/01\/fleurs-cabochon2.jpg\" alt=\"\" width=\"225\" height=\"183\" \/>\u2026<br \/>\n<em>Comme d\u2019habitude\u2026<\/em>\u00a0C\u2019est toujours la m\u00eame\u00a0chose, chaque soir. Et j\u2019aimerais que rien ne\u00a0bouge, jamais. Pourtant, un dr\u00f4le de printemps s\u2019annonce\u2026 En ce mois de mai 1968, tout va changer, jusque dans mon village.<\/p><\/blockquote>\n<p>&nbsp;<\/p>\n<h1>Au temps de L\u00e9na\u2026<\/h1>\n<p><em><span style=\"color: #808080;\">Cliquez sur les photos pour les voir en plus grand.<\/span><\/em><\/p>\n<p style=\"text-align: center;\">\n    \n            <div class=\"yoxview\" id=\"yoxview_69f83aac60d86\" style=\"overflow: hidden;\">\n            <a href=\"https:\/\/cecileroumiguiere.com\/wp\/wp-content\/uploads\/2018\/02\/epicerie-lena.jpg\" id=\"yoxview_img_69f83aac60d86_0\"><img decoding=\"async\" style=\"margin: 0 0 8px 8px !important;border-radius:2px !important;box-shadow:0 1px 4px rgba(0, 0, 0, 0.2) !important;\" src=\"https:\/\/cecileroumiguiere.com\/wp\/wp-content\/uploads\/2018\/02\/epicerie-lena-150x150.jpg\" alt=\"Une \u00e9picerie\" title=\"Une \u00e9picerie\" \/><\/a><a href=\"https:\/\/cecileroumiguiere.com\/wp\/wp-content\/uploads\/2018\/02\/cuisine-lena.jpg\" id=\"yoxview_img_69f83aac60d86_1\"><img decoding=\"async\" style=\"margin: 0 0 8px 8px !important;border-radius:2px !important;box-shadow:0 1px 4px rgba(0, 0, 0, 0.2) !important;\" src=\"https:\/\/cecileroumiguiere.com\/wp\/wp-content\/uploads\/2018\/02\/cuisine-lena-150x150.jpg\" alt=\"Une cuisine (jouet)\" title=\"Une cuisine (jouet)\" \/><\/a><a href=\"https:\/\/cecileroumiguiere.com\/wp\/wp-content\/uploads\/2018\/02\/jouets-lena.jpg\" id=\"yoxview_img_69f83aac60d86_2\"><img decoding=\"async\" style=\"margin: 0 0 8px 8px !important;border-radius:2px !important;box-shadow:0 1px 4px rgba(0, 0, 0, 0.2) !important;\" src=\"https:\/\/cecileroumiguiere.com\/wp\/wp-content\/uploads\/2018\/02\/jouets-lena-150x150.jpg\" alt=\"Des jouets\" title=\"Des jouets\" \/><\/a><a href=\"https:\/\/cecileroumiguiere.com\/wp\/wp-content\/uploads\/2018\/02\/vitrine-lena.jpg\" id=\"yoxview_img_69f83aac60d86_3\"><img decoding=\"async\" style=\"margin: 0 0 8px 8px !important;border-radius:2px !important;box-shadow:0 1px 4px rgba(0, 0, 0, 0.2) !important;\" src=\"https:\/\/cecileroumiguiere.com\/wp\/wp-content\/uploads\/2018\/02\/vitrine-lena-150x150.jpg\" alt=\"Une vitrine\" title=\"Une vitrine\" \/><\/a><a href=\"https:\/\/cecileroumiguiere.com\/wp\/wp-content\/uploads\/2018\/02\/ecole-filles-lena.jpg\" id=\"yoxview_img_69f83aac60d86_4\"><img decoding=\"async\" style=\"margin: 0 0 8px 8px !important;border-radius:2px !important;box-shadow:0 1px 4px rgba(0, 0, 0, 0.2) !important;\" src=\"https:\/\/cecileroumiguiere.com\/wp\/wp-content\/uploads\/2018\/02\/ecole-filles-lena-150x150.jpg\" alt=\"L&#039;\u00e9cole des filles\" title=\"L&#039;\u00e9cole des filles\" \/><\/a><a href=\"https:\/\/cecileroumiguiere.com\/wp\/wp-content\/uploads\/2018\/02\/ecole-garcons-lena.jpg\" id=\"yoxview_img_69f83aac60d86_5\"><img decoding=\"async\" style=\"margin: 0 0 8px 8px !important;border-radius:2px !important;box-shadow:0 1px 4px rgba(0, 0, 0, 0.2) !important;\" src=\"https:\/\/cecileroumiguiere.com\/wp\/wp-content\/uploads\/2018\/02\/ecole-garcons-lena-150x150.jpg\" alt=\"L&#039;\u00e9cole des gar\u00e7ons\" title=\"L&#039;\u00e9cole des gar\u00e7ons\" \/><\/a><a href=\"https:\/\/cecileroumiguiere.com\/wp\/wp-content\/uploads\/2018\/02\/courecole-lena.jpg\" id=\"yoxview_img_69f83aac60d86_6\"><img decoding=\"async\" style=\"margin: 0 0 8px 8px !important;border-radius:2px !important;box-shadow:0 1px 4px rgba(0, 0, 0, 0.2) !important;\" src=\"https:\/\/cecileroumiguiere.com\/wp\/wp-content\/uploads\/2018\/02\/courecole-lena-150x150.jpg\" alt=\"Le pr\u00e9au, cour d&#039;\u00e9cole\" title=\"Le pr\u00e9au, cour d&#039;\u00e9cole\" \/><\/a><a href=\"https:\/\/cecileroumiguiere.com\/wp\/wp-content\/uploads\/2018\/02\/usine-lena.jpg\" id=\"yoxview_img_69f83aac60d86_7\"><img decoding=\"async\" style=\"margin: 0 0 8px 8px !important;border-radius:2px !important;box-shadow:0 1px 4px rgba(0, 0, 0, 0.2) !important;\" src=\"https:\/\/cecileroumiguiere.com\/wp\/wp-content\/uploads\/2018\/02\/usine-lena-150x150.jpg\" alt=\"Une usine et un arc en ciel\" title=\"Une usine et un arc en ciel\" \/><\/a><a href=\"https:\/\/cecileroumiguiere.com\/wp\/wp-content\/uploads\/2017\/09\/mai68-usine.jpg\" id=\"yoxview_img_69f83aac60d86_8\"><img decoding=\"async\" style=\"margin: 0 0 8px 8px !important;border-radius:2px !important;box-shadow:0 1px 4px rgba(0, 0, 0, 0.2) !important;\" src=\"https:\/\/cecileroumiguiere.com\/wp\/wp-content\/uploads\/2017\/09\/mai68-usine-150x150.jpg\" alt=\"Une affiche de mai 68\" title=\"Une affiche de mai 68\" \/><\/a><a href=\"https:\/\/cecileroumiguiere.com\/wp\/wp-content\/uploads\/2018\/01\/affiche-mouton-web.jpg\" id=\"yoxview_img_69f83aac60d86_9\"><img decoding=\"async\" style=\"margin: 0 0 8px 8px !important;border-radius:2px !important;box-shadow:0 1px 4px rgba(0, 0, 0, 0.2) !important;\" src=\"https:\/\/cecileroumiguiere.com\/wp\/wp-content\/uploads\/2018\/01\/affiche-mouton-web-150x150.jpg\" alt=\"L&#039;affiche du mouton\" title=\"L&#039;affiche du mouton\" \/><\/a>        <\/div>\n    \n\n    <script type=\"text\/javascript\">\n        jQuery(document).ready(function() {\n            jQuery(\"#yoxview_69f83aac60d86\").yoxview({\n                playDelay: 3000,\n                autoHideInfo: false\n            });\n        });\n    <\/script>\n\n\n<\/p>\n<h1>Quelques articles<\/h1>\n<p>Pour les lire, <a href=\"https:\/\/cecileroumiguiere.com\/wp\/?p=5417\">c&rsquo;est par ici<\/a>.<\/p>\n","protected":false},"excerpt":{"rendered":"<p>Illustrations d\u2019Aur\u00e9lie Grand Nathan, 5 avril 2018 Qu&rsquo;est-ce qu&rsquo;on peut bien faire quand on a 9 ans et qu&rsquo;en espionnant les adultes on apprend que la seule usine du village, celle o\u00f9 sont fabriqu\u00e9s de si beaux v\u00e9los, va fermer ? C&rsquo;est la question que se pose L\u00e9na\u2026 On est en mai 1968, \u00e0 la radio, on entend les \u00e9tudiants qui manifestent. Et si L\u00e9na, elle aussi, trouvait le moyen de faire changer les choses ? Vendredi 3 mai 1968, il est 17 heures sur Europe n\u00b0\u00a01. \u00c0 Paris, incidents au Quartier latin : des \u00e9tudiants r\u00e9unis \u00e0 la Sorbonne ont \u00e9t\u00e9 \u00e9vacu\u00e9s sans m\u00e9nagement par la police, on craint que la soir\u00e9e ne soit agit\u00e9e. En attendant, \u00e9coutons Claude Fran\u00e7ois avec le tube du moment\u2026\u00a0Comme d\u2019habitude. \u00c0 la radio, Claude Fran\u00e7ois chante, je ne comprends pas toutes les paroles, mais j\u2019aime bien chanter avec lui\u2026 J\u2019ai neuf ans, je m\u2019appelle H\u00e9l\u00e8ne, mais tout le monde m\u2019appelle L\u00e9na. J\u2019habite un village o\u00f9 rien ne bouge\u00a0: depuis tout le temps, ou au moins depuis que je suis n\u00e9e, il y a l\u2019\u00e9cole des filles et celle des gar\u00e7ons, la mairie, l\u2019\u00e9glise et l\u2019usine de bicyclettes. Je les ai toujours vues l\u00e0. Il y a aussi une boulangerie et l\u2019\u00e9picerie de mes parents. L\u2019\u00e9picerie, par exemple, elle existait bien avant ma naissance, et m\u00eame avant la naissance de mes parents\u2026 \u2026 Comme d\u2019habitude\u2026\u00a0C\u2019est toujours la m\u00eame\u00a0chose, chaque soir. Et j\u2019aimerais que rien ne\u00a0bouge, jamais. Pourtant, un dr\u00f4le de printemps s\u2019annonce\u2026 En ce mois de mai 1968, tout va changer, jusque dans mon village. &nbsp; Au temps de L\u00e9na\u2026 Cliquez sur les photos pour les voir en plus grand. Quelques articles Pour les lire, c&rsquo;est par ici.<\/p>\n","protected":false},"author":1,"featured_media":4460,"parent":0,"menu_order":0,"comment_status":"closed","ping_status":"closed","template":"","meta":{"footnotes":""},"class_list":["post-4400","page","type-page","status-publish","has-post-thumbnail","hentry"],"_links":{"self":[{"href":"https:\/\/cecileroumiguiere.com\/wp\/index.php?rest_route=\/wp\/v2\/pages\/4400","targetHints":{"allow":["GET"]}}],"collection":[{"href":"https:\/\/cecileroumiguiere.com\/wp\/index.php?rest_route=\/wp\/v2\/pages"}],"about":[{"href":"https:\/\/cecileroumiguiere.com\/wp\/index.php?rest_route=\/wp\/v2\/types\/page"}],"author":[{"embeddable":true,"href":"https:\/\/cecileroumiguiere.com\/wp\/index.php?rest_route=\/wp\/v2\/users\/1"}],"replies":[{"embeddable":true,"href":"https:\/\/cecileroumiguiere.com\/wp\/index.php?rest_route=%2Fwp%2Fv2%2Fcomments&post=4400"}],"version-history":[{"count":33,"href":"https:\/\/cecileroumiguiere.com\/wp\/index.php?rest_route=\/wp\/v2\/pages\/4400\/revisions"}],"predecessor-version":[{"id":7814,"href":"https:\/\/cecileroumiguiere.com\/wp\/index.php?rest_route=\/wp\/v2\/pages\/4400\/revisions\/7814"}],"wp:featuredmedia":[{"embeddable":true,"href":"https:\/\/cecileroumiguiere.com\/wp\/index.php?rest_route=\/wp\/v2\/media\/4460"}],"wp:attachment":[{"href":"https:\/\/cecileroumiguiere.com\/wp\/index.php?rest_route=%2Fwp%2Fv2%2Fmedia&parent=4400"}],"curies":[{"name":"wp","href":"https:\/\/api.w.org\/{rel}","templated":true}]}}