{"id":473,"date":"2013-11-08T21:44:02","date_gmt":"2013-11-08T20:44:02","guid":{"rendered":"http:\/\/cecileroumiguiere.com\/wp\/?page_id=473"},"modified":"2018-02-17T01:47:18","modified_gmt":"2018-02-17T00:47:18","slug":"les-blue-cerises","status":"publish","type":"page","link":"https:\/\/cecileroumiguiere.com\/wp\/?page_id=473","title":{"rendered":"Les blue Cerises"},"content":{"rendered":"<h4 style=\"text-align: right;\">Avec <a href=\"http:\/\/www.sigrid-baffert.com\/\">Sigrid Baffert<\/a>, <a href=\"http:\/\/minisites-charte.fr\/sites\/jean-michel-payet\/\">Jean-Michel Payet<\/a><br \/>\net <a href=\"http:\/\/rippert.blogspot.fr\/\">Maryvonne Rippert<\/a><br \/>\nParution \u00e0 partir de mai 2009,\u00a0<a href=\"http:\/\/www.editionsmilan-macadam.com\/\">Macadam \u00b7 Milan<\/a><\/h4>\n<div style=\"text-align: center;\"><iframe loading=\"lazy\" src=\"\/\/player.vimeo.com\/video\/6326785?color=c9ff23\" width=\"500\" height=\"409\" frameborder=\"0\" allowfullscreen=\"allowfullscreen\"><\/iframe><\/div>\n<p style=\"text-align: center;\"><a href=\"http:\/\/vimeo.com\/6326785\">blue Cerises<\/a> aux\u00a0<a href=\"http:\/\/vimeo.com\/milanjeunesse\">Editions Milan &#8211; Milan Presse<\/a><\/p>\n<p style=\"text-align: left;\"><a href=\"http:\/\/cecileroumiguiere.com\/wp\/wp-content\/uploads\/2013\/11\/bando-bC2.jpg\"><img loading=\"lazy\" decoding=\"async\" class=\"aligncenter size-full wp-image-506\" src=\"http:\/\/cecileroumiguiere.com\/wp\/wp-content\/uploads\/2013\/11\/bando-bC2.jpg\" alt=\"bando-bC2\" width=\"594\" height=\"104\" srcset=\"https:\/\/cecileroumiguiere.com\/wp\/wp-content\/uploads\/2013\/11\/bando-bC2.jpg 594w, https:\/\/cecileroumiguiere.com\/wp\/wp-content\/uploads\/2013\/11\/bando-bC2-300x52.jpg 300w\" sizes=\"auto, (max-width: 594px) 100vw, 594px\" \/><\/a><\/p>\n<p style=\"text-align: left;\">Apr\u00e8s leur premi\u00e8re parution en nouvelles s\u00e9par\u00e9es en 2009, en 2011, les\u00a0<em>blue Cerises<\/em>\u00a0reviennent dans un grand format, avec une nouvelle couverture pens\u00e9e par\u00a0<a href=\"http:\/\/www.olivierlatyk.com\/\" rel=\"self\">Olivier Latyk<\/a>, et un seul livre pour les quatre nouvelles de la m\u00eame saison.<br \/>\n\u00c0 lire toujours en commen\u00e7ant par le personnage qu&rsquo;on veut, et sans mod\u00e9ration.<br \/>\nSauf pour la saison 4, o\u00f9 la r\u00e9solution du myst\u00e8re Olivia exige qu&rsquo;on lise <em>Lune bleue<\/em> dans l&rsquo;ordre\u2026<\/p>\n<div style=\"text-align: center;\"><a href=\"http:\/\/cecileroumiguiere.com\/wp\/wp-content\/uploads\/2013\/11\/bluecerises_couv1_72dpi.jpg\"><img loading=\"lazy\" decoding=\"async\" class=\"wp-image-450 alignleft\" src=\"http:\/\/cecileroumiguiere.com\/wp\/wp-content\/uploads\/2013\/11\/bluecerises_couv1_72dpi-204x300.jpg\" alt=\"bluecerises_couv1_72dpi\" width=\"147\" height=\"216\" \/><\/a> <a href=\"http:\/\/cecileroumiguiere.com\/wp\/wp-content\/uploads\/2013\/11\/bluecerises_couv2_72dpi.jpg\"><img loading=\"lazy\" decoding=\"async\" class=\"wp-image-451 alignleft\" src=\"http:\/\/cecileroumiguiere.com\/wp\/wp-content\/uploads\/2013\/11\/bluecerises_couv2_72dpi-205x300.jpg\" alt=\"bluecerises_couv2_72dpi\" width=\"148\" height=\"216\" \/><\/a> <a href=\"http:\/\/cecileroumiguiere.com\/wp\/wp-content\/uploads\/2013\/11\/bluecerises_couv3_72dpi.jpg\"><img loading=\"lazy\" decoding=\"async\" class=\"wp-image-452 alignleft\" src=\"http:\/\/cecileroumiguiere.com\/wp\/wp-content\/uploads\/2013\/11\/bluecerises_couv3_72dpi-204x300.jpg\" alt=\"bluecerises_couv3_72dpi\" width=\"147\" height=\"216\" \/><\/a> <a href=\"http:\/\/cecileroumiguiere.com\/wp\/wp-content\/uploads\/2013\/11\/bluecerises_couv4_72dpi.jpg\"><img loading=\"lazy\" decoding=\"async\" class=\"wp-image-453 alignleft\" src=\"http:\/\/cecileroumiguiere.com\/wp\/wp-content\/uploads\/2013\/11\/bluecerises_couv4_72dpi-201x300.jpg\" alt=\"bluecerises_couv4_72dpi\" width=\"145\" height=\"216\" \/><\/a><\/div>\n<div style=\"text-align: center;\"><\/div>\n<div><\/div>\n<div><\/div>\n<div><\/div>\n<div><\/div>\n<div><\/div>\n<div><\/div>\n<div><\/div>\n<div><\/div>\n<div><\/div>\n<h1>Quatre auteurs<\/h1>\n<p><img loading=\"lazy\" decoding=\"async\" class=\" wp-image-5113 aligncenter\" src=\"https:\/\/cecileroumiguiere.com\/wp\/wp-content\/uploads\/2018\/02\/cerises-auteurs-evreux.jpg\" alt=\"\" width=\"563\" height=\"372\" srcset=\"https:\/\/cecileroumiguiere.com\/wp\/wp-content\/uploads\/2018\/02\/cerises-auteurs-evreux.jpg 640w, https:\/\/cecileroumiguiere.com\/wp\/wp-content\/uploads\/2018\/02\/cerises-auteurs-evreux-300x198.jpg 300w, https:\/\/cecileroumiguiere.com\/wp\/wp-content\/uploads\/2018\/02\/cerises-auteurs-evreux-500x330.jpg 500w\" sizes=\"auto, (max-width: 563px) 100vw, 563px\" \/><\/p>\n<div style=\"text-align: left;\">Retrouvez les personnages de la s\u00e9rie sur leurs blogs :<\/div>\n<div style=\"text-align: center;\"><a href=\"http:\/\/amos-galian.blogspot.com\/\">Amos<\/a> \u00b7 <a href=\"http:\/\/jean-michelpayet.hautetfort.com\/\">Satya<\/a> \u00b7 <a href=\"http:\/\/www.cecileroumiguiere.com\/index.html\">Violette<\/a> \u00b7 <a href=\"http:\/\/rippert.blogspot.com\/\">Zik<\/a><\/div>\n<div style=\"text-align: center;\">et sur leur page <a href=\"http:\/\/www.facebook.com\/bluecerises?ref=hl\">Facebook<\/a><\/div>\n<div>Voir aussi <a href=\"https:\/\/cecileroumiguiere.com\/wp\/?page_id=529\">cette page<\/a>\u2026<\/div>\n<h1>En num\u00e9rique<\/h1>\n<p>D\u00e9sormais (2017) <a href=\"https:\/\/cecileroumiguiere.com\/wp\/?page_id=564\">la seule version disponible<\/a>\u2026<\/p>\n<p><em>Les blue Cerises sont sur ITunes en <a href=\"http:\/\/cecileroumiguiere.com\/wp\/?page_id=564\">version num\u00e9rique<\/a>.\u00a0<\/em><\/p>\n<p><img loading=\"lazy\" decoding=\"async\" class=\"wp-image-454 alignleft\" src=\"http:\/\/cecileroumiguiere.com\/wp\/wp-content\/uploads\/2013\/11\/bluecerises_num_couv1_72dpi.jpg\" alt=\"Les blue cerises num\u00e9rique 1\" width=\"147\" height=\"220\" srcset=\"https:\/\/cecileroumiguiere.com\/wp\/wp-content\/uploads\/2013\/11\/bluecerises_num_couv1_72dpi.jpg 510w, https:\/\/cecileroumiguiere.com\/wp\/wp-content\/uploads\/2013\/11\/bluecerises_num_couv1_72dpi-200x300.jpg 200w\" sizes=\"auto, (max-width: 147px) 100vw, 147px\" \/> <img loading=\"lazy\" decoding=\"async\" class=\"wp-image-455 alignleft\" src=\"http:\/\/cecileroumiguiere.com\/wp\/wp-content\/uploads\/2013\/11\/bluecerises_num_couv2_72dpi.jpg\" alt=\"Les blue cerises num\u00e9rique 2\" width=\"147\" height=\"222\" srcset=\"https:\/\/cecileroumiguiere.com\/wp\/wp-content\/uploads\/2013\/11\/bluecerises_num_couv2_72dpi.jpg 510w, https:\/\/cecileroumiguiere.com\/wp\/wp-content\/uploads\/2013\/11\/bluecerises_num_couv2_72dpi-199x300.jpg 199w\" sizes=\"auto, (max-width: 147px) 100vw, 147px\" \/> <img loading=\"lazy\" decoding=\"async\" class=\"wp-image-456 alignleft\" src=\"http:\/\/cecileroumiguiere.com\/wp\/wp-content\/uploads\/2013\/11\/bluecerises_num_couv3_72dpi.jpg\" alt=\"Les blue cerises num\u00e9rique 3\" width=\"147\" height=\"220\" srcset=\"https:\/\/cecileroumiguiere.com\/wp\/wp-content\/uploads\/2013\/11\/bluecerises_num_couv3_72dpi.jpg 510w, https:\/\/cecileroumiguiere.com\/wp\/wp-content\/uploads\/2013\/11\/bluecerises_num_couv3_72dpi-200x300.jpg 200w\" sizes=\"auto, (max-width: 147px) 100vw, 147px\" \/>\u00a0<img loading=\"lazy\" decoding=\"async\" class=\"wp-image-457 alignleft\" style=\"line-height: 1.5;\" src=\"http:\/\/cecileroumiguiere.com\/wp\/wp-content\/uploads\/2013\/11\/bluecerises_num_couv4-jaune_72dpi.jpg\" alt=\"Les blue cerises num\u00e9rique 4\" width=\"147\" height=\"220\" srcset=\"https:\/\/cecileroumiguiere.com\/wp\/wp-content\/uploads\/2013\/11\/bluecerises_num_couv4-jaune_72dpi.jpg 510w, https:\/\/cecileroumiguiere.com\/wp\/wp-content\/uploads\/2013\/11\/bluecerises_num_couv4-jaune_72dpi-200x300.jpg 200w\" sizes=\"auto, (max-width: 147px) 100vw, 147px\" \/><\/p>\n<p>&nbsp;<\/p>\n","protected":false},"excerpt":{"rendered":"<p>Avec Sigrid Baffert, Jean-Michel Payet et Maryvonne Rippert Parution \u00e0 partir de mai 2009,\u00a0Macadam \u00b7 Milan blue Cerises aux\u00a0Editions Milan &#8211; Milan Presse Apr\u00e8s leur premi\u00e8re parution en nouvelles s\u00e9par\u00e9es en 2009, en 2011, les\u00a0blue Cerises\u00a0reviennent dans un grand format, avec une nouvelle couverture pens\u00e9e par\u00a0Olivier Latyk, et un seul livre pour les quatre nouvelles de la m\u00eame saison. \u00c0 lire toujours en commen\u00e7ant par le personnage qu&rsquo;on veut, et sans mod\u00e9ration. Sauf pour la saison 4, o\u00f9 la r\u00e9solution du myst\u00e8re Olivia exige qu&rsquo;on lise Lune bleue dans l&rsquo;ordre\u2026 Quatre auteurs Retrouvez les personnages de la s\u00e9rie sur leurs blogs : Amos \u00b7 Satya \u00b7 Violette \u00b7 Zik et sur leur page Facebook Voir aussi cette page\u2026 En num\u00e9rique D\u00e9sormais (2017) la seule version disponible\u2026 Les blue Cerises sont sur ITunes en version num\u00e9rique.\u00a0 \u00a0 &nbsp;<\/p>\n","protected":false},"author":1,"featured_media":0,"parent":238,"menu_order":0,"comment_status":"closed","ping_status":"open","template":"","meta":{"footnotes":""},"class_list":["post-473","page","type-page","status-publish","hentry"],"_links":{"self":[{"href":"https:\/\/cecileroumiguiere.com\/wp\/index.php?rest_route=\/wp\/v2\/pages\/473","targetHints":{"allow":["GET"]}}],"collection":[{"href":"https:\/\/cecileroumiguiere.com\/wp\/index.php?rest_route=\/wp\/v2\/pages"}],"about":[{"href":"https:\/\/cecileroumiguiere.com\/wp\/index.php?rest_route=\/wp\/v2\/types\/page"}],"author":[{"embeddable":true,"href":"https:\/\/cecileroumiguiere.com\/wp\/index.php?rest_route=\/wp\/v2\/users\/1"}],"replies":[{"embeddable":true,"href":"https:\/\/cecileroumiguiere.com\/wp\/index.php?rest_route=%2Fwp%2Fv2%2Fcomments&post=473"}],"version-history":[{"count":31,"href":"https:\/\/cecileroumiguiere.com\/wp\/index.php?rest_route=\/wp\/v2\/pages\/473\/revisions"}],"predecessor-version":[{"id":5115,"href":"https:\/\/cecileroumiguiere.com\/wp\/index.php?rest_route=\/wp\/v2\/pages\/473\/revisions\/5115"}],"up":[{"embeddable":true,"href":"https:\/\/cecileroumiguiere.com\/wp\/index.php?rest_route=\/wp\/v2\/pages\/238"}],"wp:attachment":[{"href":"https:\/\/cecileroumiguiere.com\/wp\/index.php?rest_route=%2Fwp%2Fv2%2Fmedia&parent=473"}],"curies":[{"name":"wp","href":"https:\/\/api.w.org\/{rel}","templated":true}]}}