{"id":475,"date":"2013-11-08T21:44:21","date_gmt":"2013-11-08T20:44:21","guid":{"rendered":"http:\/\/cecileroumiguiere.com\/wp\/?page_id=475"},"modified":"2018-02-12T00:35:35","modified_gmt":"2018-02-11T23:35:35","slug":"talam","status":"publish","type":"page","link":"https:\/\/cecileroumiguiere.com\/wp\/?page_id=475","title":{"rendered":"Talam"},"content":{"rendered":"<h4 style=\"text-align: right;\">Initialement illustr\u00e9 par\u00a0<a href=\"http:\/\/benoaperou.canalblog.com\/\" rel=\"self\">Beno\u00eet Perroud<br \/>\n<\/a>Parution des 4 premiers \u00e9pisodes en mai 2010 \u00b7\u00a0<strong>Milan<\/strong><\/h4>\n<p>\u00c9t\u00e9 2013 : l&rsquo;aventure\u00a0<em>Talam<\/em>\u00a0est en stand-by, en attente d&rsquo;une folle reprise en trilogie, ici ou l\u00e0\u2026\u00a0<span style=\"line-height: 1.5;\">Affaire \u00e0 suivre\u00a0!<\/span><\/p>\n<p>Qui est ce Walter Spock qui signe sans vergogne cette histoire \u00e0 suspens ? Hum\u2026 on peut s\u2019en douter\u00a0: on ne prend pas impun\u00e9ment go\u00fbt \u00e0 l\u2019\u00e9criture \u00e0 quatre fois deux mains\u00a0!<\/p>\n<p>D\u2019\u00e9pisode en \u00e9pisode,\u00a0<strong>Tennessee<\/strong>\u00a0(<a href=\"http:\/\/jean-michelpayet.hautetfort.com\/\" rel=\"self\">Jean-Michel Payet<\/a>),\u00a0<strong>Anton<\/strong>\u00a0(<a title=\"Accueil\" href=\"http:\/\/www.cecileroumiguiere.com\/index.html\" rel=\"self\">C\u00e9cile Roumigui\u00e8re<\/a>),\u00a0<strong>Lucien<\/strong>\u00a0(<a href=\"http:\/\/rippert.blogspot.com\/\" rel=\"self\">Maryvonne Rippert<\/a>) et\u00a0<strong>Ambroisie<\/strong>\u00a0(<a href=\"http:\/\/sigrid-actu-blog.blogspot.com\/\" rel=\"self\">Sigrid Baffert<\/a>) nous m\u00e8nent au c\u0153ur d\u2019une dr\u00f4le d\u2019aventure. Tout commence dans une \u00e9cole de cirque surgie d\u2019on ne sait o\u00f9 au beau milieu de Rimenville, gentille ville sans histoire. Enfin, jusqu\u2019ici\u2026<br \/>\nMais les murs de Rimenville se couvrent de cinq lettres qui peuvent changer la face du monde\u00a0: T.A.L.A.M. Que signifient ces cinq lettres\u00a0? Pourquoi trois enfants qui ne se connaissent pas se retrouvent-ils \u00e0 faire du cirque ensemble\u00a0? Et qui est cette enfant qui chantonne sans arr\u00eat au mileu d\u2019une caravane hors d\u2019\u00e2ge remplie de plantes \u00e9tranges\u00a0? Ajoutons \u00e0 cela une directrice hallucinante, quelques dons qui seraient presque des pouvoirs, si seulement nos gugusses savaient les ma\u00eetriser, un chat intrigant, des m\u00e9chants, des \u00e9nigmes, un photographe trop discret, et m\u00eame un lama : le d\u00e9cor est plant\u00e9.<\/p>\n<p>Bienvenue dans le monde angoissant du myst\u00e8re Talam\u2026<br \/>\nEt comme dirait Mariposa Butterfly, la directrice du cirque :<\/p>\n<blockquote><p>\u00ab Camembert \u00e9lectrique, regardez o\u00f9 vous mettez les pieds\u00a0! \u00bb<\/p><\/blockquote>\n<hr \/>\n<pre>Malheureusement, Milan a cess\u00e9 de publier la s\u00e9rie Talam apr\u00e8s le 4e \u00e9pisode\u2026 La suite de l'aventure de Tennessee, Anton, Lucien et Ambroisie dort dans des manuscrits in\u00e9dits.<\/pre>\n","protected":false},"excerpt":{"rendered":"<p>Initialement illustr\u00e9 par\u00a0Beno\u00eet Perroud Parution des 4 premiers \u00e9pisodes en mai 2010 \u00b7\u00a0Milan \u00c9t\u00e9 2013 : l&rsquo;aventure\u00a0Talam\u00a0est en stand-by, en attente d&rsquo;une folle reprise en trilogie, ici ou l\u00e0\u2026\u00a0Affaire \u00e0 suivre\u00a0! Qui est ce Walter Spock qui signe sans vergogne cette histoire \u00e0 suspens ? Hum\u2026 on peut s\u2019en douter\u00a0: on ne prend pas impun\u00e9ment go\u00fbt \u00e0 l\u2019\u00e9criture \u00e0 quatre fois deux mains\u00a0! D\u2019\u00e9pisode en \u00e9pisode,\u00a0Tennessee\u00a0(Jean-Michel Payet),\u00a0Anton\u00a0(C\u00e9cile Roumigui\u00e8re),\u00a0Lucien\u00a0(Maryvonne Rippert) et\u00a0Ambroisie\u00a0(Sigrid Baffert) nous m\u00e8nent au c\u0153ur d\u2019une dr\u00f4le d\u2019aventure. Tout commence dans une \u00e9cole de cirque surgie d\u2019on ne sait o\u00f9 au beau milieu de Rimenville, gentille ville sans histoire. Enfin, jusqu\u2019ici\u2026 Mais les murs de Rimenville se couvrent de cinq lettres qui peuvent changer la face du monde\u00a0: T.A.L.A.M. Que signifient ces cinq lettres\u00a0? Pourquoi trois enfants qui ne se connaissent pas se retrouvent-ils \u00e0 faire du cirque ensemble\u00a0? Et qui est cette enfant qui chantonne sans arr\u00eat au mileu d\u2019une caravane hors d\u2019\u00e2ge remplie de plantes \u00e9tranges\u00a0? Ajoutons \u00e0 cela une directrice hallucinante, quelques dons qui seraient presque des pouvoirs, si seulement nos gugusses savaient les ma\u00eetriser, un chat intrigant, des m\u00e9chants, des \u00e9nigmes, un photographe trop discret, et m\u00eame un lama : le d\u00e9cor est plant\u00e9. Bienvenue dans le monde angoissant du myst\u00e8re Talam\u2026 Et comme dirait Mariposa Butterfly, la directrice du cirque : \u00ab Camembert \u00e9lectrique, regardez o\u00f9 vous mettez les pieds\u00a0! \u00bb Malheureusement, Milan a cess\u00e9 de publier la s\u00e9rie Talam apr\u00e8s le 4e \u00e9pisode\u2026 La suite de l&rsquo;aventure de Tennessee, Anton, Lucien et Ambroisie dort dans des manuscrits in\u00e9dits.<\/p>\n","protected":false},"author":1,"featured_media":458,"parent":0,"menu_order":0,"comment_status":"closed","ping_status":"open","template":"","meta":{"footnotes":""},"class_list":["post-475","page","type-page","status-publish","has-post-thumbnail","hentry"],"_links":{"self":[{"href":"https:\/\/cecileroumiguiere.com\/wp\/index.php?rest_route=\/wp\/v2\/pages\/475","targetHints":{"allow":["GET"]}}],"collection":[{"href":"https:\/\/cecileroumiguiere.com\/wp\/index.php?rest_route=\/wp\/v2\/pages"}],"about":[{"href":"https:\/\/cecileroumiguiere.com\/wp\/index.php?rest_route=\/wp\/v2\/types\/page"}],"author":[{"embeddable":true,"href":"https:\/\/cecileroumiguiere.com\/wp\/index.php?rest_route=\/wp\/v2\/users\/1"}],"replies":[{"embeddable":true,"href":"https:\/\/cecileroumiguiere.com\/wp\/index.php?rest_route=%2Fwp%2Fv2%2Fcomments&post=475"}],"version-history":[{"count":10,"href":"https:\/\/cecileroumiguiere.com\/wp\/index.php?rest_route=\/wp\/v2\/pages\/475\/revisions"}],"predecessor-version":[{"id":4911,"href":"https:\/\/cecileroumiguiere.com\/wp\/index.php?rest_route=\/wp\/v2\/pages\/475\/revisions\/4911"}],"wp:featuredmedia":[{"embeddable":true,"href":"https:\/\/cecileroumiguiere.com\/wp\/index.php?rest_route=\/wp\/v2\/media\/458"}],"wp:attachment":[{"href":"https:\/\/cecileroumiguiere.com\/wp\/index.php?rest_route=%2Fwp%2Fv2%2Fmedia&parent=475"}],"curies":[{"name":"wp","href":"https:\/\/api.w.org\/{rel}","templated":true}]}}