{"id":4809,"date":"2018-02-11T17:56:02","date_gmt":"2018-02-11T16:56:02","guid":{"rendered":"https:\/\/cecileroumiguiere.com\/wp\/?page_id=4809"},"modified":"2018-02-11T17:56:02","modified_gmt":"2018-02-11T16:56:02","slug":"entre-deux-rives-noel-43","status":"publish","type":"page","link":"https:\/\/cecileroumiguiere.com\/wp\/?page_id=4809","title":{"rendered":"Entre deux rives, No\u00ebl 43"},"content":{"rendered":"<p><em>Hommage \u00e0 ces livres qu&rsquo;on ne trouve plus qu&rsquo;en biblioth\u00e8que, au coin d&rsquo;une brocante\u2026 ou sur des sites de revente en ligne.<\/em><\/p>\n<h4 style=\"text-align: right;\">Illustr\u00e9 par<a href=\"http:\/\/natalifortier.autoportrait.com\/\" target=\"_blank\" rel=\"external noopener\">\u00a0Natali Fortier<br \/>\n<\/a>Parution novembre 2006,\u00a0<strong>Gautier-Languereau,<br \/>\nr\u00e9\u00e9dit\u00e9 sous le titre <a href=\"https:\/\/cecileroumiguiere.com\/wp\/?page_id=3214\">D&rsquo;une rive \u00e0 l&rsquo;autre<\/a> chez \u00c0 pas de loups (2016)<\/strong><\/h4>\n<audio class=\"wp-audio-shortcode\" id=\"audio-4809-1\" preload=\"none\" style=\"width: 100%;\" controls=\"controls\"><source type=\"audio\/mpeg\" src=\"http:\/\/cecileroumiguiere.com\/wp\/wp-content\/uploads\/2013\/11\/lecture_noel43.mp3?_=1\" \/><a href=\"http:\/\/cecileroumiguiere.com\/wp\/wp-content\/uploads\/2013\/11\/lecture_noel43.mp3\">http:\/\/cecileroumiguiere.com\/wp\/wp-content\/uploads\/2013\/11\/lecture_noel43.mp3<\/a><\/audio>\n<p><strong><em>Salon du livre de Paris, mars 2005.<\/em><\/strong><br \/>\nAnne Marchand, avec qui je viens de r\u00e9aliser\u00a0<em>\u00c0 l\u2019ombre du tilleul<\/em>, me demande si j\u2019ai d\u00e9j\u00e0 \u00e9crit des contes ou des histoires de No\u00ebl. No\u00ebl\u00a0? Les sapins, les papas No\u00ebl, les rennes et le\u00a0petit J\u00e9sus\u00a0? Pas pour moi tout \u00e7a\u2026 Pourtant, le week-end suivant, une histoire de rivi\u00e8re me vient. M\u00eal\u00e9e de souvenirs. Mon fr\u00e8re et moi, cach\u00e9s derri\u00e8re une grange, d\u00e9coupant un oiseau pour voir ce qu\u2019il y a \u00e0 l\u2019int\u00e9rieur, l\u2019enterrant ensuite avec c\u00e9r\u00e9monie, puisqu\u2019il ne se r\u00e9veille pas. La rivi\u00e8re, toujours, entre deux enfants, et la guerre. \u00c9trange histoire venue d\u2019une m\u00e9moire que je ne savais pas poss\u00e9der\u2026<br \/>\nMais elle est trop longue, il faut la couper en deux. Difficile chirurgie. La sc\u00e8ne de l\u2019oiseau dispara\u00eet, le fond reste. Ce travail \u00e9ditorial largement entam\u00e9 avec Anne\u00a0Marchand, termin\u00e9 avec Brigitte\u00a0Leblanc, la question de l\u2019illustration se pose. Maryvonne\u00a0Denizet\u00a0pense \u00e0 Natali\u00a0Fortier comme une \u00e9vidence.\u00a0<em>Lili\u00a0Plume<\/em>,\u00a0<em>Quartiers\u00a0d\u2019orange<\/em>,\u00a0<em>Des mots plein les poches<\/em>\u2026 les personnages de Natali m\u2019enchantent. Un air, une attitude, et toute leur histoire, toutes leurs histoires transparaissent avec tendresse, humour, po\u00e9sie. Bref, quand Natali accepte d\u2019illustrer\u00a0<em>Entre deux rives<\/em>, je suis aux anges\u00a0!<\/p>\n<p><span style=\"line-height: 1.5;\"><a href=\"http:\/\/cecileroumiguiere.com\/wp\/?page_id=3214\"><img loading=\"lazy\" decoding=\"async\" class=\"wp-image-3241 alignleft\" src=\"http:\/\/cecileroumiguiere.com\/wp\/wp-content\/uploads\/2016\/10\/dunerivealautre-web-1.jpg\" alt=\"D'une rive \u00e0 l'autre, couverture (Natali Fortier)\" width=\"222\" height=\"212\" srcset=\"https:\/\/cecileroumiguiere.com\/wp\/wp-content\/uploads\/2016\/10\/dunerivealautre-web-1.jpg 567w, https:\/\/cecileroumiguiere.com\/wp\/wp-content\/uploads\/2016\/10\/dunerivealautre-web-1-300x287.jpg 300w\" sizes=\"auto, (max-width: 222px) 100vw, 222px\" \/><\/a>Aujourd\u2019hui encore, l&rsquo;\u00e9motion me submerge devant les si belles illustrations de Natali. Peut-\u00eatre, un jour, ce livre rena\u00eetra-t-il sous une forme ou une autre ? Qui sait\u2026\u00a0<\/span><br \/>\nOui ! Le revoil\u00e0, avec une nouvelle couverture, une nouvelle maquette, il rena\u00eet gr\u00e2ce aux \u00e9ditions \u00c0 pas de loups. Vous saurez tout <a href=\"http:\/\/cecileroumiguiere.com\/wp\/?page_id=3214\">en cliquant ici<\/a>.<\/p>\n<h2><\/h2>\n","protected":false},"excerpt":{"rendered":"<p>Hommage \u00e0 ces livres qu&rsquo;on ne trouve plus qu&rsquo;en biblioth\u00e8que, au coin d&rsquo;une brocante\u2026 ou sur des sites de revente en ligne. Illustr\u00e9 par\u00a0Natali Fortier Parution novembre 2006,\u00a0Gautier-Languereau, r\u00e9\u00e9dit\u00e9 sous le titre D&rsquo;une rive \u00e0 l&rsquo;autre chez \u00c0 pas de loups (2016) Salon du livre de Paris, mars 2005. Anne Marchand, avec qui je viens de r\u00e9aliser\u00a0\u00c0 l\u2019ombre du tilleul, me demande si j\u2019ai d\u00e9j\u00e0 \u00e9crit des contes ou des histoires de No\u00ebl. No\u00ebl\u00a0? Les sapins, les papas No\u00ebl, les rennes et le\u00a0petit J\u00e9sus\u00a0? Pas pour moi tout \u00e7a\u2026 Pourtant, le week-end suivant, une histoire de rivi\u00e8re me vient. M\u00eal\u00e9e de souvenirs. Mon fr\u00e8re et moi, cach\u00e9s derri\u00e8re une grange, d\u00e9coupant un oiseau pour voir ce qu\u2019il y a \u00e0 l\u2019int\u00e9rieur, l\u2019enterrant ensuite avec c\u00e9r\u00e9monie, puisqu\u2019il ne se r\u00e9veille pas. La rivi\u00e8re, toujours, entre deux enfants, et la guerre. \u00c9trange histoire venue d\u2019une m\u00e9moire que je ne savais pas poss\u00e9der\u2026 Mais elle est trop longue, il faut la couper en deux. Difficile chirurgie. La sc\u00e8ne de l\u2019oiseau dispara\u00eet, le fond reste. Ce travail \u00e9ditorial largement entam\u00e9 avec Anne\u00a0Marchand, termin\u00e9 avec Brigitte\u00a0Leblanc, la question de l\u2019illustration se pose. Maryvonne\u00a0Denizet\u00a0pense \u00e0 Natali\u00a0Fortier comme une \u00e9vidence.\u00a0Lili\u00a0Plume,\u00a0Quartiers\u00a0d\u2019orange,\u00a0Des mots plein les poches\u2026 les personnages de Natali m\u2019enchantent. Un air, une attitude, et toute leur histoire, toutes leurs histoires transparaissent avec tendresse, humour, po\u00e9sie. Bref, quand Natali accepte d\u2019illustrer\u00a0Entre deux rives, je suis aux anges\u00a0! Aujourd\u2019hui encore, l&rsquo;\u00e9motion me submerge devant les si belles illustrations de Natali. Peut-\u00eatre, un jour, ce livre rena\u00eetra-t-il sous une forme ou une autre ? Qui sait\u2026\u00a0 Oui ! Le revoil\u00e0, avec une nouvelle couverture, une nouvelle maquette, il rena\u00eet gr\u00e2ce aux \u00e9ditions \u00c0 pas de loups. Vous saurez tout en cliquant ici.<\/p>\n","protected":false},"author":1,"featured_media":4742,"parent":0,"menu_order":0,"comment_status":"closed","ping_status":"closed","template":"","meta":{"footnotes":""},"class_list":["post-4809","page","type-page","status-publish","has-post-thumbnail","hentry"],"_links":{"self":[{"href":"https:\/\/cecileroumiguiere.com\/wp\/index.php?rest_route=\/wp\/v2\/pages\/4809","targetHints":{"allow":["GET"]}}],"collection":[{"href":"https:\/\/cecileroumiguiere.com\/wp\/index.php?rest_route=\/wp\/v2\/pages"}],"about":[{"href":"https:\/\/cecileroumiguiere.com\/wp\/index.php?rest_route=\/wp\/v2\/types\/page"}],"author":[{"embeddable":true,"href":"https:\/\/cecileroumiguiere.com\/wp\/index.php?rest_route=\/wp\/v2\/users\/1"}],"replies":[{"embeddable":true,"href":"https:\/\/cecileroumiguiere.com\/wp\/index.php?rest_route=%2Fwp%2Fv2%2Fcomments&post=4809"}],"version-history":[{"count":1,"href":"https:\/\/cecileroumiguiere.com\/wp\/index.php?rest_route=\/wp\/v2\/pages\/4809\/revisions"}],"predecessor-version":[{"id":4810,"href":"https:\/\/cecileroumiguiere.com\/wp\/index.php?rest_route=\/wp\/v2\/pages\/4809\/revisions\/4810"}],"wp:featuredmedia":[{"embeddable":true,"href":"https:\/\/cecileroumiguiere.com\/wp\/index.php?rest_route=\/wp\/v2\/media\/4742"}],"wp:attachment":[{"href":"https:\/\/cecileroumiguiere.com\/wp\/index.php?rest_route=%2Fwp%2Fv2%2Fmedia&parent=4809"}],"curies":[{"name":"wp","href":"https:\/\/api.w.org\/{rel}","templated":true}]}}