{"id":4813,"date":"2018-02-11T18:00:47","date_gmt":"2018-02-11T17:00:47","guid":{"rendered":"https:\/\/cecileroumiguiere.com\/wp\/?page_id=4813"},"modified":"2024-07-24T13:59:59","modified_gmt":"2024-07-24T12:59:59","slug":"le-voyage-de-poema","status":"publish","type":"page","link":"https:\/\/cecileroumiguiere.com\/wp\/?page_id=4813","title":{"rendered":"Le voyage de Po\u00e9ma"},"content":{"rendered":"<div>\n<h4 style=\"text-align: right;\">Illustrations de\u00a0<a href=\"http:\/\/c.delvaux.free.fr\/\" rel=\"self\">Claire Delvaux<br \/>\n<\/a><strong>Magnard Jeunesse 2007 (\u00e9puis\u00e9)<\/strong><\/h4>\n<p style=\"text-align: left;\"><em>Un voyage d\u00e9paysant au c\u0153ur de la Polyn\u00e9sie.<\/em><br \/>\n<em> Une h\u00e9ro\u00efne attachante.<\/em><br \/>\n<em> Une aventure \u00e0 la fois fantastique et humaine.<\/em><\/p>\n<h1>Lecture du d\u00e9but du roman<\/h1>\n<audio class=\"wp-audio-shortcode\" id=\"audio-4813-1\" preload=\"none\" style=\"width: 100%;\" controls=\"controls\"><source type=\"audio\/mpeg\" src=\"http:\/\/cecileroumiguiere.com\/wp\/wp-content\/uploads\/2013\/11\/lecture_poema.mp3?_=1\" \/><a href=\"http:\/\/cecileroumiguiere.com\/wp\/wp-content\/uploads\/2013\/11\/lecture_poema.mp3\">http:\/\/cecileroumiguiere.com\/wp\/wp-content\/uploads\/2013\/11\/lecture_poema.mp3<\/a><\/audio>\n<blockquote><p>Plus de partie de cache-cache entre les palmiers, plus de course sur la plage, ses parents n\u2019ont plus le temps. Teiki le b\u00e9b\u00e9 a mang\u00e9 le temps, il a mang\u00e9 les rires et tout le bonheur de Po\u00e9ma. Elle voudrait tant que tout soit comme avant\u2026 Elle \u00e9tait la pr\u00e9f\u00e9r\u00e9e de sa m\u00e8re, elle \u00e9tait la plus aim\u00e9e de son p\u00e8re, et la maison \u00e9tait calme et gaie. Ses parents avaient choisi pour elle le pr\u00e9nom de Po\u00e9ma, ce qui veut dire \u00ab\u00a0perle\u00a0\u00bb, et m\u00eame \u00ab\u00a0perle propre des mers profondes\u00a0\u00bb, c\u2019est bien la preuve qu\u2019elle seule comptait pour eux. Mais c\u2019\u00e9tait avant, avant la naissance de cet affreux b\u00e9b\u00e9, Teiki, son fr\u00e8re. Perdue dans ses pens\u00e9es, Po\u00e9ma trace une grande spirale sur le sable. Elle voudrait se faire toute petite et dispara\u00eetre dans la mer. La mer ! La voil\u00e0, la solution. Si Teiki dispara\u00eet, tous les probl\u00e8mes disparaissent avec lui. Ses parents croiront qu\u2019il a \u00e9t\u00e9 enlev\u00e9 par Hiro, le roi des voleurs. Et tout redeviendra comme avant.<\/p><\/blockquote>\n<\/div>\n<p>Po\u00e9ma n\u2019accepte pas que tout ait chang\u00e9 depuis la naissance de son\u00a0fr\u00e8re. Elle d\u00e9cide de l\u2019abandonner de l\u2019autre c\u00f4t\u00e9 de la barri\u00e8re de corail, pour retrouver ses parents pour elle toute seule. Son\u00a0voyage\u00a0est une r\u00e9elle incursion en\u00a0Polyn\u00e9sie\u00a0: la petite fille part, son petit fr\u00e8re sous le bras, sur sa pirogue, et glisse sur le lagon. Fleurs de tiar\u00e9, barri\u00e8re de corail, chansons traditionnelles, requin, tous ces \u00e9l\u00e9ments nous plongent au c\u0153ur de Tahiti.<\/p>\n<p>Po\u00e9ma se lance dans un voyage\u00a0insolite\u00a0et fantastique. Engloutie par une tornade, elle p\u00e9n\u00e8tre dans le monde sous-marin \u00e0 la rencontre d\u2019\u00e9tranges animaux aquatiques dou\u00e9s de parole\u00a0: raie manta, an\u00e9mones, poisson-clown\u2026 D\u2019\u00e9nigmes\u00a0en\u00a0rebondissements, la petite fille s\u2019engouffre dans ce monde de l\u2019ombre. Et progressivement, ses sentiments \u00e9voluent\u00a0: son fr\u00e8re n\u2019est-il pas en danger dans ce monde hostile\u00a0? Ne faut-il pas le prot\u00e9ger de tous ces monstres marins\u00a0? Le\u00a0voyage fantastique\u00a0devient\u00a0trajet initiatique\u00a0: petit \u00e0 petit, Po\u00e9ma comprend \u00e0 quel point elle est attach\u00e9e \u00e0 son fr\u00e8re. Ce voyage la fait grandir.<\/p>\n<p>Mention sp\u00e9ciale du Prix du livre insulaire d\u2019Ouessant \u00b7\u00a0Prix litt\u00e9raire des \u00e9coliers de Rillieux-la-Pape\u00a02008\/2009 \u00b7\u00a0Nomination \u00e0 \u201cUn livre au village\u201d (La Cadi\u00e8re d&rsquo;Azur, dans le Var)\u2026<\/p>\n<p><span style=\"color: #000000; font-family: Georgia, 'Times New Roman', Times, serif; font-size: 13px; line-height: 23px; background-color: #ffffff;\">\u00a0<\/span><\/p>\n","protected":false},"excerpt":{"rendered":"<p>Illustrations de\u00a0Claire Delvaux Magnard Jeunesse 2007 (\u00e9puis\u00e9) Un voyage d\u00e9paysant au c\u0153ur de la Polyn\u00e9sie. Une h\u00e9ro\u00efne attachante. Une aventure \u00e0 la fois fantastique et humaine. Lecture du d\u00e9but du roman Plus de partie de cache-cache entre les palmiers, plus de course sur la plage, ses parents n\u2019ont plus le temps. Teiki le b\u00e9b\u00e9 a mang\u00e9 le temps, il a mang\u00e9 les rires et tout le bonheur de Po\u00e9ma. Elle voudrait tant que tout soit comme avant\u2026 Elle \u00e9tait la pr\u00e9f\u00e9r\u00e9e de sa m\u00e8re, elle \u00e9tait la plus aim\u00e9e de son p\u00e8re, et la maison \u00e9tait calme et gaie. Ses parents avaient choisi pour elle le pr\u00e9nom de Po\u00e9ma, ce qui veut dire \u00ab\u00a0perle\u00a0\u00bb, et m\u00eame \u00ab\u00a0perle propre des mers profondes\u00a0\u00bb, c\u2019est bien la preuve qu\u2019elle seule comptait pour eux. Mais c\u2019\u00e9tait avant, avant la naissance de cet affreux b\u00e9b\u00e9, Teiki, son fr\u00e8re. Perdue dans ses pens\u00e9es, Po\u00e9ma trace une grande spirale sur le sable. Elle voudrait se faire toute petite et dispara\u00eetre dans la mer. La mer ! La voil\u00e0, la solution. Si Teiki dispara\u00eet, tous les probl\u00e8mes disparaissent avec lui. Ses parents croiront qu\u2019il a \u00e9t\u00e9 enlev\u00e9 par Hiro, le roi des voleurs. Et tout redeviendra comme avant. Po\u00e9ma n\u2019accepte pas que tout ait chang\u00e9 depuis la naissance de son\u00a0fr\u00e8re. Elle d\u00e9cide de l\u2019abandonner de l\u2019autre c\u00f4t\u00e9 de la barri\u00e8re de corail, pour retrouver ses parents pour elle toute seule. Son\u00a0voyage\u00a0est une r\u00e9elle incursion en\u00a0Polyn\u00e9sie\u00a0: la petite fille part, son petit fr\u00e8re sous le bras, sur sa pirogue, et glisse sur le lagon. Fleurs de tiar\u00e9, barri\u00e8re de corail, chansons traditionnelles, requin, tous ces \u00e9l\u00e9ments nous plongent au c\u0153ur de Tahiti. Po\u00e9ma se lance dans un voyage\u00a0insolite\u00a0et fantastique. Engloutie par une tornade, elle p\u00e9n\u00e8tre dans le monde sous-marin \u00e0 la rencontre d\u2019\u00e9tranges animaux aquatiques dou\u00e9s de parole\u00a0: raie manta, an\u00e9mones, poisson-clown\u2026 D\u2019\u00e9nigmes\u00a0en\u00a0rebondissements, la petite fille s\u2019engouffre dans ce monde de l\u2019ombre. Et progressivement, ses sentiments \u00e9voluent\u00a0: son fr\u00e8re n\u2019est-il pas en danger dans ce monde hostile\u00a0? Ne faut-il pas le prot\u00e9ger de tous ces monstres marins\u00a0? Le\u00a0voyage fantastique\u00a0devient\u00a0trajet initiatique\u00a0: petit \u00e0 petit, Po\u00e9ma comprend \u00e0 quel point elle est attach\u00e9e \u00e0 son fr\u00e8re. Ce voyage la fait grandir. Mention sp\u00e9ciale du Prix du livre insulaire d\u2019Ouessant \u00b7\u00a0Prix litt\u00e9raire des \u00e9coliers de Rillieux-la-Pape\u00a02008\/2009 \u00b7\u00a0Nomination \u00e0 \u201cUn livre au village\u201d (La Cadi\u00e8re d&rsquo;Azur, dans le Var)\u2026 \u00a0<\/p>\n","protected":false},"author":1,"featured_media":620,"parent":0,"menu_order":0,"comment_status":"closed","ping_status":"closed","template":"","meta":{"footnotes":""},"class_list":["post-4813","page","type-page","status-publish","has-post-thumbnail","hentry"],"_links":{"self":[{"href":"https:\/\/cecileroumiguiere.com\/wp\/index.php?rest_route=\/wp\/v2\/pages\/4813","targetHints":{"allow":["GET"]}}],"collection":[{"href":"https:\/\/cecileroumiguiere.com\/wp\/index.php?rest_route=\/wp\/v2\/pages"}],"about":[{"href":"https:\/\/cecileroumiguiere.com\/wp\/index.php?rest_route=\/wp\/v2\/types\/page"}],"author":[{"embeddable":true,"href":"https:\/\/cecileroumiguiere.com\/wp\/index.php?rest_route=\/wp\/v2\/users\/1"}],"replies":[{"embeddable":true,"href":"https:\/\/cecileroumiguiere.com\/wp\/index.php?rest_route=%2Fwp%2Fv2%2Fcomments&post=4813"}],"version-history":[{"count":3,"href":"https:\/\/cecileroumiguiere.com\/wp\/index.php?rest_route=\/wp\/v2\/pages\/4813\/revisions"}],"predecessor-version":[{"id":7816,"href":"https:\/\/cecileroumiguiere.com\/wp\/index.php?rest_route=\/wp\/v2\/pages\/4813\/revisions\/7816"}],"wp:featuredmedia":[{"embeddable":true,"href":"https:\/\/cecileroumiguiere.com\/wp\/index.php?rest_route=\/wp\/v2\/media\/620"}],"wp:attachment":[{"href":"https:\/\/cecileroumiguiere.com\/wp\/index.php?rest_route=%2Fwp%2Fv2%2Fmedia&parent=4813"}],"curies":[{"name":"wp","href":"https:\/\/api.w.org\/{rel}","templated":true}]}}