{"id":489,"date":"2013-11-08T22:24:20","date_gmt":"2013-11-08T21:24:20","guid":{"rendered":"http:\/\/cecileroumiguiere.com\/wp\/?page_id=489"},"modified":"2024-07-24T14:56:13","modified_gmt":"2024-07-24T13:56:13","slug":"blue-cerises-%c2%b7-le-making-off","status":"publish","type":"page","link":"https:\/\/cecileroumiguiere.com\/wp\/?page_id=489","title":{"rendered":"Les blues Cerises \u00b7 Le making off"},"content":{"rendered":"<h3><span style=\"font-family: 'Source Sans Pro', Helvetica, sans-serif; font-size: 16px; line-height: 1.5;\">D\u00e9cembre\u00a02006, voyage de Paris vers le sud. Brume et gris sur l\u2019autoroute. Conversation \u00e0 deux. \u00c9crire. Pourquoi, comment\u00a0? Nostalgie des \u00e9quipes de cr\u00e9ation de spectacles. Et si je montais une bande\u00a0? Une bande d\u2019auteurs, comme une bande d\u2019ados. \u00c9crire chacun son histoire, reli\u00e9e \u00e0 celle des autres par les liens de la bande. \u00c9crire des nouvelles, des textes forts et condens\u00e9s, des \u00e9clats de vie.<\/span><\/h3>\n<p>La voiture dans la nuit, phares blancs, phares rouges. Et le chant feutr\u00e9 du moteur. \u00c9crire \u00e0 plusieurs, non pas en se passant la plume pour une histoire en continuit\u00e9, mais en croisant les plumes pour aller au plus pr\u00e8s des pulsations de cet \u00e2ge fragile. Donner \u00e0 lire autant dans les silences que dans les mots, le lecteur comme ultime membre de la bande.<br \/>\nAu bout du voyage, les\u00a0<em>blue Cerises<\/em>\u00a0\u00e9taient n\u00e9es, au moins dans ma t\u00eate.<br \/>\nLe choix des complices vint ensuite, au gr\u00e9 des rencontres et des sensibilit\u00e9s, chacun trouvant imm\u00e9diatement sa place dans la bande.<br \/>\n<img loading=\"lazy\" decoding=\"async\" class=\" wp-image-552 alignleft\" src=\"http:\/\/cecileroumiguiere.com\/wp\/wp-content\/uploads\/2013\/11\/signature-cerises.jpg\" alt=\"signature-cerises\" width=\"282\" height=\"212\" srcset=\"https:\/\/cecileroumiguiere.com\/wp\/wp-content\/uploads\/2013\/11\/signature-cerises.jpg 352w, https:\/\/cecileroumiguiere.com\/wp\/wp-content\/uploads\/2013\/11\/signature-cerises-300x225.jpg 300w\" sizes=\"auto, (max-width: 282px) 100vw, 282px\" \/>Au d\u00e9part, les\u00a0<em>blue Cerises<\/em>\u00a0\u00e9taient cinq\u00a0: Violette, Amos, Zik, Satya, et Sven (Mano\u00a0Gentil), entour\u00e9es d\u2019un illustrateur (Fred B.). Que soit ici remerci\u00e9e cette bande de cr\u00e9ateurs. Complices de cogitations envol\u00e9es, de rires et de d\u00e9lires autour d\u2019une table, au t\u00e9l\u00e9phone, par mail, par vid\u00e9o, sur le forum, ces six membres de la grande matrice des\u00a0<em>Cerises<\/em>\u00a0ont permis que l\u2019aventure prenne son envol.<br \/>\nL\u2019illustrateur s\u2019est tr\u00e8s \u00e9l\u00e9gamment effac\u00e9 au moment de la r\u00e9flexion \u00e9ditoriale. Puis Sven a suivi une autre route, mais il n\u2019est pas dit qu\u2019il ne repasse pas faire un tour \u00e0 la Cin\u00e9math\u00e8que saluer ses vieux potes un de ces jours. Tout comme les\u00a0<em>blue Cerises\u00a0<\/em>croiseront sans doute d\u2019autres\u00a0<em>compa\u00f1eros<\/em>.<br \/>\nMais retrouveront-ils Olivia\u00a0? Qui sait\u2026 L\u2019aventure ne fait que commencer.<\/p>\n<p style=\"text-align: right;\"><em>C\u00e9cile Roumigui\u00e8re,\u00a0novembre\u00a02008<\/em><\/p>\n<div style=\"text-align: center;\"><img loading=\"lazy\" decoding=\"async\" class=\"wp-image-525 alignnone\" style=\"line-height: 1.5;\" src=\"http:\/\/cecileroumiguiere.com\/wp\/wp-content\/uploads\/2013\/11\/carnet-Satya-Rhino+-300x234.jpg\" alt=\"Le carnet de Satya (\u00a9Jean-Michel Payet)\" width=\"241\" height=\"188\" srcset=\"https:\/\/cecileroumiguiere.com\/wp\/wp-content\/uploads\/2013\/11\/carnet-Satya-Rhino+-300x234.jpg 300w, https:\/\/cecileroumiguiere.com\/wp\/wp-content\/uploads\/2013\/11\/carnet-Satya-Rhino+-1024x799.jpg 1024w, https:\/\/cecileroumiguiere.com\/wp\/wp-content\/uploads\/2013\/11\/carnet-Satya-Rhino+.jpg 1260w\" sizes=\"auto, (max-width: 241px) 100vw, 241px\" \/>\u00a0<img loading=\"lazy\" decoding=\"async\" class=\"wp-image-524 alignnone\" src=\"http:\/\/cecileroumiguiere.com\/wp\/wp-content\/uploads\/2013\/11\/carnet-Satya-Hippo-300x236.jpg\" alt=\"Le carnet de Satya (\u00a9Jean-Michel Payet)\" width=\"240\" height=\"189\" srcset=\"https:\/\/cecileroumiguiere.com\/wp\/wp-content\/uploads\/2013\/11\/carnet-Satya-Hippo-300x236.jpg 300w, https:\/\/cecileroumiguiere.com\/wp\/wp-content\/uploads\/2013\/11\/carnet-Satya-Hippo-1024x807.jpg 1024w, https:\/\/cecileroumiguiere.com\/wp\/wp-content\/uploads\/2013\/11\/carnet-Satya-Hippo.jpg 1283w\" sizes=\"auto, (max-width: 240px) 100vw, 240px\" \/>\u00a0<img loading=\"lazy\" decoding=\"async\" class=\"wp-image-523 alignnone\" style=\"line-height: 1.5;\" src=\"http:\/\/cecileroumiguiere.com\/wp\/wp-content\/uploads\/2013\/11\/carnet-Satya-buffle-300x228.jpg\" alt=\"Le carnet de Satya (\u00a9Jean-Michel Payet)\" width=\"244\" height=\"185\" srcset=\"https:\/\/cecileroumiguiere.com\/wp\/wp-content\/uploads\/2013\/11\/carnet-Satya-buffle-300x228.jpg 300w, https:\/\/cecileroumiguiere.com\/wp\/wp-content\/uploads\/2013\/11\/carnet-Satya-buffle-1024x781.jpg 1024w, https:\/\/cecileroumiguiere.com\/wp\/wp-content\/uploads\/2013\/11\/carnet-Satya-buffle.jpg 1257w\" sizes=\"auto, (max-width: 244px) 100vw, 244px\" \/><\/div>\n<p style=\"text-align: center;\">Le carnet de Satya (\u00a9 Jean-Michel Payet)<\/p>\n<p>&nbsp;<\/p>\n","protected":false},"excerpt":{"rendered":"<p>D\u00e9cembre\u00a02006, voyage de Paris vers le sud. Brume et gris sur l\u2019autoroute. Conversation \u00e0 deux. \u00c9crire. Pourquoi, comment\u00a0? Nostalgie des \u00e9quipes de cr\u00e9ation de spectacles. Et si je montais une bande\u00a0? Une bande d\u2019auteurs, comme une bande d\u2019ados. \u00c9crire chacun son histoire, reli\u00e9e \u00e0 celle des autres par les liens de la bande. \u00c9crire des nouvelles, des textes forts et condens\u00e9s, des \u00e9clats de vie. La voiture dans la nuit, phares blancs, phares rouges. Et le chant feutr\u00e9 du moteur. \u00c9crire \u00e0 plusieurs, non pas en se passant la plume pour une histoire en continuit\u00e9, mais en croisant les plumes pour aller au plus pr\u00e8s des pulsations de cet \u00e2ge fragile. Donner \u00e0 lire autant dans les silences que dans les mots, le lecteur comme ultime membre de la bande. Au bout du voyage, les\u00a0blue Cerises\u00a0\u00e9taient n\u00e9es, au moins dans ma t\u00eate. Le choix des complices vint ensuite, au gr\u00e9 des rencontres et des sensibilit\u00e9s, chacun trouvant imm\u00e9diatement sa place dans la bande. Au d\u00e9part, les\u00a0blue Cerises\u00a0\u00e9taient cinq\u00a0: Violette, Amos, Zik, Satya, et Sven (Mano\u00a0Gentil), entour\u00e9es d\u2019un illustrateur (Fred B.). Que soit ici remerci\u00e9e cette bande de cr\u00e9ateurs. Complices de cogitations envol\u00e9es, de rires et de d\u00e9lires autour d\u2019une table, au t\u00e9l\u00e9phone, par mail, par vid\u00e9o, sur le forum, ces six membres de la grande matrice des\u00a0Cerises\u00a0ont permis que l\u2019aventure prenne son envol. L\u2019illustrateur s\u2019est tr\u00e8s \u00e9l\u00e9gamment effac\u00e9 au moment de la r\u00e9flexion \u00e9ditoriale. Puis Sven a suivi une autre route, mais il n\u2019est pas dit qu\u2019il ne repasse pas faire un tour \u00e0 la Cin\u00e9math\u00e8que saluer ses vieux potes un de ces jours. Tout comme les\u00a0blue Cerises\u00a0croiseront sans doute d\u2019autres\u00a0compa\u00f1eros. Mais retrouveront-ils Olivia\u00a0? Qui sait\u2026 L\u2019aventure ne fait que commencer. C\u00e9cile Roumigui\u00e8re,\u00a0novembre\u00a02008 \u00a0\u00a0 Le carnet de Satya (\u00a9 Jean-Michel Payet) &nbsp;<\/p>\n","protected":false},"author":1,"featured_media":0,"parent":473,"menu_order":0,"comment_status":"closed","ping_status":"closed","template":"","meta":{"footnotes":""},"class_list":["post-489","page","type-page","status-publish","hentry"],"_links":{"self":[{"href":"https:\/\/cecileroumiguiere.com\/wp\/index.php?rest_route=\/wp\/v2\/pages\/489","targetHints":{"allow":["GET"]}}],"collection":[{"href":"https:\/\/cecileroumiguiere.com\/wp\/index.php?rest_route=\/wp\/v2\/pages"}],"about":[{"href":"https:\/\/cecileroumiguiere.com\/wp\/index.php?rest_route=\/wp\/v2\/types\/page"}],"author":[{"embeddable":true,"href":"https:\/\/cecileroumiguiere.com\/wp\/index.php?rest_route=\/wp\/v2\/users\/1"}],"replies":[{"embeddable":true,"href":"https:\/\/cecileroumiguiere.com\/wp\/index.php?rest_route=%2Fwp%2Fv2%2Fcomments&post=489"}],"version-history":[{"count":17,"href":"https:\/\/cecileroumiguiere.com\/wp\/index.php?rest_route=\/wp\/v2\/pages\/489\/revisions"}],"predecessor-version":[{"id":7871,"href":"https:\/\/cecileroumiguiere.com\/wp\/index.php?rest_route=\/wp\/v2\/pages\/489\/revisions\/7871"}],"up":[{"embeddable":true,"href":"https:\/\/cecileroumiguiere.com\/wp\/index.php?rest_route=\/wp\/v2\/pages\/473"}],"wp:attachment":[{"href":"https:\/\/cecileroumiguiere.com\/wp\/index.php?rest_route=%2Fwp%2Fv2%2Fmedia&parent=489"}],"curies":[{"name":"wp","href":"https:\/\/api.w.org\/{rel}","templated":true}]}}