{"id":5003,"date":"2018-02-14T00:25:36","date_gmt":"2018-02-13T23:25:36","guid":{"rendered":"https:\/\/cecileroumiguiere.com\/wp\/?page_id=5003"},"modified":"2020-09-04T15:14:56","modified_gmt":"2020-09-04T14:14:56","slug":"expositions","status":"publish","type":"page","link":"https:\/\/cecileroumiguiere.com\/wp\/?page_id=5003","title":{"rendered":"Expositions"},"content":{"rendered":"<p style=\"text-align: center;\"><a href=\"https:\/\/cecileroumiguiere.com\/wp\/?page_id=192\">Mode d\u2019emploi<\/a><a href=\"https:\/\/cecileroumiguiere.com\/wp\/?page_id=192\">\u00a0<\/a>\u272a<a href=\"https:\/\/cecileroumiguiere.com\/wp\/?page_id=192\">\u00a0<\/a><a href=\"https:\/\/cecileroumiguiere.com\/wp\/?page_id=2849\">Lectures<\/a> \u272a<a href=\"https:\/\/cecileroumiguiere.com\/wp\/?page_id=192\">\u00a0<\/a><a href=\"https:\/\/cecileroumiguiere.com\/wp\/?page_id=3940\">Ateliers <\/a><a href=\"https:\/\/cecileroumiguiere.com\/wp\/?page_id=192\">\u00a0<\/a>\u272a\u00a0<a href=\"https:\/\/cecileroumiguiere.com\/wp\/?page_id=5003\">Expos <\/a>\u272a <a href=\"https:\/\/cecileroumiguiere.com\/wp\/?page_id=6544\">Virtuel<\/a><\/p>\n<p>Certains livres vivent hors des pages\u2026 Des expos sont cr\u00e9\u00e9es et voyagent, accompagn\u00e9es ou pas d&rsquo;ateliers\u2026<\/p>\n<p><a href=\"https:\/\/cecileroumiguiere.com\/wp\/?page_id=181\"><img loading=\"lazy\" decoding=\"async\" class=\"wp-image-1422 alignleft\" src=\"https:\/\/cecileroumiguiere.com\/wp\/wp-content\/uploads\/2013\/11\/expo-reims-GPlapins.jpg\" alt=\"Expo Au c\u0153ur du Palais, les lapins\" width=\"350\" height=\"233\" srcset=\"https:\/\/cecileroumiguiere.com\/wp\/wp-content\/uploads\/2013\/11\/expo-reims-GPlapins.jpg 800w, https:\/\/cecileroumiguiere.com\/wp\/wp-content\/uploads\/2013\/11\/expo-reims-GPlapins-300x199.jpg 300w\" sizes=\"auto, (max-width: 350px) 100vw, 350px\" \/><\/a><\/p>\n<p><a href=\"https:\/\/cecileroumiguiere.com\/wp\/?page_id=181\">Au c\u0153ur du Palais, <\/a>exposition de Carole Chaix d&rsquo;apr\u00e8s l&rsquo;album <em>Une princesse au palais<\/em> (tous les renseignements en cliquant sur la photo).<\/p>\n<p>&nbsp;<\/p>\n<p>&nbsp;<\/p>\n<p>&nbsp;<\/p>\n<p>&nbsp;<\/p>\n<p>&nbsp;<\/p>\n<p><a href=\"https:\/\/cecileroumiguiere.com\/wp\/?page_id=3569\"><img loading=\"lazy\" decoding=\"async\" class=\"alignleft wp-image-3476\" src=\"https:\/\/cecileroumiguiere.com\/wp\/wp-content\/uploads\/2017\/03\/expo-titre.jpg\" alt=\"\" width=\"350\" height=\"262\" srcset=\"https:\/\/cecileroumiguiere.com\/wp\/wp-content\/uploads\/2017\/03\/expo-titre.jpg 945w, https:\/\/cecileroumiguiere.com\/wp\/wp-content\/uploads\/2017\/03\/expo-titre-300x225.jpg 300w, https:\/\/cecileroumiguiere.com\/wp\/wp-content\/uploads\/2017\/03\/expo-titre-768x576.jpg 768w\" sizes=\"auto, (max-width: 350px) 100vw, 350px\" \/><\/a><\/p>\n<p><a href=\"https:\/\/cecileroumiguiere.com\/wp\/?page_id=3569\">L&rsquo;exposition de l&rsquo;album <\/a><em>S&rsquo;aimer,<\/em> \u00e9crits \u00e0 partir des illustrations de 39 artistes (tous les renseignements en cliquant sur la photo).<\/p>\n","protected":false},"excerpt":{"rendered":"<p>Mode d\u2019emploi\u00a0\u272a\u00a0Lectures \u272a\u00a0Ateliers \u00a0\u272a\u00a0Expos \u272a Virtuel Certains livres vivent hors des pages\u2026 Des expos sont cr\u00e9\u00e9es et voyagent, accompagn\u00e9es ou pas d&rsquo;ateliers\u2026 Au c\u0153ur du Palais, exposition de Carole Chaix d&rsquo;apr\u00e8s l&rsquo;album Une princesse au palais (tous les renseignements en cliquant sur la photo). &nbsp; &nbsp; &nbsp; &nbsp; &nbsp; L&rsquo;exposition de l&rsquo;album S&rsquo;aimer, \u00e9crits \u00e0 partir des illustrations de 39 artistes (tous les renseignements en cliquant sur la photo).<\/p>\n","protected":false},"author":1,"featured_media":0,"parent":0,"menu_order":0,"comment_status":"closed","ping_status":"closed","template":"","meta":{"footnotes":""},"class_list":["post-5003","page","type-page","status-publish","hentry"],"_links":{"self":[{"href":"https:\/\/cecileroumiguiere.com\/wp\/index.php?rest_route=\/wp\/v2\/pages\/5003","targetHints":{"allow":["GET"]}}],"collection":[{"href":"https:\/\/cecileroumiguiere.com\/wp\/index.php?rest_route=\/wp\/v2\/pages"}],"about":[{"href":"https:\/\/cecileroumiguiere.com\/wp\/index.php?rest_route=\/wp\/v2\/types\/page"}],"author":[{"embeddable":true,"href":"https:\/\/cecileroumiguiere.com\/wp\/index.php?rest_route=\/wp\/v2\/users\/1"}],"replies":[{"embeddable":true,"href":"https:\/\/cecileroumiguiere.com\/wp\/index.php?rest_route=%2Fwp%2Fv2%2Fcomments&post=5003"}],"version-history":[{"count":14,"href":"https:\/\/cecileroumiguiere.com\/wp\/index.php?rest_route=\/wp\/v2\/pages\/5003\/revisions"}],"predecessor-version":[{"id":6568,"href":"https:\/\/cecileroumiguiere.com\/wp\/index.php?rest_route=\/wp\/v2\/pages\/5003\/revisions\/6568"}],"wp:attachment":[{"href":"https:\/\/cecileroumiguiere.com\/wp\/index.php?rest_route=%2Fwp%2Fv2%2Fmedia&parent=5003"}],"curies":[{"name":"wp","href":"https:\/\/api.w.org\/{rel}","templated":true}]}}