{"id":536,"date":"2013-11-08T23:34:06","date_gmt":"2013-11-08T22:34:06","guid":{"rendered":"http:\/\/cecileroumiguiere.com\/wp\/?page_id=536"},"modified":"2018-02-11T20:33:16","modified_gmt":"2018-02-11T19:33:16","slug":"saison-4","status":"publish","type":"page","link":"https:\/\/cecileroumiguiere.com\/wp\/?page_id=536","title":{"rendered":"Saison 4"},"content":{"rendered":"<h1>\u201cRouge toujours\u201d<\/h1>\n<h2><em>blue Cerises<\/em>, Violette 4<br \/>\nin \u201cLune bleue\u201d, version reli\u00e9e des blue Cerises<\/h2>\n<h4 style=\"text-align: right;\"><strong>Macadam \u00b7 Milan, f\u00e9vrier 2012\u00a0<\/strong><strong>(\u00e9puis\u00e9)<br \/>\n<\/strong>Disponible <a href=\"https:\/\/cecileroumiguiere.com\/wp\/?page_id=564\">en num\u00e9rique<\/a><\/h4>\n<blockquote><p>Voil\u00e0, on a fini par s\u2019expliquer. Des jours que \u00e7a couvait. D\u2019abord, le silence, depuis ce r\u00e9veillon pourri. Amos me disait qu\u2019elle aussi \u00e9tait malheureuse, et qu\u2019il faudrait bien qu\u2019on arrive \u00e0 se parler. Mais pourquoi j\u2019aurais fait le premier pas\u00a0? Amos, lui, \u00e9tait revenu vers moi. Elle, non.<br \/>\nLe lendemain du r\u00e9veillon, j\u2019ai essay\u00e9 d\u2019appeler Satya. Personne. J\u2019ai insist\u00e9, suis pass\u00e9e sur le fixe. C\u2019est Solange qui m\u2019a r\u00e9pondu. Le bel indien n\u2019\u00e9tait pas l\u00e0, sorti, absent. Disparu. Satya se la jouait bigorneau, claquemur\u00e9 au fond de sa coquille, intouchable. J\u2019aurais d\u00fb comprendre, comme moi, il d\u00e9teste les ambiances couleur rasoirs. Mais j\u2019avais pas besoin de \u00e7a, juste l\u00e0.<br \/>\nJe ruminais. Je mac\u00e9rais, fa\u00e7on tranche de citron oubli\u00e9e dans un fond de sangria. Des b\u00fbcherons au fond du cr\u00e2ne, et les vagues de naus\u00e9e. Le haut des fesses encore douloureux du tatouage papillon de Satya. Et le visage de ce gar\u00e7on, Gino, qui me revenait sans cesse. Et me faisait penser \u00e0 elle. Elle, toujours. Olivia.<em><br \/>\n<\/em><\/p><\/blockquote>\n<p style=\"text-align: right;\">\u201cRouge toujours\u201d, Violette saison 4, in les\u00a0<em>blue Cerises, \u201cLune bleue\u201d<br \/>\n<\/em><\/p>\n<p>Le r\u00e9veillon a tourn\u00e9 au cauchemar. Les Cerises ont explos\u00e9, se sont \u00e9clat\u00e9es au sol. Violette rumine. Elle sait qu&rsquo;il faudra bien se r\u00e9concilier avec Zik, \u00e0 quoi bon vivre sans partager leurs fous rires\u00a0? Mais elle ne fera pas le premier pas, \u00e7a non\u00a0! Et Olivia\u2026 quand on ne peut pas oublier un monstre, autant l&rsquo;affronter. C&rsquo;est ce que lui conseillerait Ernesto, c&rsquo;est s\u00fbr. Il y a aussi tout ce qu&rsquo;on n&rsquo;a pas pr\u00e9vu, et que la vie s\u00e8me sur le chemin. Un gar\u00e7on au catogan japonais, le vertige, les nuits \u00e0 se perdre. Pour mieux se trouver\u00a0?<br \/>\nDans sa course folle \u00e0 la poursuite de semelles rouges, Violette risque de s&rsquo;envoler\u2026<\/p>\n<h1>La playlist des blues de Violette<\/h1>\n<p><iframe loading=\"lazy\" src=\"http:\/\/www.deezer.com\/plugins\/player?autoplay=false&amp;playlist=true&amp;width=700&amp;height=240&amp;cover=true&amp;type=playlist&amp;id=32867165&amp;title=&amp;app_id=undefined\" width=\"700\" height=\"240\" frameborder=\"0\" scrolling=\"no\"><\/iframe><\/p>\n","protected":false},"excerpt":{"rendered":"<p>\u201cRouge toujours\u201d blue Cerises, Violette 4 in \u201cLune bleue\u201d, version reli\u00e9e des blue Cerises Macadam \u00b7 Milan, f\u00e9vrier 2012\u00a0(\u00e9puis\u00e9) Disponible en num\u00e9rique Voil\u00e0, on a fini par s\u2019expliquer. Des jours que \u00e7a couvait. D\u2019abord, le silence, depuis ce r\u00e9veillon pourri. Amos me disait qu\u2019elle aussi \u00e9tait malheureuse, et qu\u2019il faudrait bien qu\u2019on arrive \u00e0 se parler. Mais pourquoi j\u2019aurais fait le premier pas\u00a0? Amos, lui, \u00e9tait revenu vers moi. Elle, non. Le lendemain du r\u00e9veillon, j\u2019ai essay\u00e9 d\u2019appeler Satya. Personne. J\u2019ai insist\u00e9, suis pass\u00e9e sur le fixe. C\u2019est Solange qui m\u2019a r\u00e9pondu. Le bel indien n\u2019\u00e9tait pas l\u00e0, sorti, absent. Disparu. Satya se la jouait bigorneau, claquemur\u00e9 au fond de sa coquille, intouchable. J\u2019aurais d\u00fb comprendre, comme moi, il d\u00e9teste les ambiances couleur rasoirs. Mais j\u2019avais pas besoin de \u00e7a, juste l\u00e0. Je ruminais. Je mac\u00e9rais, fa\u00e7on tranche de citron oubli\u00e9e dans un fond de sangria. Des b\u00fbcherons au fond du cr\u00e2ne, et les vagues de naus\u00e9e. Le haut des fesses encore douloureux du tatouage papillon de Satya. Et le visage de ce gar\u00e7on, Gino, qui me revenait sans cesse. Et me faisait penser \u00e0 elle. Elle, toujours. Olivia. \u201cRouge toujours\u201d, Violette saison 4, in les\u00a0blue Cerises, \u201cLune bleue\u201d Le r\u00e9veillon a tourn\u00e9 au cauchemar. Les Cerises ont explos\u00e9, se sont \u00e9clat\u00e9es au sol. Violette rumine. Elle sait qu&rsquo;il faudra bien se r\u00e9concilier avec Zik, \u00e0 quoi bon vivre sans partager leurs fous rires\u00a0? Mais elle ne fera pas le premier pas, \u00e7a non\u00a0! Et Olivia\u2026 quand on ne peut pas oublier un monstre, autant l&rsquo;affronter. C&rsquo;est ce que lui conseillerait Ernesto, c&rsquo;est s\u00fbr. Il y a aussi tout ce qu&rsquo;on n&rsquo;a pas pr\u00e9vu, et que la vie s\u00e8me sur le chemin. Un gar\u00e7on au catogan japonais, le vertige, les nuits \u00e0 se perdre. Pour mieux se trouver\u00a0? Dans sa course folle \u00e0 la poursuite de semelles rouges, Violette risque de s&rsquo;envoler\u2026 La playlist des blues de Violette<\/p>\n","protected":false},"author":1,"featured_media":453,"parent":473,"menu_order":0,"comment_status":"closed","ping_status":"open","template":"","meta":{"footnotes":""},"class_list":["post-536","page","type-page","status-publish","has-post-thumbnail","hentry"],"_links":{"self":[{"href":"https:\/\/cecileroumiguiere.com\/wp\/index.php?rest_route=\/wp\/v2\/pages\/536","targetHints":{"allow":["GET"]}}],"collection":[{"href":"https:\/\/cecileroumiguiere.com\/wp\/index.php?rest_route=\/wp\/v2\/pages"}],"about":[{"href":"https:\/\/cecileroumiguiere.com\/wp\/index.php?rest_route=\/wp\/v2\/types\/page"}],"author":[{"embeddable":true,"href":"https:\/\/cecileroumiguiere.com\/wp\/index.php?rest_route=\/wp\/v2\/users\/1"}],"replies":[{"embeddable":true,"href":"https:\/\/cecileroumiguiere.com\/wp\/index.php?rest_route=%2Fwp%2Fv2%2Fcomments&post=536"}],"version-history":[{"count":7,"href":"https:\/\/cecileroumiguiere.com\/wp\/index.php?rest_route=\/wp\/v2\/pages\/536\/revisions"}],"predecessor-version":[{"id":4881,"href":"https:\/\/cecileroumiguiere.com\/wp\/index.php?rest_route=\/wp\/v2\/pages\/536\/revisions\/4881"}],"up":[{"embeddable":true,"href":"https:\/\/cecileroumiguiere.com\/wp\/index.php?rest_route=\/wp\/v2\/pages\/473"}],"wp:featuredmedia":[{"embeddable":true,"href":"https:\/\/cecileroumiguiere.com\/wp\/index.php?rest_route=\/wp\/v2\/media\/453"}],"wp:attachment":[{"href":"https:\/\/cecileroumiguiere.com\/wp\/index.php?rest_route=%2Fwp%2Fv2%2Fmedia&parent=536"}],"curies":[{"name":"wp","href":"https:\/\/api.w.org\/{rel}","templated":true}]}}