{"id":5538,"date":"2018-10-29T17:31:27","date_gmt":"2018-10-29T16:31:27","guid":{"rendered":"https:\/\/cecileroumiguiere.com\/wp\/?page_id=5538"},"modified":"2024-07-24T14:27:21","modified_gmt":"2024-07-24T13:27:21","slug":"zou-le-zoo","status":"publish","type":"page","link":"https:\/\/cecileroumiguiere.com\/wp\/?page_id=5538","title":{"rendered":"Zou le zoo"},"content":{"rendered":"<h3 style=\"text-align: right;\">Un livre anim\u00e9 par <a href=\"http:\/\/eric-singelin.blogspot.com\">\u00c9ric Singelin<\/a><br \/><a href=\"https:\/\/www.seuiljeunesse.com\/\">Le Seuil<\/a>, octobre 2018<\/h3>\n<p><em><br \/><img loading=\"lazy\" decoding=\"async\" class=\"wp-image-5540 alignleft\" src=\"https:\/\/cecileroumiguiere.com\/wp\/wp-content\/uploads\/2018\/10\/zoulezoo-baleine.jpg\" alt=\"\" width=\"425\" height=\"315\" srcset=\"https:\/\/cecileroumiguiere.com\/wp\/wp-content\/uploads\/2018\/10\/zoulezoo-baleine.jpg 956w, https:\/\/cecileroumiguiere.com\/wp\/wp-content\/uploads\/2018\/10\/zoulezoo-baleine-300x222.jpg 300w, https:\/\/cecileroumiguiere.com\/wp\/wp-content\/uploads\/2018\/10\/zoulezoo-baleine-768x570.jpg 768w, https:\/\/cecileroumiguiere.com\/wp\/wp-content\/uploads\/2018\/10\/zoulezoo-baleine-700x519.jpg 700w\" sizes=\"auto, (max-width: 425px) 100vw, 425px\" \/><\/em>Un hymne \u00e0 la libert\u00e9 des plus d\u00e9brid\u00e9s. <em>Une histoire espi\u00e8gle<\/em>, comme le dit \u00c9ric, pour un pop-up des plus remuants\u00a0!<em><br \/><\/em><\/p>\n<p>Imaginez\u2026 Des animaux, dans un zoo, qui s&rsquo;ennuient, ils regrettent <em>leurs terres chaudes et soyeuses\u2026 <\/em>Et s&rsquo;ils s&rsquo;\u00e9vadaient ? De l&rsquo;alligator au z\u00e8bre en passant par la baleine et en remontant tout l&rsquo;alphabet, cette question va agiter notre zoo \u00e0 coups d&rsquo;allit\u00e9rations plus porteuses de r\u00e9flexions qu&rsquo;il n&rsquo;y para\u00eet\u2026<\/p>\n<p>\u00a0<\/p>\n<p><img loading=\"lazy\" decoding=\"async\" class=\"alignnone size-full wp-image-5541\" src=\"https:\/\/cecileroumiguiere.com\/wp\/wp-content\/uploads\/2018\/10\/zoulezoo-yack.jpg\" alt=\"\" width=\"850\" height=\"405\" srcset=\"https:\/\/cecileroumiguiere.com\/wp\/wp-content\/uploads\/2018\/10\/zoulezoo-yack.jpg 850w, https:\/\/cecileroumiguiere.com\/wp\/wp-content\/uploads\/2018\/10\/zoulezoo-yack-300x143.jpg 300w, https:\/\/cecileroumiguiere.com\/wp\/wp-content\/uploads\/2018\/10\/zoulezoo-yack-768x366.jpg 768w, https:\/\/cecileroumiguiere.com\/wp\/wp-content\/uploads\/2018\/10\/zoulezoo-yack-700x334.jpg 700w\" sizes=\"auto, (max-width: 850px) 100vw, 850px\" \/><\/p>\n<h1 style=\"text-align: right;\"><em>Allez, zou le zoo !<\/em><\/h1>\n\n\n<h2 class=\"wp-block-heading\">La vid\u00e9o<\/h2>\n\n\n\n<iframe loading=\"lazy\" width=\"560\" height=\"315\" src=\"https:\/\/www.youtube.com\/embed\/V0zWEoys3dE\" frameborder=\"0\" allow=\"accelerometer; autoplay; encrypted-media; gyroscope; picture-in-picture\" allowfullscreen=\"\"><\/iframe>\n","protected":false},"excerpt":{"rendered":"<p>Un livre anim\u00e9 par \u00c9ric SingelinLe Seuil, octobre 2018 Un hymne \u00e0 la libert\u00e9 des plus d\u00e9brid\u00e9s. Une histoire espi\u00e8gle, comme le dit \u00c9ric, pour un pop-up des plus remuants\u00a0! Imaginez\u2026 Des animaux, dans un zoo, qui s&rsquo;ennuient, ils regrettent leurs terres chaudes et soyeuses\u2026 Et s&rsquo;ils s&rsquo;\u00e9vadaient ? De l&rsquo;alligator au z\u00e8bre en passant par la baleine et en remontant tout l&rsquo;alphabet, cette question va agiter notre zoo \u00e0 coups d&rsquo;allit\u00e9rations plus porteuses de r\u00e9flexions qu&rsquo;il n&rsquo;y para\u00eet\u2026 \u00a0 Allez, zou le zoo ! La vid\u00e9o<\/p>\n","protected":false},"author":1,"featured_media":5539,"parent":0,"menu_order":0,"comment_status":"closed","ping_status":"open","template":"","meta":{"footnotes":""},"class_list":["post-5538","page","type-page","status-publish","has-post-thumbnail","hentry"],"_links":{"self":[{"href":"https:\/\/cecileroumiguiere.com\/wp\/index.php?rest_route=\/wp\/v2\/pages\/5538","targetHints":{"allow":["GET"]}}],"collection":[{"href":"https:\/\/cecileroumiguiere.com\/wp\/index.php?rest_route=\/wp\/v2\/pages"}],"about":[{"href":"https:\/\/cecileroumiguiere.com\/wp\/index.php?rest_route=\/wp\/v2\/types\/page"}],"author":[{"embeddable":true,"href":"https:\/\/cecileroumiguiere.com\/wp\/index.php?rest_route=\/wp\/v2\/users\/1"}],"replies":[{"embeddable":true,"href":"https:\/\/cecileroumiguiere.com\/wp\/index.php?rest_route=%2Fwp%2Fv2%2Fcomments&post=5538"}],"version-history":[{"count":7,"href":"https:\/\/cecileroumiguiere.com\/wp\/index.php?rest_route=\/wp\/v2\/pages\/5538\/revisions"}],"predecessor-version":[{"id":7841,"href":"https:\/\/cecileroumiguiere.com\/wp\/index.php?rest_route=\/wp\/v2\/pages\/5538\/revisions\/7841"}],"wp:featuredmedia":[{"embeddable":true,"href":"https:\/\/cecileroumiguiere.com\/wp\/index.php?rest_route=\/wp\/v2\/media\/5539"}],"wp:attachment":[{"href":"https:\/\/cecileroumiguiere.com\/wp\/index.php?rest_route=%2Fwp%2Fv2%2Fmedia&parent=5538"}],"curies":[{"name":"wp","href":"https:\/\/api.w.org\/{rel}","templated":true}]}}