{"id":5547,"date":"2018-10-29T18:14:03","date_gmt":"2018-10-29T17:14:03","guid":{"rendered":"https:\/\/cecileroumiguiere.com\/wp\/?page_id=5547"},"modified":"2019-10-09T14:19:25","modified_gmt":"2019-10-09T13:19:25","slug":"jean-kevin","status":"publish","type":"page","link":"https:\/\/cecileroumiguiere.com\/wp\/?page_id=5547","title":{"rendered":"Jean-Kevin"},"content":{"rendered":"\n<p style=\"color:#58937b;text-align:right\" class=\"has-text-color\"><em>Un album illustr\u00e9 par <\/em><a href=\"https:\/\/geraldinealibeu.com\"><em>G\u00e9raldine Alibeu<\/em><\/a><em><br>aux \u00e9ditions <\/em><a href=\"https:\/\/apasdeloups.com\"><em>\u00c0 pas de loups<\/em><\/a><em> \u00b7 2 novembre 2018<\/em><\/p>\n\n\n<h3 style=\"text-align: right;\">\u00a0<\/h3>\n<p>\u00a0<\/p>\n<p><img loading=\"lazy\" decoding=\"async\" class=\"wp-image-5552 alignleft\" src=\"https:\/\/cecileroumiguiere.com\/wp\/wp-content\/uploads\/2018\/10\/jean-kevin-4.jpg\" alt=\"\" width=\"222\" height=\"166\" srcset=\"https:\/\/cecileroumiguiere.com\/wp\/wp-content\/uploads\/2018\/10\/jean-kevin-4.jpg 680w, https:\/\/cecileroumiguiere.com\/wp\/wp-content\/uploads\/2018\/10\/jean-kevin-4-300x225.jpg 300w\" sizes=\"auto, (max-width: 222px) 100vw, 222px\" \/><\/p>\n<blockquote>\n<p>Jean-Kevin aime vivre dans la for\u00eat. Il \u00e9coute le chant du ruisseau, il regarde les feuilles briller dans le soleil, il ne s\u2019ennuie jamais. Jean-Kevin sait d\u00e9j\u00e0 faire des tas de choses tout seul\u00a0: nager, trouver du miel, construire une cabane de branches. Jean-Kevin pourrait \u00eatre le plus heureux des oursons, si sa m\u00e8re ne le traitait pas encore comme un b\u00e9b\u00e9.<br \/>\u2014 Jean-Kevin, tu cours trop vite\u2026 attention, tu vas tomber\u00a0!<br \/>\u2014 Jean-Kevin\u2026 mets ton bonnet, tu vas prendre froid.<br \/>Mme\u00a0Cof\u00e9 est une maman ourse inqui\u00e8te. On n\u2019y peut rien, c\u2019est comme \u00e7a.<\/p>\n<p>Ce qu\u2019aimerait Jean-Kevin, c\u2019est se sentir libre, s\u2019envoler\u00a0!<\/p>\n<\/blockquote>\n<p>Dans sa for\u00eat, Jean-Kevin pourrait \u00eatre le plus heureux des ours\u2026 Mais sa m\u00e8re le voit toujours comme un b\u00e9b\u00e9.\u00a0Comment lui montrer qu&rsquo;il a grandi ? Le jour o\u00f9 il entend Pline l&rsquo;oiseau chanter, il sait ce qu&rsquo;il va faire : il va s&rsquo;entra\u00eener pour \u00eatre le plus grand ours chanteur du monde, il va\u00a0<em>enchanter<\/em>\u00a0le monde entier !<\/p>\n<p><img loading=\"lazy\" decoding=\"async\" class=\"wp-image-5551 aligncenter\" src=\"https:\/\/cecileroumiguiere.com\/wp\/wp-content\/uploads\/2018\/10\/Pline.gif\" alt=\"\" width=\"380\" height=\"292\" \/><\/p>\n<p>De sa for\u00eat profonde \u00e0 la grande ville et aux sc\u00e8nes du monde entier, le parcours d&rsquo;un ours qui apprend \u00e0\u00a0<em>chanter comme le tonnerre chante avec la pluie et le vent\u00a0!<\/em><\/p>\n<p><span style=\"color: #808080;\"><em>*\u00a0Avec un hommage \u00e0 peine camoufl\u00e9 \u00e0 \u201cProfesseur Moog\u201d et son studio d\u00e9bordant de synth\u00e9s, un vrai \u201cTsunami\u201d !<\/em><\/span><\/p>\n<p>\u00a0<\/p>\n<p><img loading=\"lazy\" decoding=\"async\" class=\"size-full wp-image-5553 aligncenter\" src=\"https:\/\/cecileroumiguiere.com\/wp\/wp-content\/uploads\/2018\/10\/jk-maitremoog-web.jpg\" alt=\"\" width=\"709\" height=\"460\" srcset=\"https:\/\/cecileroumiguiere.com\/wp\/wp-content\/uploads\/2018\/10\/jk-maitremoog-web.jpg 709w, https:\/\/cecileroumiguiere.com\/wp\/wp-content\/uploads\/2018\/10\/jk-maitremoog-web-300x195.jpg 300w, https:\/\/cecileroumiguiere.com\/wp\/wp-content\/uploads\/2018\/10\/jk-maitremoog-web-700x454.jpg 700w\" sizes=\"auto, (max-width: 709px) 100vw, 709px\" \/><\/p>\n<p>Dans cette nouvelle aventure avec les \u00e9ditions \u00c0 pas de loups, suivons Jean-Kevin dans un monde superbement illustr\u00e9 par G\u00e9raldine Alibeu, grande sp\u00e9cialiste des ours, de la for\u00eat et\u2026 de la musique !<\/p>\n<p>\u00a0<\/p>\n<p style=\"text-align: center;\"><iframe loading=\"lazy\" src=\"https:\/\/www.youtube.com\/embed\/-D1UPPlM420\" width=\"560\" height=\"315\" frameborder=\"0\" allowfullscreen=\"allowfullscreen\"><\/iframe><\/p>\n\n\n<div class=\"wp-block-image\"><figure class=\"alignleft is-resized\"><img loading=\"lazy\" decoding=\"async\" src=\"https:\/\/cecileroumiguiere.com\/wp\/wp-content\/uploads\/2019\/02\/jean-kevin-casque-web.jpg\" alt=\"\" class=\"wp-image-5644\" width=\"194\" height=\"153\" srcset=\"https:\/\/cecileroumiguiere.com\/wp\/wp-content\/uploads\/2019\/02\/jean-kevin-casque-web.jpg 567w, https:\/\/cecileroumiguiere.com\/wp\/wp-content\/uploads\/2019\/02\/jean-kevin-casque-web-300x237.jpg 300w\" sizes=\"auto, (max-width: 194px) 100vw, 194px\" \/><\/figure><\/div>\n\n\n\n<p>\u2022&nbsp;Jean-Kevin <a href=\"https:\/\/cecileroumiguiere.com\/wp\/?p=5634\">\u00e0 la radio<\/a> !<\/p>\n\n\n\n<p>\u2022 Jean-Kevin <a href=\"https:\/\/cecileroumiguiere.com\/wp\/?p=5655\">et ses tatouages<\/a>.<\/p>\n\n\n\n<p>\u2022 Jean-Kevin <a href=\"https:\/\/cecileroumiguiere.com\/wp\/?p=5709\">en Guyane<\/a>.<\/p>\n\n\n\n<p><\/p>\n","protected":false},"excerpt":{"rendered":"<p>Un album illustr\u00e9 par G\u00e9raldine Alibeuaux \u00e9ditions \u00c0 pas de loups \u00b7 2 novembre 2018 \u00a0 \u00a0 Jean-Kevin aime vivre dans la for\u00eat. Il \u00e9coute le chant du ruisseau, il regarde les feuilles briller dans le soleil, il ne s\u2019ennuie jamais. Jean-Kevin sait d\u00e9j\u00e0 faire des tas de choses tout seul\u00a0: nager, trouver du miel, construire une cabane de branches. Jean-Kevin pourrait \u00eatre le plus heureux des oursons, si sa m\u00e8re ne le traitait pas encore comme un b\u00e9b\u00e9.\u2014 Jean-Kevin, tu cours trop vite\u2026 attention, tu vas tomber\u00a0!\u2014 Jean-Kevin\u2026 mets ton bonnet, tu vas prendre froid.Mme\u00a0Cof\u00e9 est une maman ourse inqui\u00e8te. On n\u2019y peut rien, c\u2019est comme \u00e7a. Ce qu\u2019aimerait Jean-Kevin, c\u2019est se sentir libre, s\u2019envoler\u00a0! Dans sa for\u00eat, Jean-Kevin pourrait \u00eatre le plus heureux des ours\u2026 Mais sa m\u00e8re le voit toujours comme un b\u00e9b\u00e9.\u00a0Comment lui montrer qu&rsquo;il a grandi ? Le jour o\u00f9 il entend Pline l&rsquo;oiseau chanter, il sait ce qu&rsquo;il va faire : il va s&rsquo;entra\u00eener pour \u00eatre le plus grand ours chanteur du monde, il va\u00a0enchanter\u00a0le monde entier ! De sa for\u00eat profonde \u00e0 la grande ville et aux sc\u00e8nes du monde entier, le parcours d&rsquo;un ours qui apprend \u00e0\u00a0chanter comme le tonnerre chante avec la pluie et le vent\u00a0! *\u00a0Avec un hommage \u00e0 peine camoufl\u00e9 \u00e0 \u201cProfesseur Moog\u201d et son studio d\u00e9bordant de synth\u00e9s, un vrai \u201cTsunami\u201d ! \u00a0 Dans cette nouvelle aventure avec les \u00e9ditions \u00c0 pas de loups, suivons Jean-Kevin dans un monde superbement illustr\u00e9 par G\u00e9raldine Alibeu, grande sp\u00e9cialiste des ours, de la for\u00eat et\u2026 de la musique ! \u00a0 \u2022&nbsp;Jean-Kevin \u00e0 la radio ! \u2022 Jean-Kevin et ses tatouages. \u2022 Jean-Kevin en Guyane.<\/p>\n","protected":false},"author":1,"featured_media":5550,"parent":0,"menu_order":0,"comment_status":"closed","ping_status":"closed","template":"","meta":{"footnotes":""},"class_list":["post-5547","page","type-page","status-publish","has-post-thumbnail","hentry"],"_links":{"self":[{"href":"https:\/\/cecileroumiguiere.com\/wp\/index.php?rest_route=\/wp\/v2\/pages\/5547","targetHints":{"allow":["GET"]}}],"collection":[{"href":"https:\/\/cecileroumiguiere.com\/wp\/index.php?rest_route=\/wp\/v2\/pages"}],"about":[{"href":"https:\/\/cecileroumiguiere.com\/wp\/index.php?rest_route=\/wp\/v2\/types\/page"}],"author":[{"embeddable":true,"href":"https:\/\/cecileroumiguiere.com\/wp\/index.php?rest_route=\/wp\/v2\/users\/1"}],"replies":[{"embeddable":true,"href":"https:\/\/cecileroumiguiere.com\/wp\/index.php?rest_route=%2Fwp%2Fv2%2Fcomments&post=5547"}],"version-history":[{"count":16,"href":"https:\/\/cecileroumiguiere.com\/wp\/index.php?rest_route=\/wp\/v2\/pages\/5547\/revisions"}],"predecessor-version":[{"id":6075,"href":"https:\/\/cecileroumiguiere.com\/wp\/index.php?rest_route=\/wp\/v2\/pages\/5547\/revisions\/6075"}],"wp:featuredmedia":[{"embeddable":true,"href":"https:\/\/cecileroumiguiere.com\/wp\/index.php?rest_route=\/wp\/v2\/media\/5550"}],"wp:attachment":[{"href":"https:\/\/cecileroumiguiere.com\/wp\/index.php?rest_route=%2Fwp%2Fv2%2Fmedia&parent=5547"}],"curies":[{"name":"wp","href":"https:\/\/api.w.org\/{rel}","templated":true}]}}