{"id":5879,"date":"2019-05-03T14:40:51","date_gmt":"2019-05-03T13:40:51","guid":{"rendered":"https:\/\/cecileroumiguiere.com\/wp\/?page_id=5879"},"modified":"2019-11-07T19:50:33","modified_gmt":"2019-11-07T18:50:33","slug":"peau-dane","status":"publish","type":"page","link":"https:\/\/cecileroumiguiere.com\/wp\/?page_id=5879","title":{"rendered":"Peau d&rsquo;\u00e2ne"},"content":{"rendered":"\n<p style=\"text-align:right\" class=\"has-text-color has-luminous-vivid-amber-color\"><em>Illustr\u00e9 par Alessandra Maria<br>Albin Michel, collection dirig\u00e9e par Benjamin Lacombe<\/em> \u00b7 2019<\/p>\n\n\n\n<blockquote class=\"wp-block-quote is-layout-flow wp-block-quote-is-layout-flow\"><p><em>En ce lieu que tous nommaient le Royaume, le temps s\u2019\u00e9tait arr\u00eat\u00e9, tous attendaient.<\/em><br>Il \u00e9tait une fois, dans une chambre \u00e9blouissante de lumi\u00e8re, encercl\u00e9 par les reflets que se renvoyaient les murs couverts de miroirs, un homme. Agenouill\u00e9 aupr\u00e8s d\u2019un immense lit, cet homme semblait prier. Il murmurait&nbsp;:<br>\u2014 Tu es si belle, ce matin encore. Comment pourrais-je y croire?<br>La femme la plus belle que l\u2019on e\u00fbt jamais vue \u00e9tait \u00e9tendue l\u00e0, sur des draps plus blancs qu\u2019une aube enneig\u00e9e. Elle souriait.<br>\u2014 Il le faudra pourtant, tu le sais. Ce soir, je ne serai plus de ce monde.<br>Les larmes de l\u2019homme coul\u00e8rent sur ses joues, la femme serra sa main entre les siennes.<br>\u2014 Si tu te remaries, promets-moi\u2026<br>Et comme l\u2019homme protestait, elle resserra son \u00e9treinte.<br>\u2014 Promets-moi que tu n\u2019\u00e9pouseras qu\u2019une femme plus belle que moi\u2026<\/p><\/blockquote>\n\n\n\n<h2 class=\"wp-block-heading\">Un r\u00eave\u2026<\/h2>\n\n\n\n<p>Un r\u00eave\u2026 R\u00e9\u00e9crire Peau d&rsquo;\u00e2ne. \u201cMon\u201d Peau d&rsquo;\u00e2ne \u00e0 moi. Un hommage au film de Jacques Demy, \u00e0 Jean Marais, p\u00e8re de Peau d&rsquo;\u00e0ne et amoureux de la Belle dans le film de Jean Cocteau. Un clin d&rsquo;\u0153il \u00e0 mon enfance nourrie de contes de f\u00e9es et de princesses que je voulais toujours indociles.<\/p>\n\n\n\n<p>Depuis notre collaboration sur <em><a href=\"https:\/\/cecileroumiguiere.com\/wp\/?page_id=287\">L&rsquo;enfant silence<\/a><\/em>, Benjamin Lacombe conna\u00eet mon amour pour ce conte et pour les films de Demy. Il s&rsquo;en est souvenu quand il m&rsquo;a contact\u00e9e pour r\u00e9\u00e9crire un classique dans sa collection. Il a d\u00e9couvert le travail d&rsquo;Alessandra Maria, qu&rsquo;il a convaincue d&rsquo;accepter un d\u00e9fi in\u00e9dit pour elle&nbsp;: illustrer un conte.<\/p>\n\n\n\n<p>Toute de dor\u00e9e v\u00eatue, notre Peau d&rsquo;\u00e2ne sait ce qu&rsquo;elle veut. La cour autour d&rsquo;elle a beau soupirer et laisser faire, elle ne se r\u00e9signe pas. Elle va chercher l&rsquo;aide de sa marraine, au fond des mers, pour mieux r\u00e9sister \u00e0 la demande folle de son p\u00e8re. Quant \u00e0 la demande du prince, il n&rsquo;est pas dit qu&rsquo;elle l&rsquo;accepte sans y mettre son grain de sel\u2026<\/p>\n\n\n\n<pre class=\"wp-block-preformatted\">Pour en savoir plus sur <a href=\"https:\/\/cecileroumiguiere.com\/wp\/?p=6058\">le \u201cPeau d'\u00e2ne\u201d de Jacques Demy, cliquer ici.<\/a><\/pre>\n\n\n\n<p style=\"text-align:center\">Format&nbsp;: 220 x 300,&nbsp;64 pages<br>Impression int\u00e9rieure quadri + Pantone dor\u00e9<br>Couverture reli\u00e9e, dos carr\u00e9, fer \u00e0 dorer<br>Prix TTC&nbsp;: 19,90 \u20ac.&nbsp;En librairie le 30 octobre 2019<\/p>\n\n\n\n<h3 class=\"wp-block-heading\">\u272a Petit secret<\/h3>\n\n\n\n<p>Hommage \u00e0 la Bretagne, la recette du livre \u201cBrioche des amants\u201d est une recette du\u2026 <a href=\"https:\/\/fr.wikipedia.org\/wiki\/Kouign-amann\">Kouign-Amann<\/a> (o\u00f9 \u201camann\u201d n&rsquo;est pas un amoureux mais du beurre).<br><\/p>\n\n\n\n<h3 class=\"wp-block-heading\">Le book trailer<\/h3>\n\n\n\n<p style=\"text-align: center;\"><iframe loading=\"lazy\" width=\"560\" height=\"315\" src=\"https:\/\/www.youtube.com\/embed\/o-I9qh6FZDY\" frameborder=\"0\" allow=\"accelerometer; autoplay; encrypted-media; gyroscope; picture-in-picture\" allowfullscreen=\"\"><\/iframe><\/p>\n\n\n\n<p><\/p>\n","protected":false},"excerpt":{"rendered":"<p>Illustr\u00e9 par Alessandra MariaAlbin Michel, collection dirig\u00e9e par Benjamin Lacombe \u00b7 2019 En ce lieu que tous nommaient le Royaume, le temps s\u2019\u00e9tait arr\u00eat\u00e9, tous attendaient.Il \u00e9tait une fois, dans une chambre \u00e9blouissante de lumi\u00e8re, encercl\u00e9 par les reflets que se renvoyaient les murs couverts de miroirs, un homme. Agenouill\u00e9 aupr\u00e8s d\u2019un immense lit, cet homme semblait prier. Il murmurait&nbsp;:\u2014 Tu es si belle, ce matin encore. Comment pourrais-je y croire?La femme la plus belle que l\u2019on e\u00fbt jamais vue \u00e9tait \u00e9tendue l\u00e0, sur des draps plus blancs qu\u2019une aube enneig\u00e9e. Elle souriait.\u2014 Il le faudra pourtant, tu le sais. Ce soir, je ne serai plus de ce monde.Les larmes de l\u2019homme coul\u00e8rent sur ses joues, la femme serra sa main entre les siennes.\u2014 Si tu te remaries, promets-moi\u2026Et comme l\u2019homme protestait, elle resserra son \u00e9treinte.\u2014 Promets-moi que tu n\u2019\u00e9pouseras qu\u2019une femme plus belle que moi\u2026 Un r\u00eave\u2026 Un r\u00eave\u2026 R\u00e9\u00e9crire Peau d&rsquo;\u00e2ne. \u201cMon\u201d Peau d&rsquo;\u00e2ne \u00e0 moi. Un hommage au film de Jacques Demy, \u00e0 Jean Marais, p\u00e8re de Peau d&rsquo;\u00e0ne et amoureux de la Belle dans le film de Jean Cocteau. Un clin d&rsquo;\u0153il \u00e0 mon enfance nourrie de contes de f\u00e9es et de princesses que je voulais toujours indociles. Depuis notre collaboration sur L&rsquo;enfant silence, Benjamin Lacombe conna\u00eet mon amour pour ce conte et pour les films de Demy. Il s&rsquo;en est souvenu quand il m&rsquo;a contact\u00e9e pour r\u00e9\u00e9crire un classique dans sa collection. Il a d\u00e9couvert le travail d&rsquo;Alessandra Maria, qu&rsquo;il a convaincue d&rsquo;accepter un d\u00e9fi in\u00e9dit pour elle&nbsp;: illustrer un conte. Toute de dor\u00e9e v\u00eatue, notre Peau d&rsquo;\u00e2ne sait ce qu&rsquo;elle veut. La cour autour d&rsquo;elle a beau soupirer et laisser faire, elle ne se r\u00e9signe pas. Elle va chercher l&rsquo;aide de sa marraine, au fond des mers, pour mieux r\u00e9sister \u00e0 la demande folle de son p\u00e8re. Quant \u00e0 la demande du prince, il n&rsquo;est pas dit qu&rsquo;elle l&rsquo;accepte sans y mettre son grain de sel\u2026 Pour en savoir plus sur le \u201cPeau d&rsquo;\u00e2ne\u201d de Jacques Demy, cliquer ici. Format&nbsp;: 220 x 300,&nbsp;64 pagesImpression int\u00e9rieure quadri + Pantone dor\u00e9Couverture reli\u00e9e, dos carr\u00e9, fer \u00e0 dorerPrix TTC&nbsp;: 19,90 \u20ac.&nbsp;En librairie le 30 octobre 2019 \u272a Petit secret Hommage \u00e0 la Bretagne, la recette du livre \u201cBrioche des amants\u201d est une recette du\u2026 Kouign-Amann (o\u00f9 \u201camann\u201d n&rsquo;est pas un amoureux mais du beurre). Le book trailer<\/p>\n","protected":false},"author":1,"featured_media":5958,"parent":0,"menu_order":0,"comment_status":"closed","ping_status":"closed","template":"","meta":{"footnotes":""},"class_list":["post-5879","page","type-page","status-publish","has-post-thumbnail","hentry"],"_links":{"self":[{"href":"https:\/\/cecileroumiguiere.com\/wp\/index.php?rest_route=\/wp\/v2\/pages\/5879","targetHints":{"allow":["GET"]}}],"collection":[{"href":"https:\/\/cecileroumiguiere.com\/wp\/index.php?rest_route=\/wp\/v2\/pages"}],"about":[{"href":"https:\/\/cecileroumiguiere.com\/wp\/index.php?rest_route=\/wp\/v2\/types\/page"}],"author":[{"embeddable":true,"href":"https:\/\/cecileroumiguiere.com\/wp\/index.php?rest_route=\/wp\/v2\/users\/1"}],"replies":[{"embeddable":true,"href":"https:\/\/cecileroumiguiere.com\/wp\/index.php?rest_route=%2Fwp%2Fv2%2Fcomments&post=5879"}],"version-history":[{"count":38,"href":"https:\/\/cecileroumiguiere.com\/wp\/index.php?rest_route=\/wp\/v2\/pages\/5879\/revisions"}],"predecessor-version":[{"id":6162,"href":"https:\/\/cecileroumiguiere.com\/wp\/index.php?rest_route=\/wp\/v2\/pages\/5879\/revisions\/6162"}],"wp:featuredmedia":[{"embeddable":true,"href":"https:\/\/cecileroumiguiere.com\/wp\/index.php?rest_route=\/wp\/v2\/media\/5958"}],"wp:attachment":[{"href":"https:\/\/cecileroumiguiere.com\/wp\/index.php?rest_route=%2Fwp%2Fv2%2Fmedia&parent=5879"}],"curies":[{"name":"wp","href":"https:\/\/api.w.org\/{rel}","templated":true}]}}