{"id":5998,"date":"2019-09-13T11:50:04","date_gmt":"2019-09-13T10:50:04","guid":{"rendered":"https:\/\/cecileroumiguiere.com\/wp\/?page_id=5998"},"modified":"2019-10-08T15:15:05","modified_gmt":"2019-10-08T14:15:05","slug":"les-ombres-de-nasla","status":"publish","type":"page","link":"https:\/\/cecileroumiguiere.com\/wp\/?page_id=5998","title":{"rendered":"Les ombres de Nasla"},"content":{"rendered":"\n<p style=\"color:#ee4e14;text-align:right\" class=\"has-text-color\"><em>Illustr\u00e9 par Simone Rea \u00b7 Le Seuil 2019<\/em><\/p>\n\n\n\n<blockquote class=\"wp-block-quote is-layout-flow wp-block-quote-is-layout-flow\"><p>Nasla ne dort pas. Couch\u00e9e dans son lit, elle regarde un \u0153il. Un tout petit \u0153il, au-dessus de l\u2019armoire. Un \u0153il ouvert qui fait un trou jaune dans la nuit noire. Un \u0153il qui la regarde.<\/p><\/blockquote>\n\n\n\n<h2 class=\"wp-block-heading\">Un livre de nuit<\/h2>\n\n\n\n<div class=\"wp-block-image\"><figure class=\"alignright is-resized\"><a href=\"https:\/\/cecileroumiguiere.com\/wp\/wp-content\/uploads\/2019\/09\/nasla-quatrieme.jpg\"><img loading=\"lazy\" decoding=\"async\" src=\"https:\/\/cecileroumiguiere.com\/wp\/wp-content\/uploads\/2019\/09\/nasla-quatrieme.jpg\" alt=\"Nasla\" class=\"wp-image-6001\" width=\"249\" height=\"258\" srcset=\"https:\/\/cecileroumiguiere.com\/wp\/wp-content\/uploads\/2019\/09\/nasla-quatrieme.jpg 436w, https:\/\/cecileroumiguiere.com\/wp\/wp-content\/uploads\/2019\/09\/nasla-quatrieme-289x300.jpg 289w\" sizes=\"auto, (max-width: 249px) 100vw, 249px\" \/><\/a><\/figure><\/div>\n\n\n\n<p>\u00c0 qui est cet \u0153il ? \u00c0 quoi joue la Lune, la nuit ? Et pourquoi les enfants n&rsquo;auraient-ils pas le droit de courir sur les toits eux-aussi ? Nasla se pose tant de questions, le soir, comment pourrait-elle s&rsquo;endormir&nbsp;?<\/p>\n\n\n\n<p>Et si\u2026 Et si la tortue en peluche rang\u00e9e sur l&rsquo;\u00e9tag\u00e8re des jouets d\u00e9suets \u00e9tait vex\u00e9e ? Et si Timboubou l&rsquo;\u00e9l\u00e9phant \u00e9tait en col\u00e8re ? Et si\u2026 <\/p>\n\n\n\n<blockquote class=\"wp-block-quote is-layout-flow wp-block-quote-is-layout-flow\"><p>Nasla pourrait tout expliquer, mais la nuit, on ne parle pas. La nuit, on dort.<\/p><\/blockquote>\n\n\n\n<h2 class=\"wp-block-heading\">La nuit, on r\u00eave<\/h2>\n\n\n\n<p>Quand j&rsquo;ai propos\u00e9 cet album au Seuil, Ang\u00e8le Cambournac (oui\u2026 un septi\u00e8me livre ensemble&nbsp;!), Ang\u00e8le donc a tout de suite pens\u00e9<a href=\"https:\/\/simonerea.blogspot.com\"> \u00e0 Simone Rea<\/a>, un artiste qui nous plonge dans <a href=\"https:\/\/artburgac.blogspot.com\/2013\/05\/simone-rea.html\">un univers de r\u00eave<\/a>. Exactement ce qu&rsquo;il fallait pour Nasla. Et le projet lui a plu ! Restait \u00e0 trouver le temps dans son agenda. On a attendu, mais le r\u00e9sultat est l\u00e0, \u00e9tonnant, extraordinaire. Sublime. <\/p>\n\n\n\n<DIV ALIGN=\"CENTER\"><iframe loading=\"lazy\" width=\"560\" height=\"315\" src=\"https:\/\/www.youtube.com\/embed\/kC1WURXF6ic\" frameborder=\"0\" allow=\"accelerometer; autoplay; encrypted-media; gyroscope; picture-in-picture\" allowfullscreen=\"\"><\/iframe><\/DIV>\n\n\n\n<h2 class=\"wp-block-heading\">Merci\u2026<\/h2>\n\n\n\n<p>Cet album a une longue histoire \u00e9ditoriale. Avec Ang\u00e8le, ce sont Elsa White et C\u00e9line Ottenw\u00e6lter qui l&rsquo;ont fait na\u00eetre. Avec toujours Aude Marin et Olivia Godat, M\u00e9lanie Zouin pour la presse, les libraires, les salons, et toute l&rsquo;\u00e9quipe du Seuil. Merci.<\/p>\n\n\n\n<p style=\"text-align:center\"><em>Images \u00a9 Simone Rea 2019<\/em><\/p>\n\n\n\n<ul class=\"wp-block-gallery columns-3 is-cropped wp-block-gallery-1 is-layout-flex wp-block-gallery-is-layout-flex\"><li class=\"blocks-gallery-item\"><figure><img loading=\"lazy\" decoding=\"async\" width=\"567\" height=\"425\" src=\"https:\/\/cecileroumiguiere.com\/wp\/wp-content\/uploads\/2019\/09\/nasla-couv-velours.jpg\" alt=\"\" data-id=\"6035\" data-link=\"https:\/\/cecileroumiguiere.com\/wp\/?attachment_id=6035\" class=\"wp-image-6035\" srcset=\"https:\/\/cecileroumiguiere.com\/wp\/wp-content\/uploads\/2019\/09\/nasla-couv-velours.jpg 567w, https:\/\/cecileroumiguiere.com\/wp\/wp-content\/uploads\/2019\/09\/nasla-couv-velours-300x225.jpg 300w\" sizes=\"auto, (max-width: 567px) 100vw, 567px\" \/><\/figure><\/li><li class=\"blocks-gallery-item\"><figure><img loading=\"lazy\" decoding=\"async\" width=\"700\" height=\"419\" src=\"https:\/\/cecileroumiguiere.com\/wp\/wp-content\/uploads\/2019\/09\/nasla-fant\u00f4me-700x419.jpg\" alt=\"Nasla, page int\u00e9rieure\" data-id=\"6003\" data-link=\"https:\/\/cecileroumiguiere.com\/wp\/?attachment_id=6003\" class=\"wp-image-6003\" srcset=\"https:\/\/cecileroumiguiere.com\/wp\/wp-content\/uploads\/2019\/09\/nasla-fant\u00f4me-700x419.jpg 700w, https:\/\/cecileroumiguiere.com\/wp\/wp-content\/uploads\/2019\/09\/nasla-fant\u00f4me-300x179.jpg 300w, https:\/\/cecileroumiguiere.com\/wp\/wp-content\/uploads\/2019\/09\/nasla-fant\u00f4me.jpg 709w\" sizes=\"auto, (max-width: 700px) 100vw, 700px\" \/><\/figure><\/li><li class=\"blocks-gallery-item\"><figure><img loading=\"lazy\" decoding=\"async\" width=\"425\" height=\"251\" src=\"https:\/\/cecileroumiguiere.com\/wp\/wp-content\/uploads\/2019\/09\/nasla-bleue.jpg\" alt=\"\" data-id=\"6013\" data-link=\"https:\/\/cecileroumiguiere.com\/wp\/?attachment_id=6013\" class=\"wp-image-6013\" srcset=\"https:\/\/cecileroumiguiere.com\/wp\/wp-content\/uploads\/2019\/09\/nasla-bleue.jpg 425w, https:\/\/cecileroumiguiere.com\/wp\/wp-content\/uploads\/2019\/09\/nasla-bleue-300x177.jpg 300w\" sizes=\"auto, (max-width: 425px) 100vw, 425px\" \/><\/figure><\/li><li class=\"blocks-gallery-item\"><figure><img loading=\"lazy\" decoding=\"async\" width=\"567\" height=\"425\" src=\"https:\/\/cecileroumiguiere.com\/wp\/wp-content\/uploads\/2019\/09\/nasla-dort.jpg\" alt=\"\" data-id=\"6033\" data-link=\"https:\/\/cecileroumiguiere.com\/wp\/?attachment_id=6033\" class=\"wp-image-6033\" srcset=\"https:\/\/cecileroumiguiere.com\/wp\/wp-content\/uploads\/2019\/09\/nasla-dort.jpg 567w, https:\/\/cecileroumiguiere.com\/wp\/wp-content\/uploads\/2019\/09\/nasla-dort-300x225.jpg 300w\" sizes=\"auto, (max-width: 567px) 100vw, 567px\" \/><\/figure><\/li><\/ul>\n","protected":false},"excerpt":{"rendered":"<p>Illustr\u00e9 par Simone Rea \u00b7 Le Seuil 2019 Nasla ne dort pas. Couch\u00e9e dans son lit, elle regarde un \u0153il. Un tout petit \u0153il, au-dessus de l\u2019armoire. Un \u0153il ouvert qui fait un trou jaune dans la nuit noire. Un \u0153il qui la regarde. Un livre de nuit \u00c0 qui est cet \u0153il ? \u00c0 quoi joue la Lune, la nuit ? Et pourquoi les enfants n&rsquo;auraient-ils pas le droit de courir sur les toits eux-aussi ? Nasla se pose tant de questions, le soir, comment pourrait-elle s&rsquo;endormir&nbsp;? Et si\u2026 Et si la tortue en peluche rang\u00e9e sur l&rsquo;\u00e9tag\u00e8re des jouets d\u00e9suets \u00e9tait vex\u00e9e ? Et si Timboubou l&rsquo;\u00e9l\u00e9phant \u00e9tait en col\u00e8re ? Et si\u2026 Nasla pourrait tout expliquer, mais la nuit, on ne parle pas. La nuit, on dort. La nuit, on r\u00eave Quand j&rsquo;ai propos\u00e9 cet album au Seuil, Ang\u00e8le Cambournac (oui\u2026 un septi\u00e8me livre ensemble&nbsp;!), Ang\u00e8le donc a tout de suite pens\u00e9 \u00e0 Simone Rea, un artiste qui nous plonge dans un univers de r\u00eave. Exactement ce qu&rsquo;il fallait pour Nasla. Et le projet lui a plu ! Restait \u00e0 trouver le temps dans son agenda. On a attendu, mais le r\u00e9sultat est l\u00e0, \u00e9tonnant, extraordinaire. Sublime. Merci\u2026 Cet album a une longue histoire \u00e9ditoriale. Avec Ang\u00e8le, ce sont Elsa White et C\u00e9line Ottenw\u00e6lter qui l&rsquo;ont fait na\u00eetre. Avec toujours Aude Marin et Olivia Godat, M\u00e9lanie Zouin pour la presse, les libraires, les salons, et toute l&rsquo;\u00e9quipe du Seuil. Merci. Images \u00a9 Simone Rea 2019<\/p>\n","protected":false},"author":1,"featured_media":6002,"parent":0,"menu_order":0,"comment_status":"closed","ping_status":"closed","template":"","meta":{"footnotes":""},"class_list":["post-5998","page","type-page","status-publish","has-post-thumbnail","hentry"],"_links":{"self":[{"href":"https:\/\/cecileroumiguiere.com\/wp\/index.php?rest_route=\/wp\/v2\/pages\/5998","targetHints":{"allow":["GET"]}}],"collection":[{"href":"https:\/\/cecileroumiguiere.com\/wp\/index.php?rest_route=\/wp\/v2\/pages"}],"about":[{"href":"https:\/\/cecileroumiguiere.com\/wp\/index.php?rest_route=\/wp\/v2\/types\/page"}],"author":[{"embeddable":true,"href":"https:\/\/cecileroumiguiere.com\/wp\/index.php?rest_route=\/wp\/v2\/users\/1"}],"replies":[{"embeddable":true,"href":"https:\/\/cecileroumiguiere.com\/wp\/index.php?rest_route=%2Fwp%2Fv2%2Fcomments&post=5998"}],"version-history":[{"count":16,"href":"https:\/\/cecileroumiguiere.com\/wp\/index.php?rest_route=\/wp\/v2\/pages\/5998\/revisions"}],"predecessor-version":[{"id":6065,"href":"https:\/\/cecileroumiguiere.com\/wp\/index.php?rest_route=\/wp\/v2\/pages\/5998\/revisions\/6065"}],"wp:featuredmedia":[{"embeddable":true,"href":"https:\/\/cecileroumiguiere.com\/wp\/index.php?rest_route=\/wp\/v2\/media\/6002"}],"wp:attachment":[{"href":"https:\/\/cecileroumiguiere.com\/wp\/index.php?rest_route=%2Fwp%2Fv2%2Fmedia&parent=5998"}],"curies":[{"name":"wp","href":"https:\/\/api.w.org\/{rel}","templated":true}]}}