{"id":6497,"date":"2020-09-03T16:13:52","date_gmt":"2020-09-03T15:13:52","guid":{"rendered":"https:\/\/cecileroumiguiere.com\/wp\/?page_id=6497"},"modified":"2020-09-16T18:08:40","modified_gmt":"2020-09-16T17:08:40","slug":"oofrreut","status":"publish","type":"page","link":"https:\/\/cecileroumiguiere.com\/wp\/?page_id=6497","title":{"rendered":"\u00d6\u00f6frreut la chouette"},"content":{"rendered":"\n<p class=\"has-text-align-right has-luminous-vivid-orange-color has-text-color\"><em><em>Illustr\u00e9 par Cl\u00e9mence Monnet \u00b7 Le Seuil 2020<\/em><\/em><\/p>\n\n\n\n<blockquote class=\"wp-block-quote is-layout-flow wp-block-quote-is-layout-flow\"><p>La premi\u00e8re fois que j\u2019ai fait attention \u00e0 elle, c\u2019\u00e9tait il y a quatre couv\u00e9es, deux tours de soleil ou deux ans comme disent les humains. Cette fois-l\u00e0, elle est entr\u00e9e dans la for\u00eat avec ses parents\u2026 Normal, les parents accompagnent toujours les petits quand ils ne savent pas encore chasser. Ils la tenaient par la main et \u00e9blouissaient les troncs d\u2019arbres \u00e0 coup de ces sortes de b\u00e2tons lumineux que portent les humains qui ne savent pas ouvrir grand leurs yeux dans le noir. Ils faisaient de dr\u00f4les de bruits avec leur gorge, ces <em>hi hi hi<\/em> qui montrent qu\u2019ils sont heureux.<\/p><cite><em>\u00d6\u00f6frreut la chouette<\/em>, page 2<\/cite><\/blockquote>\n\n\n\n<h2 class=\"wp-block-heading\">La  nature et une amiti\u00e9<\/h2>\n\n\n\n<p>Une enfant solitaire, une maison de vacances \u00e0 l&rsquo;or\u00e9e de la for\u00eat. Et \u00d6\u00f6frreut la chouette. En g\u00e9n\u00e9ral, \u00d6\u00f6frreut ne se pr\u00e9occupe pas des humains, mais cette fille-l\u00e0 n&rsquo;est pas comme les autres. Elle sait marcher la nuit dans la for\u00eat, elle n&rsquo;a pas peur, et elle prend le temps de saluer les arbres, d&rsquo;\u00e9couter le moindre bruissement, le plus petit furtif battement d&rsquo;ailes. Et puis \u00d6\u00f6frreut se sent seule, ses oisillons ont quitt\u00e9 le nid\u2026 Elle finit par attendre ce moment, tous les soirs, quand la fille la cherche des yeux entre les branches. Alors quand la petite va trop loin et qu&rsquo;elle se met en danger, \u00d6\u00f6frreut fonce pour la sauver\u2026<\/p>\n\n\n\n<div class=\"wp-block-image\"><figure class=\"aligncenter size-large\"><img loading=\"lazy\" decoding=\"async\" width=\"700\" height=\"433\" src=\"https:\/\/cecileroumiguiere.com\/wp\/wp-content\/uploads\/2020\/09\/O\u0308o\u0308frreut-planche7-Cle\u0301menceMonnet-700x433.jpg\" alt=\"\" class=\"wp-image-6502\" srcset=\"https:\/\/cecileroumiguiere.com\/wp\/wp-content\/uploads\/2020\/09\/O\u0308o\u0308frreut-planche7-Cle\u0301menceMonnet-700x433.jpg 700w, https:\/\/cecileroumiguiere.com\/wp\/wp-content\/uploads\/2020\/09\/O\u0308o\u0308frreut-planche7-Cle\u0301menceMonnet-300x186.jpg 300w, https:\/\/cecileroumiguiere.com\/wp\/wp-content\/uploads\/2020\/09\/O\u0308o\u0308frreut-planche7-Cle\u0301menceMonnet-768x475.jpg 768w, https:\/\/cecileroumiguiere.com\/wp\/wp-content\/uploads\/2020\/09\/O\u0308o\u0308frreut-planche7-Cle\u0301menceMonnet.jpg 1134w\" sizes=\"auto, (max-width: 700px) 100vw, 700px\" \/><figcaption><em>\u00ab&nbsp;Elle marche sans fr\u00e9mir aux g\u00e9missements des troncs\u2026 Elle sait \u00e9couter la nuit.&nbsp;\u00bb<\/em><\/figcaption><\/figure><\/div>\n\n\n\n<h2 class=\"wp-block-heading\">Une chouette, encore\u2026<\/h2>\n\n\n\n<p>L&rsquo;histoire de \u00d6\u00f6frreut est un \u00e9cho de celle de la Wal\u00efl\u00fc, dans mon roman <a href=\"https:\/\/cecileroumiguiere.com\/wp\/?p=6293\" data-type=\"post\" data-id=\"6293\">Filles de la Wal\u00efl\u00fc<\/a>. Les tr\u00e9mas sur les voyelles sont un clin d&rsquo;\u0153il \u00e0 cette parent\u00e9. J&rsquo;ai commenc\u00e9 les deux projets en m\u00eame temps, dans une maison dont le jardin s&rsquo;ouvre sur la for\u00eat. La nuit, j&rsquo;entendais une chouette hululer. Comme une fen\u00eatre entrouverte sur les myst\u00e8res et la force de la nature. \u00d6\u00f6frreut et la Wal\u00efl\u00fc rendent hommage \u00e0 cette chouette, une hulotte (j&rsquo;ai depuis appris \u00e0 reconna\u00eetre les cris des chouettes\u2026). J&rsquo;esp\u00e8re qu&rsquo;elles vous donneront envie de marcher dans la for\u00eat, les yeux ouverts sur sa nuit, les oreilles grandes ouvertes sur ses bruissements magiques.<\/p>\n\n\n\n<h2 class=\"wp-block-heading\">Dans les coulisses<\/h2>\n\n\n\n<div class=\"wp-block-image\"><figure class=\"alignleft size-large is-resized\"><img loading=\"lazy\" decoding=\"async\" src=\"https:\/\/cecileroumiguiere.com\/wp\/wp-content\/uploads\/2020\/09\/esquisse-chouette-Cle\u0301mence-Monnet-700x1005.jpg\" alt=\"\" class=\"wp-image-6507\" width=\"185\" height=\"264\"\/><figcaption><em>\u00d6\u00f6frreut, esquisses<\/em><\/figcaption><\/figure><\/div>\n\n\n\n<p>La r\u00e9alisation d&rsquo;un album est toujours une aventure en soi. Il y a les moments de d\u00e9couverte du projet, en trio autrice &#8211; illustratrice &#8211; \u00e9ditrice (un tr\u00e8s beau travail men\u00e9 par C\u00e9line Ottenw\u00e6lter !), les directions qu&rsquo;on a envie de prendre, toujours ensemble. Jusqu&rsquo;aux derni\u00e8res images, puis l&rsquo;attente de la maquette, de l&rsquo;impression. Cl\u00e9mence a r\u00e9alis\u00e9 ses derni\u00e8res images pendant le printemps 2020, les chouettes les plus hardies devaient rester chez elles, confin\u00e9es. De peur de manquer de papier, Cl\u00e9mence a r\u00e9cup\u00e9r\u00e9 des dessins, elle les a d\u00e9coup\u00e9s, coll\u00e9s\u2026 Et il y a eu aussi ce d\u00e9but d&rsquo;\u00e9t\u00e9 aux ciels roses, l\u00e0-bas, dehors. Et la Lune. La beaut\u00e9 essentielle de la nature. L&rsquo;univers de \u00d6\u00f6frreut s&rsquo;est enrichi de ce moment si \u00e9trange, de ce temps qui donne encore plus de prix \u00e0 la nature et \u00e0 la libert\u00e9. \u00d6\u00f6frreut a les ailes saupoudr\u00e9es de cette envie, de ce besoin de libert\u00e9.<\/p>\n\n\n\n<p><\/p>\n\n\n\n<div class=\"wp-block-image\"><figure class=\"aligncenter size-large\"><img loading=\"lazy\" decoding=\"async\" width=\"700\" height=\"433\" src=\"https:\/\/cecileroumiguiere.com\/wp\/wp-content\/uploads\/2020\/09\/O\u0308o\u0308frreut-planche9-Cle\u0301menceMonnet-700x433.jpg\" alt=\"\" class=\"wp-image-6509\" srcset=\"https:\/\/cecileroumiguiere.com\/wp\/wp-content\/uploads\/2020\/09\/O\u0308o\u0308frreut-planche9-Cle\u0301menceMonnet-700x433.jpg 700w, https:\/\/cecileroumiguiere.com\/wp\/wp-content\/uploads\/2020\/09\/O\u0308o\u0308frreut-planche9-Cle\u0301menceMonnet-300x186.jpg 300w, https:\/\/cecileroumiguiere.com\/wp\/wp-content\/uploads\/2020\/09\/O\u0308o\u0308frreut-planche9-Cle\u0301menceMonnet-768x475.jpg 768w, https:\/\/cecileroumiguiere.com\/wp\/wp-content\/uploads\/2020\/09\/O\u0308o\u0308frreut-planche9-Cle\u0301menceMonnet.jpg 1134w\" sizes=\"auto, (max-width: 700px) 100vw, 700px\" \/><figcaption><em>Toutes les images \u00a9 Cl\u00e9mence Monnet 2020<\/em><\/figcaption><\/figure><\/div>\n","protected":false},"excerpt":{"rendered":"<p>Illustr\u00e9 par Cl\u00e9mence Monnet \u00b7 Le Seuil 2020 La premi\u00e8re fois que j\u2019ai fait attention \u00e0 elle, c\u2019\u00e9tait il y a quatre couv\u00e9es, deux tours de soleil ou deux ans comme disent les humains. Cette fois-l\u00e0, elle est entr\u00e9e dans la for\u00eat avec ses parents\u2026 Normal, les parents accompagnent toujours les petits quand ils ne savent pas encore chasser. Ils la tenaient par la main et \u00e9blouissaient les troncs d\u2019arbres \u00e0 coup de ces sortes de b\u00e2tons lumineux que portent les humains qui ne savent pas ouvrir grand leurs yeux dans le noir. Ils faisaient de dr\u00f4les de bruits avec leur gorge, ces hi hi hi qui montrent qu\u2019ils sont heureux. \u00d6\u00f6frreut la chouette, page 2 La nature et une amiti\u00e9 Une enfant solitaire, une maison de vacances \u00e0 l&rsquo;or\u00e9e de la for\u00eat. Et \u00d6\u00f6frreut la chouette. En g\u00e9n\u00e9ral, \u00d6\u00f6frreut ne se pr\u00e9occupe pas des humains, mais cette fille-l\u00e0 n&rsquo;est pas comme les autres. Elle sait marcher la nuit dans la for\u00eat, elle n&rsquo;a pas peur, et elle prend le temps de saluer les arbres, d&rsquo;\u00e9couter le moindre bruissement, le plus petit furtif battement d&rsquo;ailes. Et puis \u00d6\u00f6frreut se sent seule, ses oisillons ont quitt\u00e9 le nid\u2026 Elle finit par attendre ce moment, tous les soirs, quand la fille la cherche des yeux entre les branches. Alors quand la petite va trop loin et qu&rsquo;elle se met en danger, \u00d6\u00f6frreut fonce pour la sauver\u2026 Une chouette, encore\u2026 L&rsquo;histoire de \u00d6\u00f6frreut est un \u00e9cho de celle de la Wal\u00efl\u00fc, dans mon roman Filles de la Wal\u00efl\u00fc. Les tr\u00e9mas sur les voyelles sont un clin d&rsquo;\u0153il \u00e0 cette parent\u00e9. J&rsquo;ai commenc\u00e9 les deux projets en m\u00eame temps, dans une maison dont le jardin s&rsquo;ouvre sur la for\u00eat. La nuit, j&rsquo;entendais une chouette hululer. Comme une fen\u00eatre entrouverte sur les myst\u00e8res et la force de la nature. \u00d6\u00f6frreut et la Wal\u00efl\u00fc rendent hommage \u00e0 cette chouette, une hulotte (j&rsquo;ai depuis appris \u00e0 reconna\u00eetre les cris des chouettes\u2026). J&rsquo;esp\u00e8re qu&rsquo;elles vous donneront envie de marcher dans la for\u00eat, les yeux ouverts sur sa nuit, les oreilles grandes ouvertes sur ses bruissements magiques. Dans les coulisses La r\u00e9alisation d&rsquo;un album est toujours une aventure en soi. Il y a les moments de d\u00e9couverte du projet, en trio autrice &#8211; illustratrice &#8211; \u00e9ditrice (un tr\u00e8s beau travail men\u00e9 par C\u00e9line Ottenw\u00e6lter !), les directions qu&rsquo;on a envie de prendre, toujours ensemble. Jusqu&rsquo;aux derni\u00e8res images, puis l&rsquo;attente de la maquette, de l&rsquo;impression. Cl\u00e9mence a r\u00e9alis\u00e9 ses derni\u00e8res images pendant le printemps 2020, les chouettes les plus hardies devaient rester chez elles, confin\u00e9es. De peur de manquer de papier, Cl\u00e9mence a r\u00e9cup\u00e9r\u00e9 des dessins, elle les a d\u00e9coup\u00e9s, coll\u00e9s\u2026 Et il y a eu aussi ce d\u00e9but d&rsquo;\u00e9t\u00e9 aux ciels roses, l\u00e0-bas, dehors. Et la Lune. La beaut\u00e9 essentielle de la nature. L&rsquo;univers de \u00d6\u00f6frreut s&rsquo;est enrichi de ce moment si \u00e9trange, de ce temps qui donne encore plus de prix \u00e0 la nature et \u00e0 la libert\u00e9. \u00d6\u00f6frreut a les ailes saupoudr\u00e9es de cette envie, de ce besoin de libert\u00e9.<\/p>\n","protected":false},"author":1,"featured_media":6498,"parent":0,"menu_order":0,"comment_status":"closed","ping_status":"closed","template":"","meta":{"footnotes":""},"class_list":["post-6497","page","type-page","status-publish","has-post-thumbnail","hentry"],"_links":{"self":[{"href":"https:\/\/cecileroumiguiere.com\/wp\/index.php?rest_route=\/wp\/v2\/pages\/6497","targetHints":{"allow":["GET"]}}],"collection":[{"href":"https:\/\/cecileroumiguiere.com\/wp\/index.php?rest_route=\/wp\/v2\/pages"}],"about":[{"href":"https:\/\/cecileroumiguiere.com\/wp\/index.php?rest_route=\/wp\/v2\/types\/page"}],"author":[{"embeddable":true,"href":"https:\/\/cecileroumiguiere.com\/wp\/index.php?rest_route=\/wp\/v2\/users\/1"}],"replies":[{"embeddable":true,"href":"https:\/\/cecileroumiguiere.com\/wp\/index.php?rest_route=%2Fwp%2Fv2%2Fcomments&post=6497"}],"version-history":[{"count":26,"href":"https:\/\/cecileroumiguiere.com\/wp\/index.php?rest_route=\/wp\/v2\/pages\/6497\/revisions"}],"predecessor-version":[{"id":6613,"href":"https:\/\/cecileroumiguiere.com\/wp\/index.php?rest_route=\/wp\/v2\/pages\/6497\/revisions\/6613"}],"wp:featuredmedia":[{"embeddable":true,"href":"https:\/\/cecileroumiguiere.com\/wp\/index.php?rest_route=\/wp\/v2\/media\/6498"}],"wp:attachment":[{"href":"https:\/\/cecileroumiguiere.com\/wp\/index.php?rest_route=%2Fwp%2Fv2%2Fmedia&parent=6497"}],"curies":[{"name":"wp","href":"https:\/\/api.w.org\/{rel}","templated":true}]}}