{"id":6544,"date":"2020-09-04T15:03:22","date_gmt":"2020-09-04T14:03:22","guid":{"rendered":"https:\/\/cecileroumiguiere.com\/wp\/?page_id=6544"},"modified":"2020-10-13T13:22:45","modified_gmt":"2020-10-13T12:22:45","slug":"du-cote-du-virtuel","status":"publish","type":"page","link":"https:\/\/cecileroumiguiere.com\/wp\/?page_id=6544","title":{"rendered":"Du c\u00f4t\u00e9 du virtuel"},"content":{"rendered":"\n<p class=\"has-text-align-center\"><a href=\"https:\/\/cecileroumiguiere.com\/wp\/?page_id=192\">Mode d\u2019emploi<\/a> \u272a <a href=\"https:\/\/cecileroumiguiere.com\/wp\/?page_id=2849\">Lectures<\/a> \u272a <a href=\"https:\/\/cecileroumiguiere.com\/wp\/?page_id=3940\">Ateliers<\/a> \u272a&nbsp;<a href=\"https:\/\/cecileroumiguiere.com\/wp\/?page_id=5003\">Expos <\/a>\u272a <a href=\"https:\/\/cecileroumiguiere.com\/wp\/?page_id=6544\">Virtuel<\/a><\/p>\n\n\n\n<p>Quand il est impossible de se rencontrer \u201cen vrai\u201d, on le fait \u00e0 distance avec les <em>e-rencontres<\/em> et les <em>e-ateliers<\/em>.<\/p>\n\n\n\n<h2 class=\"wp-block-heading\">Comment cela se passe&nbsp;?<\/h2>\n\n\n\n<p>En amont de la rencontre, <a href=\"https:\/\/cecileroumiguiere.com\/wp\/?page_id=192\">la pr\u00e9paration<\/a> est la m\u00eame que pour toute rencontre, elle se fait <strong>autour de livres<\/strong> de l\u2019autrice. <\/p>\n\n\n\n<p>Le temps de la rencontre se fait \u00e0 travers <strong>un \u00e9cran et un syst\u00e8me de visioconf\u00e9rence<\/strong> pour l&rsquo;interaction.<\/p>\n\n\n\n<p>Ces visio-conf\u00e9rences se font avec tout outil de communication en ligne disponible, <em>Zoom<\/em>, <em>Teams<\/em>, <em>Skype<\/em>\u2026 selon ce que vous avez l&rsquo;habitude d&rsquo;utiliser. <strong>Un essai technique<\/strong> aura lieu avant la rencontre ou l&rsquo;atelier.<\/p>\n\n\n\n<p>Vous trouverez <a href=\"https:\/\/www.la-charte.fr\/inviter-chartiste\/les-e-rencontres\/\">sur le site de la Charte <\/a>des <strong>conseils pour l&rsquo;installation<\/strong> de la pi\u00e8ce.<\/p>\n\n\n\n<h2 class=\"wp-block-heading\">Quel genre de <em>e-rencontres<\/em> ?<\/h2>\n\n\n\n<p>\u2022&nbsp;<strong>Des rencontres autour des livres <\/strong>de l&rsquo;autrice avec des moments de questions-r\u00e9ponses, des d\u00e9bats, des \u00e9changes autour de dessins ou de tout ce qui a pu \u00eatre produit par le groupe autour des livres.<\/p>\n\n\n\n<p>\u2022 Des <strong>conf\u00e9rences<\/strong> ou <strong><em>masterclass<\/em><\/strong> ont lieu de la m\u00eame fa\u00e7on, \u00e0 distance. Elles concernent par exemple les \u00e9coles fran\u00e7aises \u00e0 l&rsquo;\u00e9tranger, les lieux de formation d&rsquo;enseignant\u00b7es, de biblioth\u00e9caires, de b\u00e9n\u00e9voles li\u00e9\u00b7es \u00e0 la lecture, etc.<\/p>\n\n\n\n<h2 class=\"wp-block-heading\">Les <em>e-ateliers<\/em><\/h2>\n\n\n\n<h3 class=\"wp-block-heading\">En visioconf\u00e9rence<\/h3>\n\n\n\n<div class=\"wp-block-image\"><figure class=\"alignleft size-large is-resized\"><img loading=\"lazy\" decoding=\"async\" src=\"https:\/\/cecileroumiguiere.com\/wp\/wp-content\/uploads\/2020\/09\/restitution-nomades-carnets-700x465.jpg\" alt=\"\" class=\"wp-image-6570\" width=\"340\" height=\"226\" srcset=\"https:\/\/cecileroumiguiere.com\/wp\/wp-content\/uploads\/2020\/09\/restitution-nomades-carnets-700x465.jpg 700w, https:\/\/cecileroumiguiere.com\/wp\/wp-content\/uploads\/2020\/09\/restitution-nomades-carnets-300x199.jpg 300w, https:\/\/cecileroumiguiere.com\/wp\/wp-content\/uploads\/2020\/09\/restitution-nomades-carnets-768x510.jpg 768w, https:\/\/cecileroumiguiere.com\/wp\/wp-content\/uploads\/2020\/09\/restitution-nomades-carnets.jpg 1134w\" sizes=\"auto, (max-width: 340px) 100vw, 340px\" \/><figcaption>Atelier adultes, restitution<\/figcaption><\/figure><\/div>\n\n\n\n<p>Apr\u00e8s une <strong>pr\u00e9sentation<\/strong> de chacun\u00b7es via l&rsquo;\u00e9cran, je donne un <strong>point de d\u00e9part pour l&rsquo;\u00e9criture<\/strong>. Pendant que les participant\u00b7es <strong>\u00e9crivent<\/strong>, je reste en ligne pour r\u00e9pondre \u00e0 toute question. <strong>On lit<\/strong> ensuite les \u00e9crits, on en parle\u2026<\/p>\n\n\n\n<p>Et on termine toujours l&rsquo;atelier par une s\u00e9ance de <strong>restitution<\/strong>, o\u00f9 chacun\u00b7e lit ses \u00e9crits devant les autres.<\/p>\n\n\n\n<p><strong>Dans le cadre d&rsquo;une classe<\/strong>, l&rsquo;\u00e9criture se fait n\u00e9cessairement \u00e0 plusieurs, <strong>en groupes<\/strong> de deux \u00e0 quatre selon l&rsquo;effectif de la classe.<\/p>\n\n\n\n<p>Pour un atelier avec une <strong>\u00e9criture individuelle<\/strong>, le <strong>nombre de participant\u2022es est limit\u00e9 \u00e0 douze.<\/strong><\/p>\n\n\n\n<h3 class=\"wp-block-heading\">Par e-mails<\/h3>\n\n\n\n<div class=\"wp-block-image\"><figure class=\"alignleft size-large is-resized\"><img loading=\"lazy\" decoding=\"async\" src=\"https:\/\/cecileroumiguiere.com\/wp\/wp-content\/uploads\/2020\/09\/atelier-ecrire-2-700x831.jpg\" alt=\"\" class=\"wp-image-6578\" width=\"220\" height=\"261\" srcset=\"https:\/\/cecileroumiguiere.com\/wp\/wp-content\/uploads\/2020\/09\/atelier-ecrire-2-700x831.jpg 700w, https:\/\/cecileroumiguiere.com\/wp\/wp-content\/uploads\/2020\/09\/atelier-ecrire-2-253x300.jpg 253w, https:\/\/cecileroumiguiere.com\/wp\/wp-content\/uploads\/2020\/09\/atelier-ecrire-2-768x912.jpg 768w, https:\/\/cecileroumiguiere.com\/wp\/wp-content\/uploads\/2020\/09\/atelier-ecrire-2.jpg 1134w\" sizes=\"auto, (max-width: 220px) 100vw, 220px\" \/><figcaption>\u00c9crire\u2026<\/figcaption><\/figure><\/div>\n\n\n\n<p>Le lancement en \u00e9criture, les retours sur les \u00e9crits, se font par e-mails sur une dur\u00e9e \u00e0 d\u00e9finir selon votre projet.<\/p>\n\n\n\n<p>Dans ce cadre, il est envisageable de b\u00e2tir un \u00ab\u00a0atelier classe\u00a0\u00bb dans lequel les envois et les retours sur les \u00e9crits se font au niveau de la classe, un seul texte envoy\u00e9 et relu. Plusieurs classes peuvent alors participer.<\/p>\n\n\n\n<h2 class=\"wp-block-heading\">Les tarifs<\/h2>\n\n\n\n<p>Ce sont <a href=\"https:\/\/www.la-charte.fr\/inviter-chartiste\/recommandations-tarifaires\/\">les tarifs recommand\u00e9s par la Charte<\/a> :<\/p>\n\n\n\n<ul class=\"wp-block-list\"><li>1 journ\u00e9e\u00a0: 445 \u20ac brut (tarif 2020)<\/li><li>1\/2 journ\u00e9e\u00a0: 269,05 \u20ac brut (tarif 2020)<\/li><li>Avec deux \u00e0 trois rencontres de 45 minutes par demi-journ\u00e9e et quatre maximum par journ\u00e9e.<\/li><\/ul>\n\n\n\n<h2 class=\"wp-block-heading\">Droit \u00e0 l&rsquo;image<\/h2>\n\n\n\n<div class=\"wp-block-image\"><figure class=\"alignright size-large is-resized\"><img loading=\"lazy\" decoding=\"async\" src=\"https:\/\/cecileroumiguiere.com\/wp\/wp-content\/uploads\/2020\/09\/unnamed-1.jpg\" alt=\"\" class=\"wp-image-6575\" width=\"197\" height=\"153\" srcset=\"https:\/\/cecileroumiguiere.com\/wp\/wp-content\/uploads\/2020\/09\/unnamed-1.jpg 360w, https:\/\/cecileroumiguiere.com\/wp\/wp-content\/uploads\/2020\/09\/unnamed-1-300x233.jpg 300w\" sizes=\"auto, (max-width: 197px) 100vw, 197px\" \/><\/figure><\/div>\n\n\n\n<p>Pour permettre une parole la plus libre possible, une rencontre comme un atelier doivent rester du c\u00f4t\u00e9 de \u201cl&rsquo;intime\u201d, du priv\u00e9. On sait que les outils de communication en ligne permettent de garder une trace de ce moment, et de le diffuser ensuite.<\/p>\n\n\n\n<p>Il est possible de le faire pour <strong>de courts extraits<\/strong> seulement, et <strong>avec mon accord et celui des enfants, des participant\u00b7es<\/strong>. Dans ce cas, une s\u00e9ance de visualisation commune sera programm\u00e9e avant toute mise en ligne.<\/p>\n\n\n\n<hr class=\"wp-block-separator\"\/>\n\n\n\n<pre class=\"wp-block-preformatted\">Pour tout projet, me contacter <a href=\"https:\/\/cecileroumiguiere.com\/wp\/?page_id=185\">en cliquant ici<\/a>.<\/pre>\n","protected":false},"excerpt":{"rendered":"<p>Mode d\u2019emploi \u272a Lectures \u272a Ateliers \u272a&nbsp;Expos \u272a Virtuel Quand il est impossible de se rencontrer \u201cen vrai\u201d, on le fait \u00e0 distance avec les e-rencontres et les e-ateliers. Comment cela se passe&nbsp;? En amont de la rencontre, la pr\u00e9paration est la m\u00eame que pour toute rencontre, elle se fait autour de livres de l\u2019autrice. Le temps de la rencontre se fait \u00e0 travers un \u00e9cran et un syst\u00e8me de visioconf\u00e9rence pour l&rsquo;interaction. Ces visio-conf\u00e9rences se font avec tout outil de communication en ligne disponible, Zoom, Teams, Skype\u2026 selon ce que vous avez l&rsquo;habitude d&rsquo;utiliser. Un essai technique aura lieu avant la rencontre ou l&rsquo;atelier. Vous trouverez sur le site de la Charte des conseils pour l&rsquo;installation de la pi\u00e8ce. Quel genre de e-rencontres ? \u2022&nbsp;Des rencontres autour des livres de l&rsquo;autrice avec des moments de questions-r\u00e9ponses, des d\u00e9bats, des \u00e9changes autour de dessins ou de tout ce qui a pu \u00eatre produit par le groupe autour des livres. \u2022 Des conf\u00e9rences ou masterclass ont lieu de la m\u00eame fa\u00e7on, \u00e0 distance. Elles concernent par exemple les \u00e9coles fran\u00e7aises \u00e0 l&rsquo;\u00e9tranger, les lieux de formation d&rsquo;enseignant\u00b7es, de biblioth\u00e9caires, de b\u00e9n\u00e9voles li\u00e9\u00b7es \u00e0 la lecture, etc. Les e-ateliers En visioconf\u00e9rence Apr\u00e8s une pr\u00e9sentation de chacun\u00b7es via l&rsquo;\u00e9cran, je donne un point de d\u00e9part pour l&rsquo;\u00e9criture. Pendant que les participant\u00b7es \u00e9crivent, je reste en ligne pour r\u00e9pondre \u00e0 toute question. On lit ensuite les \u00e9crits, on en parle\u2026 Et on termine toujours l&rsquo;atelier par une s\u00e9ance de restitution, o\u00f9 chacun\u00b7e lit ses \u00e9crits devant les autres. Dans le cadre d&rsquo;une classe, l&rsquo;\u00e9criture se fait n\u00e9cessairement \u00e0 plusieurs, en groupes de deux \u00e0 quatre selon l&rsquo;effectif de la classe. Pour un atelier avec une \u00e9criture individuelle, le nombre de participant\u2022es est limit\u00e9 \u00e0 douze. Par e-mails Le lancement en \u00e9criture, les retours sur les \u00e9crits, se font par e-mails sur une dur\u00e9e \u00e0 d\u00e9finir selon votre projet. Dans ce cadre, il est envisageable de b\u00e2tir un \u00ab\u00a0atelier classe\u00a0\u00bb dans lequel les envois et les retours sur les \u00e9crits se font au niveau de la classe, un seul texte envoy\u00e9 et relu. Plusieurs classes peuvent alors participer. Les tarifs Ce sont les tarifs recommand\u00e9s par la Charte : 1 journ\u00e9e\u00a0: 445 \u20ac brut (tarif 2020) 1\/2 journ\u00e9e\u00a0: 269,05 \u20ac brut (tarif 2020) Avec deux \u00e0 trois rencontres de 45 minutes par demi-journ\u00e9e et quatre maximum par journ\u00e9e. Droit \u00e0 l&rsquo;image Pour permettre une parole la plus libre possible, une rencontre comme un atelier doivent rester du c\u00f4t\u00e9 de \u201cl&rsquo;intime\u201d, du priv\u00e9. On sait que les outils de communication en ligne permettent de garder une trace de ce moment, et de le diffuser ensuite. Il est possible de le faire pour de courts extraits seulement, et avec mon accord et celui des enfants, des participant\u00b7es. Dans ce cas, une s\u00e9ance de visualisation commune sera programm\u00e9e avant toute mise en ligne. Pour tout projet, me contacter en cliquant ici.<\/p>\n","protected":false},"author":1,"featured_media":0,"parent":0,"menu_order":0,"comment_status":"closed","ping_status":"closed","template":"","meta":{"footnotes":""},"class_list":["post-6544","page","type-page","status-publish","hentry"],"_links":{"self":[{"href":"https:\/\/cecileroumiguiere.com\/wp\/index.php?rest_route=\/wp\/v2\/pages\/6544","targetHints":{"allow":["GET"]}}],"collection":[{"href":"https:\/\/cecileroumiguiere.com\/wp\/index.php?rest_route=\/wp\/v2\/pages"}],"about":[{"href":"https:\/\/cecileroumiguiere.com\/wp\/index.php?rest_route=\/wp\/v2\/types\/page"}],"author":[{"embeddable":true,"href":"https:\/\/cecileroumiguiere.com\/wp\/index.php?rest_route=\/wp\/v2\/users\/1"}],"replies":[{"embeddable":true,"href":"https:\/\/cecileroumiguiere.com\/wp\/index.php?rest_route=%2Fwp%2Fv2%2Fcomments&post=6544"}],"version-history":[{"count":28,"href":"https:\/\/cecileroumiguiere.com\/wp\/index.php?rest_route=\/wp\/v2\/pages\/6544\/revisions"}],"predecessor-version":[{"id":6679,"href":"https:\/\/cecileroumiguiere.com\/wp\/index.php?rest_route=\/wp\/v2\/pages\/6544\/revisions\/6679"}],"wp:attachment":[{"href":"https:\/\/cecileroumiguiere.com\/wp\/index.php?rest_route=%2Fwp%2Fv2%2Fmedia&parent=6544"}],"curies":[{"name":"wp","href":"https:\/\/api.w.org\/{rel}","templated":true}]}}