{"id":659,"date":"2013-11-10T16:33:05","date_gmt":"2013-11-10T15:33:05","guid":{"rendered":"http:\/\/cecileroumiguiere.com\/wp\/?page_id=659"},"modified":"2024-12-11T19:25:50","modified_gmt":"2024-12-11T18:25:50","slug":"telechargements","status":"publish","type":"page","link":"https:\/\/cecileroumiguiere.com\/wp\/?page_id=659","title":{"rendered":"Bio, biblio &#038; Co."},"content":{"rendered":"<p>Vous avez besoin d&rsquo;une biographie, d&rsquo;une bibliographie ? Vous pouvez les t\u00e9l\u00e9charger ici.<\/p>\n<h1>La vie, une histoire\u2026 d&rsquo;histoires<\/h1>\n<p><img loading=\"lazy\" decoding=\"async\" class=\" wp-image-5130 alignleft\" src=\"https:\/\/cecileroumiguiere.com\/wp\/wp-content\/uploads\/2018\/02\/gare-carcassonne.jpg\" alt=\"\" width=\"245\" height=\"184\" srcset=\"https:\/\/cecileroumiguiere.com\/wp\/wp-content\/uploads\/2018\/02\/gare-carcassonne.jpg 756w, https:\/\/cecileroumiguiere.com\/wp\/wp-content\/uploads\/2018\/02\/gare-carcassonne-300x225.jpg 300w, https:\/\/cecileroumiguiere.com\/wp\/wp-content\/uploads\/2018\/02\/gare-carcassonne-700x525.jpg 700w\" sizes=\"auto, (max-width: 245px) 100vw, 245px\" \/>Na\u00eetre dans les rues en pente de Rodez, grandir dans l\u2019ombre des troubadours et des chevaliers \u00e0 Carcassonne, vivre \u00e0 Paris, c\u2019est d\u00e9j\u00e0 toute une histoire.<\/p>\n<p>Traverser des plateaux de th\u00e9\u00e2tre, musarder sur des tournages de cin\u00e9ma, inventer, \u00e9crire des sons et lumi\u00e8res\u2026 les histoires continuent\u00a0!<\/p>\n<p>Depuis plus de dix ans, mes histoires sont entr\u00e9es dans des livres, des albums, des romans, pour devenir parfois lectures en direct, expositions et autres inventions qui leur permette de gambader en dehors du livre.<\/p>\n<p>Une ligne, des galets sur mes routes\u00a0: les rencontres. Celles des auteurs lus, relus, celles des cin\u00e9astes, des films vus et revus\u2026\u00a0Maupassant, Ana\u00efs Nin, Camille Claudel, Antonin Artaud, Brecht, Freud, Bosch, Duras et Enki Bilal, Cocteau cin\u00e9aste, Rimbaud, Bachelard, le Japon et ses toits de tuiles bleues, Visconti et son Gu\u00e9pard, Agn\u00e8s Varda et Jacques Demy\u2026 la vie est faite de rencontres. Et pour commencer, celles, bien s\u00fbr, des illustratrices, des illustrateurs et de tous les artistes avec qui je travaille.<\/p>\n<h1>Bibliographie<\/h1>\n<p>\u2022 T\u00e9l\u00e9charger la bibliographie (merci de v\u00e9rifier la date\u2026) : <a href=\"https:\/\/cecileroumiguiere.com\/wp\/wp-content\/uploads\/2024\/12\/Biblio_2025-texteseul.pdf\">bibliographie fin 2024<\/a><\/p>\n<h1>Biographie<\/h1>\n<p>\u2022 T\u00e9l\u00e9charger une courte biographie :\u00a0<a href=\"https:\/\/cecileroumiguiere.com\/wp\/wp-content\/uploads\/2019\/06\/bio2020.pdf\">bio2020<\/a><\/p>\n<p>\u2022 Sur <a href=\"https:\/\/fr.wikipedia.org\/wiki\/C\u00e9cile_Roumigui\u00e8re\">Wikip\u00e9dia<\/a><\/p>\n<h2>Des articles pour en savoir plus<\/h2>\n<p><img loading=\"lazy\" decoding=\"async\" class=\"wp-image-982 alignleft\" src=\"http:\/\/cecileroumiguiere.com\/wp\/wp-content\/uploads\/2013\/11\/couv-griffon-web.jpg\" alt=\"Couverture de Griffon\" width=\"117\" height=\"166\" srcset=\"https:\/\/cecileroumiguiere.com\/wp\/wp-content\/uploads\/2013\/11\/couv-griffon-web.jpg 325w, https:\/\/cecileroumiguiere.com\/wp\/wp-content\/uploads\/2013\/11\/couv-griffon-web-211x300.jpg 211w\" sizes=\"auto, (max-width: 117px) 100vw, 117px\" \/><\/p>\n<p>\u2022 <a href=\"http:\/\/cecileroumiguiere.com\/wp\/wp-content\/uploads\/2013\/11\/griffon-perso.pdf\">Voir<\/a>\u00a0<a href=\"http:\/\/cecileroumiguiere.com\/wp\/wp-content\/uploads\/2013\/11\/griffon-perso.pdf\"><em>Pourquoi j&rsquo;\u00e9cris<\/em>\u2026<\/a>\u00a0in <em>Griffon<\/em> n\u00ba236, mars-avril 2013<br \/>\n\u2022 <a href=\"http:\/\/cecileroumiguiere.com\/telechargement\/Griffon_ecriture.pdf\">T\u00e9l\u00e9charger <em>Pourquoi j&rsquo;\u00e9cris<\/em><\/a>\u2026 extrait du Griffon n\u00ba236<\/p>\n<p>\u2022 <a title=\"Une interviewpar Serge Bonnery\" href=\"http:\/\/cecileroumiguiere.com\/wp\/?p=1055\">L&rsquo;interview de Serge Bonnery<\/a><\/p>\n<h2>Bureaux<\/h2>\n<p><img loading=\"lazy\" decoding=\"async\" class=\"alignnone wp-image-6377\" src=\"https:\/\/cecileroumiguiere.com\/wp\/wp-content\/uploads\/2020\/05\/bureau2020.jpeg\" alt=\"\" width=\"184\" height=\"138\" srcset=\"https:\/\/cecileroumiguiere.com\/wp\/wp-content\/uploads\/2020\/05\/bureau2020.jpeg 567w, https:\/\/cecileroumiguiere.com\/wp\/wp-content\/uploads\/2020\/05\/bureau2020-300x225.jpeg 300w\" sizes=\"auto, (max-width: 184px) 100vw, 184px\" \/>Pour celles et ceux qui me demandent o\u00f9 j&rsquo;\u00e9cris : un peu ici et un peu l\u00e0, un peu partout\u2026<\/p>\n<p style=\"text-align: center;\">\n    \n            <div class=\"yoxview\" id=\"yoxview_69e1bd862b185\" style=\"overflow: hidden;\">\n            <a href=\"https:\/\/cecileroumiguiere.com\/wp\/wp-content\/uploads\/2018\/02\/atelier-cadre-albaan.jpg\" id=\"yoxview_img_69e1bd862b185_0\"><img decoding=\"async\" style=\"margin: 0 0 4px 4px !important;border-radius:2px !important;box-shadow:0 1px 4px rgba(0, 0, 0, 0.2) !important;\" src=\"https:\/\/cecileroumiguiere.com\/wp\/wp-content\/uploads\/2018\/02\/atelier-cadre-albaan-120x120.jpg\" alt=\"Camp de base.\" title=\"Camp de base.\" \/><\/a><a href=\"https:\/\/cecileroumiguiere.com\/wp\/wp-content\/uploads\/2018\/02\/atelier-albane.jpg\" id=\"yoxview_img_69e1bd862b185_1\"><img decoding=\"async\" style=\"margin: 0 0 4px 4px !important;border-radius:2px !important;box-shadow:0 1px 4px rgba(0, 0, 0, 0.2) !important;\" src=\"https:\/\/cecileroumiguiere.com\/wp\/wp-content\/uploads\/2018\/02\/atelier-albane-120x120.jpg\" alt=\"Manuscrit en cours.\" title=\"Manuscrit en cours.\" \/><\/a><a href=\"https:\/\/cecileroumiguiere.com\/wp\/wp-content\/uploads\/2018\/02\/atelier-visitechat.jpg\" id=\"yoxview_img_69e1bd862b185_2\"><img decoding=\"async\" style=\"margin: 0 0 4px 4px !important;border-radius:2px !important;box-shadow:0 1px 4px rgba(0, 0, 0, 0.2) !important;\" src=\"https:\/\/cecileroumiguiere.com\/wp\/wp-content\/uploads\/2018\/02\/atelier-visitechat-120x120.jpg\" alt=\"Tiens, un visiteur\u2026\" title=\"Tiens, un visiteur\u2026\" \/><\/a><a href=\"https:\/\/cecileroumiguiere.com\/wp\/wp-content\/uploads\/2018\/02\/atelier-cafe.jpg\" id=\"yoxview_img_69e1bd862b185_3\"><img decoding=\"async\" style=\"margin: 0 0 4px 4px !important;border-radius:2px !important;box-shadow:0 1px 4px rgba(0, 0, 0, 0.2) !important;\" src=\"https:\/\/cecileroumiguiere.com\/wp\/wp-content\/uploads\/2018\/02\/atelier-cafe-120x120.jpg\" alt=\"Pause caf\u00e9.\" title=\"Pause caf\u00e9.\" \/><\/a><a href=\"https:\/\/cecileroumiguiere.com\/wp\/wp-content\/uploads\/2018\/02\/atelier-manuscritdrew.jpg\" id=\"yoxview_img_69e1bd862b185_4\"><img decoding=\"async\" style=\"margin: 0 0 4px 4px !important;border-radius:2px !important;box-shadow:0 1px 4px rgba(0, 0, 0, 0.2) !important;\" src=\"https:\/\/cecileroumiguiere.com\/wp\/wp-content\/uploads\/2018\/02\/atelier-manuscritdrew-120x120.jpg\" alt=\"Gros plan sur manuscrit.\" title=\"Gros plan sur manuscrit.\" \/><\/a><a href=\"https:\/\/cecileroumiguiere.com\/wp\/wp-content\/uploads\/2018\/02\/atelier-imagesclemence.jpg\" id=\"yoxview_img_69e1bd862b185_5\"><img decoding=\"async\" style=\"margin: 0 0 4px 4px !important;border-radius:2px !important;box-shadow:0 1px 4px rgba(0, 0, 0, 0.2) !important;\" src=\"https:\/\/cecileroumiguiere.com\/wp\/wp-content\/uploads\/2018\/02\/atelier-imagesclemence-120x120.jpg\" alt=\"Bureau annexe, \u00e9crire \u00e0 partir des images de Cl\u00e9mence Monnet.\" title=\"Bureau annexe, \u00e9crire \u00e0 partir des images de Cl\u00e9mence Monnet.\" \/><\/a><a href=\"https:\/\/cecileroumiguiere.com\/wp\/wp-content\/uploads\/2018\/02\/atelier-arbres2.jpg\" id=\"yoxview_img_69e1bd862b185_6\"><img decoding=\"async\" style=\"margin: 0 0 4px 4px !important;border-radius:2px !important;box-shadow:0 1px 4px rgba(0, 0, 0, 0.2) !important;\" src=\"https:\/\/cecileroumiguiere.com\/wp\/wp-content\/uploads\/2018\/02\/atelier-arbres2-120x120.jpg\" alt=\"Annexe de fin d&#039;apr\u00e8s-midi.\" title=\"Annexe de fin d&#039;apr\u00e8s-midi.\" \/><\/a><a href=\"https:\/\/cecileroumiguiere.com\/wp\/wp-content\/uploads\/2018\/02\/bureau-peaudane-1.jpg\" id=\"yoxview_img_69e1bd862b185_7\"><img decoding=\"async\" style=\"margin: 0 0 4px 4px !important;border-radius:2px !important;box-shadow:0 1px 4px rgba(0, 0, 0, 0.2) !important;\" src=\"https:\/\/cecileroumiguiere.com\/wp\/wp-content\/uploads\/2018\/02\/bureau-peaudane-1-120x120.jpg\" alt=\"Deux projets sur un bureau.\" title=\"Deux projets sur un bureau.\" \/><\/a><a href=\"https:\/\/cecileroumiguiere.com\/wp\/wp-content\/uploads\/2018\/02\/atelier-escaliersaimer.jpg\" id=\"yoxview_img_69e1bd862b185_8\"><img decoding=\"async\" style=\"margin: 0 0 4px 4px !important;border-radius:2px !important;box-shadow:0 1px 4px rgba(0, 0, 0, 0.2) !important;\" src=\"https:\/\/cecileroumiguiere.com\/wp\/wp-content\/uploads\/2018\/02\/atelier-escaliersaimer-120x120.jpg\" alt=\"\u00c9crire \u00e0 partir des images des 39 illustrateurs de S&#039;aimer.\" title=\"\u00c9crire \u00e0 partir des images des 39 illustrateurs de S&#039;aimer.\" \/><\/a><a href=\"https:\/\/cecileroumiguiere.com\/wp\/wp-content\/uploads\/2013\/11\/rencontre_cafe.jpg\" id=\"yoxview_img_69e1bd862b185_9\"><img decoding=\"async\" style=\"margin: 0 0 4px 4px !important;border-radius:2px !important;box-shadow:0 1px 4px rgba(0, 0, 0, 0.2) !important;\" src=\"https:\/\/cecileroumiguiere.com\/wp\/wp-content\/uploads\/2013\/11\/rencontre_cafe-120x120.jpg\" alt=\"Au caf\u00e9\u2026\" title=\"Au caf\u00e9\u2026\" \/><\/a><a href=\"https:\/\/cecileroumiguiere.com\/wp\/wp-content\/uploads\/2018\/02\/atelier-tabliernoir.jpg\" id=\"yoxview_img_69e1bd862b185_10\"><img decoding=\"async\" style=\"margin: 0 0 4px 4px !important;border-radius:2px !important;box-shadow:0 1px 4px rgba(0, 0, 0, 0.2) !important;\" src=\"https:\/\/cecileroumiguiere.com\/wp\/wp-content\/uploads\/2018\/02\/atelier-tabliernoir-120x120.jpg\" alt=\"Sur les routes.\" title=\"Sur les routes.\" \/><\/a><a href=\"https:\/\/cecileroumiguiere.com\/wp\/wp-content\/uploads\/2023\/05\/0D65EE07-16BC-4D95-AD5D-7E856BBE5170-700x525.jpg\" id=\"yoxview_img_69e1bd862b185_11\"><img decoding=\"async\" style=\"margin: 0 0 4px 4px !important;border-radius:2px !important;box-shadow:0 1px 4px rgba(0, 0, 0, 0.2) !important;\" src=\"https:\/\/cecileroumiguiere.com\/wp\/wp-content\/uploads\/2023\/05\/0D65EE07-16BC-4D95-AD5D-7E856BBE5170-700x525-120x120.jpg\" alt=\"Cabanon, transparences.\" title=\"Cabanon, transparences.\" \/><\/a><a href=\"https:\/\/cecileroumiguiere.com\/wp\/wp-content\/uploads\/2023\/05\/cabanon-interieur-700x525.jpg\" id=\"yoxview_img_69e1bd862b185_12\"><img decoding=\"async\" style=\"margin: 0 0 4px 4px !important;border-radius:2px !important;box-shadow:0 1px 4px rgba(0, 0, 0, 0.2) !important;\" src=\"https:\/\/cecileroumiguiere.com\/wp\/wp-content\/uploads\/2023\/05\/cabanon-interieur-700x525-120x120.jpg\" alt=\"Un cabanon et des pins.\" title=\"Un cabanon et des pins.\" \/><\/a><a href=\"https:\/\/cecileroumiguiere.com\/wp\/wp-content\/uploads\/2023\/05\/cabanon-curiosites-700x525.jpg\" id=\"yoxview_img_69e1bd862b185_13\"><img decoding=\"async\" style=\"margin: 0 0 4px 4px !important;border-radius:2px !important;box-shadow:0 1px 4px rgba(0, 0, 0, 0.2) !important;\" src=\"https:\/\/cecileroumiguiere.com\/wp\/wp-content\/uploads\/2023\/05\/cabanon-curiosites-700x525-120x120.jpg\" alt=\"Cabanon, livres &amp; autres curiosit\u00e9s.\" title=\"Cabanon, livres &amp; autres curiosit\u00e9s.\" \/><\/a><a href=\"https:\/\/cecileroumiguiere.com\/wp\/wp-content\/uploads\/2023\/05\/cabanon-autrescuriosites-700x525.jpeg\" id=\"yoxview_img_69e1bd862b185_14\"><img decoding=\"async\" style=\"margin: 0 0 4px 4px !important;border-radius:2px !important;box-shadow:0 1px 4px rgba(0, 0, 0, 0.2) !important;\" src=\"https:\/\/cecileroumiguiere.com\/wp\/wp-content\/uploads\/2023\/05\/cabanon-autrescuriosites-700x525-120x120.jpeg\" alt=\"Cabanon, curiosit\u00e9s.\" title=\"Cabanon, curiosit\u00e9s.\" \/><\/a><a href=\"https:\/\/cecileroumiguiere.com\/wp\/wp-content\/uploads\/2023\/05\/cabanon-bureau-700x525.jpeg\" id=\"yoxview_img_69e1bd862b185_15\"><img decoding=\"async\" style=\"margin: 0 0 4px 4px !important;border-radius:2px !important;box-shadow:0 1px 4px rgba(0, 0, 0, 0.2) !important;\" src=\"https:\/\/cecileroumiguiere.com\/wp\/wp-content\/uploads\/2023\/05\/cabanon-bureau-700x525-120x120.jpeg\" alt=\"Cabanon, un bureau et des arbres.\" title=\"Cabanon, un bureau et des arbres.\" \/><\/a><a href=\"https:\/\/cecileroumiguiere.com\/wp\/wp-content\/uploads\/2023\/05\/cabanon-niot-700x525.jpeg\" id=\"yoxview_img_69e1bd862b185_16\"><img decoding=\"async\" style=\"margin: 0 0 4px 4px !important;border-radius:2px !important;box-shadow:0 1px 4px rgba(0, 0, 0, 0.2) !important;\" src=\"https:\/\/cecileroumiguiere.com\/wp\/wp-content\/uploads\/2023\/05\/cabanon-niot-700x525-120x120.jpeg\" alt=\"Cabanon, la nuit.\" title=\"Cabanon, la nuit.\" \/><\/a><a href=\"https:\/\/cecileroumiguiere.com\/wp\/wp-content\/uploads\/2023\/05\/carnetblanc-700x525.jpeg\" id=\"yoxview_img_69e1bd862b185_17\"><img decoding=\"async\" style=\"margin: 0 0 4px 4px !important;border-radius:2px !important;box-shadow:0 1px 4px rgba(0, 0, 0, 0.2) !important;\" src=\"https:\/\/cecileroumiguiere.com\/wp\/wp-content\/uploads\/2023\/05\/carnetblanc-700x525-120x120.jpeg\" alt=\"Carnet, page blanche.\" title=\"Carnet, page blanche.\" \/><\/a>        <\/div>\n    \n\n    <script type=\"text\/javascript\">\n        jQuery(document).ready(function() {\n            jQuery(\"#yoxview_69e1bd862b185\").yoxview({\n                playDelay: 3000,\n                autoHideInfo: false\n            });\n        });\n    <\/script>\n\n\n<\/p>\n","protected":false},"excerpt":{"rendered":"<p>Vous avez besoin d&rsquo;une biographie, d&rsquo;une bibliographie ? Vous pouvez les t\u00e9l\u00e9charger ici. La vie, une histoire\u2026 d&rsquo;histoires Na\u00eetre dans les rues en pente de Rodez, grandir dans l\u2019ombre des troubadours et des chevaliers \u00e0 Carcassonne, vivre \u00e0 Paris, c\u2019est d\u00e9j\u00e0 toute une histoire. Traverser des plateaux de th\u00e9\u00e2tre, musarder sur des tournages de cin\u00e9ma, inventer, \u00e9crire des sons et lumi\u00e8res\u2026 les histoires continuent\u00a0! Depuis plus de dix ans, mes histoires sont entr\u00e9es dans des livres, des albums, des romans, pour devenir parfois lectures en direct, expositions et autres inventions qui leur permette de gambader en dehors du livre. Une ligne, des galets sur mes routes\u00a0: les rencontres. Celles des auteurs lus, relus, celles des cin\u00e9astes, des films vus et revus\u2026\u00a0Maupassant, Ana\u00efs Nin, Camille Claudel, Antonin Artaud, Brecht, Freud, Bosch, Duras et Enki Bilal, Cocteau cin\u00e9aste, Rimbaud, Bachelard, le Japon et ses toits de tuiles bleues, Visconti et son Gu\u00e9pard, Agn\u00e8s Varda et Jacques Demy\u2026 la vie est faite de rencontres. Et pour commencer, celles, bien s\u00fbr, des illustratrices, des illustrateurs et de tous les artistes avec qui je travaille. Bibliographie \u2022 T\u00e9l\u00e9charger la bibliographie (merci de v\u00e9rifier la date\u2026) : bibliographie fin 2024 Biographie \u2022 T\u00e9l\u00e9charger une courte biographie :\u00a0bio2020 \u2022 Sur Wikip\u00e9dia Des articles pour en savoir plus \u2022 Voir\u00a0Pourquoi j&rsquo;\u00e9cris\u2026\u00a0in Griffon n\u00ba236, mars-avril 2013 \u2022 T\u00e9l\u00e9charger Pourquoi j&rsquo;\u00e9cris\u2026 extrait du Griffon n\u00ba236 \u2022 L&rsquo;interview de Serge Bonnery Bureaux Pour celles et ceux qui me demandent o\u00f9 j&rsquo;\u00e9cris : un peu ici et un peu l\u00e0, un peu partout\u2026<\/p>\n","protected":false},"author":1,"featured_media":0,"parent":0,"menu_order":0,"comment_status":"closed","ping_status":"closed","template":"","meta":{"footnotes":""},"class_list":["post-659","page","type-page","status-publish","hentry"],"_links":{"self":[{"href":"https:\/\/cecileroumiguiere.com\/wp\/index.php?rest_route=\/wp\/v2\/pages\/659","targetHints":{"allow":["GET"]}}],"collection":[{"href":"https:\/\/cecileroumiguiere.com\/wp\/index.php?rest_route=\/wp\/v2\/pages"}],"about":[{"href":"https:\/\/cecileroumiguiere.com\/wp\/index.php?rest_route=\/wp\/v2\/types\/page"}],"author":[{"embeddable":true,"href":"https:\/\/cecileroumiguiere.com\/wp\/index.php?rest_route=\/wp\/v2\/users\/1"}],"replies":[{"embeddable":true,"href":"https:\/\/cecileroumiguiere.com\/wp\/index.php?rest_route=%2Fwp%2Fv2%2Fcomments&post=659"}],"version-history":[{"count":60,"href":"https:\/\/cecileroumiguiere.com\/wp\/index.php?rest_route=\/wp\/v2\/pages\/659\/revisions"}],"predecessor-version":[{"id":8019,"href":"https:\/\/cecileroumiguiere.com\/wp\/index.php?rest_route=\/wp\/v2\/pages\/659\/revisions\/8019"}],"wp:attachment":[{"href":"https:\/\/cecileroumiguiere.com\/wp\/index.php?rest_route=%2Fwp%2Fv2%2Fmedia&parent=659"}],"curies":[{"name":"wp","href":"https:\/\/api.w.org\/{rel}","templated":true}]}}