{"id":6814,"date":"2021-03-12T11:00:08","date_gmt":"2021-03-12T10:00:08","guid":{"rendered":"https:\/\/cecileroumiguiere.com\/wp\/?page_id=6814"},"modified":"2024-07-24T13:57:40","modified_gmt":"2024-07-24T12:57:40","slug":"le-monde-autour-de-moi","status":"publish","type":"page","link":"https:\/\/cecileroumiguiere.com\/wp\/?page_id=6814","title":{"rendered":"Le monde autour de moi"},"content":{"rendered":"\n<p class=\"has-text-align-right has-luminous-vivid-orange-color has-text-color\"><em>Illustr\u00e9s par <a href=\"https:\/\/www.instagram.com\/marionduvalillustration\/\">Marion Duval<\/a> \u00b7 Le Seuil mars et mai 2021<\/em><\/p>\n\n\n\n<p>\u00c9crire pour les tout-petits\u2026 Pour cet \u00e2ge des d\u00e9couvertes, du langage sensible&nbsp;: une vraie gageure&nbsp;! Poser des mots et des images sur ces moments o\u00f9 l&rsquo;enfant d\u00e9couvre le monde autour de lui, \u00e0 partir de lui, de ses sensations, de ses exp\u00e9riences.<\/p>\n\n\n\n<p><em>Le feu<\/em>, <em>le ciel<\/em> pour l&rsquo;air pour commencer, puis viendront <em>la terre<\/em> et <em>l&rsquo;eau<\/em>&nbsp;: quatre \u00e9l\u00e9ments pour dire le monde, de l&rsquo;intime en gros plan au paysage en plan g\u00e9n\u00e9ral, avec un regard \u00e0 la fois tendre et \u00e9merveill\u00e9. <\/p>\n\n\n\n<blockquote class=\"wp-block-quote is-layout-flow wp-block-quote-is-layout-flow\">\n<p><em><strong>Le Feu<\/strong><\/em><br><em>\u2022 Parfois, je vois briller le feu.<\/em><br>\u2022 Le feu de l\u2019allumette cr\u00e9pite et fait un \u00e9clair dor\u00e9, c\u2019est allum\u00e9\u00a0!<br>\u2022\u00a0Le feu lance ses langues orange dans la chemin\u00e9e\u00a0; j\u2019ai chaud, mes joues sont toutes rouges\u00a0!<\/p>\n<cite><em>Le monde tout autour de moi \u00b7&nbsp;Le Feu<\/em><\/cite><\/blockquote>\n\n\n\n<blockquote class=\"wp-block-quote is-layout-flow wp-block-quote-is-layout-flow\">\n<p><em><strong>Le Ciel<\/strong><\/em><br><em>\u2022 Au-dessus de moi et tout autour de moi, il y a le ciel.<\/em><br>\u2022 Le ciel est rose, c\u2019est l\u2019aurore. Je peux r\u00eaver encore un peu.<br>\u2022\u00a0Le ciel est bleu, il fait soleil. Il faut se lever, il est l\u2019heure de jouer\u00a0!<\/p>\n<cite><em>Le monde tout autour de moi \u00b7 Le <\/em>Ciel<\/cite><\/blockquote>\n\n\n\n<blockquote class=\"wp-block-quote is-layout-flow wp-block-quote-is-layout-flow\">\n<p><strong><em>L\u2019Eau<\/em><\/strong><\/p>\n\n\n\n<p><em>\u2022 \u00c0 c\u00f4t\u00e9 de moi, sous moi, il y a l\u2019eau.<\/em><br><em>\u2022\u00a0L\u2019eau est froide et bleue. Elle glisse entre mes doigts et \u00e9clabousse tout autour de moi.<\/em><br><em>\u2022 L\u2019eau est chaude dans mon bain, et pleine de mousse blanche. Je souffle dessus\u2026 et volent les nuages\u00a0!<\/em><\/p>\n<cite>Le monde autour de moi \u00b7 L\u2019Eau<\/cite><\/blockquote>\n\n\n\n<blockquote class=\"wp-block-quote is-layout-flow wp-block-quote-is-layout-flow\">\n<p><em><strong>La Terre<\/strong><\/em><\/p>\n\n\n\n<p><em>\u2022 Au-dessous de moi et tout autour de moi, il y a la terre.<\/em><br><em>\u2022\u00a0La terre est brune, pr\u00eate \u00e0 \u00eatre sem\u00e9e. Je ris\u00a0: les asticots montrent le bout de leur nez.<\/em><br><em>\u2022 La terre est blanche, vive la neige\u00a0! Je lis\u00a0: les animaux laissent des traces de pattes comme des lettres \u00e0 d\u00e9chiffrer.<\/em><\/p>\n<cite><em>Le monde autour de moi \u00b7 La Terre<\/em><\/cite><\/blockquote>\n\n\n\n<h2 class=\"wp-block-heading\" id=\"des-moments-intenses\">Des moments intenses<\/h2>\n\n\n\n<div class=\"wp-block-media-text alignwide is-stacked-on-mobile\" style=\"grid-template-columns:47% auto\"><figure class=\"wp-block-media-text__media\"><img loading=\"lazy\" decoding=\"async\" width=\"700\" height=\"697\" src=\"https:\/\/cecileroumiguiere.com\/wp\/wp-content\/uploads\/2022\/01\/lemondeautourdemoi-couvx4carree-700x697.jpg\" alt=\"\" class=\"wp-image-7037 size-full\" srcset=\"https:\/\/cecileroumiguiere.com\/wp\/wp-content\/uploads\/2022\/01\/lemondeautourdemoi-couvx4carree-700x697.jpg 700w, https:\/\/cecileroumiguiere.com\/wp\/wp-content\/uploads\/2022\/01\/lemondeautourdemoi-couvx4carree-300x300.jpg 300w, https:\/\/cecileroumiguiere.com\/wp\/wp-content\/uploads\/2022\/01\/lemondeautourdemoi-couvx4carree-150x150.jpg 150w, https:\/\/cecileroumiguiere.com\/wp\/wp-content\/uploads\/2022\/01\/lemondeautourdemoi-couvx4carree-768x765.jpg 768w, https:\/\/cecileroumiguiere.com\/wp\/wp-content\/uploads\/2022\/01\/lemondeautourdemoi-couvx4carree-1536x1529.jpg 1536w, https:\/\/cecileroumiguiere.com\/wp\/wp-content\/uploads\/2022\/01\/lemondeautourdemoi-couvx4carree-2048x2039.jpg 2048w, https:\/\/cecileroumiguiere.com\/wp\/wp-content\/uploads\/2022\/01\/lemondeautourdemoi-couvx4carree-1140x1135.jpg 1140w, https:\/\/cecileroumiguiere.com\/wp\/wp-content\/uploads\/2022\/01\/lemondeautourdemoi-couvx4carree-75x75.jpg 75w\" sizes=\"auto, (max-width: 700px) 100vw, 700px\" \/><\/figure><div class=\"wp-block-media-text__content\">\n<p>Ang\u00e8le Cambournac, au Seuil, a port\u00e9 ces quatre livres avec enthousiasme. Quand Marion Duval a accept\u00e9 de les illustrer, on savait que son univers et son savoir-faire leur donneraient une tendresse et une force exceptionnelles.<\/p>\n\n\n\n<p>Pari r\u00e9ussi&nbsp;: les images se conjuguent aux mots pour d\u00e9cliner ces jours si importants o\u00f9 le monde s&rsquo;ouvre devant l&rsquo;enfant, ces moments intenses o\u00f9 l&rsquo;adulte redecouvre le monde \u00e0 travers le regard de l&rsquo;enfant.<\/p>\n<\/div><\/div>\n\n\n\n<p><\/p>\n","protected":false},"excerpt":{"rendered":"<p>Illustr\u00e9s par Marion Duval \u00b7 Le Seuil mars et mai 2021 \u00c9crire pour les tout-petits\u2026 Pour cet \u00e2ge des d\u00e9couvertes, du langage sensible&nbsp;: une vraie gageure&nbsp;! Poser des mots et des images sur ces moments o\u00f9 l&rsquo;enfant d\u00e9couvre le monde autour de lui, \u00e0 partir de lui, de ses sensations, de ses exp\u00e9riences. Le feu, le ciel pour l&rsquo;air pour commencer, puis viendront la terre et l&rsquo;eau&nbsp;: quatre \u00e9l\u00e9ments pour dire le monde, de l&rsquo;intime en gros plan au paysage en plan g\u00e9n\u00e9ral, avec un regard \u00e0 la fois tendre et \u00e9merveill\u00e9. Le Feu\u2022 Parfois, je vois briller le feu.\u2022 Le feu de l\u2019allumette cr\u00e9pite et fait un \u00e9clair dor\u00e9, c\u2019est allum\u00e9\u00a0!\u2022\u00a0Le feu lance ses langues orange dans la chemin\u00e9e\u00a0; j\u2019ai chaud, mes joues sont toutes rouges\u00a0! Le monde tout autour de moi \u00b7&nbsp;Le Feu Le Ciel\u2022 Au-dessus de moi et tout autour de moi, il y a le ciel.\u2022 Le ciel est rose, c\u2019est l\u2019aurore. Je peux r\u00eaver encore un peu.\u2022\u00a0Le ciel est bleu, il fait soleil. Il faut se lever, il est l\u2019heure de jouer\u00a0! Le monde tout autour de moi \u00b7 Le Ciel L\u2019Eau \u2022 \u00c0 c\u00f4t\u00e9 de moi, sous moi, il y a l\u2019eau.\u2022\u00a0L\u2019eau est froide et bleue. Elle glisse entre mes doigts et \u00e9clabousse tout autour de moi.\u2022 L\u2019eau est chaude dans mon bain, et pleine de mousse blanche. Je souffle dessus\u2026 et volent les nuages\u00a0! Le monde autour de moi \u00b7 L\u2019Eau La Terre \u2022 Au-dessous de moi et tout autour de moi, il y a la terre.\u2022\u00a0La terre est brune, pr\u00eate \u00e0 \u00eatre sem\u00e9e. Je ris\u00a0: les asticots montrent le bout de leur nez.\u2022 La terre est blanche, vive la neige\u00a0! Je lis\u00a0: les animaux laissent des traces de pattes comme des lettres \u00e0 d\u00e9chiffrer. Le monde autour de moi \u00b7 La Terre Des moments intenses Ang\u00e8le Cambournac, au Seuil, a port\u00e9 ces quatre livres avec enthousiasme. Quand Marion Duval a accept\u00e9 de les illustrer, on savait que son univers et son savoir-faire leur donneraient une tendresse et une force exceptionnelles. Pari r\u00e9ussi&nbsp;: les images se conjuguent aux mots pour d\u00e9cliner ces jours si importants o\u00f9 le monde s&rsquo;ouvre devant l&rsquo;enfant, ces moments intenses o\u00f9 l&rsquo;adulte redecouvre le monde \u00e0 travers le regard de l&rsquo;enfant.<\/p>\n","protected":false},"author":1,"featured_media":7038,"parent":0,"menu_order":0,"comment_status":"closed","ping_status":"closed","template":"","meta":{"footnotes":""},"class_list":["post-6814","page","type-page","status-publish","has-post-thumbnail","hentry"],"_links":{"self":[{"href":"https:\/\/cecileroumiguiere.com\/wp\/index.php?rest_route=\/wp\/v2\/pages\/6814","targetHints":{"allow":["GET"]}}],"collection":[{"href":"https:\/\/cecileroumiguiere.com\/wp\/index.php?rest_route=\/wp\/v2\/pages"}],"about":[{"href":"https:\/\/cecileroumiguiere.com\/wp\/index.php?rest_route=\/wp\/v2\/types\/page"}],"author":[{"embeddable":true,"href":"https:\/\/cecileroumiguiere.com\/wp\/index.php?rest_route=\/wp\/v2\/users\/1"}],"replies":[{"embeddable":true,"href":"https:\/\/cecileroumiguiere.com\/wp\/index.php?rest_route=%2Fwp%2Fv2%2Fcomments&post=6814"}],"version-history":[{"count":20,"href":"https:\/\/cecileroumiguiere.com\/wp\/index.php?rest_route=\/wp\/v2\/pages\/6814\/revisions"}],"predecessor-version":[{"id":7815,"href":"https:\/\/cecileroumiguiere.com\/wp\/index.php?rest_route=\/wp\/v2\/pages\/6814\/revisions\/7815"}],"wp:featuredmedia":[{"embeddable":true,"href":"https:\/\/cecileroumiguiere.com\/wp\/index.php?rest_route=\/wp\/v2\/media\/7038"}],"wp:attachment":[{"href":"https:\/\/cecileroumiguiere.com\/wp\/index.php?rest_route=%2Fwp%2Fv2%2Fmedia&parent=6814"}],"curies":[{"name":"wp","href":"https:\/\/api.w.org\/{rel}","templated":true}]}}