{"id":6905,"date":"2021-11-16T18:41:24","date_gmt":"2021-11-16T17:41:24","guid":{"rendered":"https:\/\/cecileroumiguiere.com\/wp\/?page_id=6905"},"modified":"2024-07-24T14:08:15","modified_gmt":"2024-07-24T13:08:15","slug":"sous-le-grand-choka","status":"publish","type":"page","link":"https:\/\/cecileroumiguiere.com\/wp\/?page_id=6905","title":{"rendered":"Sous le grand choka"},"content":{"rendered":"\n<p class=\"has-text-align-right has-luminous-vivid-orange-color has-text-color\"><em>Illustr\u00e9 par\u00a0<a href=\"http:\/\/pavupapri.blogspot.com\/\">C\u00e9cile Gambini<\/a>\u00a0\u00b7 Postface texte et photos de Muriel Enrico \u00b7 <a href=\"https:\/\/apasdeloups.com\/\">\u00c0 pas de loups<\/a> \/ 7 janvier 2022<\/em><\/p>\n\n\n\n<h2 class=\"wp-block-heading\" id=\"les-chemins-de-mafate\"><meta charset=\"utf-8\">Les chemins de Mafate<\/h2>\n\n\n<div class=\"wp-block-image\">\n<figure class=\"alignleft size-full is-resized\"><img loading=\"lazy\" decoding=\"async\" width=\"665\" height=\"951\" src=\"https:\/\/cecileroumiguiere.com\/wp\/wp-content\/uploads\/2021\/11\/souslegrandchoka-couv-1.jpg\" alt=\"\" class=\"wp-image-6932\" style=\"width:240px;height:344px\" srcset=\"https:\/\/cecileroumiguiere.com\/wp\/wp-content\/uploads\/2021\/11\/souslegrandchoka-couv-1.jpg 665w, https:\/\/cecileroumiguiere.com\/wp\/wp-content\/uploads\/2021\/11\/souslegrandchoka-couv-1-210x300.jpg 210w\" sizes=\"auto, (max-width: 665px) 100vw, 665px\" \/><\/figure>\n<\/div>\n\n\n<p>En octobre 2014, gr\u00e2ce \u00e0 Muriel Enrico et l&rsquo;\u00e9quipe du salon du livre de l&rsquo;Oc\u00e9an indien, je d\u00e9couvrais\u2026 Mafate&nbsp;!<\/p>\n\n\n\n<p>Au XVIIIe si\u00e8cle, ce cirque naturel recouvert d&rsquo;une for\u00eat de plantes plus \u00e9tonnantes les unes que les autres, a servi de refuge aux esclaves en fuite. Aujourd&rsquo;hui, il est une terre prot\u00e9g\u00e9e, un espace loin de tout. Aucune route n&rsquo;y m\u00e8ne&nbsp;; pour y acc\u00e9der, il n&rsquo;y a que nos pieds, des chemins abrupts et quelques h\u00e9licopt\u00e8res.<\/p>\n\n\n\n<figure class=\"wp-block-gallery has-nested-images columns-default is-cropped wp-block-gallery-1 is-layout-flex wp-block-gallery-is-layout-flex\">\n<figure class=\"wp-block-image size-large\"><img loading=\"lazy\" decoding=\"async\" width=\"700\" height=\"523\" data-id=\"6929\" src=\"https:\/\/cecileroumiguiere.com\/wp\/wp-content\/uploads\/2021\/11\/IMG_5300-2-700x523.jpeg\" alt=\"\" class=\"wp-image-6929\" srcset=\"https:\/\/cecileroumiguiere.com\/wp\/wp-content\/uploads\/2021\/11\/IMG_5300-2-700x523.jpeg 700w, https:\/\/cecileroumiguiere.com\/wp\/wp-content\/uploads\/2021\/11\/IMG_5300-2-300x224.jpeg 300w, https:\/\/cecileroumiguiere.com\/wp\/wp-content\/uploads\/2021\/11\/IMG_5300-2-768x574.jpeg 768w, https:\/\/cecileroumiguiere.com\/wp\/wp-content\/uploads\/2021\/11\/IMG_5300-2.jpeg 992w\" sizes=\"auto, (max-width: 700px) 100vw, 700px\" \/><\/figure>\n\n\n\n<figure class=\"wp-block-image size-large\"><img loading=\"lazy\" decoding=\"async\" width=\"700\" height=\"523\" data-id=\"6928\" src=\"https:\/\/cecileroumiguiere.com\/wp\/wp-content\/uploads\/2021\/11\/IMG_5298-5-700x523.jpeg\" alt=\"\" class=\"wp-image-6928\" srcset=\"https:\/\/cecileroumiguiere.com\/wp\/wp-content\/uploads\/2021\/11\/IMG_5298-5-700x523.jpeg 700w, https:\/\/cecileroumiguiere.com\/wp\/wp-content\/uploads\/2021\/11\/IMG_5298-5-300x224.jpeg 300w, https:\/\/cecileroumiguiere.com\/wp\/wp-content\/uploads\/2021\/11\/IMG_5298-5-768x574.jpeg 768w, https:\/\/cecileroumiguiere.com\/wp\/wp-content\/uploads\/2021\/11\/IMG_5298-5-1536x1147.jpeg 1536w, https:\/\/cecileroumiguiere.com\/wp\/wp-content\/uploads\/2021\/11\/IMG_5298-5-2048x1530.jpeg 2048w, https:\/\/cecileroumiguiere.com\/wp\/wp-content\/uploads\/2021\/11\/IMG_5298-5-1140x851.jpeg 1140w\" sizes=\"auto, (max-width: 700px) 100vw, 700px\" \/><\/figure>\n\n\n\n<figure class=\"wp-block-image size-large\"><img loading=\"lazy\" decoding=\"async\" width=\"700\" height=\"938\" data-id=\"6927\" src=\"https:\/\/cecileroumiguiere.com\/wp\/wp-content\/uploads\/2021\/11\/IMG_5241-1-700x938.jpeg\" alt=\"\" class=\"wp-image-6927\" srcset=\"https:\/\/cecileroumiguiere.com\/wp\/wp-content\/uploads\/2021\/11\/IMG_5241-1-700x938.jpeg 700w, https:\/\/cecileroumiguiere.com\/wp\/wp-content\/uploads\/2021\/11\/IMG_5241-1-224x300.jpeg 224w, https:\/\/cecileroumiguiere.com\/wp\/wp-content\/uploads\/2021\/11\/IMG_5241-1-768x1029.jpeg 768w, https:\/\/cecileroumiguiere.com\/wp\/wp-content\/uploads\/2021\/11\/IMG_5241-1.jpeg 850w\" sizes=\"auto, (max-width: 700px) 100vw, 700px\" \/><\/figure>\n<\/figure>\n\n\n\n<h2 class=\"wp-block-heading\" id=\"la-puissance-d-un-lieu\">La puissance d&rsquo;un lieu<\/h2>\n\n\n\n<p>Tout est puissant \u00e0 Mafate : la nature, l&rsquo;histoire de ce lieu, le regard de ceux qui y habitent, les parfums, la clart\u00e9 des sons, les lumi\u00e8res. De ce choc \u00e9motionnel est n\u00e9 ce livre : il fallait que je parle de cet endroit et des enfants que j&rsquo;avais rencontr\u00e9s. Je suis heureuse de le partager aujourd&rsquo;hui avec C\u00e9cile Gambini. Elle aussi \u00e9tait aussi du voyage \u00e0 la R\u00e9union, et son univers, sa po\u00e9sie, donnent un reflet unique \u00e0 cet endroit paradisiaque.<\/p>\n\n\n\n<p>Nous le partageons aussi avec Muriel Enrico et ses photos, Muriel, notre \u201cf\u00e9e marraine\u201d <em>es Mafate<\/em>.<\/p>\n\n\n\n<p>Et nous l&rsquo;avons confi\u00e9 \u00e0 Laurence Nob\u00e9court, notre fid\u00e8le \u00e9ditrice des \u00e9ditions \u00c0 pas de loups.<\/p>\n\n\n<div class=\"wp-block-image\">\n<figure class=\"aligncenter size-large\"><img loading=\"lazy\" decoding=\"async\" width=\"700\" height=\"523\" src=\"https:\/\/cecileroumiguiere.com\/wp\/wp-content\/uploads\/2021\/11\/IMG_5255-3-700x523.jpeg\" alt=\"\" class=\"wp-image-6930\" srcset=\"https:\/\/cecileroumiguiere.com\/wp\/wp-content\/uploads\/2021\/11\/IMG_5255-3-700x523.jpeg 700w, https:\/\/cecileroumiguiere.com\/wp\/wp-content\/uploads\/2021\/11\/IMG_5255-3-300x224.jpeg 300w, https:\/\/cecileroumiguiere.com\/wp\/wp-content\/uploads\/2021\/11\/IMG_5255-3-768x574.jpeg 768w, https:\/\/cecileroumiguiere.com\/wp\/wp-content\/uploads\/2021\/11\/IMG_5255-3.jpeg 992w\" sizes=\"auto, (max-width: 700px) 100vw, 700px\" \/><\/figure>\n<\/div>\n\n\n<h2 class=\"wp-block-heading\" id=\"une-rencontre\">Une rencontre<\/h2>\n\n\n<div class=\"wp-block-image\">\n<figure class=\"alignright size-large is-resized\"><img loading=\"lazy\" decoding=\"async\" width=\"700\" height=\"476\" src=\"https:\/\/cecileroumiguiere.com\/wp\/wp-content\/uploads\/2021\/11\/faezia-mia-700x476.jpg\" alt=\"\" class=\"wp-image-6934\" style=\"width:309px;height:210px\" srcset=\"https:\/\/cecileroumiguiere.com\/wp\/wp-content\/uploads\/2021\/11\/faezia-mia-700x476.jpg 700w, https:\/\/cecileroumiguiere.com\/wp\/wp-content\/uploads\/2021\/11\/faezia-mia-300x204.jpg 300w, https:\/\/cecileroumiguiere.com\/wp\/wp-content\/uploads\/2021\/11\/faezia-mia-768x522.jpg 768w, https:\/\/cecileroumiguiere.com\/wp\/wp-content\/uploads\/2021\/11\/faezia-mia.jpg 850w\" sizes=\"auto, (max-width: 700px) 100vw, 700px\" \/><figcaption class=\"wp-element-caption\">Ill. C\u00e9cile Gambini<\/figcaption><\/figure>\n<\/div>\n\n\n<p>Fa\u00ebzia est une enfant de Mafate. Son p\u00e8re tient un g\u00eete o\u00f9 la famille re\u00e7oit des touristes. Quand Mia, une enfant de son \u00e2ge, s&rsquo;installe pour quelques jours, Fa\u00ebzia la regarde, \u00e9tonn\u00e9e, jouer avec sa poup\u00e9e de plastique. Elle, elle pr\u00e9f\u00e8re s&rsquo;inventer des histoires avec la poup\u00e9e de liane que lui a fabriqu\u00e9 son grand-p\u00e8re.<\/p>\n\n\n\n<p>Une rivalit\u00e9 s&rsquo;installe entre les deux enfants, bient\u00f4t d\u00e9pass\u00e9e par leur curiosit\u00e9 du monde de l&rsquo;autre.<\/p>\n\n\n\n<figure class=\"wp-block-pullquote\"><blockquote><p>Fa\u00ebzia, Mia, deux poup\u00e9es, deux cultures pour une rencontre au c\u0153ur de l&rsquo;enfance.<\/p><\/blockquote><\/figure>\n\n\n\n<blockquote class=\"wp-block-quote is-layout-flow wp-block-quote-is-layout-flow\">\n<p>Le soleil dispara\u00eet derri\u00e8re la montagne&#8230;<br>Vite ! Il faut se d\u00e9p\u00eacher.<br>Sa poup\u00e9e \u00e0 la main, Fa\u00ebzia avance en sautant d\u2019un pied sur l\u2019autre, elle chante :<br>\u2014 L\u2019homme de l\u2019espace fait danser les filles, la premi\u00e8re fait tchi-tchi-tchi, la deuxi\u00e8me fait tcha-tcha-tcha&#8230;<\/p>\n<\/blockquote>\n\n\n\n<figure class=\"wp-block-embed is-type-video is-provider-youtube wp-block-embed-youtube wp-embed-aspect-16-9 wp-has-aspect-ratio\"><div class=\"wp-block-embed__wrapper\">\n<iframe loading=\"lazy\" title=\"Sous le grand choka - teaser\" width=\"960\" height=\"540\" src=\"https:\/\/www.youtube.com\/embed\/jnxyOzVcFHw?feature=oembed\" frameborder=\"0\" allow=\"accelerometer; autoplay; clipboard-write; encrypted-media; gyroscope; picture-in-picture\" allowfullscreen><\/iframe>\n<\/div><\/figure>\n","protected":false},"excerpt":{"rendered":"<p>Illustr\u00e9 par\u00a0C\u00e9cile Gambini\u00a0\u00b7 Postface texte et photos de Muriel Enrico \u00b7 \u00c0 pas de loups \/ 7 janvier 2022 Les chemins de Mafate En octobre 2014, gr\u00e2ce \u00e0 Muriel Enrico et l&rsquo;\u00e9quipe du salon du livre de l&rsquo;Oc\u00e9an indien, je d\u00e9couvrais\u2026 Mafate&nbsp;! Au XVIIIe si\u00e8cle, ce cirque naturel recouvert d&rsquo;une for\u00eat de plantes plus \u00e9tonnantes les unes que les autres, a servi de refuge aux esclaves en fuite. Aujourd&rsquo;hui, il est une terre prot\u00e9g\u00e9e, un espace loin de tout. Aucune route n&rsquo;y m\u00e8ne&nbsp;; pour y acc\u00e9der, il n&rsquo;y a que nos pieds, des chemins abrupts et quelques h\u00e9licopt\u00e8res. La puissance d&rsquo;un lieu Tout est puissant \u00e0 Mafate : la nature, l&rsquo;histoire de ce lieu, le regard de ceux qui y habitent, les parfums, la clart\u00e9 des sons, les lumi\u00e8res. De ce choc \u00e9motionnel est n\u00e9 ce livre : il fallait que je parle de cet endroit et des enfants que j&rsquo;avais rencontr\u00e9s. Je suis heureuse de le partager aujourd&rsquo;hui avec C\u00e9cile Gambini. Elle aussi \u00e9tait aussi du voyage \u00e0 la R\u00e9union, et son univers, sa po\u00e9sie, donnent un reflet unique \u00e0 cet endroit paradisiaque. Nous le partageons aussi avec Muriel Enrico et ses photos, Muriel, notre \u201cf\u00e9e marraine\u201d es Mafate. Et nous l&rsquo;avons confi\u00e9 \u00e0 Laurence Nob\u00e9court, notre fid\u00e8le \u00e9ditrice des \u00e9ditions \u00c0 pas de loups. Une rencontre Fa\u00ebzia est une enfant de Mafate. Son p\u00e8re tient un g\u00eete o\u00f9 la famille re\u00e7oit des touristes. Quand Mia, une enfant de son \u00e2ge, s&rsquo;installe pour quelques jours, Fa\u00ebzia la regarde, \u00e9tonn\u00e9e, jouer avec sa poup\u00e9e de plastique. Elle, elle pr\u00e9f\u00e8re s&rsquo;inventer des histoires avec la poup\u00e9e de liane que lui a fabriqu\u00e9 son grand-p\u00e8re. Une rivalit\u00e9 s&rsquo;installe entre les deux enfants, bient\u00f4t d\u00e9pass\u00e9e par leur curiosit\u00e9 du monde de l&rsquo;autre. Fa\u00ebzia, Mia, deux poup\u00e9es, deux cultures pour une rencontre au c\u0153ur de l&rsquo;enfance. Le soleil dispara\u00eet derri\u00e8re la montagne&#8230;Vite ! Il faut se d\u00e9p\u00eacher.Sa poup\u00e9e \u00e0 la main, Fa\u00ebzia avance en sautant d\u2019un pied sur l\u2019autre, elle chante :\u2014 L\u2019homme de l\u2019espace fait danser les filles, la premi\u00e8re fait tchi-tchi-tchi, la deuxi\u00e8me fait tcha-tcha-tcha&#8230;<\/p>\n","protected":false},"author":1,"featured_media":6907,"parent":0,"menu_order":0,"comment_status":"closed","ping_status":"closed","template":"","meta":{"footnotes":""},"class_list":["post-6905","page","type-page","status-publish","has-post-thumbnail","hentry"],"_links":{"self":[{"href":"https:\/\/cecileroumiguiere.com\/wp\/index.php?rest_route=\/wp\/v2\/pages\/6905","targetHints":{"allow":["GET"]}}],"collection":[{"href":"https:\/\/cecileroumiguiere.com\/wp\/index.php?rest_route=\/wp\/v2\/pages"}],"about":[{"href":"https:\/\/cecileroumiguiere.com\/wp\/index.php?rest_route=\/wp\/v2\/types\/page"}],"author":[{"embeddable":true,"href":"https:\/\/cecileroumiguiere.com\/wp\/index.php?rest_route=\/wp\/v2\/users\/1"}],"replies":[{"embeddable":true,"href":"https:\/\/cecileroumiguiere.com\/wp\/index.php?rest_route=%2Fwp%2Fv2%2Fcomments&post=6905"}],"version-history":[{"count":17,"href":"https:\/\/cecileroumiguiere.com\/wp\/index.php?rest_route=\/wp\/v2\/pages\/6905\/revisions"}],"predecessor-version":[{"id":7822,"href":"https:\/\/cecileroumiguiere.com\/wp\/index.php?rest_route=\/wp\/v2\/pages\/6905\/revisions\/7822"}],"wp:featuredmedia":[{"embeddable":true,"href":"https:\/\/cecileroumiguiere.com\/wp\/index.php?rest_route=\/wp\/v2\/media\/6907"}],"wp:attachment":[{"href":"https:\/\/cecileroumiguiere.com\/wp\/index.php?rest_route=%2Fwp%2Fv2%2Fmedia&parent=6905"}],"curies":[{"name":"wp","href":"https:\/\/api.w.org\/{rel}","templated":true}]}}