{"id":6951,"date":"2021-11-22T19:12:34","date_gmt":"2021-11-22T18:12:34","guid":{"rendered":"https:\/\/cecileroumiguiere.com\/wp\/?p=6951"},"modified":"2026-01-22T13:27:41","modified_gmt":"2026-01-22T12:27:41","slug":"cric-crac-sors-lhistoire-de-sa-boite","status":"publish","type":"page","link":"https:\/\/cecileroumiguiere.com\/wp\/?page_id=6951","title":{"rendered":"Et\u2026 Cric-crac !"},"content":{"rendered":"\n<h2 class=\"wp-block-heading\">Cric-crac, sors l\u2019histoire de sa bo\u00eete !<\/h2>\n\n\n\n<p>Cr\u00e9er un jeu de cartes pour faire imaginer des histoires en famille, et le faire en toute libert\u00e9 avec ma complice Carole Chaix pour le SLPJ et la Caisse d&rsquo;allocations familiales de Seine-Saint-Denis, l\u00e0, j&rsquo;ai pens\u00e9 \u00ab Wahou&nbsp;!&nbsp;\u00bb<\/p>\n\n\n\n<figure class=\"wp-block-gallery has-nested-images columns-default is-cropped wp-block-gallery-1 is-layout-flex wp-block-gallery-is-layout-flex\">\n<figure class=\"wp-block-image size-large\"><img loading=\"lazy\" decoding=\"async\" width=\"700\" height=\"561\" data-id=\"6955\" src=\"https:\/\/cecileroumiguiere.com\/wp\/wp-content\/uploads\/2021\/11\/cric-crac2-700x561.jpg\" alt=\"\" class=\"wp-image-6955\" srcset=\"https:\/\/cecileroumiguiere.com\/wp\/wp-content\/uploads\/2021\/11\/cric-crac2-700x561.jpg 700w, https:\/\/cecileroumiguiere.com\/wp\/wp-content\/uploads\/2021\/11\/cric-crac2-300x240.jpg 300w, https:\/\/cecileroumiguiere.com\/wp\/wp-content\/uploads\/2021\/11\/cric-crac2.jpg 709w\" sizes=\"auto, (max-width: 700px) 100vw, 700px\" \/><\/figure>\n<\/figure>\n\n\n\n<p>L&rsquo;id\u00e9e \u00e9tait d&rsquo;offrir une bo\u00eete \u00e0 magie litt\u00e9raire aux familles des enfants des centres d&rsquo;aide aux devoirs sur le d\u00e9partement. Dans la bo\u00eete, des livres, de quoi \u00e9crire, des magnets et le jeu : 62 cartes de dessins et de mots pour inventer, r\u00eaver, rire, s&rsquo;amuser <em>ensemble<\/em>&nbsp;en famille.<\/p>\n\n\n\n<p>La demande \u00e9tait inattendue, le d\u00e9lai court et le d\u00e9fi pas facile \u00e0 relever, mais rarement un projet m&rsquo;a autant enthousiasm\u00e9e !<\/p>\n\n\n\n<p>On a travaill\u00e9e une partie de l&rsquo;\u00e9t\u00e9. Pendant ces vacances d&rsquo;automne, les familles ont re\u00e7u leur bo\u00eete \u00e0 magie litt\u00e9raire. Je voudrais \u00eatre une souris pour les entendre raconter leurs histoires, voir comment les enfants, les parents s&#8217;emparent du jeu\u2026<\/p>\n\n\n<div class=\"wp-block-image\">\n<figure class=\"aligncenter size-large\"><img loading=\"lazy\" decoding=\"async\" width=\"700\" height=\"496\" src=\"https:\/\/cecileroumiguiere.com\/wp\/wp-content\/uploads\/2021\/11\/cric-crac-les-familles-700x496.jpg\" alt=\"\" class=\"wp-image-6953\" srcset=\"https:\/\/cecileroumiguiere.com\/wp\/wp-content\/uploads\/2021\/11\/cric-crac-les-familles-700x496.jpg 700w, https:\/\/cecileroumiguiere.com\/wp\/wp-content\/uploads\/2021\/11\/cric-crac-les-familles-300x212.jpg 300w, https:\/\/cecileroumiguiere.com\/wp\/wp-content\/uploads\/2021\/11\/cric-crac-les-familles-768x544.jpg 768w, https:\/\/cecileroumiguiere.com\/wp\/wp-content\/uploads\/2021\/11\/cric-crac-les-familles-1536x1088.jpg 1536w, https:\/\/cecileroumiguiere.com\/wp\/wp-content\/uploads\/2021\/11\/cric-crac-les-familles-1140x807.jpg 1140w, https:\/\/cecileroumiguiere.com\/wp\/wp-content\/uploads\/2021\/11\/cric-crac-les-familles.jpg 1593w\" sizes=\"auto, (max-width: 700px) 100vw, 700px\" \/><figcaption class=\"wp-element-caption\">Les familles et leurs bo\u00eetes \u00e0 magie litt\u00e9raire<\/figcaption><\/figure>\n<\/div>\n\n\n<h2 class=\"wp-block-heading\">Avec Carole, on en parle l\u00e0\u2026<\/h2>\n\n\n\n<figure class=\"wp-block-embed is-type-video is-provider-youtube wp-block-embed-youtube wp-embed-aspect-16-9 wp-has-aspect-ratio\"><div class=\"wp-block-embed__wrapper\">\n<iframe loading=\"lazy\" title=\"Carole Chaix et C\u00e9cile Roumigui\u00e8re nous pr\u00e9sentent le jeu de cartes \u201cCric-Crac\u201c\" width=\"960\" height=\"540\" src=\"https:\/\/www.youtube.com\/embed\/mO_IJKciXWI?feature=oembed\" frameborder=\"0\" allow=\"accelerometer; autoplay; clipboard-write; encrypted-media; gyroscope; picture-in-picture\" allowfullscreen><\/iframe>\n<\/div><\/figure>\n\n\n\n<h2 class=\"wp-block-heading\">Venez jouer avec nous !<\/h2>\n\n\n\n<p>Samedi 4 d\u00e9cembre 2021, on sera au SLPJ \u00e0 Montreuil avec l&rsquo;\u00e9quipe, les familles et les autrices et auteurs de 3 des livres offerts, Jeanne Macaigne, Anne-Florence Lemasson, Dominique Ehrhard et Susie Morgenstern et la com\u00e9dienne St\u00e9phanie Bourguignon pour parler de la bo\u00eete \u00e0 magie litt\u00e9raire et\u2026 jouer \u00e0 <em>Cric-crac<\/em>. On vous attend !<\/p>\n\n\n\n<h2 class=\"wp-block-heading\">Et pour tout savoir<\/h2>\n\n\n\n<p>La pr\u00e9sentation de <a href=\"https:\/\/slpj.fr\/educartistique\/boite-a-magie-litteraire\/\">la bo\u00eete \u00e0 magie litt\u00e9raire<\/a> par le SLPJ, avec les explications de la r\u00e8gle du jeu et de ses variantes par Val\u00e9rie Maeder.<\/p>\n\n\n\n<figure class=\"wp-block-gallery has-nested-images columns-default is-cropped wp-block-gallery-2 is-layout-flex wp-block-gallery-is-layout-flex\">\n<figure class=\"wp-block-image size-large\"><img loading=\"lazy\" decoding=\"async\" width=\"700\" height=\"524\" data-id=\"6956\" src=\"https:\/\/cecileroumiguiere.com\/wp\/wp-content\/uploads\/2021\/11\/cric-crac3-700x524.jpeg\" alt=\"\" class=\"wp-image-6956\" srcset=\"https:\/\/cecileroumiguiere.com\/wp\/wp-content\/uploads\/2021\/11\/cric-crac3-700x524.jpeg 700w, https:\/\/cecileroumiguiere.com\/wp\/wp-content\/uploads\/2021\/11\/cric-crac3-300x225.jpeg 300w, https:\/\/cecileroumiguiere.com\/wp\/wp-content\/uploads\/2021\/11\/cric-crac3.jpeg 709w\" sizes=\"auto, (max-width: 700px) 100vw, 700px\" \/><\/figure>\n<\/figure>\n\n\n\n<p><\/p>\n","protected":false},"excerpt":{"rendered":"<p>Cric-crac, sors l\u2019histoire de sa bo\u00eete ! Cr\u00e9er un jeu de cartes pour faire imaginer des histoires en famille, et le faire en toute libert\u00e9 avec ma complice Carole Chaix pour le SLPJ et la Caisse d&rsquo;allocations familiales de Seine-Saint-Denis, l\u00e0, j&rsquo;ai pens\u00e9 \u00ab Wahou&nbsp;!&nbsp;\u00bb L&rsquo;id\u00e9e \u00e9tait d&rsquo;offrir une bo\u00eete \u00e0 magie litt\u00e9raire aux familles des enfants des centres d&rsquo;aide aux devoirs sur le d\u00e9partement. Dans la bo\u00eete, des livres, de quoi \u00e9crire, des magnets et le jeu : 62 cartes de dessins et de mots pour inventer, r\u00eaver, rire, s&rsquo;amuser ensemble&nbsp;en famille. La demande \u00e9tait inattendue, le d\u00e9lai court et le d\u00e9fi pas facile \u00e0 relever, mais rarement un projet m&rsquo;a autant enthousiasm\u00e9e ! On a travaill\u00e9e une partie de l&rsquo;\u00e9t\u00e9. Pendant ces vacances d&rsquo;automne, les familles ont re\u00e7u leur bo\u00eete \u00e0 magie litt\u00e9raire. Je voudrais \u00eatre une souris pour les entendre raconter leurs histoires, voir comment les enfants, les parents s&#8217;emparent du jeu\u2026 Avec Carole, on en parle l\u00e0\u2026 Venez jouer avec nous ! Samedi 4 d\u00e9cembre 2021, on sera au SLPJ \u00e0 Montreuil avec l&rsquo;\u00e9quipe, les familles et les autrices et auteurs de 3 des livres offerts, Jeanne Macaigne, Anne-Florence Lemasson, Dominique Ehrhard et Susie Morgenstern et la com\u00e9dienne St\u00e9phanie Bourguignon pour parler de la bo\u00eete \u00e0 magie litt\u00e9raire et\u2026 jouer \u00e0 Cric-crac. On vous attend ! Et pour tout savoir La pr\u00e9sentation de la bo\u00eete \u00e0 magie litt\u00e9raire par le SLPJ, avec les explications de la r\u00e8gle du jeu et de ses variantes par Val\u00e9rie Maeder.<\/p>\n","protected":false},"author":1,"featured_media":6954,"parent":0,"menu_order":0,"comment_status":"open","ping_status":"open","template":"","meta":{"footnotes":""},"class_list":["post-6951","page","type-page","status-publish","has-post-thumbnail","hentry"],"_links":{"self":[{"href":"https:\/\/cecileroumiguiere.com\/wp\/index.php?rest_route=\/wp\/v2\/pages\/6951","targetHints":{"allow":["GET"]}}],"collection":[{"href":"https:\/\/cecileroumiguiere.com\/wp\/index.php?rest_route=\/wp\/v2\/pages"}],"about":[{"href":"https:\/\/cecileroumiguiere.com\/wp\/index.php?rest_route=\/wp\/v2\/types\/page"}],"author":[{"embeddable":true,"href":"https:\/\/cecileroumiguiere.com\/wp\/index.php?rest_route=\/wp\/v2\/users\/1"}],"replies":[{"embeddable":true,"href":"https:\/\/cecileroumiguiere.com\/wp\/index.php?rest_route=%2Fwp%2Fv2%2Fcomments&post=6951"}],"version-history":[{"count":26,"href":"https:\/\/cecileroumiguiere.com\/wp\/index.php?rest_route=\/wp\/v2\/pages\/6951\/revisions"}],"predecessor-version":[{"id":8176,"href":"https:\/\/cecileroumiguiere.com\/wp\/index.php?rest_route=\/wp\/v2\/pages\/6951\/revisions\/8176"}],"wp:featuredmedia":[{"embeddable":true,"href":"https:\/\/cecileroumiguiere.com\/wp\/index.php?rest_route=\/wp\/v2\/media\/6954"}],"wp:attachment":[{"href":"https:\/\/cecileroumiguiere.com\/wp\/index.php?rest_route=%2Fwp%2Fv2%2Fmedia&parent=6951"}],"curies":[{"name":"wp","href":"https:\/\/api.w.org\/{rel}","templated":true}]}}