{"id":7088,"date":"2022-05-09T14:35:50","date_gmt":"2022-05-09T13:35:50","guid":{"rendered":"https:\/\/cecileroumiguiere.com\/wp\/?page_id=7088"},"modified":"2022-06-19T14:02:26","modified_gmt":"2022-06-19T13:02:26","slug":"o-sisters","status":"publish","type":"page","link":"https:\/\/cecileroumiguiere.com\/wp\/?page_id=7088","title":{"rendered":"\u00d4 Sisters"},"content":{"rendered":"\n<p class=\"has-text-align-right\"><em>\u00d4 Sisters<\/em>, un roman \u00e9crit avec Julia Billet,<br>Parution le 1er juin 2022 \u00e0 <a href=\"https:\/\/www.ecoledesloisirs.fr\/livre\/o-sisters\">l&rsquo;\u00e9cole des loisirs<\/a><\/p>\n\n\n\n<hr class=\"wp-block-separator has-alpha-channel-opacity\"\/>\n\n\n\n<p class=\"has-drop-cap\">Mars 2020\u2026 Premier confinement. Julia m&rsquo;appelle : <em>\u00ab Et si on \u00e9crivait ensemble ? \u00c0 distance, mais ensemble. \u00bb<\/em> Je connais Julia Billet depuis des ann\u00e9es, j&rsquo;aime ses mots, j&rsquo;aime ses livres, la femme qu&rsquo;elle est. \u00c9crire avec elle ? Mais oui ! <em>\u00ab \u2026 \u00e0 condition de ne pas parler d&rsquo;enfermement\u2026 On s&rsquo;\u00e9vade du confinement, de nos appartements, de nos villes ! On serait s\u0153urs, on ne le saurait pas, et on prendrait la route pour d\u00e9couvrir notre histoire\u2026 \u00bb<\/em> L&rsquo;id\u00e9e est n\u00e9e en dix secondes, on a \u00e9crit jusqu&rsquo;au c\u0153ur de l&rsquo;\u00e9t\u00e9, chacune chez soi, sur un traitement de texte en ligne. Puis est venu le temps de l&rsquo;\u00e9dition. Et l&rsquo;\u00e9cole des loisirs, bien s\u00fbr, o\u00f9 l&rsquo;on a chacune notre \u00e9ditrice, V\u00e9ronique Haitse pour Julia, Maya Michalon pour moi. Deux autrices, deux \u00e9ditrices\u2026 Elles ont dit <em>banco ! <\/em>Et nous voil\u00e0 travaillant \u00e0 quatre sur ce texte qui allaient devenir <em>\u00d4 sisters ! <\/em>Ce roman a la couleur de notre joie d&rsquo;\u00e9crire ensemble, de la retrouvaille des \u00e9motions de nos seize ans et de la recherche de la libert\u00e9 en pleine p\u00e9riode d&rsquo;enfermement. Il est aussi port\u00e9 par ce riche travail \u00e0 quatre parfaitement fluide, un peu comme si nous avions pris la route ensemble, toutes les quatre\u2026 Et toute l&rsquo;\u00e9quipe de l&rsquo;\u00e9cole des loisirs avec nous, vers le camp du Geai, back to the 70&rsquo;s\u2026<\/p>\n\n\n\n<h2 class=\"wp-block-heading\">Le juke-box de Janig<\/h2>\n\n\n\n<p>De chapitre en chapitre, la playlist de Janig.<\/p>\n\n\n\n<figure class=\"wp-block-embed is-type-video is-provider-youtube wp-block-embed-youtube wp-embed-aspect-16-9 wp-has-aspect-ratio\"><div class=\"wp-block-embed__wrapper\">\n<iframe loading=\"lazy\" title=\"\u201c\u00d4 Sisters\u201d - Le jukebox de Janig\" width=\"960\" height=\"540\" src=\"https:\/\/www.youtube.com\/embed\/videoseries?list=PL3_9r4H_Qyo5kyxXt7-OTQSzZeDJeTzT3\" frameborder=\"0\" allow=\"accelerometer; autoplay; clipboard-write; encrypted-media; gyroscope; picture-in-picture\" allowfullscreen><\/iframe>\n<\/div><\/figure>\n\n\n\n<h2 class=\"wp-block-heading\">La playlist en plus\u2026<\/h2>\n\n\n\n<p>Les morceaux qu&rsquo;\u00e9coutaient les autrices en \u00e9crivant.<\/p>\n\n\n\n<figure class=\"wp-block-embed is-type-video is-provider-youtube wp-block-embed-youtube wp-embed-aspect-16-9 wp-has-aspect-ratio\"><div class=\"wp-block-embed__wrapper\">\n<iframe loading=\"lazy\" title=\"\u201c\u00d4 Sisters\u201d, la playlist en plus\" width=\"960\" height=\"540\" src=\"https:\/\/www.youtube.com\/embed\/videoseries?list=PL3_9r4H_Qyo59fng0ORI9yaa0ps8oHrAJ\" frameborder=\"0\" allow=\"accelerometer; autoplay; clipboard-write; encrypted-media; gyroscope; picture-in-picture\" allowfullscreen><\/iframe>\n<\/div><\/figure>\n\n\n\n<figure class=\"wp-block-image size-large is-resized is-style-rounded\"><img loading=\"lazy\" decoding=\"async\" src=\"https:\/\/cecileroumiguiere.com\/wp\/wp-content\/uploads\/2022\/06\/bando-horizontal-1-700x86.jpg\" alt=\"\" class=\"wp-image-7124\" width=\"841\" height=\"103\"\/><\/figure>\n\n\n\n<h2 class=\"wp-block-heading\">Une double bio en miroir avec nos personnages<\/h2>\n\n\n\n<p>CR \u2014&nbsp;L\u2019\u00e9t\u00e9 1974, <strong>Janig a 17 ans<\/strong>, j\u2019en ai 13. Je pourrais \u00eatre sa petite s\u0153ur, si elle avait eu une petite s\u0153ur. Mes parents n\u2019ont pas de vignes, ils gal\u00e8rent dans l\u2019\u00e9picerie.<\/p>\n\n\n\n<p>JB \u2014&nbsp;<strong>\u00c0 seize ans<\/strong>, je n\u2019ai pas trop de points communs avec <strong>Macha<\/strong>. Enfin\u2026 je ne viens pas du m\u00eame milieu social, mes parents sont ouvriers, et je fr\u00e9quente le lyc\u00e9e du coin, tout ce qu\u2019il y a de plus public.<\/p>\n\n\n<div class=\"wp-block-image\">\n<figure class=\"alignright size-full is-resized\"><img loading=\"lazy\" decoding=\"async\" src=\"https:\/\/cecileroumiguiere.com\/wp\/wp-content\/uploads\/2022\/06\/image-1.png\" alt=\"\" class=\"wp-image-7127\" width=\"202\" height=\"211\" srcset=\"https:\/\/cecileroumiguiere.com\/wp\/wp-content\/uploads\/2022\/06\/image-1.png 701w, https:\/\/cecileroumiguiere.com\/wp\/wp-content\/uploads\/2022\/06\/image-1-287x300.png 287w\" sizes=\"auto, (max-width: 202px) 100vw, 202px\" \/><figcaption>Photo \u00a9 Fran\u00e7oise Malonda<\/figcaption><\/figure>\n<\/div>\n\n\n<p>CR \u2014&nbsp;Sur cette photo, j\u2019ai \u00e0 peu pr\u00e8s le m\u00eame <strong>\u00e2ge<\/strong> que Janig. On est en 1979, c\u2019est la fin des ann\u00e9es 70, on va basculer vers les ann\u00e9es 80. C\u00f4t\u00e9 <strong>musique<\/strong>, c\u2019est <em>new age, no future<\/em>, et&nbsp; Bob Marley. Moi, j\u2019\u00e9coute plut\u00f4t des femmes qui crient leur rage, Anna Prucnal, Mama Bea Tekielsky, Nina Hagen, et David Bowie aussi. Ah, David Bowie\u2026<\/p>\n\n\n<div class=\"wp-block-image\">\n<figure class=\"alignleft size-full is-resized\"><img loading=\"lazy\" decoding=\"async\" src=\"https:\/\/cecileroumiguiere.com\/wp\/wp-content\/uploads\/2022\/06\/image-2.png\" alt=\"\" class=\"wp-image-7128\" width=\"205\" height=\"211\" srcset=\"https:\/\/cecileroumiguiere.com\/wp\/wp-content\/uploads\/2022\/06\/image-2.png 350w, https:\/\/cecileroumiguiere.com\/wp\/wp-content\/uploads\/2022\/06\/image-2-292x300.png 292w\" sizes=\"auto, (max-width: 205px) 100vw, 205px\" \/><\/figure>\n<\/div>\n\n\n<p>JB \u2014 <strong>Je chante<\/strong> \u00e0 tue-t\u00eate avec mes camarades dans les rues parisiennes et je me sens forte dans ces&nbsp; moments l\u00e0 (mais&nbsp; beaucoup moins les autres jours). J\u2019\u00e9coute les Beatles \u00e0 fond dans ma chambre, mais aussi Genesis, les Pink Floyd, Jacques Brel, Barbara\u2026<\/p>\n\n\n\n<p>CR \u2014 J\u2019aime la <strong>photographie<\/strong>. Pas encore de t\u00e9l\u00e9phone portable, je fais des photos argentiques et mes premiers selfies avec un Polaro\u00efd.<\/p>\n\n\n\n<p>&nbsp;JB \u2014 Je suis <strong>toujours amoureuse<\/strong>, je ramasse des <strong>plantes<\/strong> pour en faire des tisanes , des fleurs pour des bouquets, du bois pour le bras\u00e9ro, et je chante en grattant maladroitement ma <strong>guitare<\/strong>. Ah, et aussi, je fais plein de <strong>photos<\/strong> et je d\u00e9veloppe mes pellicules \u00e0 la Maison des Jeunes de mon quartier.&nbsp;<\/p>\n\n\n\n<p>CR \u2014 Apr\u00e8s un <strong>bac scientifique<\/strong>, je vais en <strong>fac de lettres<\/strong>. Au programme&nbsp;: th\u00e9\u00e2tre,&nbsp; cin\u00e9ma, et pour les lettres, Ana\u00efs Nin et Virginia Woolf.<\/p>\n\n\n<div class=\"wp-block-image\">\n<figure class=\"alignright size-full is-resized\"><img loading=\"lazy\" decoding=\"async\" src=\"https:\/\/cecileroumiguiere.com\/wp\/wp-content\/uploads\/2022\/06\/image-3.png\" alt=\"\" class=\"wp-image-7129\" width=\"350\" height=\"259\" srcset=\"https:\/\/cecileroumiguiere.com\/wp\/wp-content\/uploads\/2022\/06\/image-3.png 522w, https:\/\/cecileroumiguiere.com\/wp\/wp-content\/uploads\/2022\/06\/image-3-300x222.png 300w\" sizes=\"auto, (max-width: 350px) 100vw, 350px\" \/><\/figure>\n<\/div>\n\n\n<p>&nbsp;JB \u2014 Comme Macha, j\u2019adore <strong>les<\/strong> <strong>chevaux<\/strong>. Depuis que j\u2019ai douze ans, je me paie des cours en nettoyant des box, en \u00e9trillant et brossant les chevaux, dans un club, \u00e0 Maisons Lafitte. Une matin\u00e9e de travail contre 1h de cours.<\/p>\n\n\n\n<p>CR&nbsp;\u2014&nbsp;Janig ne jure que par <strong>la musique<\/strong>, moi, j\u2019aime profond\u00e9ment <strong>les livres<\/strong> et le <strong>cin\u00e9ma<\/strong>, les nouveaux cin\u00e9astes du moment, Beineix et Besson et surtout Orson Welles, ou <em>La Belle et la B\u00eate<\/em> et les films de Cocteau, les films <strong>expressionnistes<\/strong> et cet \u00e9clairage qui donne aux personnages une pr\u00e9sence folle.<\/p>\n\n\n\n<p>JB \u2014 L\u2019autre point commun avec Macha, ce sont <strong>les livres<\/strong>. Je les d\u00e9vore, tout ce qui me tombe sous ma main y passe. Je lis <em>Les petits enfants du si\u00e8cle<\/em> de Christiane de Rochefort, Daphn\u00e9 du Maurier mais aussi Benoite Groult, avec passion.<\/p>\n\n\n<div class=\"wp-block-image\">\n<figure class=\"alignleft size-full is-resized\"><img loading=\"lazy\" decoding=\"async\" src=\"https:\/\/cecileroumiguiere.com\/wp\/wp-content\/uploads\/2022\/06\/image-4.png\" alt=\"\" class=\"wp-image-7130\" width=\"212\" height=\"307\" srcset=\"https:\/\/cecileroumiguiere.com\/wp\/wp-content\/uploads\/2022\/06\/image-4.png 443w, https:\/\/cecileroumiguiere.com\/wp\/wp-content\/uploads\/2022\/06\/image-4-207x300.png 207w\" sizes=\"auto, (max-width: 212px) 100vw, 212px\" \/><figcaption>Photo \u00a9 Herv\u00e9 Grauby<\/figcaption><\/figure>\n<\/div>\n\n\n<p>CR&nbsp;\u2014&nbsp;Comme sujet de ma\u00eetrise (aujourd\u2019hui, on dirait <em>master<\/em>)&nbsp; je choisis \u201cl\u2019\u00e9clairage dans le th\u00e9\u00e2tre de Jean Vilar\u201d. Tout est l\u00e0 : <strong>l\u2019\u00e9clairage<\/strong>, <strong>le th\u00e9\u00e2tre<\/strong> et <strong>l\u2019implication politique<\/strong>. Oui, j\u2019ai oubli\u00e9 de vous dire : je veux <strong>changer le monde<\/strong>.<\/p>\n\n\n\n<p>Entre deux manifs, je rencontre une \u00e9quipe qui lance un <strong>son et lumi\u00e8re<\/strong> dans la Cit\u00e9 de Carcassonne. Images g\u00e9antes, lasers, acteurs, figurants, cascades, chevaux, feux d\u2019artifices\u2026 Je vais les suivre pendant plus de dix ans, comme <strong>assistance de r\u00e9alisation<\/strong>, \u00e0 la <strong>r\u00e9gie<\/strong>, au <strong>sc\u00e9nario<\/strong>.<\/p>\n\n\n<div class=\"wp-block-image\">\n<figure class=\"alignright size-full is-resized\"><img loading=\"lazy\" decoding=\"async\" src=\"https:\/\/cecileroumiguiere.com\/wp\/wp-content\/uploads\/2022\/06\/image-5.png\" alt=\"\" class=\"wp-image-7131\" width=\"180\" height=\"253\" srcset=\"https:\/\/cecileroumiguiere.com\/wp\/wp-content\/uploads\/2022\/06\/image-5.png 423w, https:\/\/cecileroumiguiere.com\/wp\/wp-content\/uploads\/2022\/06\/image-5-214x300.png 214w\" sizes=\"auto, (max-width: 180px) 100vw, 180px\" \/><\/figure>\n<\/div>\n\n\n<p>JB \u2014&nbsp;Je d\u00e9cide de faire des \u00e9tudes de lettres et je&nbsp; travaille en m\u00eame temps. J\u2019ai trois grands r\u00eaves&nbsp;: <strong>devenir \u00e9crivain<\/strong>, <strong>enseigner l\u2019 \u00e9quitation<\/strong> et <strong>le fran\u00e7ais<\/strong>. Pour l\u2019\u00e9quitation, m\u00eame si j\u2019ai donn\u00e9 quelques cours, \u00e7a s\u2019est arr\u00eat\u00e9 d\u2019un coup, apr\u00e8s un grave accident de voiture. Par contre, j\u2019ai \u00e9t\u00e9 prof et je suis devenue \u00e9crivain ( je vous assure qu\u2019il faut r\u00eaver de choses impossibles). Dans ma vie, j\u2019ai fait diff\u00e9rents m\u00e9tiers mais l\u2019\u00e9criture et les livres ont&nbsp; toujours \u00e9t\u00e9&nbsp; au c\u0153ur de mon travail et de ma vie.<\/p>\n\n\n\n<p>&nbsp;CR \u2014 Quand l\u2019\u00e9quipe des spectacles se dissout, je cherche \u00e0 <strong>\u00e9rire<\/strong>, \u00e9crire encore, et <strong>avec de l\u2019image<\/strong>.&nbsp; Et je d\u00e9couvre les albums. <em>Chien bleu <\/em>et<em> Max et les Maximonstres <\/em>sont une r\u00e9v\u00e9lation&nbsp;: je sais o\u00f9 je veux \u00eatre, dans cette \u00e9criture-l\u00e0, intimement li\u00e9e \u00e0 l\u2019image. Si plus tard j\u2019\u00e9cris aussi des romans non illustr\u00e9s, l\u2019image y est omnipr\u00e9sente. Le d\u00e9cor est un r\u00e9v\u00e9lateur de ce qui se passe \u00e0 l\u2019int\u00e9rieur des personnages. J\u2019ai compris \u00e7a \u00e0 l\u2019\u00e2ge de Janig, en lisant <em>La petite Roque<\/em>, de Maupassant, et Daphn\u00e9e du Maurier (retour au cin\u00e9ma, avec Hitchcock cette fois).&nbsp;<\/p>\n\n\n<div class=\"wp-block-image\">\n<figure class=\"alignleft size-large is-resized\"><img loading=\"lazy\" decoding=\"async\" src=\"https:\/\/cecileroumiguiere.com\/wp\/wp-content\/uploads\/2022\/06\/image-6-700x484.png\" alt=\"\" class=\"wp-image-7132\" width=\"312\" height=\"216\" srcset=\"https:\/\/cecileroumiguiere.com\/wp\/wp-content\/uploads\/2022\/06\/image-6-700x484.png 700w, https:\/\/cecileroumiguiere.com\/wp\/wp-content\/uploads\/2022\/06\/image-6-300x208.png 300w, https:\/\/cecileroumiguiere.com\/wp\/wp-content\/uploads\/2022\/06\/image-6-768x531.png 768w, https:\/\/cecileroumiguiere.com\/wp\/wp-content\/uploads\/2022\/06\/image-6.png 870w\" sizes=\"auto, (max-width: 312px) 100vw, 312px\" \/><figcaption>Photo \u00a9 Fran\u00e7oise Malonda<\/figcaption><\/figure>\n<\/div>\n\n\n<p>Quant \u00e0 <strong>la musique de la Motown<\/strong>, je la d\u00e9couvre vers mes 25 ans, avec Tina Turner. Depuis, je continue de bouger sur ces rythmes qui ne m\u2019ont plus quitt\u00e9e.<\/p>\n\n\n\n<p>Marguerite Duras a dit \u00ab&nbsp;Il reste toujours quelque chose de l\u2019enfance, toujours\u2026 &nbsp;\u00bb. J\u2019ajouterai&nbsp;: \u00ab Et de l\u2019adolescence aussi. \u00bb<\/p>\n\n\n\n<figure class=\"wp-block-image size-large is-resized is-style-rounded\"><img loading=\"lazy\" decoding=\"async\" src=\"https:\/\/cecileroumiguiere.com\/wp\/wp-content\/uploads\/2022\/06\/bando-horizontal-1-scaled-e1655306279229-700x86.jpg\" alt=\"\" class=\"wp-image-7124\" width=\"841\" height=\"103\" srcset=\"https:\/\/cecileroumiguiere.com\/wp\/wp-content\/uploads\/2022\/06\/bando-horizontal-1-scaled-e1655306279229-700x86.jpg 700w, https:\/\/cecileroumiguiere.com\/wp\/wp-content\/uploads\/2022\/06\/bando-horizontal-1-scaled-e1655306279229-300x37.jpg 300w, https:\/\/cecileroumiguiere.com\/wp\/wp-content\/uploads\/2022\/06\/bando-horizontal-1-scaled-e1655306279229-768x95.jpg 768w, https:\/\/cecileroumiguiere.com\/wp\/wp-content\/uploads\/2022\/06\/bando-horizontal-1-scaled-e1655306279229-1536x190.jpg 1536w, https:\/\/cecileroumiguiere.com\/wp\/wp-content\/uploads\/2022\/06\/bando-horizontal-1-scaled-e1655306279229-2048x253.jpg 2048w, https:\/\/cecileroumiguiere.com\/wp\/wp-content\/uploads\/2022\/06\/bando-horizontal-1-scaled-e1655306279229-1140x141.jpg 1140w\" sizes=\"auto, (max-width: 841px) 100vw, 841px\" \/><\/figure>\n","protected":false},"excerpt":{"rendered":"<p>\u00d4 Sisters, un roman \u00e9crit avec Julia Billet,Parution le 1er juin 2022 \u00e0 l&rsquo;\u00e9cole des loisirs Mars 2020\u2026 Premier confinement. Julia m&rsquo;appelle : \u00ab Et si on \u00e9crivait ensemble ? \u00c0 distance, mais ensemble. \u00bb Je connais Julia Billet depuis des ann\u00e9es, j&rsquo;aime ses mots, j&rsquo;aime ses livres, la femme qu&rsquo;elle est. \u00c9crire avec elle ? Mais oui ! \u00ab \u2026 \u00e0 condition de ne pas parler d&rsquo;enfermement\u2026 On s&rsquo;\u00e9vade du confinement, de nos appartements, de nos villes ! On serait s\u0153urs, on ne le saurait pas, et on prendrait la route pour d\u00e9couvrir notre histoire\u2026 \u00bb L&rsquo;id\u00e9e est n\u00e9e en dix secondes, on a \u00e9crit jusqu&rsquo;au c\u0153ur de l&rsquo;\u00e9t\u00e9, chacune chez soi, sur un traitement de texte en ligne. Puis est venu le temps de l&rsquo;\u00e9dition. Et l&rsquo;\u00e9cole des loisirs, bien s\u00fbr, o\u00f9 l&rsquo;on a chacune notre \u00e9ditrice, V\u00e9ronique Haitse pour Julia, Maya Michalon pour moi. Deux autrices, deux \u00e9ditrices\u2026 Elles ont dit banco ! Et nous voil\u00e0 travaillant \u00e0 quatre sur ce texte qui allaient devenir \u00d4 sisters ! Ce roman a la couleur de notre joie d&rsquo;\u00e9crire ensemble, de la retrouvaille des \u00e9motions de nos seize ans et de la recherche de la libert\u00e9 en pleine p\u00e9riode d&rsquo;enfermement. Il est aussi port\u00e9 par ce riche travail \u00e0 quatre parfaitement fluide, un peu comme si nous avions pris la route ensemble, toutes les quatre\u2026 Et toute l&rsquo;\u00e9quipe de l&rsquo;\u00e9cole des loisirs avec nous, vers le camp du Geai, back to the 70&rsquo;s\u2026 Le juke-box de Janig De chapitre en chapitre, la playlist de Janig. La playlist en plus\u2026 Les morceaux qu&rsquo;\u00e9coutaient les autrices en \u00e9crivant. Une double bio en miroir avec nos personnages CR \u2014&nbsp;L\u2019\u00e9t\u00e9 1974, Janig a 17 ans, j\u2019en ai 13. Je pourrais \u00eatre sa petite s\u0153ur, si elle avait eu une petite s\u0153ur. Mes parents n\u2019ont pas de vignes, ils gal\u00e8rent dans l\u2019\u00e9picerie. JB \u2014&nbsp;\u00c0 seize ans, je n\u2019ai pas trop de points communs avec Macha. Enfin\u2026 je ne viens pas du m\u00eame milieu social, mes parents sont ouvriers, et je fr\u00e9quente le lyc\u00e9e du coin, tout ce qu\u2019il y a de plus public. CR \u2014&nbsp;Sur cette photo, j\u2019ai \u00e0 peu pr\u00e8s le m\u00eame \u00e2ge que Janig. On est en 1979, c\u2019est la fin des ann\u00e9es 70, on va basculer vers les ann\u00e9es 80. C\u00f4t\u00e9 musique, c\u2019est new age, no future, et&nbsp; Bob Marley. Moi, j\u2019\u00e9coute plut\u00f4t des femmes qui crient leur rage, Anna Prucnal, Mama Bea Tekielsky, Nina Hagen, et David Bowie aussi. Ah, David Bowie\u2026 JB \u2014 Je chante \u00e0 tue-t\u00eate avec mes camarades dans les rues parisiennes et je me sens forte dans ces&nbsp; moments l\u00e0 (mais&nbsp; beaucoup moins les autres jours). J\u2019\u00e9coute les Beatles \u00e0 fond dans ma chambre, mais aussi Genesis, les Pink Floyd, Jacques Brel, Barbara\u2026 CR \u2014 J\u2019aime la photographie. Pas encore de t\u00e9l\u00e9phone portable, je fais des photos argentiques et mes premiers selfies avec un Polaro\u00efd. &nbsp;JB \u2014 Je suis toujours amoureuse, je ramasse des plantes pour en faire des tisanes , des fleurs pour des bouquets, du bois pour le bras\u00e9ro, et je chante en grattant maladroitement ma guitare. Ah, et aussi, je fais plein de photos et je d\u00e9veloppe mes pellicules \u00e0 la Maison des Jeunes de mon quartier.&nbsp; CR \u2014 Apr\u00e8s un bac scientifique, je vais en fac de lettres. Au programme&nbsp;: th\u00e9\u00e2tre,&nbsp; cin\u00e9ma, et pour les lettres, Ana\u00efs Nin et Virginia Woolf. &nbsp;JB \u2014 Comme Macha, j\u2019adore les chevaux. Depuis que j\u2019ai douze ans, je me paie des cours en nettoyant des box, en \u00e9trillant et brossant les chevaux, dans un club, \u00e0 Maisons Lafitte. Une matin\u00e9e de travail contre 1h de cours. CR&nbsp;\u2014&nbsp;Janig ne jure que par la musique, moi, j\u2019aime profond\u00e9ment les livres et le cin\u00e9ma, les nouveaux cin\u00e9astes du moment, Beineix et Besson et surtout Orson Welles, ou La Belle et la B\u00eate et les films de Cocteau, les films expressionnistes et cet \u00e9clairage qui donne aux personnages une pr\u00e9sence folle. JB \u2014 L\u2019autre point commun avec Macha, ce sont les livres. Je les d\u00e9vore, tout ce qui me tombe sous ma main y passe. Je lis Les petits enfants du si\u00e8cle de Christiane de Rochefort, Daphn\u00e9 du Maurier mais aussi Benoite Groult, avec passion. CR&nbsp;\u2014&nbsp;Comme sujet de ma\u00eetrise (aujourd\u2019hui, on dirait master)&nbsp; je choisis \u201cl\u2019\u00e9clairage dans le th\u00e9\u00e2tre de Jean Vilar\u201d. Tout est l\u00e0 : l\u2019\u00e9clairage, le th\u00e9\u00e2tre et l\u2019implication politique. Oui, j\u2019ai oubli\u00e9 de vous dire : je veux changer le monde. Entre deux manifs, je rencontre une \u00e9quipe qui lance un son et lumi\u00e8re dans la Cit\u00e9 de Carcassonne. Images g\u00e9antes, lasers, acteurs, figurants, cascades, chevaux, feux d\u2019artifices\u2026 Je vais les suivre pendant plus de dix ans, comme assistance de r\u00e9alisation, \u00e0 la r\u00e9gie, au sc\u00e9nario. JB \u2014&nbsp;Je d\u00e9cide de faire des \u00e9tudes de lettres et je&nbsp; travaille en m\u00eame temps. J\u2019ai trois grands r\u00eaves&nbsp;: devenir \u00e9crivain, enseigner l\u2019 \u00e9quitation et le fran\u00e7ais. Pour l\u2019\u00e9quitation, m\u00eame si j\u2019ai donn\u00e9 quelques cours, \u00e7a s\u2019est arr\u00eat\u00e9 d\u2019un coup, apr\u00e8s un grave accident de voiture. Par contre, j\u2019ai \u00e9t\u00e9 prof et je suis devenue \u00e9crivain ( je vous assure qu\u2019il faut r\u00eaver de choses impossibles). Dans ma vie, j\u2019ai fait diff\u00e9rents m\u00e9tiers mais l\u2019\u00e9criture et les livres ont&nbsp; toujours \u00e9t\u00e9&nbsp; au c\u0153ur de mon travail et de ma vie. &nbsp;CR \u2014 Quand l\u2019\u00e9quipe des spectacles se dissout, je cherche \u00e0 \u00e9rire, \u00e9crire encore, et avec de l\u2019image.&nbsp; Et je d\u00e9couvre les albums. Chien bleu et Max et les Maximonstres sont une r\u00e9v\u00e9lation&nbsp;: je sais o\u00f9 je veux \u00eatre, dans cette \u00e9criture-l\u00e0, intimement li\u00e9e \u00e0 l\u2019image. Si plus tard j\u2019\u00e9cris aussi des romans non illustr\u00e9s, l\u2019image y est omnipr\u00e9sente. Le d\u00e9cor est un r\u00e9v\u00e9lateur de ce qui se passe \u00e0 l\u2019int\u00e9rieur des personnages. J\u2019ai compris \u00e7a \u00e0 l\u2019\u00e2ge de Janig, en lisant La petite Roque, de Maupassant, et Daphn\u00e9e du Maurier (retour au cin\u00e9ma, avec Hitchcock cette fois).&nbsp; Quant \u00e0 la musique de la Motown, je la d\u00e9couvre vers mes 25 ans, avec Tina Turner. Depuis, je continue de bouger sur ces rythmes qui ne m\u2019ont plus quitt\u00e9e. Marguerite Duras a dit \u00ab&nbsp;Il reste toujours quelque chose de l\u2019enfance, toujours\u2026 &nbsp;\u00bb. J\u2019ajouterai&nbsp;: \u00ab Et de l\u2019adolescence aussi. \u00bb<\/p>\n","protected":false},"author":1,"featured_media":7090,"parent":0,"menu_order":0,"comment_status":"open","ping_status":"closed","template":"","meta":{"footnotes":""},"class_list":["post-7088","page","type-page","status-publish","has-post-thumbnail","hentry"],"_links":{"self":[{"href":"https:\/\/cecileroumiguiere.com\/wp\/index.php?rest_route=\/wp\/v2\/pages\/7088","targetHints":{"allow":["GET"]}}],"collection":[{"href":"https:\/\/cecileroumiguiere.com\/wp\/index.php?rest_route=\/wp\/v2\/pages"}],"about":[{"href":"https:\/\/cecileroumiguiere.com\/wp\/index.php?rest_route=\/wp\/v2\/types\/page"}],"author":[{"embeddable":true,"href":"https:\/\/cecileroumiguiere.com\/wp\/index.php?rest_route=\/wp\/v2\/users\/1"}],"replies":[{"embeddable":true,"href":"https:\/\/cecileroumiguiere.com\/wp\/index.php?rest_route=%2Fwp%2Fv2%2Fcomments&post=7088"}],"version-history":[{"count":19,"href":"https:\/\/cecileroumiguiere.com\/wp\/index.php?rest_route=\/wp\/v2\/pages\/7088\/revisions"}],"predecessor-version":[{"id":7149,"href":"https:\/\/cecileroumiguiere.com\/wp\/index.php?rest_route=\/wp\/v2\/pages\/7088\/revisions\/7149"}],"wp:featuredmedia":[{"embeddable":true,"href":"https:\/\/cecileroumiguiere.com\/wp\/index.php?rest_route=\/wp\/v2\/media\/7090"}],"wp:attachment":[{"href":"https:\/\/cecileroumiguiere.com\/wp\/index.php?rest_route=%2Fwp%2Fv2%2Fmedia&parent=7088"}],"curies":[{"name":"wp","href":"https:\/\/api.w.org\/{rel}","templated":true}]}}