{"id":7095,"date":"2022-05-09T14:51:51","date_gmt":"2022-05-09T13:51:51","guid":{"rendered":"https:\/\/cecileroumiguiere.com\/wp\/?page_id=7095"},"modified":"2023-02-20T15:32:34","modified_gmt":"2023-02-20T14:32:34","slug":"un-oiseau-une-fleur","status":"publish","type":"page","link":"https:\/\/cecileroumiguiere.com\/wp\/?page_id=7095","title":{"rendered":"Un oiseau, une fleur"},"content":{"rendered":"\n<p class=\"has-text-align-right\">Un album illustr\u00e9 par <a href=\"https:\/\/www.juliaspiers.com\/Un-oiseau-Une-fleur\">Julia Spiers<\/a><br><a href=\"https:\/\/www.seuiljeunesse.com\/\">\u00e9ditions du Seuil<\/a>, 10 juin 2022.<\/p>\n\n\n\n<hr class=\"wp-block-separator has-css-opacity\"\/>\n\n\n\n<blockquote class=\"wp-block-quote is-layout-flow wp-block-quote-is-layout-flow\">\n<p>L\u2019oiseau est bleu, la fleur est rouge.<\/p>\n\n\n\n<p>Rouge de la rose, du pavot et du coquelicot. Rouge de la sauge ou de l\u2019\u0153illet, \u0153illet d\u2019Inde ou \u0153illet du po\u00e8te\u2026 Rouge de l\u2019amarante qu\u2019on appelle aussi queue du renard. Rouge du cam\u00e9lia, de l\u2019an\u00e9mone, de l\u2019hibiscus et du bougainvillier. Rouge de la tulipe de R\u00e9mi et Colette, et rouge encore du g\u00e9ranium dans son pot sur le rebord de la fen\u00eatre de Mamilande.<\/p>\n<cite><em>Un oiseau, une fleur<\/em>, \u00e9crit par C\u00e9cile Roumigui\u00e8re, illustr\u00e9 par Julia Spiers, \u00e9dition du Seuil, 2022<\/cite><\/blockquote>\n\n\n\n<p class=\"has-text-align-right\" id=\"block-cea68a78-0c2e-4eea-b18d-54ca21075a1b\"><em>Pas de place sur le livre cartonn\u00e9 pour une d\u00e9dicace, mais je d\u00e9die ce livre<\/em><br><em>\u00e0 G\u00e9g\u00e9 et Georgette, passereaux de mon jardin, et \u00e0 ma grand-m\u00e8re de c\u0153ur, M\u00e9m\u00e9 du Roube.<\/em><\/p>\n\n\n\n<h2 class=\"wp-block-heading\">Des mots<\/h2>\n\n\n\n<div class=\"wp-block-media-text alignwide is-stacked-on-mobile\" style=\"grid-template-columns:48% auto\"><figure class=\"wp-block-media-text__media\"><img loading=\"lazy\" decoding=\"async\" width=\"700\" height=\"616\" src=\"https:\/\/cecileroumiguiere.com\/wp\/wp-content\/uploads\/2023\/02\/geaibleu-700x616.jpg\" alt=\"\" class=\"wp-image-7340 size-full\" srcset=\"https:\/\/cecileroumiguiere.com\/wp\/wp-content\/uploads\/2023\/02\/geaibleu-700x616.jpg 700w, https:\/\/cecileroumiguiere.com\/wp\/wp-content\/uploads\/2023\/02\/geaibleu-300x264.jpg 300w, https:\/\/cecileroumiguiere.com\/wp\/wp-content\/uploads\/2023\/02\/geaibleu-768x675.jpg 768w, https:\/\/cecileroumiguiere.com\/wp\/wp-content\/uploads\/2023\/02\/geaibleu-1536x1351.jpg 1536w, https:\/\/cecileroumiguiere.com\/wp\/wp-content\/uploads\/2023\/02\/geaibleu-2048x1801.jpg 2048w, https:\/\/cecileroumiguiere.com\/wp\/wp-content\/uploads\/2023\/02\/geaibleu-1140x1002.jpg 1140w\" sizes=\"auto, (max-width: 700px) 100vw, 700px\" \/><\/figure><div class=\"wp-block-media-text__content\">\n<p>Un oiseau, une fleur. Un mot apr\u00e8s l&rsquo;autre, le jardin se d\u00e9couvre. Un mot apr\u00e8s l&rsquo;autre, le monde s&rsquo;ouvre. Et, un mot apr\u00e8s l&rsquo;autre\u2026 l&rsquo;enfant grandit. Apr\u00e8s <a href=\"https:\/\/cecileroumiguiere.com\/wp\/?page_id=145\">Ogre, cacato\u00e8s et chocolat<\/a>, o\u00f9 une enfant humanise un ogre avec des mots, j&rsquo;avais besoin de reprendre ce sujet qui m&rsquo;est cher : comment la venue des mots nous construit, nous porte, nous relie. Cet album se situe \u00e0 l&rsquo;\u00e2ge des toutes premi\u00e8res fois. Et ce n&rsquo;est pas un hasard si les mots viennent \u00e9clore au c\u0153ur de la nature, dans un jardin, celui de la grand-m\u00e8re.<\/p>\n<\/div><\/div>\n\n\n\n<h2 class=\"wp-block-heading\">\u2026 et des images<\/h2>\n\n\n\n<p>Les images de Julia Spiers, sans ombre ni contour, cr\u00e9ent un monde merveilleux o\u00f9 les mots semblent flotter, comme ils flottent dans la t\u00eate de l&rsquo;enfant qui les r\u00e9p\u00e8te, les reprend \u00e0 son compte, joue avec avant de les faire siens. Du vide des premi\u00e8res pages \u00e0 l&rsquo;explosion de couleurs de la fin du livre, on assiste \u00e0 la naissance de tout un monde, celui de l&rsquo;enfant qui vient au langage.<\/p>\n\n\n\n<hr class=\"wp-block-separator has-alpha-channel-opacity\"\/>\n\n\n\n<p>Merci \u00e0 Ang\u00e8le Cambournac, encore et toujours\u2026<\/p>\n\n\n\n<figure class=\"wp-block-image size-large is-resized\"><img loading=\"lazy\" decoding=\"async\" src=\"https:\/\/cecileroumiguiere.com\/wp\/wp-content\/uploads\/2023\/02\/filalinge-700x355.jpg\" alt=\"\" class=\"wp-image-7339\" width=\"830\" height=\"421\" srcset=\"https:\/\/cecileroumiguiere.com\/wp\/wp-content\/uploads\/2023\/02\/filalinge-700x355.jpg 700w, https:\/\/cecileroumiguiere.com\/wp\/wp-content\/uploads\/2023\/02\/filalinge-300x152.jpg 300w, https:\/\/cecileroumiguiere.com\/wp\/wp-content\/uploads\/2023\/02\/filalinge-768x389.jpg 768w, https:\/\/cecileroumiguiere.com\/wp\/wp-content\/uploads\/2023\/02\/filalinge-1536x778.jpg 1536w, https:\/\/cecileroumiguiere.com\/wp\/wp-content\/uploads\/2023\/02\/filalinge-2048x1038.jpg 2048w, https:\/\/cecileroumiguiere.com\/wp\/wp-content\/uploads\/2023\/02\/filalinge-1140x578.jpg 1140w\" sizes=\"auto, (max-width: 830px) 100vw, 830px\" \/><\/figure>\n\n\n\n<p class=\"has-text-align-right\"><em>Images \u00a9 Julia Spiers, le Seuil 2022<\/em><\/p>\n","protected":false},"excerpt":{"rendered":"<p>Un album illustr\u00e9 par Julia Spiers\u00e9ditions du Seuil, 10 juin 2022. L\u2019oiseau est bleu, la fleur est rouge. Rouge de la rose, du pavot et du coquelicot. Rouge de la sauge ou de l\u2019\u0153illet, \u0153illet d\u2019Inde ou \u0153illet du po\u00e8te\u2026 Rouge de l\u2019amarante qu\u2019on appelle aussi queue du renard. Rouge du cam\u00e9lia, de l\u2019an\u00e9mone, de l\u2019hibiscus et du bougainvillier. Rouge de la tulipe de R\u00e9mi et Colette, et rouge encore du g\u00e9ranium dans son pot sur le rebord de la fen\u00eatre de Mamilande. Un oiseau, une fleur, \u00e9crit par C\u00e9cile Roumigui\u00e8re, illustr\u00e9 par Julia Spiers, \u00e9dition du Seuil, 2022 Pas de place sur le livre cartonn\u00e9 pour une d\u00e9dicace, mais je d\u00e9die ce livre\u00e0 G\u00e9g\u00e9 et Georgette, passereaux de mon jardin, et \u00e0 ma grand-m\u00e8re de c\u0153ur, M\u00e9m\u00e9 du Roube. Des mots Un oiseau, une fleur. Un mot apr\u00e8s l&rsquo;autre, le jardin se d\u00e9couvre. Un mot apr\u00e8s l&rsquo;autre, le monde s&rsquo;ouvre. Et, un mot apr\u00e8s l&rsquo;autre\u2026 l&rsquo;enfant grandit. Apr\u00e8s Ogre, cacato\u00e8s et chocolat, o\u00f9 une enfant humanise un ogre avec des mots, j&rsquo;avais besoin de reprendre ce sujet qui m&rsquo;est cher : comment la venue des mots nous construit, nous porte, nous relie. Cet album se situe \u00e0 l&rsquo;\u00e2ge des toutes premi\u00e8res fois. Et ce n&rsquo;est pas un hasard si les mots viennent \u00e9clore au c\u0153ur de la nature, dans un jardin, celui de la grand-m\u00e8re. \u2026 et des images Les images de Julia Spiers, sans ombre ni contour, cr\u00e9ent un monde merveilleux o\u00f9 les mots semblent flotter, comme ils flottent dans la t\u00eate de l&rsquo;enfant qui les r\u00e9p\u00e8te, les reprend \u00e0 son compte, joue avec avant de les faire siens. Du vide des premi\u00e8res pages \u00e0 l&rsquo;explosion de couleurs de la fin du livre, on assiste \u00e0 la naissance de tout un monde, celui de l&rsquo;enfant qui vient au langage. Merci \u00e0 Ang\u00e8le Cambournac, encore et toujours\u2026 Images \u00a9 Julia Spiers, le Seuil 2022<\/p>\n","protected":false},"author":1,"featured_media":7086,"parent":0,"menu_order":0,"comment_status":"closed","ping_status":"closed","template":"","meta":{"footnotes":""},"class_list":["post-7095","page","type-page","status-publish","has-post-thumbnail","hentry"],"_links":{"self":[{"href":"https:\/\/cecileroumiguiere.com\/wp\/index.php?rest_route=\/wp\/v2\/pages\/7095","targetHints":{"allow":["GET"]}}],"collection":[{"href":"https:\/\/cecileroumiguiere.com\/wp\/index.php?rest_route=\/wp\/v2\/pages"}],"about":[{"href":"https:\/\/cecileroumiguiere.com\/wp\/index.php?rest_route=\/wp\/v2\/types\/page"}],"author":[{"embeddable":true,"href":"https:\/\/cecileroumiguiere.com\/wp\/index.php?rest_route=\/wp\/v2\/users\/1"}],"replies":[{"embeddable":true,"href":"https:\/\/cecileroumiguiere.com\/wp\/index.php?rest_route=%2Fwp%2Fv2%2Fcomments&post=7095"}],"version-history":[{"count":3,"href":"https:\/\/cecileroumiguiere.com\/wp\/index.php?rest_route=\/wp\/v2\/pages\/7095\/revisions"}],"predecessor-version":[{"id":7341,"href":"https:\/\/cecileroumiguiere.com\/wp\/index.php?rest_route=\/wp\/v2\/pages\/7095\/revisions\/7341"}],"wp:featuredmedia":[{"embeddable":true,"href":"https:\/\/cecileroumiguiere.com\/wp\/index.php?rest_route=\/wp\/v2\/media\/7086"}],"wp:attachment":[{"href":"https:\/\/cecileroumiguiere.com\/wp\/index.php?rest_route=%2Fwp%2Fv2%2Fmedia&parent=7095"}],"curies":[{"name":"wp","href":"https:\/\/api.w.org\/{rel}","templated":true}]}}