{"id":7097,"date":"2022-05-09T14:56:52","date_gmt":"2022-05-09T13:56:52","guid":{"rendered":"https:\/\/cecileroumiguiere.com\/wp\/?page_id=7097"},"modified":"2026-02-10T16:28:00","modified_gmt":"2026-02-10T15:28:00","slug":"nuit-trouble","status":"publish","type":"page","link":"https:\/\/cecileroumiguiere.com\/wp\/?page_id=7097","title":{"rendered":"Nuit trouble"},"content":{"rendered":"\n<p class=\"has-text-align-right\">Un roman de la collection \u201cCourt toujours\u201d,<br><a href=\"https:\/\/site.nathan.fr\/\">Nathan<\/a>, 14 juillet 2022<\/p>\n\n\n\n<hr class=\"wp-block-separator has-css-opacity\"\/>\n\n\n\n<blockquote class=\"wp-block-quote is-layout-flow wp-block-quote-is-layout-flow\">\n<p>D\u00e9coller les paupi\u00e8res, ouvrir les yeux. Du noir, et de p\u00e2les stries de lumi\u00e8re loin devant elle, \u00e0 ses pieds. Elle est allong\u00e9e, impossible de bouger\u2026 Si\u2026 Ses pieds, ses mains, elle peut les bouger, elle n\u2019est pas paralys\u00e9e&nbsp;! Mais elle a un mal de cr\u00e2ne de folie, une pulsation qui irradie jusqu\u2019\u00e0 la racine de ses sourcils, et sa langue est comme coll\u00e9e \u00e0 son palais. O\u00f9 est-elle&nbsp;? Un brouillard int\u00e9rieur monte en elle, l\u2019angoisse l&rsquo;envahit. Elle d\u00e9lie ses doigts, touche autour d\u2019elle. Des parois, froides. Une bo\u00eete&nbsp;? On l\u2019a enterr\u00e9e vivante&nbsp;!<\/p>\n<cite>Nuit trouble, \u201cCourt toujours\u201d, \u00e9dition Nathan, juillet 2022<\/cite><\/blockquote>\n\n\n\n<h2 class=\"wp-block-heading\">La nuit et l\u2019angoisse<\/h2>\n\n\n\n<p>Grandir. Oser, risquer. Sortir du nid\u2026 Avoir seize ans ou presque et voir ses nuits se remplir de questions. <em>Nuit Trouble<\/em> est n\u00e9 sur ces nuits d&rsquo;angoisse de mon adolescence. Chacun y trouvera, en \u00e9cho, ses propres angoisses, ses propres questionnements li\u00e9s \u00e0 ce passage majeur&nbsp;: l&rsquo;entr\u00e9e dans le monde des adultes.<\/p>\n\n\n\n<h2 class=\"wp-block-heading\">L&rsquo;angoisse et la mer<\/h2>\n\n\n\n<p>Comme berceau de ces angoisses, quoi de mieux que l&rsquo;enfermement, et un enfermement multipli\u00e9 par un infini ber\u00e7ant, l&rsquo;oc\u00e9an, la mer. Le c\u0153ur au bord des l\u00e8vres, un pas apr\u00e8s l&rsquo;autre, entrechats et pirouettes, Alix va affronter son entr\u00e9e dans la \u201ccour des grands\u201d.<\/p>\n\n\n\n<figure class=\"wp-block-embed aligncenter is-type-video is-provider-youtube wp-block-embed-youtube wp-embed-aspect-16-9 wp-has-aspect-ratio\"><div class=\"wp-block-embed__wrapper\">\n<iframe loading=\"lazy\" title=\"Nuit trouble - intro\" width=\"960\" height=\"540\" src=\"https:\/\/www.youtube.com\/embed\/Plrl91s_qzk?feature=oembed\" frameborder=\"0\" allow=\"accelerometer; autoplay; clipboard-write; encrypted-media; gyroscope; picture-in-picture; web-share\" referrerpolicy=\"strict-origin-when-cross-origin\" allowfullscreen><\/iframe>\n<\/div><\/figure>\n\n\n\n<h2 class=\"wp-block-heading\">Deux couvertures pour un seul roman<\/h2>\n\n\n\n<p>Un rafra\u00eechissement de collection, et de noir polar <em>Nuit trouble<\/em> devient bleu de nuit oc\u00e9ane\u2026 <\/p>\n\n\n\n<figure class=\"wp-block-gallery has-nested-images columns-default is-cropped wp-block-gallery-1 is-layout-flex wp-block-gallery-is-layout-flex\">\n<figure class=\"wp-block-image size-large\"><img loading=\"lazy\" decoding=\"async\" width=\"700\" height=\"1050\" data-id=\"7089\" src=\"https:\/\/cecileroumiguiere.com\/wp\/wp-content\/uploads\/2022\/05\/couv-nuit-trouble-700x1050.jpg\" alt=\"\" class=\"wp-image-7089\"\/><\/figure>\n\n\n\n<figure class=\"wp-block-image size-large\"><img loading=\"lazy\" decoding=\"async\" width=\"400\" height=\"603\" data-id=\"8211\" src=\"https:\/\/cecileroumiguiere.com\/wp\/wp-content\/uploads\/2026\/02\/Court-toujours-Nuit-trouble.jpeg\" alt=\"\" class=\"wp-image-8211\" srcset=\"https:\/\/cecileroumiguiere.com\/wp\/wp-content\/uploads\/2026\/02\/Court-toujours-Nuit-trouble.jpeg 400w, https:\/\/cecileroumiguiere.com\/wp\/wp-content\/uploads\/2026\/02\/Court-toujours-Nuit-trouble-199x300.jpeg 199w\" sizes=\"auto, (max-width: 400px) 100vw, 400px\" \/><\/figure>\n<\/figure>\n","protected":false},"excerpt":{"rendered":"<p>Un roman de la collection \u201cCourt toujours\u201d,Nathan, 14 juillet 2022 D\u00e9coller les paupi\u00e8res, ouvrir les yeux. Du noir, et de p\u00e2les stries de lumi\u00e8re loin devant elle, \u00e0 ses pieds. Elle est allong\u00e9e, impossible de bouger\u2026 Si\u2026 Ses pieds, ses mains, elle peut les bouger, elle n\u2019est pas paralys\u00e9e&nbsp;! Mais elle a un mal de cr\u00e2ne de folie, une pulsation qui irradie jusqu\u2019\u00e0 la racine de ses sourcils, et sa langue est comme coll\u00e9e \u00e0 son palais. O\u00f9 est-elle&nbsp;? Un brouillard int\u00e9rieur monte en elle, l\u2019angoisse l&rsquo;envahit. Elle d\u00e9lie ses doigts, touche autour d\u2019elle. Des parois, froides. Une bo\u00eete&nbsp;? On l\u2019a enterr\u00e9e vivante&nbsp;! Nuit trouble, \u201cCourt toujours\u201d, \u00e9dition Nathan, juillet 2022 La nuit et l\u2019angoisse Grandir. Oser, risquer. Sortir du nid\u2026 Avoir seize ans ou presque et voir ses nuits se remplir de questions. Nuit Trouble est n\u00e9 sur ces nuits d&rsquo;angoisse de mon adolescence. Chacun y trouvera, en \u00e9cho, ses propres angoisses, ses propres questionnements li\u00e9s \u00e0 ce passage majeur&nbsp;: l&rsquo;entr\u00e9e dans le monde des adultes. L&rsquo;angoisse et la mer Comme berceau de ces angoisses, quoi de mieux que l&rsquo;enfermement, et un enfermement multipli\u00e9 par un infini ber\u00e7ant, l&rsquo;oc\u00e9an, la mer. Le c\u0153ur au bord des l\u00e8vres, un pas apr\u00e8s l&rsquo;autre, entrechats et pirouettes, Alix va affronter son entr\u00e9e dans la \u201ccour des grands\u201d. Deux couvertures pour un seul roman Un rafra\u00eechissement de collection, et de noir polar Nuit trouble devient bleu de nuit oc\u00e9ane\u2026<\/p>\n","protected":false},"author":1,"featured_media":8211,"parent":0,"menu_order":0,"comment_status":"closed","ping_status":"closed","template":"","meta":{"footnotes":""},"class_list":["post-7097","page","type-page","status-publish","has-post-thumbnail","hentry"],"_links":{"self":[{"href":"https:\/\/cecileroumiguiere.com\/wp\/index.php?rest_route=\/wp\/v2\/pages\/7097","targetHints":{"allow":["GET"]}}],"collection":[{"href":"https:\/\/cecileroumiguiere.com\/wp\/index.php?rest_route=\/wp\/v2\/pages"}],"about":[{"href":"https:\/\/cecileroumiguiere.com\/wp\/index.php?rest_route=\/wp\/v2\/types\/page"}],"author":[{"embeddable":true,"href":"https:\/\/cecileroumiguiere.com\/wp\/index.php?rest_route=\/wp\/v2\/users\/1"}],"replies":[{"embeddable":true,"href":"https:\/\/cecileroumiguiere.com\/wp\/index.php?rest_route=%2Fwp%2Fv2%2Fcomments&post=7097"}],"version-history":[{"count":7,"href":"https:\/\/cecileroumiguiere.com\/wp\/index.php?rest_route=\/wp\/v2\/pages\/7097\/revisions"}],"predecessor-version":[{"id":8213,"href":"https:\/\/cecileroumiguiere.com\/wp\/index.php?rest_route=\/wp\/v2\/pages\/7097\/revisions\/8213"}],"wp:featuredmedia":[{"embeddable":true,"href":"https:\/\/cecileroumiguiere.com\/wp\/index.php?rest_route=\/wp\/v2\/media\/8211"}],"wp:attachment":[{"href":"https:\/\/cecileroumiguiere.com\/wp\/index.php?rest_route=%2Fwp%2Fv2%2Fmedia&parent=7097"}],"curies":[{"name":"wp","href":"https:\/\/api.w.org\/{rel}","templated":true}]}}