{"id":7166,"date":"2022-10-08T19:25:13","date_gmt":"2022-10-08T18:25:13","guid":{"rendered":"https:\/\/cecileroumiguiere.com\/wp\/?page_id=7166"},"modified":"2022-10-24T15:31:22","modified_gmt":"2022-10-24T14:31:22","slug":"les-sorcieres","status":"publish","type":"page","link":"https:\/\/cecileroumiguiere.com\/wp\/?page_id=7166","title":{"rendered":"Les Sorci\u00e8res"},"content":{"rendered":"<p style=\"text-align: right;\"><span style=\"color: #b51010;\"><em>Un livre de <a href=\"https:\/\/www.instagram.com\/p\/CjFU_GTjpWt\/\">l\u2018encyclop\u00e9die du Merveilleux<\/a>,<\/em><\/span><br><span style=\"color: #b51010;\"><em>une collection et des illustrations sign\u00e9es <a href=\"http:\/\/www.benjaminlacombe.com\/\">Benjamin Lacombe<\/a>, <a href=\"https:\/\/www.albin-michel.fr\/jeunesse\">Albin Michel<\/a>, 19 octobre 2022<\/em><\/span><\/p>\n\n\n<blockquote class=\"wp-block-quote is-layout-flow wp-block-quote-is-layout-flow\"><p>Il fait froid dehors, le vent se plaint. On est encore loin de l\u2019heure du d\u00eener mais la nuit d\u2019hiver a d\u00e9j\u00e0 mang\u00e9 le jardin et le monde autour de lui. Dans la maison, le chat noir s\u2019est lov\u00e9 contre le chien blanc, tout est calme. Lana est assise sur le plancher de sa chambre au milieu de bouts de papier. Ses longs cheveux boucl\u00e9s tombent en cascade dans son dos. Elle murmure des mots pour elle pendant que ses mains ouvrent et ferment les portes d\u2019une maison de poup\u00e9es. C\u2019est une grande maison \u00e0 la fa\u00e7ade tatou\u00e9e de fleurs et de plantes. Un arbre a pouss\u00e9 \u00e0 l\u2019int\u00e9rieur, on voit ses branches d\u00e9passer du toit pendant que ses racines sortent par un soupirail de la cave. La demeure de carton semble plant\u00e9e dans le bois du plancher, comme si elle avait toujours \u00e9t\u00e9 l\u00e0. \u2026 Lana ouvre la premi\u00e8re porte, celle pos\u00e9e tout en bas sur les racines de l\u2019arbre. Dehors, le vent forcit. L\u2019enfant glisse un bouquet d&rsquo;allumettes par l\u2019ouverture, les bouts rouges sont comme des roses aux \u00e9pines rentr\u00e9es. Lana fait bien attention \u00e0 ne rien d\u00e9ranger en les posant au fond de la pi\u00e8ce miniature. <em>Vlam ! <\/em>Le vent ! Elle sursaute : une bourrasque a fait claquer un volet. De sa petite voix, Lana demande :<\/p><p>\u2014 Lilith ? Lilith, c\u2019est toi&nbsp;?<\/p><cite>Les Sorci\u00e8res, encyclop\u00e9die du Merveilleux, Albin Michel 2022<\/cite><\/blockquote>\n\n\n\n<h2 class=\"wp-block-heading\">Filles de Lilith<\/h2>\n\n\n\n<div class=\"wp-block-media-text alignwide has-media-on-the-right is-stacked-on-mobile\" style=\"grid-template-columns:auto 38%\"><figure class=\"wp-block-media-text__media\"><img loading=\"lazy\" decoding=\"async\" width=\"300\" height=\"406\" src=\"https:\/\/cecileroumiguiere.com\/wp\/wp-content\/uploads\/2022\/10\/Lilith.jpg\" alt=\"\" class=\"wp-image-7226 size-full\" srcset=\"https:\/\/cecileroumiguiere.com\/wp\/wp-content\/uploads\/2022\/10\/Lilith.jpg 300w, https:\/\/cecileroumiguiere.com\/wp\/wp-content\/uploads\/2022\/10\/Lilith-222x300.jpg 222w\" sizes=\"auto, (max-width: 300px) 100vw, 300px\" \/><\/figure><div class=\"wp-block-media-text__content\">\n<p>Dans sa chambre, Lana ouvre la porte \u00e0 des femmes libres\u00a0: Lilith, sa r\u00e9volte, sa col\u00e8re, Circ\u00e9 et sa magie qui change les hommes en porcs, au plus profond des for\u00eats, la baba Yaga aussi cruelle que protectrice, Kyoko la gu\u00e9risseuse, la m\u00e8re Shipton et ses \u00e9tonnantes proph\u00e9ties, la Lechuza femme et chouette pleine d&rsquo;esprit de vengeance qui discute avec la Santa Muerte, C\u00e9cile Fatiman rebelle en Ha\u00efti, et enfin Mar\u00eda la <em>sorgin<\/em> du pays basque, l&rsquo;une parmi les milliers de femmes victimes de la chasse aux sorci\u00e8res. Avec leur portrait, on d\u00e9couvre leur dressing, leur jardin, leurs familiers, leurs accessoires, leurs rituels\u2026 pour mieux apprendre \u00e0 les conna\u00eetre. \u00c0 les aimer.<\/p>\n<\/div><\/div>\n\n\n\n<h2 class=\"wp-block-heading\">Mes amies sorci\u00e8res<\/h2>\n\n\n<div class=\"wp-block-image\">\n<figure class=\"aligncenter size-large\"><img loading=\"lazy\" decoding=\"async\" width=\"700\" height=\"285\" src=\"https:\/\/cecileroumiguiere.com\/wp\/wp-content\/uploads\/2022\/10\/pastilles-sorcieres-700x285.jpg\" alt=\"\" class=\"wp-image-7202\" srcset=\"https:\/\/cecileroumiguiere.com\/wp\/wp-content\/uploads\/2022\/10\/pastilles-sorcieres-700x285.jpg 700w, https:\/\/cecileroumiguiere.com\/wp\/wp-content\/uploads\/2022\/10\/pastilles-sorcieres-300x122.jpg 300w, https:\/\/cecileroumiguiere.com\/wp\/wp-content\/uploads\/2022\/10\/pastilles-sorcieres-768x313.jpg 768w, https:\/\/cecileroumiguiere.com\/wp\/wp-content\/uploads\/2022\/10\/pastilles-sorcieres.jpg 887w\" sizes=\"auto, (max-width: 700px) 100vw, 700px\" \/><\/figure>\n<\/div>\n\n\n<p>Au sortir de l&rsquo;enfance, je n&rsquo;ai plus eu peur des sorci\u00e8res. Je ne sais comment ni pourquoi, mais le sentiment qu&rsquo;elles \u00e9taient mes amies s&rsquo;est accru au fur et \u00e0 mesure que l&rsquo;adolescence gagnait. Ensuite sont venus les livres, ceux des \u00e9ditions des Femmes, les \u00e9crits d&rsquo;autrices comme Ana\u00efs Nin, les r\u00e9unions de militantes f\u00e9ministes\u2026 Je ne le savais pas, mais je vivais les suites d&rsquo;un mouvement n\u00e9 dans les ann\u00e9es&nbsp;60, o\u00f9 les sorci\u00e8res perdaient leur nez crochu pour reprendre leur vrai visage, celui de femmes libres. Femmes de mots, de secrets, gu\u00e9risseuses, rebelles au patriarcat, joyeuses danseuses de sabbats, les sorci\u00e8res avaient tout pour me plaire, elles entraient en r\u00e9sonance avec les passions de mes vingt ans&nbsp;: la litt\u00e9rature, la psychanalyse, la m\u00e9decine, la politique\u2026 la f\u00eate. Elles \u00e9taient mes amies, mes s\u0153urs. Elles le sont rest\u00e9es.<\/p>\n\n\n\n<h2 class=\"wp-block-heading\">Femmes puissantes<\/h2>\n\n\n\n<div class=\"wp-block-media-text alignwide is-stacked-on-mobile is-vertically-aligned-top\" style=\"grid-template-columns:17% auto\"><figure class=\"wp-block-media-text__media\"><img loading=\"lazy\" decoding=\"async\" width=\"400\" height=\"587\" src=\"https:\/\/cecileroumiguiere.com\/wp\/wp-content\/uploads\/2022\/10\/Sorcieres-La-puiance-invaincue-des-femmes.jpg\" alt=\"\" class=\"wp-image-7172 size-full\" srcset=\"https:\/\/cecileroumiguiere.com\/wp\/wp-content\/uploads\/2022\/10\/Sorcieres-La-puiance-invaincue-des-femmes.jpg 400w, https:\/\/cecileroumiguiere.com\/wp\/wp-content\/uploads\/2022\/10\/Sorcieres-La-puiance-invaincue-des-femmes-204x300.jpg 204w\" sizes=\"auto, (max-width: 400px) 100vw, 400px\" \/><\/figure><div class=\"wp-block-media-text__content\">\n<p>Le livre de Mona Chollet <em>Sorci\u00e8res, la puissance invaincue des femmes<\/em> paru en 2018 m&rsquo;a enthousiasm\u00e9e.<\/p>\n\n\n\n<p>Je venais de lire un autre monument au sujet des femmes soignantes&nbsp;: <em>Sorci\u00e8res, sages-femmes et infirmi\u00e8res, une histoire des femmes soignantes<\/em> de Barbara Ehrenreich et Deirdre English.<\/p>\n<\/div><\/div>\n\n\n\n<div class=\"wp-block-media-text alignwide has-media-on-the-right is-stacked-on-mobile is-vertically-aligned-center\" style=\"grid-template-columns:auto 22%\"><figure class=\"wp-block-media-text__media\"><img loading=\"lazy\" decoding=\"async\" width=\"340\" height=\"340\" src=\"https:\/\/cecileroumiguiere.com\/wp\/wp-content\/uploads\/2022\/10\/Sorcieres-sages-femmes-et-infirmieres.jpg\" alt=\"\" class=\"wp-image-7173 size-full\" srcset=\"https:\/\/cecileroumiguiere.com\/wp\/wp-content\/uploads\/2022\/10\/Sorcieres-sages-femmes-et-infirmieres.jpg 340w, https:\/\/cecileroumiguiere.com\/wp\/wp-content\/uploads\/2022\/10\/Sorcieres-sages-femmes-et-infirmieres-300x300.jpg 300w, https:\/\/cecileroumiguiere.com\/wp\/wp-content\/uploads\/2022\/10\/Sorcieres-sages-femmes-et-infirmieres-150x150.jpg 150w, https:\/\/cecileroumiguiere.com\/wp\/wp-content\/uploads\/2022\/10\/Sorcieres-sages-femmes-et-infirmieres-75x75.jpg 75w\" sizes=\"auto, (max-width: 340px) 100vw, 340px\" \/><\/figure><div class=\"wp-block-media-text__content\">\n<p>On y suit le fil de ces femmes savantes des plantes qui gu\u00e9rissent comme de celles qui rendent malade, qui \u00e9coutent les plaintes et palpent les corps, qui mettent au monde et accompagnent dans la mort. Des femmes \u00e0 qui les hommes ont interdit les \u00e9tudes de m\u00e9decine jusqu&rsquo;\u00e0 la fin du x\u0131x\u1d49 si\u00e8cle !<\/p>\n<\/div><\/div>\n\n\n\n<h2 class=\"wp-block-heading\">La voix des sorci\u00e8res<\/h2>\n\n\n\n<p>Alors imaginez ma joie quand Benjamin Lacombe m&rsquo;a propos\u00e9 d&rsquo;\u00e9crire ce tome de son encyclop\u00e9die du Merveilleux ! J&rsquo;ai plong\u00e9 dans l&rsquo;univers des sorci\u00e8res. Mon stylo a vibr\u00e9 de l&rsquo;\u00e9cho des voix de ces milliers de femmes accus\u00e9es, pourchass\u00e9es, assassin\u00e9es. Leur sort s&rsquo;est m\u00eal\u00e9 \u00e0 celui de toutes celles et de tous ceux qui d\u00e9rangent l&rsquo;ordre \u00e9tabli et sont, aujourd&rsquo;hui encore, victimes. \u00c9crire cette encyclop\u00e9die destin\u00e9e aux enfants \u00e9tait une fa\u00e7on de retracer leur vrai visage et de leur rendre hommage.<\/p>\n\n\n\n<h2 class=\"wp-block-heading\">Et les images\u2026<\/h2>\n\n\n\n<div class=\"wp-block-media-text alignwide is-stacked-on-mobile\" style=\"grid-template-columns:44% auto\"><figure class=\"wp-block-media-text__media\"><img loading=\"lazy\" decoding=\"async\" width=\"700\" height=\"531\" src=\"https:\/\/cecileroumiguiere.com\/wp\/wp-content\/uploads\/2022\/10\/socieres-elements-700x531.jpg\" alt=\"\" class=\"wp-image-7176 size-full\" srcset=\"https:\/\/cecileroumiguiere.com\/wp\/wp-content\/uploads\/2022\/10\/socieres-elements-700x531.jpg 700w, https:\/\/cecileroumiguiere.com\/wp\/wp-content\/uploads\/2022\/10\/socieres-elements-300x228.jpg 300w, https:\/\/cecileroumiguiere.com\/wp\/wp-content\/uploads\/2022\/10\/socieres-elements-768x583.jpg 768w, https:\/\/cecileroumiguiere.com\/wp\/wp-content\/uploads\/2022\/10\/socieres-elements.jpg 1081w\" sizes=\"auto, (max-width: 700px) 100vw, 700px\" \/><\/figure><div class=\"wp-block-media-text__content\">\n<p>Le travail avec Benjamin a \u00e9t\u00e9 dense et foisonnant d&rsquo;\u00e9changes. Toujours dans le but de r\u00e9aliser le livre le plus beau, le plus riche de sens possible, Benjamin ne laisse rien au hasard. Ses images m&rsquo;ont souffl\u00e9e, chaque fois. Et le livre imprim\u00e9 comble toutes mes attentes. Merci aussi \u00e0 l&rsquo;\u00e9quipe d&rsquo;Albin Michel pour leur suivi pas \u00e0 pas et \u00e0 S\u00e9bastien P\u00e9rez, mon compagnon d&rsquo;\u00e9criture de cette encyclop\u00e9die, auteur des <em>F\u00e9es<\/em> illustr\u00e9es par BlueBirdy.<\/p>\n<\/div><\/div>\n\n\n<div class=\"wp-block-image\">\n<figure class=\"aligncenter size-full is-resized\"><img loading=\"lazy\" decoding=\"async\" src=\"https:\/\/cecileroumiguiere.com\/wp\/wp-content\/uploads\/2022\/10\/309429144_639786540839190_7191112311133558927_n-1.jpg\" alt=\"\" class=\"wp-image-7242\" width=\"575\" height=\"575\" srcset=\"https:\/\/cecileroumiguiere.com\/wp\/wp-content\/uploads\/2022\/10\/309429144_639786540839190_7191112311133558927_n-1.jpg 600w, https:\/\/cecileroumiguiere.com\/wp\/wp-content\/uploads\/2022\/10\/309429144_639786540839190_7191112311133558927_n-1-300x300.jpg 300w, https:\/\/cecileroumiguiere.com\/wp\/wp-content\/uploads\/2022\/10\/309429144_639786540839190_7191112311133558927_n-1-150x150.jpg 150w, https:\/\/cecileroumiguiere.com\/wp\/wp-content\/uploads\/2022\/10\/309429144_639786540839190_7191112311133558927_n-1-75x75.jpg 75w\" sizes=\"auto, (max-width: 575px) 100vw, 575px\" \/><\/figure>\n<\/div>\n\n\n<div class=\"wp-block-media-text alignwide has-media-on-the-right is-stacked-on-mobile\" style=\"grid-template-columns:auto 23%\"><figure class=\"wp-block-media-text__media\"><img loading=\"lazy\" decoding=\"async\" width=\"360\" height=\"360\" src=\"https:\/\/cecileroumiguiere.com\/wp\/wp-content\/uploads\/2022\/10\/lana-pastille-web.jpg\" alt=\"\" class=\"wp-image-7220 size-full\" srcset=\"https:\/\/cecileroumiguiere.com\/wp\/wp-content\/uploads\/2022\/10\/lana-pastille-web.jpg 360w, https:\/\/cecileroumiguiere.com\/wp\/wp-content\/uploads\/2022\/10\/lana-pastille-web-300x300.jpg 300w, https:\/\/cecileroumiguiere.com\/wp\/wp-content\/uploads\/2022\/10\/lana-pastille-web-150x150.jpg 150w, https:\/\/cecileroumiguiere.com\/wp\/wp-content\/uploads\/2022\/10\/lana-pastille-web-75x75.jpg 75w\" sizes=\"auto, (max-width: 360px) 100vw, 360px\" \/><\/figure><div class=\"wp-block-media-text__content\">\n<p>D\u00e9sormais, ce livre vous appartient. J&rsquo;esp\u00e8re qu&rsquo;il saura vous faire entrer dans ce monde merveilleux et que les sorci\u00e8res deviendront aussi vos amies\u2026 <\/p>\n<\/div><\/div>\n\n\n\n<p class=\"has-text-align-center\"><em> Images \u00a9 Benjamin Lacombe 2022<\/em><\/p>\n\n\n\n<p class=\"has-text-align-center\"><em>Le livre de Mona Chollet est paru aux \u00e9ditions de la D\u00e9couverte dans la collection Zones,<\/em><br><em>celui de Barbara Ehrenreich et Deirdre English chez Cambourakis en 2016 (1973 aux \u00c9tats-Unis). <\/em><\/p>\n\n\n\n<p><\/p>\n","protected":false},"excerpt":{"rendered":"<p>Un livre de l\u2018encyclop\u00e9die du Merveilleux,une collection et des illustrations sign\u00e9es Benjamin Lacombe, Albin Michel, 19 octobre 2022 Il fait froid dehors, le vent se plaint. On est encore loin de l\u2019heure du d\u00eener mais la nuit d\u2019hiver a d\u00e9j\u00e0 mang\u00e9 le jardin et le monde autour de lui. Dans la maison, le chat noir s\u2019est lov\u00e9 contre le chien blanc, tout est calme. Lana est assise sur le plancher de sa chambre au milieu de bouts de papier. Ses longs cheveux boucl\u00e9s tombent en cascade dans son dos. Elle murmure des mots pour elle pendant que ses mains ouvrent et ferment les portes d\u2019une maison de poup\u00e9es. C\u2019est une grande maison \u00e0 la fa\u00e7ade tatou\u00e9e de fleurs et de plantes. Un arbre a pouss\u00e9 \u00e0 l\u2019int\u00e9rieur, on voit ses branches d\u00e9passer du toit pendant que ses racines sortent par un soupirail de la cave. La demeure de carton semble plant\u00e9e dans le bois du plancher, comme si elle avait toujours \u00e9t\u00e9 l\u00e0. \u2026 Lana ouvre la premi\u00e8re porte, celle pos\u00e9e tout en bas sur les racines de l\u2019arbre. Dehors, le vent forcit. L\u2019enfant glisse un bouquet d&rsquo;allumettes par l\u2019ouverture, les bouts rouges sont comme des roses aux \u00e9pines rentr\u00e9es. Lana fait bien attention \u00e0 ne rien d\u00e9ranger en les posant au fond de la pi\u00e8ce miniature. Vlam ! Le vent ! Elle sursaute : une bourrasque a fait claquer un volet. De sa petite voix, Lana demande : \u2014 Lilith ? Lilith, c\u2019est toi&nbsp;? Les Sorci\u00e8res, encyclop\u00e9die du Merveilleux, Albin Michel 2022 Filles de Lilith Dans sa chambre, Lana ouvre la porte \u00e0 des femmes libres\u00a0: Lilith, sa r\u00e9volte, sa col\u00e8re, Circ\u00e9 et sa magie qui change les hommes en porcs, au plus profond des for\u00eats, la baba Yaga aussi cruelle que protectrice, Kyoko la gu\u00e9risseuse, la m\u00e8re Shipton et ses \u00e9tonnantes proph\u00e9ties, la Lechuza femme et chouette pleine d&rsquo;esprit de vengeance qui discute avec la Santa Muerte, C\u00e9cile Fatiman rebelle en Ha\u00efti, et enfin Mar\u00eda la sorgin du pays basque, l&rsquo;une parmi les milliers de femmes victimes de la chasse aux sorci\u00e8res. Avec leur portrait, on d\u00e9couvre leur dressing, leur jardin, leurs familiers, leurs accessoires, leurs rituels\u2026 pour mieux apprendre \u00e0 les conna\u00eetre. \u00c0 les aimer. Mes amies sorci\u00e8res Au sortir de l&rsquo;enfance, je n&rsquo;ai plus eu peur des sorci\u00e8res. Je ne sais comment ni pourquoi, mais le sentiment qu&rsquo;elles \u00e9taient mes amies s&rsquo;est accru au fur et \u00e0 mesure que l&rsquo;adolescence gagnait. Ensuite sont venus les livres, ceux des \u00e9ditions des Femmes, les \u00e9crits d&rsquo;autrices comme Ana\u00efs Nin, les r\u00e9unions de militantes f\u00e9ministes\u2026 Je ne le savais pas, mais je vivais les suites d&rsquo;un mouvement n\u00e9 dans les ann\u00e9es&nbsp;60, o\u00f9 les sorci\u00e8res perdaient leur nez crochu pour reprendre leur vrai visage, celui de femmes libres. Femmes de mots, de secrets, gu\u00e9risseuses, rebelles au patriarcat, joyeuses danseuses de sabbats, les sorci\u00e8res avaient tout pour me plaire, elles entraient en r\u00e9sonance avec les passions de mes vingt ans&nbsp;: la litt\u00e9rature, la psychanalyse, la m\u00e9decine, la politique\u2026 la f\u00eate. Elles \u00e9taient mes amies, mes s\u0153urs. Elles le sont rest\u00e9es. Femmes puissantes Le livre de Mona Chollet Sorci\u00e8res, la puissance invaincue des femmes paru en 2018 m&rsquo;a enthousiasm\u00e9e. Je venais de lire un autre monument au sujet des femmes soignantes&nbsp;: Sorci\u00e8res, sages-femmes et infirmi\u00e8res, une histoire des femmes soignantes de Barbara Ehrenreich et Deirdre English. On y suit le fil de ces femmes savantes des plantes qui gu\u00e9rissent comme de celles qui rendent malade, qui \u00e9coutent les plaintes et palpent les corps, qui mettent au monde et accompagnent dans la mort. Des femmes \u00e0 qui les hommes ont interdit les \u00e9tudes de m\u00e9decine jusqu&rsquo;\u00e0 la fin du x\u0131x\u1d49 si\u00e8cle ! La voix des sorci\u00e8res Alors imaginez ma joie quand Benjamin Lacombe m&rsquo;a propos\u00e9 d&rsquo;\u00e9crire ce tome de son encyclop\u00e9die du Merveilleux ! J&rsquo;ai plong\u00e9 dans l&rsquo;univers des sorci\u00e8res. Mon stylo a vibr\u00e9 de l&rsquo;\u00e9cho des voix de ces milliers de femmes accus\u00e9es, pourchass\u00e9es, assassin\u00e9es. Leur sort s&rsquo;est m\u00eal\u00e9 \u00e0 celui de toutes celles et de tous ceux qui d\u00e9rangent l&rsquo;ordre \u00e9tabli et sont, aujourd&rsquo;hui encore, victimes. \u00c9crire cette encyclop\u00e9die destin\u00e9e aux enfants \u00e9tait une fa\u00e7on de retracer leur vrai visage et de leur rendre hommage. Et les images\u2026 Le travail avec Benjamin a \u00e9t\u00e9 dense et foisonnant d&rsquo;\u00e9changes. Toujours dans le but de r\u00e9aliser le livre le plus beau, le plus riche de sens possible, Benjamin ne laisse rien au hasard. Ses images m&rsquo;ont souffl\u00e9e, chaque fois. Et le livre imprim\u00e9 comble toutes mes attentes. Merci aussi \u00e0 l&rsquo;\u00e9quipe d&rsquo;Albin Michel pour leur suivi pas \u00e0 pas et \u00e0 S\u00e9bastien P\u00e9rez, mon compagnon d&rsquo;\u00e9criture de cette encyclop\u00e9die, auteur des F\u00e9es illustr\u00e9es par BlueBirdy. D\u00e9sormais, ce livre vous appartient. J&rsquo;esp\u00e8re qu&rsquo;il saura vous faire entrer dans ce monde merveilleux et que les sorci\u00e8res deviendront aussi vos amies\u2026 Images \u00a9 Benjamin Lacombe 2022 Le livre de Mona Chollet est paru aux \u00e9ditions de la D\u00e9couverte dans la collection Zones,celui de Barbara Ehrenreich et Deirdre English chez Cambourakis en 2016 (1973 aux \u00c9tats-Unis).<\/p>\n","protected":false},"author":1,"featured_media":7214,"parent":0,"menu_order":0,"comment_status":"closed","ping_status":"closed","template":"","meta":{"footnotes":""},"class_list":["post-7166","page","type-page","status-publish","has-post-thumbnail","hentry"],"_links":{"self":[{"href":"https:\/\/cecileroumiguiere.com\/wp\/index.php?rest_route=\/wp\/v2\/pages\/7166","targetHints":{"allow":["GET"]}}],"collection":[{"href":"https:\/\/cecileroumiguiere.com\/wp\/index.php?rest_route=\/wp\/v2\/pages"}],"about":[{"href":"https:\/\/cecileroumiguiere.com\/wp\/index.php?rest_route=\/wp\/v2\/types\/page"}],"author":[{"embeddable":true,"href":"https:\/\/cecileroumiguiere.com\/wp\/index.php?rest_route=\/wp\/v2\/users\/1"}],"replies":[{"embeddable":true,"href":"https:\/\/cecileroumiguiere.com\/wp\/index.php?rest_route=%2Fwp%2Fv2%2Fcomments&post=7166"}],"version-history":[{"count":52,"href":"https:\/\/cecileroumiguiere.com\/wp\/index.php?rest_route=\/wp\/v2\/pages\/7166\/revisions"}],"predecessor-version":[{"id":7739,"href":"https:\/\/cecileroumiguiere.com\/wp\/index.php?rest_route=\/wp\/v2\/pages\/7166\/revisions\/7739"}],"wp:featuredmedia":[{"embeddable":true,"href":"https:\/\/cecileroumiguiere.com\/wp\/index.php?rest_route=\/wp\/v2\/media\/7214"}],"wp:attachment":[{"href":"https:\/\/cecileroumiguiere.com\/wp\/index.php?rest_route=%2Fwp%2Fv2%2Fmedia&parent=7166"}],"curies":[{"name":"wp","href":"https:\/\/api.w.org\/{rel}","templated":true}]}}