{"id":7306,"date":"2023-02-18T19:01:01","date_gmt":"2023-02-18T18:01:01","guid":{"rendered":"https:\/\/cecileroumiguiere.com\/wp\/?page_id=7306"},"modified":"2023-02-20T15:47:34","modified_gmt":"2023-02-20T14:47:34","slug":"les-maneges-de-mila","status":"publish","type":"page","link":"https:\/\/cecileroumiguiere.com\/wp\/?page_id=7306","title":{"rendered":"Les man\u00e8ges de Mila"},"content":{"rendered":"\n<p class=\"has-text-align-right\">Un roman illustr\u00e9 par <a href=\"https:\/\/www.clotildeperrin.net\/\">Clotilde Perrin<\/a><br>Collection \u201cMouche\u201d, <a href=\"https:\/\/www.ecoledesloisirs.fr\/livre\/maneges-mila\">\u00e9cole des loisirs<\/a>, 22 f\u00e9vrier 2023<\/p>\n\n\n\n<blockquote class=\"wp-block-quote is-layout-flow wp-block-quote-is-layout-flow\">\n<p><br>Une marche apr\u00e8s l\u2019autre, je descends l\u2019escalier. Sur mon pyjama, j\u2019ai enfil\u00e9 le blouson de pluie de mon p\u00e8re,&nbsp; il est bien trop grand pour moi mais il me tiendra chaud. La capuche au ras des cils, je fais attention de ne pas tomber. Je n\u2019ai emport\u00e9 que mon poupon au corps de chiffon. Je suis nu-pieds, je n\u2019ai pas pens\u00e9 \u00e0 me chausser.<\/p>\n<cite><em>Les man\u00e8ges de Mila<\/em>, \u00e9cole des loisirs, f\u00e9vrier 2023<\/cite><\/blockquote>\n\n\n\n<h2 class=\"wp-block-heading\">Le r\u00eave de Mila<\/h2>\n\n\n\n<div class=\"wp-block-media-text alignwide is-stacked-on-mobile\"><figure class=\"wp-block-media-text__media\"><img loading=\"lazy\" decoding=\"async\" width=\"421\" height=\"403\" src=\"https:\/\/cecileroumiguiere.com\/wp\/wp-content\/uploads\/2023\/02\/Mila-feuille.jpg\" alt=\"\" class=\"wp-image-7308 size-full\" srcset=\"https:\/\/cecileroumiguiere.com\/wp\/wp-content\/uploads\/2023\/02\/Mila-feuille.jpg 421w, https:\/\/cecileroumiguiere.com\/wp\/wp-content\/uploads\/2023\/02\/Mila-feuille-300x287.jpg 300w\" sizes=\"auto, (max-width: 421px) 100vw, 421px\" \/><\/figure><div class=\"wp-block-media-text__content\">\n<p>Mila r\u00eave de man\u00e8ges\u2026&nbsp;Elle r\u00eave d&rsquo;aller au parc d&rsquo;attraction, elle en parle depuis le d\u00e9but des vacances. Mais cet \u00e9t\u00e9-l\u00e0, un coup de vent emporte la toiture du garage, il faut r\u00e9parer les d\u00e9g\u00e2ts, les parents sont occup\u00e9s\u2026 Ils iront au parc l&rsquo;ann\u00e9e d&rsquo;apr\u00e8s.<\/p>\n\n\n\n<p>Le chagrin de Mila est si fort que, devant ses larmes, son fr\u00e8re Liam le lui promet : le soir-m\u00eame, ils iront au parc d&rsquo;attraction&nbsp;! <\/p>\n\n\n\n<p>Une nuit magique s&rsquo;ouvre \u00e0 eux\u2026<\/p>\n<\/div><\/div>\n\n\n\n<h2 class=\"wp-block-heading\">Parcs d&rsquo;attractions et f\u00eates foraines<\/h2>\n\n\n\n<p>L&rsquo;histoire de Mila et de Liam trouve ses racines dans quelques trajets de Carcassonne \u00e0 Toulouse que je faisais, enfant, dans la Coccinelle familiale. On \u00e9tait cinq, mon p\u00e8re, ma m\u00e8re, mon fr\u00e8re, ma s\u0153ur et moi. En route, on s&rsquo;arr\u00eatait dans ce qui me semblait un lieu magique. Quelques caravanes miteuses aux fa\u00e7ades transform\u00e9es en vitrines pr\u00e9sentaient des sc\u00e8nes de Blanche Neige et autres contes. Je m&rsquo;en souviens bien&nbsp;: il fallait mettre un franc dans un bo\u00eetier de m\u00e9tal gris pour que la sc\u00e8ne s&rsquo;anime. Mais un franc plus un franc, au bout du compte, la sortie co\u00fbtait cher&nbsp;; on le savait, elle nous \u00e9tait d&rsquo;autant plus pr\u00e9cieuse. Et Blanche Neige saluait, elle se penchait sur Simplet, dans des gestes qui se voulaient gracieux mais qui grin\u00e7aient un peu\u2026<\/p>\n\n\n\n<div class=\"wp-block-media-text alignwide has-media-on-the-right is-stacked-on-mobile is-vertically-aligned-center\" style=\"grid-template-columns:auto 43%\"><div class=\"wp-block-media-text__content\">\n<p>Comment dire la magie de ces moments, l&rsquo;\u00e9motion qui m&rsquo;envahissait, chaque fois, \u00e0 l&rsquo;instant de glisser une pi\u00e8ce dans cette fente et de voir l&rsquo;inanim\u00e9 devenir vivant ? J&rsquo;en ai encore la respiration en arr\u00eat. C&rsquo;\u00e9tait aussi des moments partag\u00e9s avec mon p\u00e8re, si heureux \u00e0 l&rsquo;id\u00e9e de nous rendre heureux. <\/p>\n\n\n\n<p> <\/p>\n<\/div><figure class=\"wp-block-media-text__media\"><img loading=\"lazy\" decoding=\"async\" width=\"570\" height=\"417\" src=\"https:\/\/cecileroumiguiere.com\/wp\/wp-content\/uploads\/2023\/02\/fleurs2.jpg\" alt=\"\" class=\"wp-image-7326 size-full\" srcset=\"https:\/\/cecileroumiguiere.com\/wp\/wp-content\/uploads\/2023\/02\/fleurs2.jpg 570w, https:\/\/cecileroumiguiere.com\/wp\/wp-content\/uploads\/2023\/02\/fleurs2-300x219.jpg 300w\" sizes=\"auto, (max-width: 570px) 100vw, 570px\" \/><\/figure><\/div>\n\n\n\n<p>D&rsquo;ann\u00e9e en ann\u00e9e, les vitrines se sont opacifi\u00e9es, les costumes se sont fan\u00e9s. Entre les caravanes, le chemin, moins entretenu, est devenu caillouteux et sale. Les mouvements des automates, moins fluides. Puis, pour certains, \u00e0 l&rsquo;arr\u00eat. Je grandissais, mais j&rsquo;\u00e9tais toujours aussi heureuse de retourner dans ce lieu magique. Mais un jour, on est tomb\u00e9 devant une grille ferm\u00e9e. Le parc avait disparu. C&rsquo;en \u00e9tait fini de la magie\u2026 Fini de l&rsquo;enfance, peut-\u00eatre, aussi. Il allait me falloir trouver ailleurs cette magie, la po\u00e9sie de l&rsquo;instant, celle du regard port\u00e9 sur les choses de tous les jours. Sur la nature. <\/p>\n\n\n\n<p>Alors aujourd&rsquo;hui, j&rsquo;\u00e9cris. <\/p>\n\n\n\n<h2 class=\"wp-block-heading\">La po\u00e9sie des images<\/h2>\n\n\n\n<div class=\"wp-block-media-text alignwide is-stacked-on-mobile\" style=\"grid-template-columns:42% auto\"><figure class=\"wp-block-media-text__media\"><img loading=\"lazy\" decoding=\"async\" width=\"482\" height=\"576\" src=\"https:\/\/cecileroumiguiere.com\/wp\/wp-content\/uploads\/2023\/02\/ricochets.jpg\" alt=\"\" class=\"wp-image-7317 size-full\" srcset=\"https:\/\/cecileroumiguiere.com\/wp\/wp-content\/uploads\/2023\/02\/ricochets.jpg 482w, https:\/\/cecileroumiguiere.com\/wp\/wp-content\/uploads\/2023\/02\/ricochets-251x300.jpg 251w\" sizes=\"auto, (max-width: 482px) 100vw, 482px\" \/><\/figure><div class=\"wp-block-media-text__content\">\n<p>Cette histoire est illustr\u00e9e par Clotilde Perrin et son univers si particulier, tout en finesse et en po\u00e9sie. Le pari n&rsquo;\u00e9tait pas si simple : toute l&rsquo;histoire ou presque se passe de nuit mais dans la l\u00e9g\u00e8ret\u00e9 et les sourires. <\/p>\n\n\n\n<p>Clotilde a r\u00e9ussi \u00e0 rendre la nuit lumineuse, elle l&rsquo;a illumin\u00e9e au sens premier du mot. Mila, Liam et leurs man\u00e8ges ne pouvaient pas r\u00eaver plus bel \u00e9crin.<\/p>\n<\/div><\/div>\n\n\n\n<h2 class=\"wp-block-heading\">Un travail de dentelli\u00e8re<\/h2>\n\n\n\n<p>Derri\u00e8re chaque livre, il y a un regard, une lecture, un travail sur la structure, le texte, puis le lien aux images. Ici, l&rsquo;\u00e9ditrice, Maya Michalon, a r\u00e9alis\u00e9 avec nous ce tissage, cette broderie fine, fil \u00e0 fil, autour de l&rsquo;histoire. Quand les univers des unes et des autres se rencontrent \u00e0 ce point, \u0153uvrer ensemble est un pur plaisir. Merci Maya pour ce v\u00e9ritable travail de dentelli\u00e8re. <\/p>\n\n\n<div class=\"wp-block-image\">\n<figure class=\"aligncenter size-large\"><img loading=\"lazy\" decoding=\"async\" width=\"700\" height=\"154\" src=\"https:\/\/cecileroumiguiere.com\/wp\/wp-content\/uploads\/2023\/02\/lucioles-700x154.jpg\" alt=\"\" class=\"wp-image-7309\" srcset=\"https:\/\/cecileroumiguiere.com\/wp\/wp-content\/uploads\/2023\/02\/lucioles-700x154.jpg 700w, https:\/\/cecileroumiguiere.com\/wp\/wp-content\/uploads\/2023\/02\/lucioles-300x66.jpg 300w, https:\/\/cecileroumiguiere.com\/wp\/wp-content\/uploads\/2023\/02\/lucioles-768x169.jpg 768w, https:\/\/cecileroumiguiere.com\/wp\/wp-content\/uploads\/2023\/02\/lucioles-1536x338.jpg 1536w, https:\/\/cecileroumiguiere.com\/wp\/wp-content\/uploads\/2023\/02\/lucioles-1140x251.jpg 1140w, https:\/\/cecileroumiguiere.com\/wp\/wp-content\/uploads\/2023\/02\/lucioles.jpg 1983w\" sizes=\"auto, (max-width: 700px) 100vw, 700px\" \/><\/figure>\n<\/div>\n\n\n<figure class=\"wp-block-embed aligncenter is-type-video is-provider-youtube wp-block-embed-youtube wp-embed-aspect-16-9 wp-has-aspect-ratio\"><div class=\"wp-block-embed__wrapper\">\n<iframe loading=\"lazy\" title=\"Les mane\u0300ges de Mila\" width=\"960\" height=\"540\" src=\"https:\/\/www.youtube.com\/embed\/kmZQJzKopSw?feature=oembed\" frameborder=\"0\" allow=\"accelerometer; autoplay; clipboard-write; encrypted-media; gyroscope; picture-in-picture; web-share\" allowfullscreen><\/iframe>\n<\/div><\/figure>\n\n\n\n<p class=\"has-text-align-right\"><em>Images \u00a9 Clotilde Perrin \u00b7 \u00e9cole des loisirs 2023<\/em><\/p>\n","protected":false},"excerpt":{"rendered":"<p>Un roman illustr\u00e9 par Clotilde PerrinCollection \u201cMouche\u201d, \u00e9cole des loisirs, 22 f\u00e9vrier 2023 Une marche apr\u00e8s l\u2019autre, je descends l\u2019escalier. Sur mon pyjama, j\u2019ai enfil\u00e9 le blouson de pluie de mon p\u00e8re,&nbsp; il est bien trop grand pour moi mais il me tiendra chaud. La capuche au ras des cils, je fais attention de ne pas tomber. Je n\u2019ai emport\u00e9 que mon poupon au corps de chiffon. Je suis nu-pieds, je n\u2019ai pas pens\u00e9 \u00e0 me chausser. Les man\u00e8ges de Mila, \u00e9cole des loisirs, f\u00e9vrier 2023 Le r\u00eave de Mila Mila r\u00eave de man\u00e8ges\u2026&nbsp;Elle r\u00eave d&rsquo;aller au parc d&rsquo;attraction, elle en parle depuis le d\u00e9but des vacances. Mais cet \u00e9t\u00e9-l\u00e0, un coup de vent emporte la toiture du garage, il faut r\u00e9parer les d\u00e9g\u00e2ts, les parents sont occup\u00e9s\u2026 Ils iront au parc l&rsquo;ann\u00e9e d&rsquo;apr\u00e8s. Le chagrin de Mila est si fort que, devant ses larmes, son fr\u00e8re Liam le lui promet : le soir-m\u00eame, ils iront au parc d&rsquo;attraction&nbsp;! Une nuit magique s&rsquo;ouvre \u00e0 eux\u2026 Parcs d&rsquo;attractions et f\u00eates foraines L&rsquo;histoire de Mila et de Liam trouve ses racines dans quelques trajets de Carcassonne \u00e0 Toulouse que je faisais, enfant, dans la Coccinelle familiale. On \u00e9tait cinq, mon p\u00e8re, ma m\u00e8re, mon fr\u00e8re, ma s\u0153ur et moi. En route, on s&rsquo;arr\u00eatait dans ce qui me semblait un lieu magique. Quelques caravanes miteuses aux fa\u00e7ades transform\u00e9es en vitrines pr\u00e9sentaient des sc\u00e8nes de Blanche Neige et autres contes. Je m&rsquo;en souviens bien&nbsp;: il fallait mettre un franc dans un bo\u00eetier de m\u00e9tal gris pour que la sc\u00e8ne s&rsquo;anime. Mais un franc plus un franc, au bout du compte, la sortie co\u00fbtait cher&nbsp;; on le savait, elle nous \u00e9tait d&rsquo;autant plus pr\u00e9cieuse. Et Blanche Neige saluait, elle se penchait sur Simplet, dans des gestes qui se voulaient gracieux mais qui grin\u00e7aient un peu\u2026 Comment dire la magie de ces moments, l&rsquo;\u00e9motion qui m&rsquo;envahissait, chaque fois, \u00e0 l&rsquo;instant de glisser une pi\u00e8ce dans cette fente et de voir l&rsquo;inanim\u00e9 devenir vivant ? J&rsquo;en ai encore la respiration en arr\u00eat. C&rsquo;\u00e9tait aussi des moments partag\u00e9s avec mon p\u00e8re, si heureux \u00e0 l&rsquo;id\u00e9e de nous rendre heureux. D&rsquo;ann\u00e9e en ann\u00e9e, les vitrines se sont opacifi\u00e9es, les costumes se sont fan\u00e9s. Entre les caravanes, le chemin, moins entretenu, est devenu caillouteux et sale. Les mouvements des automates, moins fluides. Puis, pour certains, \u00e0 l&rsquo;arr\u00eat. Je grandissais, mais j&rsquo;\u00e9tais toujours aussi heureuse de retourner dans ce lieu magique. Mais un jour, on est tomb\u00e9 devant une grille ferm\u00e9e. Le parc avait disparu. C&rsquo;en \u00e9tait fini de la magie\u2026 Fini de l&rsquo;enfance, peut-\u00eatre, aussi. Il allait me falloir trouver ailleurs cette magie, la po\u00e9sie de l&rsquo;instant, celle du regard port\u00e9 sur les choses de tous les jours. Sur la nature. Alors aujourd&rsquo;hui, j&rsquo;\u00e9cris. La po\u00e9sie des images Cette histoire est illustr\u00e9e par Clotilde Perrin et son univers si particulier, tout en finesse et en po\u00e9sie. Le pari n&rsquo;\u00e9tait pas si simple : toute l&rsquo;histoire ou presque se passe de nuit mais dans la l\u00e9g\u00e8ret\u00e9 et les sourires. Clotilde a r\u00e9ussi \u00e0 rendre la nuit lumineuse, elle l&rsquo;a illumin\u00e9e au sens premier du mot. Mila, Liam et leurs man\u00e8ges ne pouvaient pas r\u00eaver plus bel \u00e9crin. Un travail de dentelli\u00e8re Derri\u00e8re chaque livre, il y a un regard, une lecture, un travail sur la structure, le texte, puis le lien aux images. Ici, l&rsquo;\u00e9ditrice, Maya Michalon, a r\u00e9alis\u00e9 avec nous ce tissage, cette broderie fine, fil \u00e0 fil, autour de l&rsquo;histoire. Quand les univers des unes et des autres se rencontrent \u00e0 ce point, \u0153uvrer ensemble est un pur plaisir. Merci Maya pour ce v\u00e9ritable travail de dentelli\u00e8re. Images \u00a9 Clotilde Perrin \u00b7 \u00e9cole des loisirs 2023<\/p>\n","protected":false},"author":1,"featured_media":7307,"parent":0,"menu_order":0,"comment_status":"closed","ping_status":"closed","template":"","meta":{"footnotes":""},"class_list":["post-7306","page","type-page","status-publish","has-post-thumbnail","hentry"],"_links":{"self":[{"href":"https:\/\/cecileroumiguiere.com\/wp\/index.php?rest_route=\/wp\/v2\/pages\/7306","targetHints":{"allow":["GET"]}}],"collection":[{"href":"https:\/\/cecileroumiguiere.com\/wp\/index.php?rest_route=\/wp\/v2\/pages"}],"about":[{"href":"https:\/\/cecileroumiguiere.com\/wp\/index.php?rest_route=\/wp\/v2\/types\/page"}],"author":[{"embeddable":true,"href":"https:\/\/cecileroumiguiere.com\/wp\/index.php?rest_route=\/wp\/v2\/users\/1"}],"replies":[{"embeddable":true,"href":"https:\/\/cecileroumiguiere.com\/wp\/index.php?rest_route=%2Fwp%2Fv2%2Fcomments&post=7306"}],"version-history":[{"count":12,"href":"https:\/\/cecileroumiguiere.com\/wp\/index.php?rest_route=\/wp\/v2\/pages\/7306\/revisions"}],"predecessor-version":[{"id":7344,"href":"https:\/\/cecileroumiguiere.com\/wp\/index.php?rest_route=\/wp\/v2\/pages\/7306\/revisions\/7344"}],"wp:featuredmedia":[{"embeddable":true,"href":"https:\/\/cecileroumiguiere.com\/wp\/index.php?rest_route=\/wp\/v2\/media\/7307"}],"wp:attachment":[{"href":"https:\/\/cecileroumiguiere.com\/wp\/index.php?rest_route=%2Fwp%2Fv2%2Fmedia&parent=7306"}],"curies":[{"name":"wp","href":"https:\/\/api.w.org\/{rel}","templated":true}]}}