{"id":7448,"date":"2023-08-30T14:58:30","date_gmt":"2023-08-30T13:58:30","guid":{"rendered":"https:\/\/cecileroumiguiere.com\/wp\/?page_id=7448"},"modified":"2023-09-03T15:57:29","modified_gmt":"2023-09-03T14:57:29","slug":"les-themes","status":"publish","type":"page","link":"https:\/\/cecileroumiguiere.com\/wp\/?page_id=7448","title":{"rendered":"Les th\u00e8mes"},"content":{"rendered":"\n<pre class=\"wp-block-preformatted has-luminous-vivid-amber-to-luminous-vivid-orange-gradient-background has-background\">Page en chantier\u2026<\/pre>\n\n\n\n<figure class=\"wp-block-pullquote\"><blockquote><p>Au fil des livres, quelques th\u00e8mes comme des cailloux sem\u00e9s pour trouver son chemin.<br>En cliquant sur les couvertures, vous aurez tous les d\u00e9tails et la gen\u00e8se de chaque histoire.<\/p><\/blockquote><\/figure>\n\n\n\n<h2 class=\"wp-block-heading\">La nature<\/h2>\n\n\n\n<figure class=\"wp-block-gallery has-nested-images columns-8 wp-block-gallery-1 is-layout-flex wp-block-gallery-is-layout-flex\">\n<figure class=\"wp-block-image size-medium\"><a href=\"https:\/\/cecileroumiguiere.com\/wp\/?page_id=6814\"><img loading=\"lazy\" decoding=\"async\" width=\"300\" height=\"300\" data-id=\"7044\" src=\"https:\/\/cecileroumiguiere.com\/wp\/wp-content\/uploads\/2022\/01\/La-terre-300x300.jpg\" alt=\"\" class=\"wp-image-7044\" srcset=\"https:\/\/cecileroumiguiere.com\/wp\/wp-content\/uploads\/2022\/01\/La-terre-300x300.jpg 300w, https:\/\/cecileroumiguiere.com\/wp\/wp-content\/uploads\/2022\/01\/La-terre-700x700.jpg 700w, https:\/\/cecileroumiguiere.com\/wp\/wp-content\/uploads\/2022\/01\/La-terre-150x150.jpg 150w, https:\/\/cecileroumiguiere.com\/wp\/wp-content\/uploads\/2022\/01\/La-terre-768x768.jpg 768w, https:\/\/cecileroumiguiere.com\/wp\/wp-content\/uploads\/2022\/01\/La-terre-1140x1140.jpg 1140w, https:\/\/cecileroumiguiere.com\/wp\/wp-content\/uploads\/2022\/01\/La-terre-75x75.jpg 75w, https:\/\/cecileroumiguiere.com\/wp\/wp-content\/uploads\/2022\/01\/La-terre.jpg 1417w\" sizes=\"auto, (max-width: 300px) 100vw, 300px\" \/><\/a><\/figure>\n\n\n\n<figure class=\"wp-block-image size-medium\"><a href=\"https:\/\/cecileroumiguiere.com\/wp\/?page_id=6814\"><img loading=\"lazy\" decoding=\"async\" width=\"300\" height=\"298\" data-id=\"7043\" src=\"https:\/\/cecileroumiguiere.com\/wp\/wp-content\/uploads\/2022\/01\/L-eau-300x298.jpg\" alt=\"\" class=\"wp-image-7043\" style=\"aspect-ratio:3\/2;object-fit:contain\" srcset=\"https:\/\/cecileroumiguiere.com\/wp\/wp-content\/uploads\/2022\/01\/L-eau-300x298.jpg 300w, https:\/\/cecileroumiguiere.com\/wp\/wp-content\/uploads\/2022\/01\/L-eau-700x695.jpg 700w, https:\/\/cecileroumiguiere.com\/wp\/wp-content\/uploads\/2022\/01\/L-eau-150x150.jpg 150w, https:\/\/cecileroumiguiere.com\/wp\/wp-content\/uploads\/2022\/01\/L-eau-768x763.jpg 768w, https:\/\/cecileroumiguiere.com\/wp\/wp-content\/uploads\/2022\/01\/L-eau-1140x1132.jpg 1140w, https:\/\/cecileroumiguiere.com\/wp\/wp-content\/uploads\/2022\/01\/L-eau-75x75.jpg 75w, https:\/\/cecileroumiguiere.com\/wp\/wp-content\/uploads\/2022\/01\/L-eau.jpg 1417w\" sizes=\"auto, (max-width: 300px) 100vw, 300px\" \/><\/a><\/figure>\n\n\n\n<figure class=\"wp-block-image size-medium\"><a href=\"https:\/\/cecileroumiguiere.com\/wp\/?p=6843\"><img loading=\"lazy\" decoding=\"async\" width=\"300\" height=\"300\" data-id=\"6817\" src=\"https:\/\/cecileroumiguiere.com\/wp\/wp-content\/uploads\/2021\/03\/couv-Le-feu-le-monde-autour-de-moi-300x300.jpg\" alt=\"Le monde autour de moi, le feu\" class=\"wp-image-6817\" srcset=\"https:\/\/cecileroumiguiere.com\/wp\/wp-content\/uploads\/2021\/03\/couv-Le-feu-le-monde-autour-de-moi-300x300.jpg 300w, https:\/\/cecileroumiguiere.com\/wp\/wp-content\/uploads\/2021\/03\/couv-Le-feu-le-monde-autour-de-moi-150x150.jpg 150w, https:\/\/cecileroumiguiere.com\/wp\/wp-content\/uploads\/2021\/03\/couv-Le-feu-le-monde-autour-de-moi-75x75.jpg 75w, https:\/\/cecileroumiguiere.com\/wp\/wp-content\/uploads\/2021\/03\/couv-Le-feu-le-monde-autour-de-moi.jpg 340w\" sizes=\"auto, (max-width: 300px) 100vw, 300px\" \/><\/a><\/figure>\n\n\n\n<figure class=\"wp-block-image size-medium\"><a href=\"https:\/\/cecileroumiguiere.com\/wp\/?p=6843\"><img loading=\"lazy\" decoding=\"async\" width=\"300\" height=\"300\" data-id=\"6818\" src=\"https:\/\/cecileroumiguiere.com\/wp\/wp-content\/uploads\/2021\/03\/couvLe-ciel-le-monde-autour-de-moi-300x300.jpg\" alt=\"Le monde autour de moi, le ciel\" class=\"wp-image-6818\" srcset=\"https:\/\/cecileroumiguiere.com\/wp\/wp-content\/uploads\/2021\/03\/couvLe-ciel-le-monde-autour-de-moi-300x300.jpg 300w, https:\/\/cecileroumiguiere.com\/wp\/wp-content\/uploads\/2021\/03\/couvLe-ciel-le-monde-autour-de-moi-150x150.jpg 150w, https:\/\/cecileroumiguiere.com\/wp\/wp-content\/uploads\/2021\/03\/couvLe-ciel-le-monde-autour-de-moi-75x75.jpg 75w, https:\/\/cecileroumiguiere.com\/wp\/wp-content\/uploads\/2021\/03\/couvLe-ciel-le-monde-autour-de-moi.jpg 340w\" sizes=\"auto, (max-width: 300px) 100vw, 300px\" \/><\/a><\/figure>\n\n\n\n<figure class=\"wp-block-image size-medium\"><a href=\"https:\/\/cecileroumiguiere.com\/wp\/?page_id=7095\"><img loading=\"lazy\" decoding=\"async\" width=\"300\" height=\"300\" data-id=\"7086\" src=\"https:\/\/cecileroumiguiere.com\/wp\/wp-content\/uploads\/2022\/05\/couv-Un-oiseau-une-fleur-300x300.jpg\" alt=\"\" class=\"wp-image-7086\" srcset=\"https:\/\/cecileroumiguiere.com\/wp\/wp-content\/uploads\/2022\/05\/couv-Un-oiseau-une-fleur-300x300.jpg 300w, https:\/\/cecileroumiguiere.com\/wp\/wp-content\/uploads\/2022\/05\/couv-Un-oiseau-une-fleur-150x150.jpg 150w, https:\/\/cecileroumiguiere.com\/wp\/wp-content\/uploads\/2022\/05\/couv-Un-oiseau-une-fleur-75x75.jpg 75w, https:\/\/cecileroumiguiere.com\/wp\/wp-content\/uploads\/2022\/05\/couv-Un-oiseau-une-fleur.jpg 400w\" sizes=\"auto, (max-width: 300px) 100vw, 300px\" \/><\/a><\/figure>\n\n\n\n<figure class=\"wp-block-image size-medium\"><a href=\"https:\/\/cecileroumiguiere.com\/wp\/?page_id=3192\"><img loading=\"lazy\" decoding=\"async\" width=\"300\" height=\"300\" data-id=\"7464\" src=\"https:\/\/cecileroumiguiere.com\/wp\/wp-content\/uploads\/2023\/08\/ventre-terre-300x300.jpg\" alt=\"\" class=\"wp-image-7464\" srcset=\"https:\/\/cecileroumiguiere.com\/wp\/wp-content\/uploads\/2023\/08\/ventre-terre-300x300.jpg 300w, https:\/\/cecileroumiguiere.com\/wp\/wp-content\/uploads\/2023\/08\/ventre-terre-150x150.jpg 150w, https:\/\/cecileroumiguiere.com\/wp\/wp-content\/uploads\/2023\/08\/ventre-terre-75x75.jpg 75w, https:\/\/cecileroumiguiere.com\/wp\/wp-content\/uploads\/2023\/08\/ventre-terre.jpg 567w\" sizes=\"auto, (max-width: 300px) 100vw, 300px\" \/><\/a><\/figure>\n\n\n\n<figure class=\"wp-block-image size-medium\"><a href=\"https:\/\/cecileroumiguiere.com\/wp\/?page_id=7306\"><img loading=\"lazy\" decoding=\"async\" width=\"197\" height=\"300\" data-id=\"7307\" src=\"https:\/\/cecileroumiguiere.com\/wp\/wp-content\/uploads\/2023\/02\/couv-les_maneges_de_mila_couv-197x300.jpg\" alt=\"Les man\u00e8ges de Mila, la couverture\" class=\"wp-image-7307\" srcset=\"https:\/\/cecileroumiguiere.com\/wp\/wp-content\/uploads\/2023\/02\/couv-les_maneges_de_mila_couv-197x300.jpg 197w, https:\/\/cecileroumiguiere.com\/wp\/wp-content\/uploads\/2023\/02\/couv-les_maneges_de_mila_couv-700x1064.jpg 700w, https:\/\/cecileroumiguiere.com\/wp\/wp-content\/uploads\/2023\/02\/couv-les_maneges_de_mila_couv-768x1168.jpg 768w, https:\/\/cecileroumiguiere.com\/wp\/wp-content\/uploads\/2023\/02\/couv-les_maneges_de_mila_couv-1010x1536.jpg 1010w, https:\/\/cecileroumiguiere.com\/wp\/wp-content\/uploads\/2023\/02\/couv-les_maneges_de_mila_couv-1347x2048.jpg 1347w, https:\/\/cecileroumiguiere.com\/wp\/wp-content\/uploads\/2023\/02\/couv-les_maneges_de_mila_couv-1140x1733.jpg 1140w, https:\/\/cecileroumiguiere.com\/wp\/wp-content\/uploads\/2023\/02\/couv-les_maneges_de_mila_couv.jpg 1476w\" sizes=\"auto, (max-width: 197px) 100vw, 197px\" \/><\/a><\/figure>\n\n\n\n<figure class=\"wp-block-image size-medium\"><a href=\"https:\/\/cecileroumiguiere.com\/wp\/?page_id=6905\"><img loading=\"lazy\" decoding=\"async\" width=\"210\" height=\"300\" data-id=\"6908\" src=\"https:\/\/cecileroumiguiere.com\/wp\/wp-content\/uploads\/2021\/11\/souslegrandchoka-couv-210x300.jpg\" alt=\"\" class=\"wp-image-6908\" srcset=\"https:\/\/cecileroumiguiere.com\/wp\/wp-content\/uploads\/2021\/11\/souslegrandchoka-couv-210x300.jpg 210w, https:\/\/cecileroumiguiere.com\/wp\/wp-content\/uploads\/2021\/11\/souslegrandchoka-couv.jpg 665w\" sizes=\"auto, (max-width: 210px) 100vw, 210px\" \/><\/a><\/figure>\n\n\n\n<figure class=\"wp-block-image size-medium\"><a href=\"https:\/\/cecileroumiguiere.com\/wp\/?page_id=7097\"><img loading=\"lazy\" decoding=\"async\" width=\"200\" height=\"300\" data-id=\"7089\" src=\"https:\/\/cecileroumiguiere.com\/wp\/wp-content\/uploads\/2022\/05\/couv-nuit-trouble-200x300.jpg\" alt=\"\" class=\"wp-image-7089\"\/><\/a><\/figure>\n\n\n\n<figure class=\"wp-block-image size-medium\"><a href=\"https:\/\/cecileroumiguiere.com\/wp\/?page_id=6179\"><img loading=\"lazy\" decoding=\"async\" width=\"217\" height=\"300\" data-id=\"7467\" src=\"https:\/\/cecileroumiguiere.com\/wp\/wp-content\/uploads\/2023\/08\/walilu-217x300.jpg\" alt=\"\" class=\"wp-image-7467\" srcset=\"https:\/\/cecileroumiguiere.com\/wp\/wp-content\/uploads\/2023\/08\/walilu-217x300.jpg 217w, https:\/\/cecileroumiguiere.com\/wp\/wp-content\/uploads\/2023\/08\/walilu.jpg 600w\" sizes=\"auto, (max-width: 217px) 100vw, 217px\" \/><\/a><\/figure>\n\n\n\n<figure class=\"wp-block-image size-medium\"><a href=\"https:\/\/cecileroumiguiere.com\/wp\/?page_id=7088\"><img loading=\"lazy\" decoding=\"async\" width=\"204\" height=\"300\" data-id=\"7090\" src=\"https:\/\/cecileroumiguiere.com\/wp\/wp-content\/uploads\/2022\/05\/00-Couv-O-sisters-204x300.jpeg\" alt=\"\" class=\"wp-image-7090\" srcset=\"https:\/\/cecileroumiguiere.com\/wp\/wp-content\/uploads\/2022\/05\/00-Couv-O-sisters-204x300.jpeg 204w, https:\/\/cecileroumiguiere.com\/wp\/wp-content\/uploads\/2022\/05\/00-Couv-O-sisters.jpeg 400w\" sizes=\"auto, (max-width: 204px) 100vw, 204px\" \/><\/a><\/figure>\n\n\n\n<figure class=\"wp-block-image size-medium\"><a href=\"https:\/\/cecileroumiguiere.com\/wp\/?page_id=145\"><img loading=\"lazy\" decoding=\"async\" width=\"251\" height=\"300\" data-id=\"7465\" src=\"https:\/\/cecileroumiguiere.com\/wp\/wp-content\/uploads\/2023\/08\/ogre_72dpi-251x300.jpg\" alt=\"\" class=\"wp-image-7465\" srcset=\"https:\/\/cecileroumiguiere.com\/wp\/wp-content\/uploads\/2023\/08\/ogre_72dpi-251x300.jpg 251w, https:\/\/cecileroumiguiere.com\/wp\/wp-content\/uploads\/2023\/08\/ogre_72dpi.jpg 567w\" sizes=\"auto, (max-width: 251px) 100vw, 251px\" \/><\/a><\/figure>\n\n\n\n<figure class=\"wp-block-image size-medium\"><a href=\"https:\/\/cecileroumiguiere.com\/wp\/?page_id=6497\"><img loading=\"lazy\" decoding=\"async\" width=\"251\" height=\"300\" data-id=\"7463\" src=\"https:\/\/cecileroumiguiere.com\/wp\/wp-content\/uploads\/2023\/08\/Oofrreut-couv-251x300.jpg\" alt=\"\" class=\"wp-image-7463\" srcset=\"https:\/\/cecileroumiguiere.com\/wp\/wp-content\/uploads\/2023\/08\/Oofrreut-couv-251x300.jpg 251w, https:\/\/cecileroumiguiere.com\/wp\/wp-content\/uploads\/2023\/08\/Oofrreut-couv.jpg 614w\" sizes=\"auto, (max-width: 251px) 100vw, 251px\" \/><\/a><\/figure>\n\n\n\n<figure class=\"wp-block-image size-medium\"><a href=\"https:\/\/cecileroumiguiere.com\/wp\/?page_id=5932\"><img loading=\"lazy\" decoding=\"async\" width=\"249\" height=\"300\" data-id=\"7470\" src=\"https:\/\/cecileroumiguiere.com\/wp\/wp-content\/uploads\/2023\/08\/Hector-couv-avec-bandeau-249x300.jpg\" alt=\"\" class=\"wp-image-7470\" srcset=\"https:\/\/cecileroumiguiere.com\/wp\/wp-content\/uploads\/2023\/08\/Hector-couv-avec-bandeau-249x300.jpg 249w, https:\/\/cecileroumiguiere.com\/wp\/wp-content\/uploads\/2023\/08\/Hector-couv-avec-bandeau.jpg 425w\" sizes=\"auto, (max-width: 249px) 100vw, 249px\" \/><\/a><\/figure>\n\n\n\n<figure class=\"wp-block-image size-medium\"><a href=\"https:\/\/cecileroumiguiere.com\/wp\/?page_id=15\"><img loading=\"lazy\" decoding=\"async\" width=\"190\" height=\"300\" data-id=\"7461\" src=\"https:\/\/cecileroumiguiere.com\/wp\/wp-content\/uploads\/2023\/08\/demainlune_couv_72dpi-190x300.jpg\" alt=\"\" class=\"wp-image-7461\" srcset=\"https:\/\/cecileroumiguiere.com\/wp\/wp-content\/uploads\/2023\/08\/demainlune_couv_72dpi-190x300.jpg 190w, https:\/\/cecileroumiguiere.com\/wp\/wp-content\/uploads\/2023\/08\/demainlune_couv_72dpi.jpg 397w\" sizes=\"auto, (max-width: 190px) 100vw, 190px\" \/><\/a><\/figure>\n\n\n\n<figure class=\"wp-block-image size-medium\"><a href=\"https:\/\/cecileroumiguiere.com\/wp\/?page_id=4813\"><img loading=\"lazy\" decoding=\"async\" width=\"205\" height=\"300\" data-id=\"7468\" src=\"https:\/\/cecileroumiguiere.com\/wp\/wp-content\/uploads\/2023\/08\/poema_couv-205x300.jpg\" alt=\"\" class=\"wp-image-7468\" srcset=\"https:\/\/cecileroumiguiere.com\/wp\/wp-content\/uploads\/2023\/08\/poema_couv-205x300.jpg 205w, https:\/\/cecileroumiguiere.com\/wp\/wp-content\/uploads\/2023\/08\/poema_couv-700x1026.jpg 700w, https:\/\/cecileroumiguiere.com\/wp\/wp-content\/uploads\/2023\/08\/poema_couv-768x1126.jpg 768w, https:\/\/cecileroumiguiere.com\/wp\/wp-content\/uploads\/2023\/08\/poema_couv-1048x1536.jpg 1048w, https:\/\/cecileroumiguiere.com\/wp\/wp-content\/uploads\/2023\/08\/poema_couv-1397x2048.jpg 1397w, https:\/\/cecileroumiguiere.com\/wp\/wp-content\/uploads\/2023\/08\/poema_couv-1140x1671.jpg 1140w, https:\/\/cecileroumiguiere.com\/wp\/wp-content\/uploads\/2023\/08\/poema_couv.jpg 1614w\" sizes=\"auto, (max-width: 205px) 100vw, 205px\" \/><\/a><\/figure>\n\n\n\n<figure class=\"wp-block-image size-medium\"><a href=\"https:\/\/cecileroumiguiere.com\/wp\/?page_id=295\"><img loading=\"lazy\" decoding=\"async\" width=\"300\" height=\"293\" data-id=\"7466\" src=\"https:\/\/cecileroumiguiere.com\/wp\/wp-content\/uploads\/2023\/08\/tilleul_couv_72dpi-300x293.jpg\" alt=\"\" class=\"wp-image-7466\" srcset=\"https:\/\/cecileroumiguiere.com\/wp\/wp-content\/uploads\/2023\/08\/tilleul_couv_72dpi-300x293.jpg 300w, https:\/\/cecileroumiguiere.com\/wp\/wp-content\/uploads\/2023\/08\/tilleul_couv_72dpi-700x683.jpg 700w, https:\/\/cecileroumiguiere.com\/wp\/wp-content\/uploads\/2023\/08\/tilleul_couv_72dpi-768x749.jpg 768w, https:\/\/cecileroumiguiere.com\/wp\/wp-content\/uploads\/2023\/08\/tilleul_couv_72dpi.jpg 812w\" sizes=\"auto, (max-width: 300px) 100vw, 300px\" \/><\/a><\/figure>\n\n\n\n<figure class=\"wp-block-image size-medium\"><a href=\"https:\/\/cecileroumiguiere.com\/wp\/?page_id=7166\"><img loading=\"lazy\" decoding=\"async\" width=\"218\" height=\"300\" data-id=\"7175\" src=\"https:\/\/cecileroumiguiere.com\/wp\/wp-content\/uploads\/2022\/10\/sorcie\u0300res-couv-une-finalise-218x300.jpg\" alt=\"\" class=\"wp-image-7175\" srcset=\"https:\/\/cecileroumiguiere.com\/wp\/wp-content\/uploads\/2022\/10\/sorcie\u0300res-couv-une-finalise-218x300.jpg 218w, https:\/\/cecileroumiguiere.com\/wp\/wp-content\/uploads\/2022\/10\/sorcie\u0300res-couv-une-finalise-700x963.jpg 700w, https:\/\/cecileroumiguiere.com\/wp\/wp-content\/uploads\/2022\/10\/sorcie\u0300res-couv-une-finalise-768x1057.jpg 768w, https:\/\/cecileroumiguiere.com\/wp\/wp-content\/uploads\/2022\/10\/sorcie\u0300res-couv-une-finalise.jpg 811w\" sizes=\"auto, (max-width: 218px) 100vw, 218px\" \/><\/a><\/figure>\n\n\n\n<figure class=\"wp-block-image size-medium\"><a href=\"https:\/\/cecileroumiguiere.com\/wp\/?page_id=5879\"><img loading=\"lazy\" decoding=\"async\" width=\"220\" height=\"300\" data-id=\"6769\" src=\"https:\/\/cecileroumiguiere.com\/wp\/wp-content\/uploads\/2020\/12\/peaudane-couv-2-220x300.jpg\" alt=\"\" class=\"wp-image-6769\" srcset=\"https:\/\/cecileroumiguiere.com\/wp\/wp-content\/uploads\/2020\/12\/peaudane-couv-2-220x300.jpg 220w, https:\/\/cecileroumiguiere.com\/wp\/wp-content\/uploads\/2020\/12\/peaudane-couv-2.jpg 639w\" sizes=\"auto, (max-width: 220px) 100vw, 220px\" \/><\/a><\/figure>\n\n\n\n<figure class=\"wp-block-image size-medium\"><a href=\"https:\/\/cecileroumiguiere.com\/wp\/?p=7439\"><img loading=\"lazy\" decoding=\"async\" width=\"220\" height=\"300\" data-id=\"7381\" src=\"https:\/\/cecileroumiguiere.com\/wp\/wp-content\/uploads\/2023\/08\/Nasha-couv-220x300.jpg\" alt=\"\" class=\"wp-image-7381\" srcset=\"https:\/\/cecileroumiguiere.com\/wp\/wp-content\/uploads\/2023\/08\/Nasha-couv-220x300.jpg 220w, https:\/\/cecileroumiguiere.com\/wp\/wp-content\/uploads\/2023\/08\/Nasha-couv.jpg 693w\" sizes=\"auto, (max-width: 220px) 100vw, 220px\" \/><\/a><\/figure>\n\n\n\n<figure class=\"wp-block-image size-medium\"><a href=\"https:\/\/cecileroumiguiere.com\/wp\/?page_id=5538\"><img loading=\"lazy\" decoding=\"async\" width=\"204\" height=\"300\" data-id=\"7469\" src=\"https:\/\/cecileroumiguiere.com\/wp\/wp-content\/uploads\/2023\/08\/ZOU-LE-ZOO-couv-204x300.jpg\" alt=\"\" class=\"wp-image-7469\" srcset=\"https:\/\/cecileroumiguiere.com\/wp\/wp-content\/uploads\/2023\/08\/ZOU-LE-ZOO-couv-204x300.jpg 204w, https:\/\/cecileroumiguiere.com\/wp\/wp-content\/uploads\/2023\/08\/ZOU-LE-ZOO-couv-700x1031.jpg 700w, https:\/\/cecileroumiguiere.com\/wp\/wp-content\/uploads\/2023\/08\/ZOU-LE-ZOO-couv-768x1131.jpg 768w, https:\/\/cecileroumiguiere.com\/wp\/wp-content\/uploads\/2023\/08\/ZOU-LE-ZOO-couv-1043x1536.jpg 1043w, https:\/\/cecileroumiguiere.com\/wp\/wp-content\/uploads\/2023\/08\/ZOU-LE-ZOO-couv-1391x2048.jpg 1391w, https:\/\/cecileroumiguiere.com\/wp\/wp-content\/uploads\/2023\/08\/ZOU-LE-ZOO-couv-1140x1678.jpg 1140w, https:\/\/cecileroumiguiere.com\/wp\/wp-content\/uploads\/2023\/08\/ZOU-LE-ZOO-couv-scaled.jpg 1739w\" sizes=\"auto, (max-width: 204px) 100vw, 204px\" \/><\/a><\/figure>\n\n\n\n<figure class=\"wp-block-image size-medium\"><a href=\"https:\/\/cecileroumiguiere.com\/wp\/?page_id=5547\"><img loading=\"lazy\" decoding=\"async\" width=\"230\" height=\"300\" data-id=\"5550\" src=\"https:\/\/cecileroumiguiere.com\/wp\/wp-content\/uploads\/2018\/10\/\u2014couv-jean-kevin-web-230x300.jpg\" alt=\"\" class=\"wp-image-5550\" srcset=\"https:\/\/cecileroumiguiere.com\/wp\/wp-content\/uploads\/2018\/10\/\u2014couv-jean-kevin-web-230x300.jpg 230w, https:\/\/cecileroumiguiere.com\/wp\/wp-content\/uploads\/2018\/10\/\u2014couv-jean-kevin-web-700x911.jpg 700w, https:\/\/cecileroumiguiere.com\/wp\/wp-content\/uploads\/2018\/10\/\u2014couv-jean-kevin-web.jpg 709w\" sizes=\"auto, (max-width: 230px) 100vw, 230px\" \/><\/a><\/figure>\n<\/figure>\n\n\n\n<h2 class=\"wp-block-heading\">L&rsquo;amiti\u00e9<\/h2>\n\n\n\n<h2 class=\"wp-block-heading\">Diff\u00e9rence(s)<\/h2>\n\n\n\n<h2 class=\"wp-block-heading\">Libert\u00e9<\/h2>\n\n\n\n<h3 class=\"wp-block-heading\">Prendre la route<\/h3>\n\n\n\n<h2 class=\"wp-block-heading\">Amour<\/h2>\n\n\n\n<h2 class=\"wp-block-heading\">La famille<\/h2>\n\n\n\n<h3 class=\"wp-block-heading\">Racines<\/h3>\n\n\n\n<h3 class=\"wp-block-heading\">S\u0153urs &amp; fr\u00e8res<\/h3>\n\n\n\n<h3 class=\"wp-block-heading\">Les parents<\/h3>\n\n\n\n<h3 class=\"wp-block-heading\">Les grands-parents<\/h3>\n\n\n\n<h2 class=\"wp-block-heading\">Au f\u00e9minin<\/h2>\n\n\n\n<h2 class=\"wp-block-heading\">La peur<\/h2>\n\n\n\n<h3 class=\"wp-block-heading\">Vaincre les (ses) monstres<\/h3>\n\n\n\n<h2 class=\"wp-block-heading\">D\u00e9couverte (de soi, des autres, du monde)<\/h2>\n\n\n\n<h3 class=\"wp-block-heading\">L&rsquo;\u00e9cole<\/h3>\n\n\n\n<h2 class=\"wp-block-heading\">Le merveilleux<\/h2>\n\n\n\n<h3 class=\"wp-block-heading\">Les contes<\/h3>\n\n\n\n<h2 class=\"wp-block-heading\">Grandir<\/h2>\n","protected":false},"excerpt":{"rendered":"<p>Page en chantier\u2026 Au fil des livres, quelques th\u00e8mes comme des cailloux sem\u00e9s pour trouver son chemin.En cliquant sur les couvertures, vous aurez tous les d\u00e9tails et la gen\u00e8se de chaque histoire. La nature L&rsquo;amiti\u00e9 Diff\u00e9rence(s) Libert\u00e9 Prendre la route Amour La famille Racines S\u0153urs &amp; fr\u00e8res Les parents Les grands-parents Au f\u00e9minin La peur Vaincre les (ses) monstres D\u00e9couverte (de soi, des autres, du monde) L&rsquo;\u00e9cole Le merveilleux Les contes Grandir<\/p>\n","protected":false},"author":1,"featured_media":0,"parent":0,"menu_order":0,"comment_status":"closed","ping_status":"closed","template":"","meta":{"footnotes":""},"class_list":["post-7448","page","type-page","status-publish","hentry"],"_links":{"self":[{"href":"https:\/\/cecileroumiguiere.com\/wp\/index.php?rest_route=\/wp\/v2\/pages\/7448","targetHints":{"allow":["GET"]}}],"collection":[{"href":"https:\/\/cecileroumiguiere.com\/wp\/index.php?rest_route=\/wp\/v2\/pages"}],"about":[{"href":"https:\/\/cecileroumiguiere.com\/wp\/index.php?rest_route=\/wp\/v2\/types\/page"}],"author":[{"embeddable":true,"href":"https:\/\/cecileroumiguiere.com\/wp\/index.php?rest_route=\/wp\/v2\/users\/1"}],"replies":[{"embeddable":true,"href":"https:\/\/cecileroumiguiere.com\/wp\/index.php?rest_route=%2Fwp%2Fv2%2Fcomments&post=7448"}],"version-history":[{"count":14,"href":"https:\/\/cecileroumiguiere.com\/wp\/index.php?rest_route=\/wp\/v2\/pages\/7448\/revisions"}],"predecessor-version":[{"id":7480,"href":"https:\/\/cecileroumiguiere.com\/wp\/index.php?rest_route=\/wp\/v2\/pages\/7448\/revisions\/7480"}],"wp:attachment":[{"href":"https:\/\/cecileroumiguiere.com\/wp\/index.php?rest_route=%2Fwp%2Fv2%2Fmedia&parent=7448"}],"curies":[{"name":"wp","href":"https:\/\/api.w.org\/{rel}","templated":true}]}}