{"id":7482,"date":"2023-09-07T09:19:49","date_gmt":"2023-09-07T08:19:49","guid":{"rendered":"https:\/\/cecileroumiguiere.com\/wp\/?page_id=7482"},"modified":"2023-09-10T17:04:45","modified_gmt":"2023-09-10T16:04:45","slug":"les-dragons","status":"publish","type":"page","link":"https:\/\/cecileroumiguiere.com\/wp\/?page_id=7482","title":{"rendered":"Les Dragons"},"content":{"rendered":"<p style=\"text-align: right;\"><em>Un livre de\u00a0<a href=\"https:\/\/www.instagram.com\/p\/CjFU_GTjpWt\/\">l\u2018encyclop\u00e9die du Merveilleux<\/a>,<\/em><br \/>\n<em>Illustrations sign\u00e9es <a href=\"https:\/\/www.instagram.com\/yvanduque\/\">Yvan Duque<\/a>, collection de <a href=\"http:\/\/www.benjaminlacombe.com\/\">Benjamin Lacombe<\/a>,\u00a0<a href=\"https:\/\/www.albin-michel.fr\/jeunesse\">Albin Michel<\/a>, 27 septembre 2023<\/em><\/p>\n\n\n<blockquote class=\"wp-block-quote is-layout-flow wp-block-quote-is-layout-flow\">\n<p>Les branches caressaient l\u2019eau vert sombre, des insectes jouaient \u00e0 saute herbes dans les rayons de lumi\u00e8re. \u2026 Plus on p\u00e9n\u00e9trait dans les m\u00e9andres du marais, plus l\u2019ombre se faisait \u00e9paisse. \u2026<br>\u2014 Lysiane, \u00e9coute\u2026 On dirait un enfant qui pleure.<br>Rosemarie n\u2019avait pas tort : des g\u00e9missements semblaient venir du fond du marais.<br>\u2014 Le vent, sans doute\u2026<br>Lysiane se remit \u00e0 pousser, la barque reprit sa lente avanc\u00e9e au fil de l\u2019eau.<br>Elle s\u2019immobilisa :<br>\u2014 Il n\u2019y a pas de vent&#8230;<br>\u00c0 peine avait-elle prononc\u00e9 ces mots qu\u2019un tourbillon d\u2019\u00e9cume et de bulles encercla la barque. Deux yeux tristes en \u00e9merg\u00e8rent, suivis de naseaux fumants. La b\u00eate, le monstre, on ne sait comment nommer cette cr\u00e9ature, renifla, se redressa et&#8230; souleva la barque, mena\u00e7ant de la faire chavirer !&nbsp;<\/p>\n<cite>Landelin, dernier dragon du marais, dans \u201c<em>Les Dragons<\/em>\u201d, Albin Michel 2023<\/cite><\/blockquote>\n\n\n\n<h2 class=\"wp-block-heading\">Des cr\u00e9atures de r\u00eaves<\/h2>\n\n\n\n<div class=\"wp-block-media-text is-stacked-on-mobile\" style=\"grid-template-columns:36% auto\"><figure class=\"wp-block-media-text__media\"><img loading=\"lazy\" decoding=\"async\" width=\"664\" height=\"895\" src=\"https:\/\/cecileroumiguiere.com\/wp\/wp-content\/uploads\/2023\/09\/Msizi-koa.png\" alt=\"\" class=\"wp-image-7499 size-full\" srcset=\"https:\/\/cecileroumiguiere.com\/wp\/wp-content\/uploads\/2023\/09\/Msizi-koa.png 664w, https:\/\/cecileroumiguiere.com\/wp\/wp-content\/uploads\/2023\/09\/Msizi-koa-223x300.png 223w\" sizes=\"auto, (max-width: 664px) 100vw, 664px\" \/><\/figure><div class=\"wp-block-media-text__content\">\n<p>Intimement li\u00e9s \u00e0 la nature et aux frayeurs humaines les plus profondes, depuis la nuit des temps, les dragons peuplent l&rsquo;imaginaire de la plan\u00e8te tout enti\u00e8re. Dragon de l&rsquo;eau, du feu, de l&rsquo;air, de la terre, des for\u00eats, de la couleur, de la nuit ou de la lumi\u00e8re, ils tracent un chemin entre notre humanit\u00e9 et son habitat. <\/p>\n\n\n\n<p>De l&rsquo;Orient \u00e0 l&rsquo;Occident, sous leurs formes multiples, en kit, touchants ou terribles, jusqu&rsquo;\u00e0 finir, parfois, dans des cabinets de curiosit\u00e9 et plus souvent aujourd&rsquo;hui au cin\u00e9ma ou dans des jeux vid\u00e9os, huit dragons et dragonnes sont \u00e9voqu\u00e9es ici et ouvrent des pages qui nous apprennent \u00e0 mieux les conna\u00eetre.<\/p>\n<\/div><\/div>\n\n\n\n<h2 class=\"wp-block-heading\">Majestueux et puissants<\/h2>\n\n\n<div class=\"wp-block-image\">\n<figure class=\"aligncenter size-large\"><img loading=\"lazy\" decoding=\"async\" width=\"700\" height=\"356\" src=\"https:\/\/cecileroumiguiere.com\/wp\/wp-content\/uploads\/2023\/09\/dragons-pastilles-700x356.png\" alt=\"\" class=\"wp-image-7490\" srcset=\"https:\/\/cecileroumiguiere.com\/wp\/wp-content\/uploads\/2023\/09\/dragons-pastilles-700x356.png 700w, https:\/\/cecileroumiguiere.com\/wp\/wp-content\/uploads\/2023\/09\/dragons-pastilles-300x153.png 300w, https:\/\/cecileroumiguiere.com\/wp\/wp-content\/uploads\/2023\/09\/dragons-pastilles-768x391.png 768w, https:\/\/cecileroumiguiere.com\/wp\/wp-content\/uploads\/2023\/09\/dragons-pastilles.png 864w\" sizes=\"auto, (max-width: 700px) 100vw, 700px\" \/><\/figure>\n<\/div>\n\n\n<p>Pr\u00e9sents \u00e0 la gen\u00e8se de toutes les cultures, les dragons naissent de l&rsquo;imagination de chacun. Yvan Duque a invent\u00e9 son univers de dragons comme j&rsquo;ai navigu\u00e9 dans le mien. Ensemble, on a cr\u00e9\u00e9 ces \u00eatres hybrides, mouvants, majestueux et puissants. S&rsquo;ils rebondissent sur les cr\u00e9atures connues, l\u00e9viathan, basilics, nagas ou dragons pourfendeurs de diables, on les a pens\u00e9s aussi miroirs de notre rapport \u00e0 la nature&nbsp;: gardiens de notre habitat, ils nous apprennent \u00e0 mieux le regarder pour en mesurer la fragilit\u00e9.<\/p>\n\n\n\n<h2 class=\"wp-block-heading\">La solitude d&rsquo;Amaru et celle de Will<\/h2>\n\n\n\n<div class=\"wp-block-media-text has-media-on-the-right is-stacked-on-mobile\" style=\"grid-template-columns:auto 33%\"><div class=\"wp-block-media-text__content\">\n<p>Comme Amaru, le dragon de nuit, Will est seul. Trop seul. Ses doigts s&rsquo;agitent sur la manette de son jeu vid\u00e9o. Vaincra-t-il le dragon ultime ? Si son p\u00e8re \u00e9tait l\u00e0, il pourrait l&rsquo;aider\u2026 Mais son p\u00e8re rentre tard, souvent apr\u00e8s que Will se soit couch\u00e9, et sa m\u00e8re travaille \u00e0 l&rsquo;autre bout de la plan\u00e8te. Will peuple sa solitude par l&rsquo;imagination. Elle entre par cette fen\u00eatre grande ouverte&nbsp;: place aux dragons !<\/p>\n<\/div><figure class=\"wp-block-media-text__media\"><img loading=\"lazy\" decoding=\"async\" width=\"700\" height=\"709\" src=\"https:\/\/cecileroumiguiere.com\/wp\/wp-content\/uploads\/2023\/09\/will-recadre-700x709.jpg\" alt=\"\" class=\"wp-image-7526 size-full\" srcset=\"https:\/\/cecileroumiguiere.com\/wp\/wp-content\/uploads\/2023\/09\/will-recadre-700x709.jpg 700w, https:\/\/cecileroumiguiere.com\/wp\/wp-content\/uploads\/2023\/09\/will-recadre-296x300.jpg 296w, https:\/\/cecileroumiguiere.com\/wp\/wp-content\/uploads\/2023\/09\/will-recadre-768x778.jpg 768w, https:\/\/cecileroumiguiere.com\/wp\/wp-content\/uploads\/2023\/09\/will-recadre-75x75.jpg 75w, https:\/\/cecileroumiguiere.com\/wp\/wp-content\/uploads\/2023\/09\/will-recadre.jpg 943w\" sizes=\"auto, (max-width: 700px) 100vw, 700px\" \/><\/figure><\/div>\n\n\n\n<h2 class=\"wp-block-heading\">Une \u00e9quipe<\/h2>\n\n\n\n<p>Ce livre n&rsquo;existerait pas sans la volont\u00e9 et le suivi attentionn\u00e9 de Benjamin Lacombe. Directeur de collection de cette Encyclop\u00e9die du Merveilleux, il met en \u00e9crin chaque livre, de sa conception \u00e0 l&rsquo;impression. Les dragons lui doivent tout leur \u00e9clat\u2026 <\/p>\n\n\n\n<p>Les illustrations d\u2019Yvan Duque, tendres et po\u00e9tiques, cr\u00e9ent un livre totalement atypique sur un sujet que l&rsquo;on pouvait penser d\u00e9j\u00e0 beaucoup vu. Certes, il y a beaucoup de livres sur les dragons, mais aucun n&rsquo;a cette atmosph\u00e8re unique !<\/p>\n\n\n\n<p>Le livre a \u00e9t\u00e9 suivi, lu, relu, rerelu, cocoon\u00e9 par Lucette Savier, \u00c9lise Lacharme et Fleur P\u00e9dezert, mis en page par Fr\u00e9d\u00e9rique Deviller, imprim\u00e9 chez Soler en Espagne, d\u00e9sormais entre les mains des commerciaux et des libraires pour arriver jusqu&rsquo;\u00e0 vous\u2026<\/p>\n\n\n\n<p>Merci \u00e0 Marion Jablonski et toute l&rsquo;\u00e9quipe chez Albin Michel !<\/p>\n\n\n\n<h2 class=\"wp-block-heading\">Une collection<\/h2>\n\n\n\n<div class=\"wp-block-media-text has-media-on-the-right is-stacked-on-mobile\"><div class=\"wp-block-media-text__content\">\n<p>Apr\u00e8s <a href=\"https:\/\/cecileroumiguiere.com\/wp\/?page_id=7166\" data-type=\"page\" data-id=\"7166\"><em>Les Sorci\u00e8res<\/em><\/a> et <em>Les F\u00e9es<\/em> en 2022, <em>Les Dragons<\/em> et <em>Les monstres<\/em> paraissent en m\u00eame temps, le 27 septembre 2023. \u00c9crit par S\u00e9bastien P\u00e9rez et illustr\u00e9 par Stan Manoukian, <em>Les Monstres<\/em> vous feront frissonner et vous apprendrez \u00e0 mieux conna\u00eetre ces \u00eatres diff\u00e9rents.<\/p>\n<\/div><figure class=\"wp-block-media-text__media\"><img loading=\"lazy\" decoding=\"async\" width=\"508\" height=\"196\" src=\"https:\/\/cecileroumiguiere.com\/wp\/wp-content\/uploads\/2023\/09\/encyclopedie-titre.jpg\" alt=\"\" class=\"wp-image-7516 size-full\" srcset=\"https:\/\/cecileroumiguiere.com\/wp\/wp-content\/uploads\/2023\/09\/encyclopedie-titre.jpg 508w, https:\/\/cecileroumiguiere.com\/wp\/wp-content\/uploads\/2023\/09\/encyclopedie-titre-300x116.jpg 300w\" sizes=\"auto, (max-width: 508px) 100vw, 508px\" \/><\/figure><\/div>\n\n\n\n<figure class=\"wp-block-gallery aligncenter has-nested-images columns-4 is-cropped wp-block-gallery-1 is-layout-flex wp-block-gallery-is-layout-flex\">\n<figure class=\"wp-block-image size-large\"><img loading=\"lazy\" decoding=\"async\" width=\"599\" height=\"800\" data-id=\"7512\" src=\"https:\/\/cecileroumiguiere.com\/wp\/wp-content\/uploads\/2023\/09\/les-sorcieres.jpg\" alt=\"\" class=\"wp-image-7512\" srcset=\"https:\/\/cecileroumiguiere.com\/wp\/wp-content\/uploads\/2023\/09\/les-sorcieres.jpg 599w, https:\/\/cecileroumiguiere.com\/wp\/wp-content\/uploads\/2023\/09\/les-sorcieres-225x300.jpg 225w\" sizes=\"auto, (max-width: 599px) 100vw, 599px\" \/><\/figure>\n\n\n\n<figure class=\"wp-block-image size-large\"><img loading=\"lazy\" decoding=\"async\" width=\"595\" height=\"800\" data-id=\"7513\" src=\"https:\/\/cecileroumiguiere.com\/wp\/wp-content\/uploads\/2023\/09\/les-fees.jpg\" alt=\"\" class=\"wp-image-7513\" srcset=\"https:\/\/cecileroumiguiere.com\/wp\/wp-content\/uploads\/2023\/09\/les-fees.jpg 595w, https:\/\/cecileroumiguiere.com\/wp\/wp-content\/uploads\/2023\/09\/les-fees-223x300.jpg 223w\" sizes=\"auto, (max-width: 595px) 100vw, 595px\" \/><\/figure>\n\n\n\n<figure class=\"wp-block-image size-full\"><img loading=\"lazy\" decoding=\"async\" width=\"567\" height=\"750\" data-id=\"7535\" src=\"https:\/\/cecileroumiguiere.com\/wp\/wp-content\/uploads\/2023\/09\/couv-dragons.jpg\" alt=\"\" class=\"wp-image-7535\" srcset=\"https:\/\/cecileroumiguiere.com\/wp\/wp-content\/uploads\/2023\/09\/couv-dragons.jpg 567w, https:\/\/cecileroumiguiere.com\/wp\/wp-content\/uploads\/2023\/09\/couv-dragons-227x300.jpg 227w\" sizes=\"auto, (max-width: 567px) 100vw, 567px\" \/><\/figure>\n\n\n\n<figure class=\"wp-block-image size-large\"><img loading=\"lazy\" decoding=\"async\" width=\"700\" height=\"962\" data-id=\"7527\" src=\"https:\/\/cecileroumiguiere.com\/wp\/wp-content\/uploads\/2023\/09\/couv-lesmonstres-700x962.jpg\" alt=\"\" class=\"wp-image-7527\" srcset=\"https:\/\/cecileroumiguiere.com\/wp\/wp-content\/uploads\/2023\/09\/couv-lesmonstres-700x962.jpg 700w, https:\/\/cecileroumiguiere.com\/wp\/wp-content\/uploads\/2023\/09\/couv-lesmonstres-218x300.jpg 218w, https:\/\/cecileroumiguiere.com\/wp\/wp-content\/uploads\/2023\/09\/couv-lesmonstres.jpg 709w\" sizes=\"auto, (max-width: 700px) 100vw, 700px\" \/><\/figure>\n<\/figure>\n\n\n\n<p class=\"has-text-align-center\"><em>Illustrations \u00a9Yvan Duque 2023<\/em><br><em>Merci de ne pas les utiliser sans son accord.<\/em><\/p>\n","protected":false},"excerpt":{"rendered":"<p>Un livre de\u00a0l\u2018encyclop\u00e9die du Merveilleux, Illustrations sign\u00e9es Yvan Duque, collection de Benjamin Lacombe,\u00a0Albin Michel, 27 septembre 2023 Les branches caressaient l\u2019eau vert sombre, des insectes jouaient \u00e0 saute herbes dans les rayons de lumi\u00e8re. \u2026 Plus on p\u00e9n\u00e9trait dans les m\u00e9andres du marais, plus l\u2019ombre se faisait \u00e9paisse. \u2026\u2014 Lysiane, \u00e9coute\u2026 On dirait un enfant qui pleure.Rosemarie n\u2019avait pas tort : des g\u00e9missements semblaient venir du fond du marais.\u2014 Le vent, sans doute\u2026Lysiane se remit \u00e0 pousser, la barque reprit sa lente avanc\u00e9e au fil de l\u2019eau.Elle s\u2019immobilisa :\u2014 Il n\u2019y a pas de vent&#8230;\u00c0 peine avait-elle prononc\u00e9 ces mots qu\u2019un tourbillon d\u2019\u00e9cume et de bulles encercla la barque. Deux yeux tristes en \u00e9merg\u00e8rent, suivis de naseaux fumants. La b\u00eate, le monstre, on ne sait comment nommer cette cr\u00e9ature, renifla, se redressa et&#8230; souleva la barque, mena\u00e7ant de la faire chavirer !&nbsp; Landelin, dernier dragon du marais, dans \u201cLes Dragons\u201d, Albin Michel 2023 Des cr\u00e9atures de r\u00eaves Intimement li\u00e9s \u00e0 la nature et aux frayeurs humaines les plus profondes, depuis la nuit des temps, les dragons peuplent l&rsquo;imaginaire de la plan\u00e8te tout enti\u00e8re. Dragon de l&rsquo;eau, du feu, de l&rsquo;air, de la terre, des for\u00eats, de la couleur, de la nuit ou de la lumi\u00e8re, ils tracent un chemin entre notre humanit\u00e9 et son habitat. De l&rsquo;Orient \u00e0 l&rsquo;Occident, sous leurs formes multiples, en kit, touchants ou terribles, jusqu&rsquo;\u00e0 finir, parfois, dans des cabinets de curiosit\u00e9 et plus souvent aujourd&rsquo;hui au cin\u00e9ma ou dans des jeux vid\u00e9os, huit dragons et dragonnes sont \u00e9voqu\u00e9es ici et ouvrent des pages qui nous apprennent \u00e0 mieux les conna\u00eetre. Majestueux et puissants Pr\u00e9sents \u00e0 la gen\u00e8se de toutes les cultures, les dragons naissent de l&rsquo;imagination de chacun. Yvan Duque a invent\u00e9 son univers de dragons comme j&rsquo;ai navigu\u00e9 dans le mien. Ensemble, on a cr\u00e9\u00e9 ces \u00eatres hybrides, mouvants, majestueux et puissants. S&rsquo;ils rebondissent sur les cr\u00e9atures connues, l\u00e9viathan, basilics, nagas ou dragons pourfendeurs de diables, on les a pens\u00e9s aussi miroirs de notre rapport \u00e0 la nature&nbsp;: gardiens de notre habitat, ils nous apprennent \u00e0 mieux le regarder pour en mesurer la fragilit\u00e9. La solitude d&rsquo;Amaru et celle de Will Comme Amaru, le dragon de nuit, Will est seul. Trop seul. Ses doigts s&rsquo;agitent sur la manette de son jeu vid\u00e9o. Vaincra-t-il le dragon ultime ? Si son p\u00e8re \u00e9tait l\u00e0, il pourrait l&rsquo;aider\u2026 Mais son p\u00e8re rentre tard, souvent apr\u00e8s que Will se soit couch\u00e9, et sa m\u00e8re travaille \u00e0 l&rsquo;autre bout de la plan\u00e8te. Will peuple sa solitude par l&rsquo;imagination. Elle entre par cette fen\u00eatre grande ouverte&nbsp;: place aux dragons ! Une \u00e9quipe Ce livre n&rsquo;existerait pas sans la volont\u00e9 et le suivi attentionn\u00e9 de Benjamin Lacombe. Directeur de collection de cette Encyclop\u00e9die du Merveilleux, il met en \u00e9crin chaque livre, de sa conception \u00e0 l&rsquo;impression. Les dragons lui doivent tout leur \u00e9clat\u2026 Les illustrations d\u2019Yvan Duque, tendres et po\u00e9tiques, cr\u00e9ent un livre totalement atypique sur un sujet que l&rsquo;on pouvait penser d\u00e9j\u00e0 beaucoup vu. Certes, il y a beaucoup de livres sur les dragons, mais aucun n&rsquo;a cette atmosph\u00e8re unique ! Le livre a \u00e9t\u00e9 suivi, lu, relu, rerelu, cocoon\u00e9 par Lucette Savier, \u00c9lise Lacharme et Fleur P\u00e9dezert, mis en page par Fr\u00e9d\u00e9rique Deviller, imprim\u00e9 chez Soler en Espagne, d\u00e9sormais entre les mains des commerciaux et des libraires pour arriver jusqu&rsquo;\u00e0 vous\u2026 Merci \u00e0 Marion Jablonski et toute l&rsquo;\u00e9quipe chez Albin Michel ! Une collection Apr\u00e8s Les Sorci\u00e8res et Les F\u00e9es en 2022, Les Dragons et Les monstres paraissent en m\u00eame temps, le 27 septembre 2023. \u00c9crit par S\u00e9bastien P\u00e9rez et illustr\u00e9 par Stan Manoukian, Les Monstres vous feront frissonner et vous apprendrez \u00e0 mieux conna\u00eetre ces \u00eatres diff\u00e9rents. Illustrations \u00a9Yvan Duque 2023Merci de ne pas les utiliser sans son accord.<\/p>\n","protected":false},"author":1,"featured_media":7535,"parent":0,"menu_order":0,"comment_status":"closed","ping_status":"closed","template":"","meta":{"footnotes":""},"class_list":["post-7482","page","type-page","status-publish","has-post-thumbnail","hentry"],"_links":{"self":[{"href":"https:\/\/cecileroumiguiere.com\/wp\/index.php?rest_route=\/wp\/v2\/pages\/7482","targetHints":{"allow":["GET"]}}],"collection":[{"href":"https:\/\/cecileroumiguiere.com\/wp\/index.php?rest_route=\/wp\/v2\/pages"}],"about":[{"href":"https:\/\/cecileroumiguiere.com\/wp\/index.php?rest_route=\/wp\/v2\/types\/page"}],"author":[{"embeddable":true,"href":"https:\/\/cecileroumiguiere.com\/wp\/index.php?rest_route=\/wp\/v2\/users\/1"}],"replies":[{"embeddable":true,"href":"https:\/\/cecileroumiguiere.com\/wp\/index.php?rest_route=%2Fwp%2Fv2%2Fcomments&post=7482"}],"version-history":[{"count":23,"href":"https:\/\/cecileroumiguiere.com\/wp\/index.php?rest_route=\/wp\/v2\/pages\/7482\/revisions"}],"predecessor-version":[{"id":7536,"href":"https:\/\/cecileroumiguiere.com\/wp\/index.php?rest_route=\/wp\/v2\/pages\/7482\/revisions\/7536"}],"wp:featuredmedia":[{"embeddable":true,"href":"https:\/\/cecileroumiguiere.com\/wp\/index.php?rest_route=\/wp\/v2\/media\/7535"}],"wp:attachment":[{"href":"https:\/\/cecileroumiguiere.com\/wp\/index.php?rest_route=%2Fwp%2Fv2%2Fmedia&parent=7482"}],"curies":[{"name":"wp","href":"https:\/\/api.w.org\/{rel}","templated":true}]}}