{"id":7542,"date":"2023-10-03T10:56:26","date_gmt":"2023-10-03T09:56:26","guid":{"rendered":"https:\/\/cecileroumiguiere.com\/wp\/?page_id=7542"},"modified":"2023-10-03T13:31:35","modified_gmt":"2023-10-03T12:31:35","slug":"gaya","status":"publish","type":"page","link":"https:\/\/cecileroumiguiere.com\/wp\/?page_id=7542","title":{"rendered":"Gaya"},"content":{"rendered":"\n<p class=\"has-text-align-right\"><em>Illustrations de&nbsp;<a href=\"https:\/\/fr.wikipedia.org\/wiki\/R%C3%A9gis_Lejonc\">R\u00e9gis Lejonc<\/a>,<\/em><br>textes de<em>&nbsp;<a href=\"http:\/\/www.ghislaineroman.fr\/\">Ghislaine Roman<\/a>, <a href=\"https:\/\/fr.wikipedia.org\/wiki\/Alex_Cousseau\">Alex Cousseau<\/a>, <a href=\"https:\/\/thomas-scotto.net\/\">Thomas Scotto<\/a>,<\/em> <em><a href=\"https:\/\/fr.wikipedia.org\/wiki\/Fred_Bernard\">Fred Bernard<\/a>,<\/em><br><em><a href=\"https:\/\/books.google.fr\/books\/about\/Peau_d_%C3%82ne.html?id=qxWEDwAAQBAJ&amp;source=kp_author_description&amp;redir_esc=y\">Anne Jonas<\/a>, <a href=\"https:\/\/fr.wikipedia.org\/wiki\/Annie_Agopian\">Annie Agopian<\/a>, <a href=\"https:\/\/fr.wikipedia.org\/wiki\/Anne_Cortey\">Anne Cortey<\/a>, <a href=\"https:\/\/cecileroumiguiere.com\/wp\/\">C\u00e9cile Roumigui\u00e8re<\/a> et <a href=\"https:\/\/fr.wikipedia.org\/wiki\/Henri_Meunier_(illustrateur_fran%C3%A7ais)\">Henri Meunier<\/a>,<\/em><br><a href=\"https:\/\/www.little-urban.fr\/\">Little Urban<\/a><em>, 6 octobre 2023.<\/em><\/p>\n\n\n\n<div class=\"wp-block-media-text is-stacked-on-mobile\" style=\"grid-template-columns:24% auto\"><figure class=\"wp-block-media-text__media\"><img loading=\"lazy\" decoding=\"async\" width=\"700\" height=\"947\" src=\"https:\/\/cecileroumiguiere.com\/wp\/wp-content\/uploads\/2023\/10\/00-EXLIBRIS-CLAIRAC-web-700x947.jpg\" alt=\"\" class=\"wp-image-7575 size-full\" srcset=\"https:\/\/cecileroumiguiere.com\/wp\/wp-content\/uploads\/2023\/10\/00-EXLIBRIS-CLAIRAC-web-700x947.jpg 700w, https:\/\/cecileroumiguiere.com\/wp\/wp-content\/uploads\/2023\/10\/00-EXLIBRIS-CLAIRAC-web-222x300.jpg 222w, https:\/\/cecileroumiguiere.com\/wp\/wp-content\/uploads\/2023\/10\/00-EXLIBRIS-CLAIRAC-web.jpg 709w\" sizes=\"auto, (max-width: 700px) 100vw, 700px\" \/><\/figure><div class=\"wp-block-media-text__content\">\n<p>Cette folle aventure a d\u00e9but\u00e9\u2026 avant l&rsquo;\u00e8re du Covid, c&rsquo;est dire&nbsp;! <\/p>\n\n\n\n<p>\u2749 Hiver 2019, salon de Montreuil, l&rsquo;ami R\u00e9gis m&rsquo;offre un <em>ex-libris<\/em>, une image, en me proposant un projet qui ne pouvait que me plaire&nbsp;: faire partie d&rsquo;une bande de neuf auteurices, \u00e9crire une histoire autour de l&rsquo;enfant sur l&rsquo;image, comme les huit autres, et faire de ces neuf histoires un livre, un recueil qu&rsquo;il relierait par ses illustrations.<br><\/p>\n<\/div><\/div>\n\n\n\n<p>\u2749 L&rsquo;image est riche d&rsquo;histoires \u00e0 inventer\u2026 J&rsquo;\u00e9cris \u201cla mienne\u201d dans la lanc\u00e9e. Celle de Gayane, une enfant \u00e0 la recherche de son ombre. <\/p>\n\n\n\n<figure class=\"wp-block-gallery aligncenter has-nested-images columns-4 is-cropped wp-block-gallery-1 is-layout-flex wp-block-gallery-is-layout-flex\">\n<figure class=\"wp-block-image size-large\"><img loading=\"lazy\" decoding=\"async\" width=\"558\" height=\"745\" data-id=\"7579\" src=\"https:\/\/cecileroumiguiere.com\/wp\/wp-content\/uploads\/2023\/10\/02-chimeres-4-gayane-web.jpeg\" alt=\"\" class=\"wp-image-7579\" srcset=\"https:\/\/cecileroumiguiere.com\/wp\/wp-content\/uploads\/2023\/10\/02-chimeres-4-gayane-web.jpeg 558w, https:\/\/cecileroumiguiere.com\/wp\/wp-content\/uploads\/2023\/10\/02-chimeres-4-gayane-web-225x300.jpeg 225w\" sizes=\"auto, (max-width: 558px) 100vw, 558px\" \/><figcaption class=\"wp-element-caption\">Gayane, le domaine, proposition d&rsquo;image<\/figcaption><\/figure>\n\n\n\n<figure class=\"wp-block-image size-large\"><img loading=\"lazy\" decoding=\"async\" width=\"574\" height=\"762\" data-id=\"7578\" src=\"https:\/\/cecileroumiguiere.com\/wp\/wp-content\/uploads\/2023\/10\/gayane.jpg\" alt=\"\" class=\"wp-image-7578\" srcset=\"https:\/\/cecileroumiguiere.com\/wp\/wp-content\/uploads\/2023\/10\/gayane.jpg 574w, https:\/\/cecileroumiguiere.com\/wp\/wp-content\/uploads\/2023\/10\/gayane-226x300.jpg 226w\" sizes=\"auto, (max-width: 574px) 100vw, 574px\" \/><figcaption class=\"wp-element-caption\">Gayane, retour au domaine, Image finale<\/figcaption><\/figure>\n\n\n\n<figure class=\"wp-block-image size-large\"><img loading=\"lazy\" decoding=\"async\" width=\"700\" height=\"821\" data-id=\"7582\" src=\"https:\/\/cecileroumiguiere.com\/wp\/wp-content\/uploads\/2023\/10\/Gayane-chapitre1-encours-700x821.jpg\" alt=\"\" class=\"wp-image-7582\" srcset=\"https:\/\/cecileroumiguiere.com\/wp\/wp-content\/uploads\/2023\/10\/Gayane-chapitre1-encours-700x821.jpg 700w, https:\/\/cecileroumiguiere.com\/wp\/wp-content\/uploads\/2023\/10\/Gayane-chapitre1-encours-256x300.jpg 256w, https:\/\/cecileroumiguiere.com\/wp\/wp-content\/uploads\/2023\/10\/Gayane-chapitre1-encours-768x901.jpg 768w, https:\/\/cecileroumiguiere.com\/wp\/wp-content\/uploads\/2023\/10\/Gayane-chapitre1-encours.jpg 823w\" sizes=\"auto, (max-width: 700px) 100vw, 700px\" \/><figcaption class=\"wp-element-caption\">Chapitre 8, travail en cours<\/figcaption><\/figure>\n\n\n\n<figure class=\"wp-block-image size-large\"><img loading=\"lazy\" decoding=\"async\" width=\"700\" height=\"918\" data-id=\"7583\" src=\"https:\/\/cecileroumiguiere.com\/wp\/wp-content\/uploads\/2023\/10\/gayane-chapitre1-700x918.jpg\" alt=\"\" class=\"wp-image-7583\" srcset=\"https:\/\/cecileroumiguiere.com\/wp\/wp-content\/uploads\/2023\/10\/gayane-chapitre1-700x918.jpg 700w, https:\/\/cecileroumiguiere.com\/wp\/wp-content\/uploads\/2023\/10\/gayane-chapitre1-229x300.jpg 229w, https:\/\/cecileroumiguiere.com\/wp\/wp-content\/uploads\/2023\/10\/gayane-chapitre1.jpg 727w\" sizes=\"auto, (max-width: 700px) 100vw, 700px\" \/><figcaption class=\"wp-element-caption\">Chapitre 8, Gayane<\/figcaption><\/figure>\n<\/figure>\n\n\n\n<p>\u2749 R\u00e9gis rebondit. Il propose que le pr\u00e9nom Gaya soit la base des pr\u00e9noms de toutes les histoires. Il avance, r\u00e9fl\u00e9chit, pense et repense le projet\u2026 et propose aux huit autres auteurices une nouvelle image : le m\u00eame personnage mais \u00e0 des \u00e2ges, des \u00e9poques et des lieux diff\u00e9rents. Ainsi vont se cr\u00e9er&nbsp;<em>Les neuf vies extraordinaires de la princesse Gaya<\/em>.<\/p>\n\n\n\n<h2 class=\"wp-block-heading\">La bande \u00e0 Gaya<\/h2>\n\n\n\n<p>R\u00e9gis Lejonc est le pivot de l&rsquo;histoire. Il s&rsquo;est entour\u00e9 d&rsquo;auteurices \u201cavec qui il avait envie de travailler\u201d dit-il dans <a href=\"https:\/\/www.little-urban.fr\/interview-les-9-vies-extraordinaires-de-la-princesse-gaya\/\">la vid\u00e9o de pr\u00e9sentation du livre<\/a>. <\/p>\n\n\n\n<h3 class=\"wp-block-heading\">Dans l&rsquo;ordre des histoires :<\/h3>\n\n\n\n<p>Ghislaine Roman, Alex Cousseau, Thomas Scotto, Fred Bernard, Anne Jonas, Annie Agopian, Anne Cortey, C\u00e9cile Roumigui\u00e8re et Henri Meunier aux textes, toutes les illustrations par R\u00e9gis Lejonc et tout du long\u2026&nbsp;un chat noir.<\/p>\n\n\n\n<p>R\u00e9gis a non seulement pens\u00e9 le projet mais il l&rsquo;a port\u00e9, de la conception \u00e0 la r\u00e9alisation \u00e0 la fois avec l&rsquo;\u00e9quipe de l&rsquo;\u00e9diteur Little Urban et dans tout le montage de financement participatif. Parce que r\u00e9aliser un livre \u00e0 dix est une aventure complexe \u00e0 faire entrer dans le fonctionnement habituel de l&rsquo;\u00e9conomie du livre.<\/p>\n\n\n\n<h2 class=\"wp-block-heading\">Un \u00e9diteur aventurier<\/h2>\n\n\n\n<div class=\"wp-block-media-text is-stacked-on-mobile\" style=\"grid-template-columns:22% auto\"><figure class=\"wp-block-media-text__media\"><img loading=\"lazy\" decoding=\"async\" width=\"700\" height=\"890\" src=\"https:\/\/cecileroumiguiere.com\/wp\/wp-content\/uploads\/2023\/10\/couv-gaya-3D-web-700x890.jpg\" alt=\"\" class=\"wp-image-7580 size-full\" srcset=\"https:\/\/cecileroumiguiere.com\/wp\/wp-content\/uploads\/2023\/10\/couv-gaya-3D-web-700x890.jpg 700w, https:\/\/cecileroumiguiere.com\/wp\/wp-content\/uploads\/2023\/10\/couv-gaya-3D-web-236x300.jpg 236w, https:\/\/cecileroumiguiere.com\/wp\/wp-content\/uploads\/2023\/10\/couv-gaya-3D-web-768x976.jpg 768w, https:\/\/cecileroumiguiere.com\/wp\/wp-content\/uploads\/2023\/10\/couv-gaya-3D-web.jpg 1034w\" sizes=\"auto, (max-width: 700px) 100vw, 700px\" \/><\/figure><div class=\"wp-block-media-text__content\">\n<p>Un artiste qui signe un livre per\u00e7oit un \u00e0-valoir, une somme qui lui sera retenue sur les ventes du livre. Ensuite, il touche des droits d&rsquo;auteur, un pourcentage du prix du livre hors taxe qui lui est revers\u00e9 une fois par an (deux fois d\u00e9sormais). Divis\u00e9 par dix, l&rsquo;\u00e0-valoir \u00ab\u00a0habituel\u00a0\u00bb aurait \u00e9t\u00e9 ridicule. Le financement participatif permettait de contourner cet \u00e9cueil. Tout est expliqu\u00e9 sur <a href=\"https:\/\/fr.ulule.com\/9viesdegaya\/\">la page du site Ulule<\/a>.<\/p>\n<\/div><\/div>\n\n\n\n<p>Il fallait un \u00e9diteur qui ose entrer dans une aventure o\u00f9 pr\u00e8s de mille exemplaires du livre seraient vendus hors de son giron. Little Urban est cet \u00e9diteur. Il suit et porte ce projet avec une magnifique \u00e9nergie. Il l&rsquo;a sign\u00e9 en nous laissant totalement libres de g\u00e9rer le financement participatif. La somme des ventes directes du livre \u201ccollector\u201d via la plateforme Ulule nous est int\u00e9gralement revenue apr\u00e8s d\u00e9duction des frais (impression, envoi, etc.). <\/p>\n\n\n\n<h2 class=\"wp-block-heading\">Un bateau pour un \u00e9quipage<\/h2>\n\n\n\n<p>Pour mener \u00e0 bien le projet, il fallait se voir, travailler ensemble. Pas facile quand on est dix, qu&rsquo;on habite \u00e0 tous les coins du pays et qu&rsquo;on a des agendas de folie. R\u00e9gis a anticip\u00e9&nbsp;: on a pris rendez-vous un an \u00e0 l&rsquo;avance pour une r\u00e9sidence au <a href=\"https:\/\/alca-nouvelle-aquitaine.fr\/fr\/residences\/chalet-mauriac\">Chalet Mauriac<\/a>, notre navire de l&rsquo;automne 2022 (merci \u00e0 Aim\u00e9e Ardouin et l&rsquo;\u00e9quipe du chalet pour l&rsquo;accueil !). <\/p>\n\n\n\n<p>Mi-octobre 2022, on s&rsquo;est donc toutes et tous retrouv\u00e9s dans ce cocon de cr\u00e9ation. Audrey Latallerie et Julien Boulesteix, les \u00e9diteurs de Little Urban, nous ont rejoints pour ciseler nos textes, affiner les \u00e9chos d&rsquo;une histoire \u00e0 l&rsquo;autre et d\u00e9couvrir les premi\u00e8res images de R\u00e9gis. On a aussi beaucoup ri, \u00e9chang\u00e9, d\u00e9velopp\u00e9 ce d\u00e9sir d&rsquo;avancer ensemble pour faire de notre <a href=\"https:\/\/www.little-urban.fr\/interview-les-9-vies-extraordinaires-de-la-princesse-gaya\/\">Gaya un voyage extraordinaire.<\/a><\/p>\n\n\n<div class=\"wp-block-image\">\n<figure class=\"aligncenter size-large is-resized\"><img loading=\"lazy\" decoding=\"async\" src=\"https:\/\/cecileroumiguiere.com\/wp\/wp-content\/uploads\/2023\/10\/bureau-chalet-700x307.jpg\" alt=\"\" class=\"wp-image-7581\" style=\"width:436px;height:191px\" width=\"436\" height=\"191\" srcset=\"https:\/\/cecileroumiguiere.com\/wp\/wp-content\/uploads\/2023\/10\/bureau-chalet-700x307.jpg 700w, https:\/\/cecileroumiguiere.com\/wp\/wp-content\/uploads\/2023\/10\/bureau-chalet-300x132.jpg 300w, https:\/\/cecileroumiguiere.com\/wp\/wp-content\/uploads\/2023\/10\/bureau-chalet-768x337.jpg 768w, https:\/\/cecileroumiguiere.com\/wp\/wp-content\/uploads\/2023\/10\/bureau-chalet-1536x675.jpg 1536w, https:\/\/cecileroumiguiere.com\/wp\/wp-content\/uploads\/2023\/10\/bureau-chalet-2048x899.jpg 2048w, https:\/\/cecileroumiguiere.com\/wp\/wp-content\/uploads\/2023\/10\/bureau-chalet-1140x501.jpg 1140w\" sizes=\"auto, (max-width: 436px) 100vw, 436px\" \/><\/figure>\n<\/div>\n\n\n<h2 class=\"wp-block-heading\">Gaya en librairie<\/h2>\n\n\n\n<p>D\u00e8s le 6 octobre 2023, le livre continue <a href=\"https:\/\/www.little-urban.fr\/produit\/les-9-vies-extraordinaires-de-la-princesse-gaya\/\">sa vie en librairie chez Little Urban<\/a> avec un m\u00eame livre (m\u00eame format, m\u00eame papier\u2026) mais \u00e0 la couverture diff\u00e9rente. Tout le travail d&rsquo;\u00e9dition, le suivi de maquette, de communication (merci Ab\u00e9lia Catty\u00a0!), les vid\u00e9os\u2026 tout a \u00e9t\u00e9 magistralement r\u00e9alis\u00e9 par l&rsquo;\u00e9quipe de Little Urban. Sans parler des surprises \u00e0 venir pour le lancement du livre pendant le salon de Montreuil et de Seine-Saint-Denis\u2026 <\/p>\n\n\n\n<h2 class=\"wp-block-heading\">Et vogue le navire\u2026<\/h2>\n\n\n\n<p>\u00c0 vous, lectrices, lecteurs, d&#8217;embarquer dans ces \u00ab\u00a0Neuf vies extraordinaires de la princesse Gaya\u201d\u2026 Puisse le voyage vous emporter loin dans l&rsquo;imaginaire. <\/p>\n","protected":false},"excerpt":{"rendered":"<p>Illustrations de&nbsp;R\u00e9gis Lejonc,textes de&nbsp;Ghislaine Roman, Alex Cousseau, Thomas Scotto, Fred Bernard,Anne Jonas, Annie Agopian, Anne Cortey, C\u00e9cile Roumigui\u00e8re et Henri Meunier,Little Urban, 6 octobre 2023. Cette folle aventure a d\u00e9but\u00e9\u2026 avant l&rsquo;\u00e8re du Covid, c&rsquo;est dire&nbsp;! \u2749 Hiver 2019, salon de Montreuil, l&rsquo;ami R\u00e9gis m&rsquo;offre un ex-libris, une image, en me proposant un projet qui ne pouvait que me plaire&nbsp;: faire partie d&rsquo;une bande de neuf auteurices, \u00e9crire une histoire autour de l&rsquo;enfant sur l&rsquo;image, comme les huit autres, et faire de ces neuf histoires un livre, un recueil qu&rsquo;il relierait par ses illustrations. \u2749 L&rsquo;image est riche d&rsquo;histoires \u00e0 inventer\u2026 J&rsquo;\u00e9cris \u201cla mienne\u201d dans la lanc\u00e9e. Celle de Gayane, une enfant \u00e0 la recherche de son ombre. \u2749 R\u00e9gis rebondit. Il propose que le pr\u00e9nom Gaya soit la base des pr\u00e9noms de toutes les histoires. Il avance, r\u00e9fl\u00e9chit, pense et repense le projet\u2026 et propose aux huit autres auteurices une nouvelle image : le m\u00eame personnage mais \u00e0 des \u00e2ges, des \u00e9poques et des lieux diff\u00e9rents. Ainsi vont se cr\u00e9er&nbsp;Les neuf vies extraordinaires de la princesse Gaya. La bande \u00e0 Gaya R\u00e9gis Lejonc est le pivot de l&rsquo;histoire. Il s&rsquo;est entour\u00e9 d&rsquo;auteurices \u201cavec qui il avait envie de travailler\u201d dit-il dans la vid\u00e9o de pr\u00e9sentation du livre. Dans l&rsquo;ordre des histoires : Ghislaine Roman, Alex Cousseau, Thomas Scotto, Fred Bernard, Anne Jonas, Annie Agopian, Anne Cortey, C\u00e9cile Roumigui\u00e8re et Henri Meunier aux textes, toutes les illustrations par R\u00e9gis Lejonc et tout du long\u2026&nbsp;un chat noir. R\u00e9gis a non seulement pens\u00e9 le projet mais il l&rsquo;a port\u00e9, de la conception \u00e0 la r\u00e9alisation \u00e0 la fois avec l&rsquo;\u00e9quipe de l&rsquo;\u00e9diteur Little Urban et dans tout le montage de financement participatif. Parce que r\u00e9aliser un livre \u00e0 dix est une aventure complexe \u00e0 faire entrer dans le fonctionnement habituel de l&rsquo;\u00e9conomie du livre. Un \u00e9diteur aventurier Un artiste qui signe un livre per\u00e7oit un \u00e0-valoir, une somme qui lui sera retenue sur les ventes du livre. Ensuite, il touche des droits d&rsquo;auteur, un pourcentage du prix du livre hors taxe qui lui est revers\u00e9 une fois par an (deux fois d\u00e9sormais). Divis\u00e9 par dix, l&rsquo;\u00e0-valoir \u00ab\u00a0habituel\u00a0\u00bb aurait \u00e9t\u00e9 ridicule. Le financement participatif permettait de contourner cet \u00e9cueil. Tout est expliqu\u00e9 sur la page du site Ulule. Il fallait un \u00e9diteur qui ose entrer dans une aventure o\u00f9 pr\u00e8s de mille exemplaires du livre seraient vendus hors de son giron. Little Urban est cet \u00e9diteur. Il suit et porte ce projet avec une magnifique \u00e9nergie. Il l&rsquo;a sign\u00e9 en nous laissant totalement libres de g\u00e9rer le financement participatif. La somme des ventes directes du livre \u201ccollector\u201d via la plateforme Ulule nous est int\u00e9gralement revenue apr\u00e8s d\u00e9duction des frais (impression, envoi, etc.). Un bateau pour un \u00e9quipage Pour mener \u00e0 bien le projet, il fallait se voir, travailler ensemble. Pas facile quand on est dix, qu&rsquo;on habite \u00e0 tous les coins du pays et qu&rsquo;on a des agendas de folie. R\u00e9gis a anticip\u00e9&nbsp;: on a pris rendez-vous un an \u00e0 l&rsquo;avance pour une r\u00e9sidence au Chalet Mauriac, notre navire de l&rsquo;automne 2022 (merci \u00e0 Aim\u00e9e Ardouin et l&rsquo;\u00e9quipe du chalet pour l&rsquo;accueil !). Mi-octobre 2022, on s&rsquo;est donc toutes et tous retrouv\u00e9s dans ce cocon de cr\u00e9ation. Audrey Latallerie et Julien Boulesteix, les \u00e9diteurs de Little Urban, nous ont rejoints pour ciseler nos textes, affiner les \u00e9chos d&rsquo;une histoire \u00e0 l&rsquo;autre et d\u00e9couvrir les premi\u00e8res images de R\u00e9gis. On a aussi beaucoup ri, \u00e9chang\u00e9, d\u00e9velopp\u00e9 ce d\u00e9sir d&rsquo;avancer ensemble pour faire de notre Gaya un voyage extraordinaire. Gaya en librairie D\u00e8s le 6 octobre 2023, le livre continue sa vie en librairie chez Little Urban avec un m\u00eame livre (m\u00eame format, m\u00eame papier\u2026) mais \u00e0 la couverture diff\u00e9rente. Tout le travail d&rsquo;\u00e9dition, le suivi de maquette, de communication (merci Ab\u00e9lia Catty\u00a0!), les vid\u00e9os\u2026 tout a \u00e9t\u00e9 magistralement r\u00e9alis\u00e9 par l&rsquo;\u00e9quipe de Little Urban. Sans parler des surprises \u00e0 venir pour le lancement du livre pendant le salon de Montreuil et de Seine-Saint-Denis\u2026 Et vogue le navire\u2026 \u00c0 vous, lectrices, lecteurs, d&#8217;embarquer dans ces \u00ab\u00a0Neuf vies extraordinaires de la princesse Gaya\u201d\u2026 Puisse le voyage vous emporter loin dans l&rsquo;imaginaire.<\/p>\n","protected":false},"author":1,"featured_media":7571,"parent":0,"menu_order":0,"comment_status":"closed","ping_status":"closed","template":"","meta":{"footnotes":""},"class_list":["post-7542","page","type-page","status-publish","has-post-thumbnail","hentry"],"_links":{"self":[{"href":"https:\/\/cecileroumiguiere.com\/wp\/index.php?rest_route=\/wp\/v2\/pages\/7542","targetHints":{"allow":["GET"]}}],"collection":[{"href":"https:\/\/cecileroumiguiere.com\/wp\/index.php?rest_route=\/wp\/v2\/pages"}],"about":[{"href":"https:\/\/cecileroumiguiere.com\/wp\/index.php?rest_route=\/wp\/v2\/types\/page"}],"author":[{"embeddable":true,"href":"https:\/\/cecileroumiguiere.com\/wp\/index.php?rest_route=\/wp\/v2\/users\/1"}],"replies":[{"embeddable":true,"href":"https:\/\/cecileroumiguiere.com\/wp\/index.php?rest_route=%2Fwp%2Fv2%2Fcomments&post=7542"}],"version-history":[{"count":25,"href":"https:\/\/cecileroumiguiere.com\/wp\/index.php?rest_route=\/wp\/v2\/pages\/7542\/revisions"}],"predecessor-version":[{"id":7613,"href":"https:\/\/cecileroumiguiere.com\/wp\/index.php?rest_route=\/wp\/v2\/pages\/7542\/revisions\/7613"}],"wp:featuredmedia":[{"embeddable":true,"href":"https:\/\/cecileroumiguiere.com\/wp\/index.php?rest_route=\/wp\/v2\/media\/7571"}],"wp:attachment":[{"href":"https:\/\/cecileroumiguiere.com\/wp\/index.php?rest_route=%2Fwp%2Fv2%2Fmedia&parent=7542"}],"curies":[{"name":"wp","href":"https:\/\/api.w.org\/{rel}","templated":true}]}}