{"id":7645,"date":"2024-03-31T16:47:09","date_gmt":"2024-03-31T15:47:09","guid":{"rendered":"https:\/\/cecileroumiguiere.com\/wp\/?page_id=7645"},"modified":"2024-04-04T09:35:55","modified_gmt":"2024-04-04T08:35:55","slug":"ani-fleurdepi","status":"publish","type":"page","link":"https:\/\/cecileroumiguiere.com\/wp\/?page_id=7645","title":{"rendered":"Ani Fleurd\u00e9pi"},"content":{"rendered":"\n<p class=\"has-text-align-right\">Une s\u00e9rie avec <a href=\"https:\/\/anneloreparot.ultra-book.com\/#filter=.rub_1\">Annelore Parot<\/a> aux illustrations<br>\u00e0 <a href=\"https:\/\/www.ecoledesloisirs.fr\/\">l&rsquo;\u00e9cole des loisirs<\/a> \u00b7 collection \u201cNeuf\u201d \u00b7&nbsp;Mai 2024<\/p>\n\n\n\n<h2 class=\"wp-block-heading\">Une c\u00e9r\u00e9monie au poil<\/h2>\n\n\n\n<blockquote class=\"wp-block-quote is-layout-flow wp-block-quote-is-layout-flow\">\n<p>Ani a beau parler et rire tr\u00e8s fort, souvent, elle se sent \u00e0 c\u00f4t\u00e9 des autres, comme un vase oubli\u00e9 sur un coin de table. Oh, pas un vase vide, non, un vase plein d\u2019id\u00e9es et d\u2019\u00e9motions. D\u00e9cal\u00e9e ? D\u00e9paraill\u00e9e\u2026 Ani ne comprend pas tout aux codes des autres \u00e9l\u00e8ves, ni \u00e0 ceux des grandes personnes autour d\u2019elle. Sauf ceux de M\u00e9m\u00e9lie et de sa m\u00e8re, bien s\u00fbr, c\u2019est avec ces codes-l\u00e0 qu\u2019elle a grandi. Par exemple, personne ne lui dit comment s\u2019habiller, elle a son id\u00e9e \u00e0 elle de la mode&nbsp;: le rouge \u00e0 pois verts c\u2019est interdit sinon, tout est permis, collants ray\u00e9s et salopette \u00e0 pois, qu\u2019importe, pourvu qu\u2019on n\u2019ait ni trop chaud ni trop froid, que \u00e7a ne gratte pas et que \u00e7a ne fasse pas trop de mal \u00e0 la plan\u00e8te. Ani garde ses habits le plus longtemps possible, elle porte souvent des pantalons trop courts et des manches qui lui couvrent \u00e0 peine les coudes, mais elle a vu ce reportage sur les v\u00eatements jet\u00e9s en Europe qui viennent s\u2019\u00e9chouer par centaines sur des plages africaines, \u00e7a lui a serr\u00e9 le c\u0153ur.<\/p>\n<cite>Une c\u00e9r\u00e9monie au poil, <em>Ani Fleurd\u00e9pi 1<\/em><\/cite><\/blockquote>\n\n\n\n<h2 class=\"wp-block-heading\">Naissance d\u2019Ani<\/h2>\n\n\n\n<p>\u00c0 sa naissance, Ani s&rsquo;appelait Popie, Popie Fleurd\u00e9pi\u2026 On \u00e9tait en 2019. J&rsquo;imaginais une fille combattante de l&rsquo;\u00e9cologie \u00e0 sa mani\u00e8re, celle d&rsquo;une enfant d&rsquo;environ huit ans, pleine d&rsquo;invention et bien d\u00e9cid\u00e9e \u00e0 \u00ab\u00a0r\u00e9parer ce qui est cass\u00e9\u00a0\u00bb. \u00c0 l&rsquo;image de Greta Thunberg, dont elle a une affiche dans sa chambre, Ani ne supporte pas de ne rien faire devant le g\u00e2chis autour d&rsquo;elle. <\/p>\n\n\n\n<div class=\"wp-block-media-text is-stacked-on-mobile\" style=\"grid-template-columns:39% auto\"><figure class=\"wp-block-media-text__media\"><img loading=\"lazy\" decoding=\"async\" width=\"700\" height=\"525\" src=\"https:\/\/cecileroumiguiere.com\/wp\/wp-content\/uploads\/2024\/03\/ani-carnetouvert-700x525.jpeg\" alt=\"\" class=\"wp-image-7647 size-full\" srcset=\"https:\/\/cecileroumiguiere.com\/wp\/wp-content\/uploads\/2024\/03\/ani-carnetouvert-700x525.jpeg 700w, https:\/\/cecileroumiguiere.com\/wp\/wp-content\/uploads\/2024\/03\/ani-carnetouvert-300x225.jpeg 300w, https:\/\/cecileroumiguiere.com\/wp\/wp-content\/uploads\/2024\/03\/ani-carnetouvert-768x576.jpeg 768w, https:\/\/cecileroumiguiere.com\/wp\/wp-content\/uploads\/2024\/03\/ani-carnetouvert.jpeg 992w\" sizes=\"auto, (max-width: 700px) 100vw, 700px\" \/><\/figure><div class=\"wp-block-media-text__content\">\n<p>Ani pourrait \u00eatre la fille de Fifi Brindacier et de Calvin et Hobes, de Caroline peut-\u00eatre aussi, et de Claude du Club des Cinq, ou encore de G\u00e9otrouvetout. Des personnages avec qui j&rsquo;ai grandi et qui ont en commun d&rsquo;\u00eatre tout autant pleins de fantaisie que de d\u00e9termination.<\/p>\n<\/div><\/div>\n\n\n\n<p>J&rsquo;ai construit ce personnage particulier, \u00e0 la fois r\u00eaveur et \u00e9nergique, en pensant d&#8217;embl\u00e9e un r\u00e9cit qui lui corresponde, avec des changements de rythme dans la lecture, d\u00e9clin\u00e9 \u00e0 la fois en roman illustr\u00e9 et en bande dessin\u00e9e, les deux fa\u00e7ons de raconter se tressant au gr\u00e9 des chapitres. <\/p>\n\n\n\n<h2 class=\"wp-block-heading\">Un trio pour Ani\u2026<\/h2>\n\n\n\n<p>Les mois ont pass\u00e9, le projet s&rsquo;est \u00e9toff\u00e9. Maya Michalon, \u00e9ditrice \u00e0 l&rsquo;\u00e9cole des loisirs, l&rsquo;a adoub\u00e9. Ani a grandi, elle est pass\u00e9e d&rsquo;un projet de <em>Mouche<\/em> \u00e0 celui d&rsquo;un <em>Neuf<\/em>, elle n&rsquo;avait plus huit ans mais plut\u00f4t dix.<\/p>\n\n\n\n<p>Restait \u00e0 trouver un ou une complice pour faire vivre Ani. En 2022, j&rsquo;ai propos\u00e9 \u00e0 Annelore Parot de vivre cette aventure avec moi, et le duo a fonctionn\u00e9 au-del\u00e0 de ce que je pouvais imaginer.<\/p>\n\n\n\n<div class=\"wp-block-media-text has-media-on-the-right is-stacked-on-mobile is-vertically-aligned-top\" style=\"grid-template-columns:auto 30%\"><div class=\"wp-block-media-text__content\">\n<p>Texte et image, id\u00e9es bouillonnantes, rebonds d&rsquo;une id\u00e9e sur l&rsquo;autre, on cr\u00e9e \u00e0 deux, avec bonheur. Ou \u00e0 trois devrais-je dire, avec Maya, notre \u00e9ditrice, qui nous \u00e9coute, nous entend, propose, nous emm\u00e8ne au plus pr\u00e8s de ce qu&rsquo;Ani est : une fille formidable !<\/p>\n<\/div><figure class=\"wp-block-media-text__media\"><img loading=\"lazy\" decoding=\"async\" width=\"700\" height=\"525\" src=\"https:\/\/cecileroumiguiere.com\/wp\/wp-content\/uploads\/2024\/03\/ani-carnet-700x525.jpeg\" alt=\"\" class=\"wp-image-7648 size-full\" srcset=\"https:\/\/cecileroumiguiere.com\/wp\/wp-content\/uploads\/2024\/03\/ani-carnet-700x525.jpeg 700w, https:\/\/cecileroumiguiere.com\/wp\/wp-content\/uploads\/2024\/03\/ani-carnet-300x225.jpeg 300w, https:\/\/cecileroumiguiere.com\/wp\/wp-content\/uploads\/2024\/03\/ani-carnet-768x576.jpeg 768w, https:\/\/cecileroumiguiere.com\/wp\/wp-content\/uploads\/2024\/03\/ani-carnet.jpeg 992w\" sizes=\"auto, (max-width: 700px) 100vw, 700px\" \/><\/figure><\/div>\n\n\n\n<h2 class=\"wp-block-heading\">Et toute une \u00e9quipe !<\/h2>\n\n\n\n<p>Le monde d&rsquo;Ani n&rsquo;existerait pas sans l&rsquo;attention de tous les instants de l&rsquo;\u00e9quipe de l&rsquo;\u00e9cole des loisirs. Merci \u00e0 Maya Michalon, pr\u00e9sente \u00e0 tous les instants, au plus pr\u00e8s du texte et de nos douces folies, \u00e0 Marie Labonne et Guillaume Fabre qui d\u00e9cident, accompagnent et veillent aux grains, \u00e0 Christelle Roucheray pour les contrats, Manon Beligni et Alexia Rossi pour les maquettes, aux correctrices, \u00e0 Doriane Sibilet,  L\u00e9a Barr\u00e9, L\u00e9a Th\u00e9ry pour le suivi en relations publiques et la presse, Marie Pageault pour les id\u00e9es qui germent, toutes les commerciales et tous les commerciaux qui prennent le livre par la main et le m\u00e8nent jusqu&rsquo;aux libraires, \u00e0 Delphine Maillard et \u00c9milie \u00c9veilleau pour les rencontres, salons et autres moments forts, et une pens\u00e9e toute sp\u00e9ciale en ce 1er avril 2024 \u00e0 l&rsquo;essentielle et indispensable Nathalie Brisac.<\/p>\n\n\n\n<h2 class=\"wp-block-heading\">Tome&nbsp;1 : Une c\u00e9r\u00e9monie au poil<\/h2>\n\n\n\n<p>Oui, Ani Fleurd\u00e9pi est une fille formidable, m\u00eame si parfois elle est plus \u00e9pi que fleur\u2026 Quand sa \u201cpire meilleure amie\u201d Mirabelle se pr\u00e9sente comme \u00e9cod\u00e9l\u00e9gu\u00e9e, Ani se renfrogne, mais sa mauvaise humeur ne dure pas longtemps, d\u00e9j\u00e0, les id\u00e9es germent dans sa t\u00eate\u2026 \u201cA\u00efe\u201d, comme dirait Anatole, avec Ani, on ne sait jamais \u00e0 quoi s&rsquo;attendre\u2026 Vautr\u00e9 sur le lit de notre h\u00e9ro\u00efne, le chat Spoutnik ouvre un \u0153il et confirme : avec Ani, rien d&rsquo;impossible&nbsp;!<\/p>\n\n\n\n<div class=\"wp-block-media-text is-stacked-on-mobile is-image-fill\" style=\"grid-template-columns:65% auto\"><figure class=\"wp-block-media-text__media\" style=\"background-image:url(https:\/\/cecileroumiguiere.com\/wp\/wp-content\/uploads\/2024\/04\/bandeau-portraits@2x-700x343.jpg);background-position:50% 50%\"><img loading=\"lazy\" decoding=\"async\" width=\"700\" height=\"343\" src=\"https:\/\/cecileroumiguiere.com\/wp\/wp-content\/uploads\/2024\/04\/bandeau-portraits@2x-700x343.jpg\" alt=\"\" class=\"wp-image-7670 size-full\" srcset=\"https:\/\/cecileroumiguiere.com\/wp\/wp-content\/uploads\/2024\/04\/bandeau-portraits@2x-700x343.jpg 700w, https:\/\/cecileroumiguiere.com\/wp\/wp-content\/uploads\/2024\/04\/bandeau-portraits@2x-300x147.jpg 300w, https:\/\/cecileroumiguiere.com\/wp\/wp-content\/uploads\/2024\/04\/bandeau-portraits@2x-768x376.jpg 768w, https:\/\/cecileroumiguiere.com\/wp\/wp-content\/uploads\/2024\/04\/bandeau-portraits@2x-1536x752.jpg 1536w, https:\/\/cecileroumiguiere.com\/wp\/wp-content\/uploads\/2024\/04\/bandeau-portraits@2x-2048x1003.jpg 2048w, https:\/\/cecileroumiguiere.com\/wp\/wp-content\/uploads\/2024\/04\/bandeau-portraits@2x-1140x558.jpg 1140w\" sizes=\"auto, (max-width: 700px) 100vw, 700px\" \/><\/figure><div class=\"wp-block-media-text__content\">\n<p class=\"has-text-align-center\"><strong>Ani d\u00e9boule dans toutes vos librairies le 1er mai 2024&nbsp;!<br>La suivrez-vous dans ses aventures&nbsp;? <\/strong><\/p>\n<\/div><\/div>\n","protected":false},"excerpt":{"rendered":"<p>Une s\u00e9rie avec Annelore Parot aux illustrations\u00e0 l&rsquo;\u00e9cole des loisirs \u00b7 collection \u201cNeuf\u201d \u00b7&nbsp;Mai 2024 Une c\u00e9r\u00e9monie au poil Ani a beau parler et rire tr\u00e8s fort, souvent, elle se sent \u00e0 c\u00f4t\u00e9 des autres, comme un vase oubli\u00e9 sur un coin de table. Oh, pas un vase vide, non, un vase plein d\u2019id\u00e9es et d\u2019\u00e9motions. D\u00e9cal\u00e9e ? D\u00e9paraill\u00e9e\u2026 Ani ne comprend pas tout aux codes des autres \u00e9l\u00e8ves, ni \u00e0 ceux des grandes personnes autour d\u2019elle. Sauf ceux de M\u00e9m\u00e9lie et de sa m\u00e8re, bien s\u00fbr, c\u2019est avec ces codes-l\u00e0 qu\u2019elle a grandi. Par exemple, personne ne lui dit comment s\u2019habiller, elle a son id\u00e9e \u00e0 elle de la mode&nbsp;: le rouge \u00e0 pois verts c\u2019est interdit sinon, tout est permis, collants ray\u00e9s et salopette \u00e0 pois, qu\u2019importe, pourvu qu\u2019on n\u2019ait ni trop chaud ni trop froid, que \u00e7a ne gratte pas et que \u00e7a ne fasse pas trop de mal \u00e0 la plan\u00e8te. Ani garde ses habits le plus longtemps possible, elle porte souvent des pantalons trop courts et des manches qui lui couvrent \u00e0 peine les coudes, mais elle a vu ce reportage sur les v\u00eatements jet\u00e9s en Europe qui viennent s\u2019\u00e9chouer par centaines sur des plages africaines, \u00e7a lui a serr\u00e9 le c\u0153ur. Une c\u00e9r\u00e9monie au poil, Ani Fleurd\u00e9pi 1 Naissance d\u2019Ani \u00c0 sa naissance, Ani s&rsquo;appelait Popie, Popie Fleurd\u00e9pi\u2026 On \u00e9tait en 2019. J&rsquo;imaginais une fille combattante de l&rsquo;\u00e9cologie \u00e0 sa mani\u00e8re, celle d&rsquo;une enfant d&rsquo;environ huit ans, pleine d&rsquo;invention et bien d\u00e9cid\u00e9e \u00e0 \u00ab\u00a0r\u00e9parer ce qui est cass\u00e9\u00a0\u00bb. \u00c0 l&rsquo;image de Greta Thunberg, dont elle a une affiche dans sa chambre, Ani ne supporte pas de ne rien faire devant le g\u00e2chis autour d&rsquo;elle. Ani pourrait \u00eatre la fille de Fifi Brindacier et de Calvin et Hobes, de Caroline peut-\u00eatre aussi, et de Claude du Club des Cinq, ou encore de G\u00e9otrouvetout. Des personnages avec qui j&rsquo;ai grandi et qui ont en commun d&rsquo;\u00eatre tout autant pleins de fantaisie que de d\u00e9termination. J&rsquo;ai construit ce personnage particulier, \u00e0 la fois r\u00eaveur et \u00e9nergique, en pensant d&#8217;embl\u00e9e un r\u00e9cit qui lui corresponde, avec des changements de rythme dans la lecture, d\u00e9clin\u00e9 \u00e0 la fois en roman illustr\u00e9 et en bande dessin\u00e9e, les deux fa\u00e7ons de raconter se tressant au gr\u00e9 des chapitres. Un trio pour Ani\u2026 Les mois ont pass\u00e9, le projet s&rsquo;est \u00e9toff\u00e9. Maya Michalon, \u00e9ditrice \u00e0 l&rsquo;\u00e9cole des loisirs, l&rsquo;a adoub\u00e9. Ani a grandi, elle est pass\u00e9e d&rsquo;un projet de Mouche \u00e0 celui d&rsquo;un Neuf, elle n&rsquo;avait plus huit ans mais plut\u00f4t dix. Restait \u00e0 trouver un ou une complice pour faire vivre Ani. En 2022, j&rsquo;ai propos\u00e9 \u00e0 Annelore Parot de vivre cette aventure avec moi, et le duo a fonctionn\u00e9 au-del\u00e0 de ce que je pouvais imaginer. Texte et image, id\u00e9es bouillonnantes, rebonds d&rsquo;une id\u00e9e sur l&rsquo;autre, on cr\u00e9e \u00e0 deux, avec bonheur. Ou \u00e0 trois devrais-je dire, avec Maya, notre \u00e9ditrice, qui nous \u00e9coute, nous entend, propose, nous emm\u00e8ne au plus pr\u00e8s de ce qu&rsquo;Ani est : une fille formidable ! Et toute une \u00e9quipe ! Le monde d&rsquo;Ani n&rsquo;existerait pas sans l&rsquo;attention de tous les instants de l&rsquo;\u00e9quipe de l&rsquo;\u00e9cole des loisirs. Merci \u00e0 Maya Michalon, pr\u00e9sente \u00e0 tous les instants, au plus pr\u00e8s du texte et de nos douces folies, \u00e0 Marie Labonne et Guillaume Fabre qui d\u00e9cident, accompagnent et veillent aux grains, \u00e0 Christelle Roucheray pour les contrats, Manon Beligni et Alexia Rossi pour les maquettes, aux correctrices, \u00e0 Doriane Sibilet, L\u00e9a Barr\u00e9, L\u00e9a Th\u00e9ry pour le suivi en relations publiques et la presse, Marie Pageault pour les id\u00e9es qui germent, toutes les commerciales et tous les commerciaux qui prennent le livre par la main et le m\u00e8nent jusqu&rsquo;aux libraires, \u00e0 Delphine Maillard et \u00c9milie \u00c9veilleau pour les rencontres, salons et autres moments forts, et une pens\u00e9e toute sp\u00e9ciale en ce 1er avril 2024 \u00e0 l&rsquo;essentielle et indispensable Nathalie Brisac. Tome&nbsp;1 : Une c\u00e9r\u00e9monie au poil Oui, Ani Fleurd\u00e9pi est une fille formidable, m\u00eame si parfois elle est plus \u00e9pi que fleur\u2026 Quand sa \u201cpire meilleure amie\u201d Mirabelle se pr\u00e9sente comme \u00e9cod\u00e9l\u00e9gu\u00e9e, Ani se renfrogne, mais sa mauvaise humeur ne dure pas longtemps, d\u00e9j\u00e0, les id\u00e9es germent dans sa t\u00eate\u2026 \u201cA\u00efe\u201d, comme dirait Anatole, avec Ani, on ne sait jamais \u00e0 quoi s&rsquo;attendre\u2026 Vautr\u00e9 sur le lit de notre h\u00e9ro\u00efne, le chat Spoutnik ouvre un \u0153il et confirme : avec Ani, rien d&rsquo;impossible&nbsp;! Ani d\u00e9boule dans toutes vos librairies le 1er mai 2024&nbsp;!La suivrez-vous dans ses aventures&nbsp;?<\/p>\n","protected":false},"author":1,"featured_media":7646,"parent":0,"menu_order":0,"comment_status":"closed","ping_status":"closed","template":"","meta":{"footnotes":""},"class_list":["post-7645","page","type-page","status-publish","has-post-thumbnail","hentry"],"_links":{"self":[{"href":"https:\/\/cecileroumiguiere.com\/wp\/index.php?rest_route=\/wp\/v2\/pages\/7645","targetHints":{"allow":["GET"]}}],"collection":[{"href":"https:\/\/cecileroumiguiere.com\/wp\/index.php?rest_route=\/wp\/v2\/pages"}],"about":[{"href":"https:\/\/cecileroumiguiere.com\/wp\/index.php?rest_route=\/wp\/v2\/types\/page"}],"author":[{"embeddable":true,"href":"https:\/\/cecileroumiguiere.com\/wp\/index.php?rest_route=\/wp\/v2\/users\/1"}],"replies":[{"embeddable":true,"href":"https:\/\/cecileroumiguiere.com\/wp\/index.php?rest_route=%2Fwp%2Fv2%2Fcomments&post=7645"}],"version-history":[{"count":33,"href":"https:\/\/cecileroumiguiere.com\/wp\/index.php?rest_route=\/wp\/v2\/pages\/7645\/revisions"}],"predecessor-version":[{"id":7713,"href":"https:\/\/cecileroumiguiere.com\/wp\/index.php?rest_route=\/wp\/v2\/pages\/7645\/revisions\/7713"}],"wp:featuredmedia":[{"embeddable":true,"href":"https:\/\/cecileroumiguiere.com\/wp\/index.php?rest_route=\/wp\/v2\/media\/7646"}],"wp:attachment":[{"href":"https:\/\/cecileroumiguiere.com\/wp\/index.php?rest_route=%2Fwp%2Fv2%2Fmedia&parent=7645"}],"curies":[{"name":"wp","href":"https:\/\/api.w.org\/{rel}","templated":true}]}}